{"id":7,"date":"2012-02-01T08:45:22","date_gmt":"2012-02-01T08:45:22","guid":{"rendered":"http:\/\/semmelweis-egyetem.hu\/aneszteziologia\/?page_id=7"},"modified":"2025-12-08T10:44:05","modified_gmt":"2025-12-08T09:44:05","slug":"betegellatas","status":"publish","type":"page","link":"https:\/\/semmelweis.hu\/aneszteziologia\/betegellatas\/","title":{"rendered":"Betegell\u00e1t\u00e1s"},"content":{"rendered":"<p><strong>Betegell\u00e1t\u00e1s<\/strong><\/p>\n<p>Az Intenz\u00edv Ter\u00e1pi\u00e1s Klinika (ITK) munkat\u00e1rsai v\u00e9gzik a Semmelweis Egyetem intenz\u00edv ter\u00e1pi\u00e1s tev\u00e9kenys\u00e9g\u00e9nek d\u00f6nt\u0151 r\u00e9sz\u00e9t. Intenz\u00edv ter\u00e1pi\u00e1s ell\u00e1t\u00e1sunk jelenleg 34 \u00e1gyon folyik az Egyetem Bels\u0151-, \u00e9s K\u00fcls\u0151 Klinikai T\u00f6mbj\u00e9ben, az egyetem egy\u00e9b intenz\u00edv ell\u00e1t\u00e1st v\u00e9gz\u0151 oszt\u00e1lyain vagy a t\u00e1rsklinik\u00e1kon pedig sz\u00fcks\u00e9g eset\u00e9n konz\u00edli\u00e1riusi seg\u00edts\u00e9get ny\u00fajtunk. T\u00f6bb profil\u00fa ambul\u00e1ns ell\u00e1t\u00e1st ny\u00fajtunk j\u00e1r\u00f3betegek sz\u00e1m\u00e1ra, illetve mobil csapatokkal biztos\u00edtjuk az emelt szint\u0171 \u00fajra\u00e9leszt\u00e9st az egyetem k\u00fcl\u00f6nb\u00f6z\u0151 t\u00f6mbjeiben.<\/p>\n<p>Munkat\u00e1rsaink nagy sz\u00e1mban kezelnek b\u00e1rmilyen intenz\u00edv ter\u00e1pi\u00e1s ell\u00e1t\u00e1sra szorul\u00f3 feln\u0151tt betegeket. Hagyom\u00e1nyosan orsz\u00e1gos k\u00f6zpontk\u00e9nt m\u0171k\u00f6d\u00fcnk a l\u00e9gz\u00e9si el\u00e9gtelens\u00e9g ell\u00e1t\u00e1s\u00e1ban, ennek megfelel\u0151en mind az akut, mind a kr\u00f3nikus l\u00e9gz\u00e9si el\u00e9gtelen betegek ell\u00e1t\u00e1s\u00e1hoz sz\u00fcks\u00e9ges felt\u00e9telek biztos\u00edtottak.<\/p>\n<p>Klinik\u00e1nk a progressz\u00edv betegell\u00e1t\u00e1s jegy\u00e9ben a Semmelweis Egyetem vonz\u00e1sk\u00f6rzet\u00e9be tartoz\u00f3 r\u00e9gi\u00f3k mellett a f\u0151v\u00e1ros \u00e9s Pest megye intenz\u00edv ter\u00e1pi\u00e1s \u00e9s aneszteziol\u00f3giai ell\u00e1t\u00e1s\u00e1hoz is jelent\u0151s m\u00e9rt\u00e9kben hozz\u00e1j\u00e1rul. A progressz\u00edv betegell\u00e1t\u00e1s cs\u00facsint\u00e9zetek\u00e9nt (III. progresszivit\u00e1si szint) az orsz\u00e1g eg\u00e9sz ter\u00fclet\u00e9r\u0151l fogadunk betegeket. Komplex intenz\u00edv ter\u00e1pi\u00e1s munk\u00e1nk r\u00e9sz\u00e9t k\u00e9pezi a t\u00e1rsszakm\u00e1kkal t\u00f6rt\u00e9n\u0151 folyamatos \u00e9s szoros egy\u00fcttm\u0171k\u00f6d\u00e9s.<\/p>\n<p><strong>Az Intenz\u00edv Ter\u00e1pi\u00e1s Klinik\u00e1hoz tartoz\u00f3 fekv\u0151beteg ell\u00e1t\u00f3 r\u00e9szlegek:<\/strong><\/p>\n<ul>\n<li>K\u00f6zponti Intenz\u00edv r\u00e9szleg<\/li>\n<li>Traumatol\u00f3giai Aneszteziol\u00f3giai \u00e9s Intenz\u00edv r\u00e9szleg<\/li>\n<li>Bels\u0151 T\u00f6mb Intenz\u00edv r\u00e9szleg<\/li>\n<li>Tart\u00f3s L\u00e9legeztet\u00e9si Oszt\u00e1ly<\/li>\n<\/ul>\n<p><strong>Az Intenz\u00edv Ter\u00e1pi\u00e1s Klinik\u00e1hoz tartoz\u00f3 j\u00e1r\u00f3beteg ell\u00e1t\u00f3 r\u00e9szlegek:<\/strong><\/p>\n<ul>\n<li>Traumatol\u00f3giai aneszteziol\u00f3giai ambulancia<\/li>\n<li>Kardiol\u00f3giai ambulancia<\/li>\n<li>Pulmonol\u00f3giai ambulancia<\/li>\n<\/ul>\n","protected":false},"excerpt":{"rendered":"<p>Betegell\u00e1t\u00e1s Az Intenz\u00edv Ter\u00e1pi\u00e1s Klinika (ITK) munkat\u00e1rsai v\u00e9gzik a Semmelweis Egyetem intenz\u00edv ter\u00e1pi\u00e1s tev\u00e9kenys\u00e9g\u00e9nek d\u00f6nt\u0151 r\u00e9sz\u00e9t. Intenz\u00edv ter\u00e1pi\u00e1s ell\u00e1t\u00e1sunk jelenleg 34 \u00e1gyon folyik az Egyetem Bels\u0151-, \u00e9s K\u00fcls\u0151 Klinikai T\u00f6mbj\u00e9ben, az egyetem egy\u00e9b intenz\u00edv ell\u00e1t\u00e1st v\u00e9gz\u0151 oszt\u00e1lyain vagy a t\u00e1rsklinik\u00e1kon pedig sz\u00fcks\u00e9g eset\u00e9n konz\u00edli\u00e1riusi seg\u00edts\u00e9get ny\u00fajtunk. T\u00f6bb profil\u00fa ambul\u00e1ns ell\u00e1t\u00e1st ny\u00fajtunk j\u00e1r\u00f3betegek sz\u00e1m\u00e1ra, illetve mobil &hellip;<\/p>\n","protected":false},"author":101484,"featured_media":0,"parent":0,"menu_order":2,"comment_status":"open","ping_status":"open","template":"","meta":{"_acf_changed":false,"footnotes":""},"categories":[],"tags":[],"class_list":["post-7","page","type-page","status-publish","hentry"],"acf":[],"_links":{"self":[{"href":"https:\/\/semmelweis.hu\/aneszteziologia\/wp-json\/wp\/v2\/pages\/7","targetHints":{"allow":["GET"]}}],"collection":[{"href":"https:\/\/semmelweis.hu\/aneszteziologia\/wp-json\/wp\/v2\/pages"}],"about":[{"href":"https:\/\/semmelweis.hu\/aneszteziologia\/wp-json\/wp\/v2\/types\/page"}],"author":[{"embeddable":true,"href":"https:\/\/semmelweis.hu\/aneszteziologia\/wp-json\/wp\/v2\/users\/101484"}],"replies":[{"embeddable":true,"href":"https:\/\/semmelweis.hu\/aneszteziologia\/wp-json\/wp\/v2\/comments?post=7"}],"version-history":[{"count":12,"href":"https:\/\/semmelweis.hu\/aneszteziologia\/wp-json\/wp\/v2\/pages\/7\/revisions"}],"predecessor-version":[{"id":9466,"href":"https:\/\/semmelweis.hu\/aneszteziologia\/wp-json\/wp\/v2\/pages\/7\/revisions\/9466"}],"wp:attachment":[{"href":"https:\/\/semmelweis.hu\/aneszteziologia\/wp-json\/wp\/v2\/media?parent=7"}],"wp:term":[{"taxonomy":"category","embeddable":true,"href":"https:\/\/semmelweis.hu\/aneszteziologia\/wp-json\/wp\/v2\/categories?post=7"},{"taxonomy":"post_tag","embeddable":true,"href":"https:\/\/semmelweis.hu\/aneszteziologia\/wp-json\/wp\/v2\/tags?post=7"}],"curies":[{"name":"wp","href":"https:\/\/api.w.org\/{rel}","templated":true}]}}