{"id":6978,"date":"2019-06-21T22:35:32","date_gmt":"2019-06-21T20:35:32","guid":{"rendered":"http:\/\/semmelweis.hu\/aneszteziologia\/?page_id=6978"},"modified":"2025-12-08T11:14:49","modified_gmt":"2025-12-08T10:14:49","slug":"intenziv-osztalyok","status":"publish","type":"page","link":"https:\/\/semmelweis.hu\/aneszteziologia\/betegellatas\/intenziv-osztalyok\/","title":{"rendered":"K\u00f6zponti Intenz\u00edv R\u00e9szleg"},"content":{"rendered":"<p><strong>K\u00dcLS\u0150 KLINIKAI T\u00d6MB<\/strong><br \/>\n<strong>K\u00f6zponti Intenz\u00edv Oszt\u00e1ly\u00a0<\/strong><\/p>\n<p style=\"text-align: justify\">2016 \u00e1prilisa \u00f3ta m\u0171k\u00f6dik a K\u00f6zponti Betegell\u00e1t\u00f3 \u00c9p\u00fcletben Klinik\u00e1nk K\u00f6zponti Intenz\u00edv Oszt\u00e1lya, mellyel lehet\u0151v\u00e9 v\u00e1lt az interdiszciplin\u00e1ris ell\u00e1t\u00e1sok centraliz\u00e1ci\u00f3ja.<\/p>\n<p style=\"text-align: justify\">Ennek eredm\u00e9nyek\u00e9nt kezdetben szakmailag, majd szervezetileg is \u00e1tvett\u00fck az Egyetem Pulmonol\u00f3giai Klinik\u00e1j\u00e1nak L\u00e9gz\u00e9si Intenz\u00edv Oszt\u00e1ly\u00e1t, ezzel t\u00f6bb speci\u00e1lis t\u00fcd\u0151betegs\u00e9g f\u0151 intenz\u00edv ter\u00e1pi\u00e1s ell\u00e1t\u00f3ja lett\u00fcnk, mint pl. az interstici\u00e1lis t\u00fcd\u0151betegs\u00e9gek, a pulmon\u00e1lis hypert\u00f3nia, illetve a t\u00fcd\u0151transzplant\u00e1ltak posztoperat\u00edv \u00e9s b\u00e1rmilyen intenz\u00edv ell\u00e1t\u00e1st ig\u00e9nyl\u0151 \u00e1llapotai. Hagyom\u00e1nyszer\u0171en orsz\u00e1gos k\u00f6zpontk\u00e9nt m\u0171k\u00f6d\u00fcnk a l\u00e9gz\u00e9si el\u00e9gtelens\u00e9g ell\u00e1t\u00e1s\u00e1ban, r\u00e9szleg\u00fcnk profilj\u00e1hoz tartozik a perioperat\u00edv l\u00e9gz\u00e9si el\u00e9gtelen, a g\u00e9pi l\u00e9legeztet\u00e9st \u00e9s l\u00e9legeztet\u00e9sr\u0151l val\u00f3 leszoktat\u00e1st, valamint komplex l\u00e9gz\u00e9si fizioter\u00e1pi\u00e1t ig\u00e9nyl\u0151 betegek teljes k\u00f6r\u0171 intenz\u00edv ter\u00e1pi\u00e1s ell\u00e1t\u00e1sa.<br \/>\n2020 janu\u00e1rj\u00e1ban a kor\u00e1bbi K\u00fatv\u00f6lgyi Klinikai T\u00f6mbben m\u0171k\u00f6d\u0151 intenz\u00edv oszt\u00e1lyunk is a K\u00f6zponti Betegell\u00e1t\u00f3 \u00c9p\u00fcletbe k\u00f6lt\u00f6z\u00f6tt, \u00edgy a K\u00f6zponti Intenz\u00edv Oszt\u00e1ly 41 \u00e1ggyal m\u0171k\u00f6dik. <br \/>\nMultidiszciplin\u00e1ris intenz\u00edv ter\u00e1pi\u00e1s r\u00e9szlegk\u00e9nt nagy tapasztalattal rendelkez\u00fcnk l\u00e9gz\u00e9si el\u00e9gtelen, sokkos, szeptikus, sokszervi el\u00e9gtelens\u00e9g \u00e1llapot\u00e1ban l\u00e9v\u0151, veseel\u00e9gtelen, anyagcsere-kr\u00edzis\u00e1llapotban l\u00e9v\u0151 \u00e9s hematol\u00f3giaialapbetegs\u00e9ggel rendelkez\u0151, de aktu\u00e1lisan kritikus \u00e1llapotukn\u00e1l fogva intenz\u00edv ter\u00e1pi\u00e1t ig\u00e9nyl\u0151 betegek ell\u00e1t\u00e1s\u00e1ban. Hasonl\u00f3an nagy tapasztalatunk van m\u0171t\u00e9tre ker\u00fcl\u0151 p\u00e1ciensek m\u0171t\u00e9t el\u0151tti felk\u00e9sz\u00edt\u00e9s\u00e9ben \u00e9s posztoperat\u00edv ell\u00e1t\u00e1s\u00e1ban. Betegeink a r\u00e9szleg\u00fcnk\u00f6n dolgoz\u00f3 gy\u00f3gytorn\u00e1sz munkacsoport \u00e1ltal magas szint\u0171 komplex intenz\u00edv fizioter\u00e1pi\u00e1s ell\u00e1t\u00e1sban r\u00e9szes\u00fclnek. Komplex intenz\u00edv ter\u00e1pi\u00e1s munk\u00e1nk r\u00e9sz\u00e9t k\u00e9pezi a t\u00e1rsszakm\u00e1kkal t\u00f6rt\u00e9n\u0151 folyamatos \u00e9s szoros egy\u00fcttm\u0171k\u00f6d\u00e9s.<\/p>\n<p class=\"\" data-start=\"33\" data-end=\"341\">2023 v\u00e9g\u00e9n a Mer\u00e9nyi K\u00f3rh\u00e1z traumatol\u00f3giai r\u00e9szlege beolvadt a Semmelweis Egyetem szervezet\u00e9be. Ennek eredm\u00e9nyek\u00e9nt a kritikus \u00e1llapot\u00fa, traumatol\u00f3giai ell\u00e1t\u00e1st ig\u00e9nyl\u0151 betegek intenz\u00edv ter\u00e1pi\u00e1s ell\u00e1t\u00e1sa az Intenz\u00edv Ter\u00e1pi\u00e1s Klinika Traumatol\u00f3giai, Aneszteziol\u00f3giai \u00e9s Intenz\u00edv Ter\u00e1pi\u00e1s Oszt\u00e1ly\u00e1n t\u00f6rt\u00e9nik.<br \/>\nA baleseti ambulanci\u00e1ra \u00e9rkez\u0151 s\u00falyos s\u00e9r\u00fcltek vagy m\u00e1s okb\u00f3l kritikus \u00e1llapot\u00fa betegek teljes k\u00f6r\u0171 ell\u00e1t\u00e1s\u00e1t biztos\u00edtjuk: az els\u0151 ell\u00e1t\u00e1st\u00f3l kezdve, a m\u0171t\u00e9tekhez sz\u00fcks\u00e9ges altat\u00e1son \u00e9s \u00e9rz\u00e9stelen\u00edt\u00e9sen \u00e1t, a baleseti oszt\u00e1ly intenz\u00edv ter\u00e1pi\u00e1s konz\u00edlium\u00e1n, az ott v\u00e9gzett \u00fajra\u00e9leszt\u00e9sen kereszt\u00fcl eg\u00e9szen az intenz\u00edv ter\u00e1pi\u00e1ig. Az egyetemre \u00e9rkez\u0151 s\u00e9r\u00fcltek aneszteziol\u00f3giai \u00e9s intenz\u00edv ter\u00e1pi\u00e1s ell\u00e1t\u00e1s\u00e1t komplex m\u00f3don v\u00e9gezz\u00fck.<\/p>\n<p data-start=\"343\" data-end=\"773\">\u00a0<\/p>\n<p>&nbsp;<\/p>\n<p>&nbsp;<\/p>\n","protected":false},"excerpt":{"rendered":"<p>K\u00dcLS\u0150 KLINIKAI T\u00d6MB K\u00f6zponti Intenz\u00edv Oszt\u00e1ly\u00a0 2016 \u00e1prilisa \u00f3ta m\u0171k\u00f6dik a K\u00f6zponti Betegell\u00e1t\u00f3 \u00c9p\u00fcletben Klinik\u00e1nk K\u00f6zponti Intenz\u00edv Oszt\u00e1lya, mellyel lehet\u0151v\u00e9 v\u00e1lt az interdiszciplin\u00e1ris ell\u00e1t\u00e1sok centraliz\u00e1ci\u00f3ja. Ennek eredm\u00e9nyek\u00e9nt kezdetben szakmailag, majd szervezetileg is \u00e1tvett\u00fck az Egyetem Pulmonol\u00f3giai Klinik\u00e1j\u00e1nak L\u00e9gz\u00e9si Intenz\u00edv Oszt\u00e1ly\u00e1t, ezzel t\u00f6bb speci\u00e1lis t\u00fcd\u0151betegs\u00e9g f\u0151 intenz\u00edv ter\u00e1pi\u00e1s ell\u00e1t\u00f3ja lett\u00fcnk, mint pl. az interstici\u00e1lis t\u00fcd\u0151betegs\u00e9gek, a &hellip;<\/p>\n","protected":false},"author":101484,"featured_media":0,"parent":7,"menu_order":1,"comment_status":"closed","ping_status":"closed","template":"","meta":{"_acf_changed":false,"footnotes":""},"categories":[8],"tags":[],"class_list":["post-6978","page","type-page","status-publish","hentry","category-betegellatas"],"acf":[],"_links":{"self":[{"href":"https:\/\/semmelweis.hu\/aneszteziologia\/wp-json\/wp\/v2\/pages\/6978","targetHints":{"allow":["GET"]}}],"collection":[{"href":"https:\/\/semmelweis.hu\/aneszteziologia\/wp-json\/wp\/v2\/pages"}],"about":[{"href":"https:\/\/semmelweis.hu\/aneszteziologia\/wp-json\/wp\/v2\/types\/page"}],"author":[{"embeddable":true,"href":"https:\/\/semmelweis.hu\/aneszteziologia\/wp-json\/wp\/v2\/users\/101484"}],"replies":[{"embeddable":true,"href":"https:\/\/semmelweis.hu\/aneszteziologia\/wp-json\/wp\/v2\/comments?post=6978"}],"version-history":[{"count":12,"href":"https:\/\/semmelweis.hu\/aneszteziologia\/wp-json\/wp\/v2\/pages\/6978\/revisions"}],"predecessor-version":[{"id":9476,"href":"https:\/\/semmelweis.hu\/aneszteziologia\/wp-json\/wp\/v2\/pages\/6978\/revisions\/9476"}],"up":[{"embeddable":true,"href":"https:\/\/semmelweis.hu\/aneszteziologia\/wp-json\/wp\/v2\/pages\/7"}],"wp:attachment":[{"href":"https:\/\/semmelweis.hu\/aneszteziologia\/wp-json\/wp\/v2\/media?parent=6978"}],"wp:term":[{"taxonomy":"category","embeddable":true,"href":"https:\/\/semmelweis.hu\/aneszteziologia\/wp-json\/wp\/v2\/categories?post=6978"},{"taxonomy":"post_tag","embeddable":true,"href":"https:\/\/semmelweis.hu\/aneszteziologia\/wp-json\/wp\/v2\/tags?post=6978"}],"curies":[{"name":"wp","href":"https:\/\/api.w.org\/{rel}","templated":true}]}}