{"id":6956,"date":"2019-06-21T21:54:50","date_gmt":"2019-06-21T19:54:50","guid":{"rendered":"http:\/\/semmelweis.hu\/aneszteziologia\/?page_id=6956"},"modified":"2025-12-08T10:59:36","modified_gmt":"2025-12-08T09:59:36","slug":"jarobeteg-ellato-egyseg-szakambulanciai","status":"publish","type":"page","link":"https:\/\/semmelweis.hu\/aneszteziologia\/betegellatas\/jarobeteg-ellato-egyseg-szakambulanciai\/","title":{"rendered":"Kardiol\u00f3giai Szakambulancia"},"content":{"rendered":"<p><span data-olk-copy-source=\"MessageBody\">Ambulanci\u00e1nkon az aneszteziol\u00f3giai szakambulancia r\u00e9szlegein kisz\u0171rt, elekt\u00edv m\u0171t\u00e9tre ker\u00fcl\u0151 betegek kardiol\u00f3giai kivizsg\u00e1l\u00e1sa t\u00f6rt\u00e9nik, el\u0151zetes megbesz\u00e9l\u00e9s alapj\u00e1n.<\/span><span data-olk-copy-source=\"MessageBody\"> A rendel\u00e9s beutal\u00f3-k\u00f6teles. \u00a0A rendel\u00e9sen anamn\u00e9zis felv\u00e9tel, fizik\u00e1lis vizsg\u00e1lat mellett EKG-t, Terhel\u00e9ses EKG-t, holter EKG-t \u00e9s sz\u00edvultrahang vizsg\u00e1latokat v\u00e9gz\u00fcnk.\u00a0 \u00a0<\/span><\/p>\n<p><strong>Az ambulancia helysz\u00edne:<\/strong> <br \/>\nK\u00f6zponti Betegell\u00e1t\u00f3 \u00c9p\u00fclet\u00a0 \u00a0 <br \/>\n1082 Budapest, \u00dcll\u0151i \u00fat 78.\/B<br \/>\n\u00a0 \u00a0 \u00a0 \u00a0 \u00a0 \u00a0 \u00a0 \u00a0 \u00a0 \u00a0 \u00a0 \u00a0 \u00a0 \u00a0 \u00a0 \u00a0 \u00a0 \u00a0 \u00a0 \u00a0 \u00a0 \u00a0 \u00a0<br \/>\n<b>Rendel\u00e9si id\u0151:<\/b> betegell\u00e1t\u00e1s csak telefonos egyeztet\u00e9st k\u00f6vet\u0151en t\u00f6rt\u00e9nik\u00a0<\/p>\n<p><strong>Telefon: <\/strong>+36 1 459 15 00\u00a0 \u00a0<\/p>\n<p><strong>Rendel\u0151 szakorvos:<\/strong> dr. B\u0151hm Tam\u00e1s\u00a0 \u00a0 \u00a0 \u00a0 \u00a0 \u00a0 \u00a0 \u00a0 \u00a0 \u00a0 \u00a0 \u00a0 \u00a0 \u00a0 \u00a0 \u00a0 \u00a0 \u00a0 \u00a0 \u00a0 \u00a0 \u00a0 \u00a0 \u00a0 \u00a0 \u00a0 \u00a0 \u00a0 \u00a0 \u00a0 \u00a0 \u00a0 \u00a0 \u00a0 \u00a0 \u00a0 \u00a0 \u00a0 \u00a0 \u00a0 \u00a0 \u00a0 \u00a0 \u00a0 \u00a0 \u00a0 \u00a0 \u00a0 \u00a0 \u00a0 \u00a0 \u00a0 \u00a0 \u00a0 \u00a0 \u00a0 \u00a0 \u00a0 \u00a0 \u00a0 \u00a0 \u00a0 \u00a0 \u00a0 \u00a0 \u00a0 \u00a0 \u00a0 \u00a0 \u00a0 \u00a0 \u00a0 \u00a0 \u00a0 \u00a0 \u00a0<\/p>\n<p>Amennyiben nem tud megjelenni a rendel\u00e9sen, k\u00e9rj\u00fck, jelezze oper\u00e1l\u00f3 orvos\u00e1n\u00e1l.\u00a0 \u00a0<\/p>\n","protected":false},"excerpt":{"rendered":"<p>Ambulanci\u00e1nkon az aneszteziol\u00f3giai szakambulancia r\u00e9szlegein kisz\u0171rt, elekt\u00edv m\u0171t\u00e9tre ker\u00fcl\u0151 betegek kardiol\u00f3giai kivizsg\u00e1l\u00e1sa t\u00f6rt\u00e9nik, el\u0151zetes megbesz\u00e9l\u00e9s alapj\u00e1n. A rendel\u00e9s beutal\u00f3-k\u00f6teles. \u00a0A rendel\u00e9sen anamn\u00e9zis felv\u00e9tel, fizik\u00e1lis vizsg\u00e1lat mellett EKG-t, Terhel\u00e9ses EKG-t, holter EKG-t \u00e9s sz\u00edvultrahang vizsg\u00e1latokat v\u00e9gz\u00fcnk.\u00a0 \u00a0 Az ambulancia helysz\u00edne: K\u00f6zponti Betegell\u00e1t\u00f3 \u00c9p\u00fclet\u00a0 \u00a0 1082 Budapest, \u00dcll\u0151i \u00fat 78.\/B \u00a0 \u00a0 \u00a0 \u00a0 \u00a0 \u00a0 \u00a0 &hellip;<\/p>\n","protected":false},"author":101484,"featured_media":0,"parent":7,"menu_order":4,"comment_status":"closed","ping_status":"closed","template":"","meta":{"_acf_changed":false,"footnotes":""},"categories":[],"tags":[],"class_list":["post-6956","page","type-page","status-publish","hentry"],"acf":[],"_links":{"self":[{"href":"https:\/\/semmelweis.hu\/aneszteziologia\/wp-json\/wp\/v2\/pages\/6956","targetHints":{"allow":["GET"]}}],"collection":[{"href":"https:\/\/semmelweis.hu\/aneszteziologia\/wp-json\/wp\/v2\/pages"}],"about":[{"href":"https:\/\/semmelweis.hu\/aneszteziologia\/wp-json\/wp\/v2\/types\/page"}],"author":[{"embeddable":true,"href":"https:\/\/semmelweis.hu\/aneszteziologia\/wp-json\/wp\/v2\/users\/101484"}],"replies":[{"embeddable":true,"href":"https:\/\/semmelweis.hu\/aneszteziologia\/wp-json\/wp\/v2\/comments?post=6956"}],"version-history":[{"count":11,"href":"https:\/\/semmelweis.hu\/aneszteziologia\/wp-json\/wp\/v2\/pages\/6956\/revisions"}],"predecessor-version":[{"id":9467,"href":"https:\/\/semmelweis.hu\/aneszteziologia\/wp-json\/wp\/v2\/pages\/6956\/revisions\/9467"}],"up":[{"embeddable":true,"href":"https:\/\/semmelweis.hu\/aneszteziologia\/wp-json\/wp\/v2\/pages\/7"}],"wp:attachment":[{"href":"https:\/\/semmelweis.hu\/aneszteziologia\/wp-json\/wp\/v2\/media?parent=6956"}],"wp:term":[{"taxonomy":"category","embeddable":true,"href":"https:\/\/semmelweis.hu\/aneszteziologia\/wp-json\/wp\/v2\/categories?post=6956"},{"taxonomy":"post_tag","embeddable":true,"href":"https:\/\/semmelweis.hu\/aneszteziologia\/wp-json\/wp\/v2\/tags?post=6956"}],"curies":[{"name":"wp","href":"https:\/\/api.w.org\/{rel}","templated":true}]}}