{"id":6955,"date":"2019-06-21T21:54:50","date_gmt":"2019-06-21T19:54:50","guid":{"rendered":"http:\/\/semmelweis.hu\/aneszteziologia\/?page_id=6955"},"modified":"2025-12-10T11:46:54","modified_gmt":"2025-12-10T10:46:54","slug":"fizioterapias-egyseg","status":"publish","type":"page","link":"https:\/\/semmelweis.hu\/aneszteziologia\/betegellatas\/fizioterapias-egyseg\/","title":{"rendered":"Fizioter\u00e1pia-Gy\u00f3gytorna"},"content":{"rendered":"<p data-start=\"104\" data-end=\"122\"><strong data-start=\"104\" data-end=\"122\">Kedves Olvas\u00f3!<\/strong><\/p>\n<p data-start=\"124\" data-end=\"298\">Tal\u00e1n meglep\u0151 lehet, hogy klinik\u00e1nkon <strong data-start=\"162\" data-end=\"196\">10 gy\u00f3gytorn\u00e1sz\u2013fizioterapeuta<\/strong> dolgozik az intenz\u00edv oszt\u00e1lyon, a s\u00falyos \u00e1llapot\u00fa, gyakran g\u00e9pi l\u00e9legeztetett betegek ell\u00e1t\u00e1sa sor\u00e1n.<\/p>\n<p data-start=\"300\" data-end=\"441\">Felmer\u00fclhet a k\u00e9rd\u00e9s: <strong data-start=\"322\" data-end=\"369\">mit tehetnek a gy\u00f3gytorn\u00e1sz-fizioterapeut\u00e1k<\/strong> a g\u00e9pek, monitorok \u00e9s inf\u00fazi\u00f3s pump\u00e1k k\u00f6z\u00f6tt?<br data-start=\"415\" data-end=\"418\" \/><br \/>\nA v\u00e1lasz: nagyon sokat.<\/p>\n<p data-start=\"443\" data-end=\"937\">A kritikus \u00e1llapot\u00fa betegek intenz\u00edv oszt\u00e1lyos kezel\u00e9s\u00fck sor\u00e1n izomzatuk jelent\u0151s r\u00e9sz\u00e9t elvesz\u00edthetik \u2013 r\u00e9szben az alapbetegs\u00e9g, r\u00e9szben a tart\u00f3s \u00e1gynyugalom miatt. Ha azonban a kezel\u00e9st m\u00e1r kor\u00e1n kieg\u00e9sz\u00edtj\u00fck mozg\u00e1ssal, speci\u00e1lis eszk\u00f6z\u00f6kkel v\u00e9gzett ker\u00e9kp\u00e1roztat\u00e1ssal, ki\u00fcltet\u00e9ssel vagy ak\u00e1r fel\u00e1ll\u00edt\u00e1ssal, az izomveszt\u00e9s <strong data-start=\"768\" data-end=\"801\">cs\u00f6kkenthet\u0151 vagy megel\u0151zhet\u0151<\/strong>. A fizioter\u00e1pia korai bevezet\u00e9se hossz\u00fa t\u00e1von seg\u00edti, hogy betegeink min\u00e9l jobb \u00e9letmin\u0151s\u00e9ggel t\u00e9rhessenek vissza szeret\u0151 csal\u00e1djukhoz.<\/p>\n<p data-start=\"939\" data-end=\"1394\">Az intenz\u00edv oszt\u00e1lyos fizioter\u00e1pia m\u00e1sik fontos ter\u00fclete a <strong data-start=\"998\" data-end=\"1019\">l\u00e9gz\u00e9s t\u00e1mogat\u00e1sa<\/strong>. Az aneszteziol\u00f3giai ambulanci\u00e1val egy\u00fcttm\u0171k\u00f6dve m\u00e1r a tervezett m\u0171t\u00e9t el\u0151tt alkalmazunk l\u00e9gz\u00e9si fizioter\u00e1pi\u00e1t annak \u00e9rdek\u00e9ben, hogy p\u00e1cienseink l\u00e9gz\u00e9si \u00e1llapota a m\u0171t\u00e9t ut\u00e1ni id\u0151szakban a lehet\u0151 legjobb legyen. A l\u00e9legeztet\u0151g\u00e9pr\u0151l t\u00f6rt\u00e9n\u0151 leszoktat\u00e1s sor\u00e1n k\u00fcl\u00f6nb\u00f6z\u0151 l\u00e9gz\u00e9st seg\u00edt\u0151 eszk\u00f6z\u00f6ket \u00e9s elj\u00e1r\u00e1sokat haszn\u00e1lunk, hogy stabiliz\u00e1ljuk \u00e9s k\u00f6nny\u00edts\u00fck betegeink \u00e1llapot\u00e1t.<\/p>\n<p data-start=\"1396\" data-end=\"1781\">Bizonyos esetekben tal\u00e1lkozhatnak olyan helyzetekkel is, amikor gy\u00f3gytorn\u00e1sz-fizioterapeut\u00e1ink <strong data-start=\"1491\" data-end=\"1525\">folyos\u00f3n v\u00e9gzett j\u00e1r\u00e1steszttel<\/strong> vizsg\u00e1lj\u00e1k a betegeket. Ezek a felm\u00e9r\u00e9sek m\u00e1r az intenz\u00edv oszt\u00e1ly elhagy\u00e1s\u00e1t k\u00f6vet\u0151en t\u00f6rt\u00e9nnek, \u00e9s c\u00e9ljuk a betegek fizikai \u00e1llapot\u00e1nak pontos \u00e9rt\u00e9kel\u00e9se. Az eredm\u00e9nyek alapj\u00e1n tan\u00e1csokkal l\u00e1tjuk el \u0151ket, hogyan jav\u00edthatnak fizikai \u00e9s pszich\u00e9s j\u00f3l\u00e9t\u00fck\u00f6n.<\/p>\n<p data-start=\"1783\" data-end=\"2269\"><strong data-start=\"1783\" data-end=\"1838\">Mi jellemzi m\u00e9g intenz\u00edves fizioter\u00e1pi\u00e1s munk\u00e1nkat?<\/strong><br data-start=\"1838\" data-end=\"1841\" \/><br \/>\nGy\u00f3gytorn\u00e1sz-fizioterapeut\u00e1ink magas szakmai felk\u00e9sz\u00fclts\u00e9ge \u00e9s egyed\u00fcl\u00e1ll\u00f3 g\u00e9p- \u00e9s eszk\u00f6zparkunk alapvet\u0151 elemei munk\u00e1nknak. Mindemellett nagy hangs\u00falyt fektet\u00fcnk a <strong data-start=\"2006\" data-end=\"2044\">mosolyra, kedvess\u00e9gre \u00e9s emp\u00e1ti\u00e1ra<\/strong>, amelyekre a s\u00falyos \u00e1llapotb\u00f3l gy\u00f3gyul\u00f3 betegeknek k\u00fcl\u00f6n\u00f6sen nagy sz\u00fcks\u00e9g\u00fck van. T\u00e1mogat\u00f3 besz\u00e9lget\u00e9sekkel \u00e9s hiteles inform\u00e1ci\u00f3kkal seg\u00edtj\u00fck \u0151ket, hogy f\u00e9lelem n\u00e9lk\u00fcl, bizalommal tekintsenek az intenz\u00edv oszt\u00e1lyos kezel\u00e9sre.<\/p>\n<p data-start=\"2271\" data-end=\"2801\">Klinik\u00e1nkon a gy\u00f3gytorn\u00e1sz-fizioterapeut\u00e1k val\u00f3ban <strong data-start=\"2322\" data-end=\"2345\">csapatban dolgoznak<\/strong>. A reggeli orvos\u2013n\u0151v\u00e9r\u2013gy\u00f3gytorn\u00e1sz beteg\u00e1tad\u00e1st k\u00f6vet\u0151en minden betegn\u00e9l megtervezz\u00fck a napi teend\u0151ket. Egy-egy beteg kezel\u00e9se gyakran 2\u20134 gy\u00f3gytorn\u00e1sz-fizioterapeuta \u00f6sszehangolt munk\u00e1j\u00e1t ig\u00e9nyli annak \u00e9rdek\u00e9ben, hogy a mozg\u00e1sprogram vagy l\u00e9gz\u00e9si ter\u00e1pia a lehet\u0151 legbiztons\u00e1gosabb \u00e9s leghat\u00e9konyabb legyen. Hosszabb intenz\u00edv kezel\u00e9sek sor\u00e1n \u2013 amikor csak lehet \u2013 bevonjuk a csal\u00e1dtagokat is, hiszen a pszich\u00e9s t\u00e1mogat\u00e1s kiemelten fontos a fel\u00e9p\u00fcl\u00e9sben.<\/p>\n<p data-start=\"2803\" data-end=\"3076\">Tudjuk, hogy az \u00e1llapotjavul\u00e1s \u00e9rdek\u00e9ben v\u00e9gzett fizioter\u00e1pi\u00e1s kezel\u00e9sek olykor megterhel\u0151ek vagy kellemetlenek lehetnek. Csapatunk m\u00e9gis <strong data-start=\"2941\" data-end=\"2989\">empatikus, t\u00e1mogat\u00f3 \u00e9s biztat\u00f3 hozz\u00e1\u00e1ll\u00e1ssal<\/strong> k\u00eds\u00e9ri v\u00e9gig a betegeket azon az \u00faton, amely a lehet\u0151 legteljesebb gy\u00f3gyul\u00e1shoz vezet.<\/p>\n<p data-start=\"2803\" data-end=\"3076\"><strong>Dolgoz\u00f3ink n\u00e9vsora:<\/strong><\/p>\n<div class=\"x_elementToProof\"><b>Benkovics Edit\u00a0<\/b>vezet\u0151 gy\u00f3gytorn\u00e1sz-fizioterapeuta \/ gy\u00f3gytorn\u00e1sz fizioterapeuta MSc<\/div>\n<div class=\"x_elementToProof\"><b>Nagy-K\u00e1kay Zs\u00f3fia<\/b>\u00a0helyettes gy\u00f3gytorn\u00e1sz-fizioterapeuta \/ gy\u00f3gytorn\u00e1sz fizioterapeuta MSc<\/div>\n<div class=\"x_elementToProof\"><b>B\u00f3n\u00e9 Erika<\/b>\u00a0szenior gy\u00f3gytorn\u00e1sz-fizioterapeuta \/ gy\u00f3gytorn\u00e1sz fizioterapeuta MSc<\/div>\n<div class=\"x_elementToProof\"><b>Farkas Krist\u00f3f<\/b>\u00a0szenior gy\u00f3gytorn\u00e1sz-fizioterapeuta \/ gy\u00f3gytorn\u00e1sz fizioterapeuta MSc<\/div>\n<div class=\"x_elementToProof\"><b>Boldizs\u00e1r Zs\u00f3fia<\/b>\u00a0szenior gy\u00f3gytorn\u00e1sz-fizioterapeuta \/ gy\u00f3gytorn\u00e1sz fizioterapeuta MSc<\/div>\n<div class=\"x_elementToProof\"><b>Balog Edit<\/b>\u00a0szenior gy\u00f3gytorn\u00e1sz-fizioterapeuta \/ gy\u00f3gytorn\u00e1sz fizioterapeuta BSc<\/div>\n<div class=\"x_elementToProof\"><b>Ign\u00e1cz Dorottya<\/b>\u00a0junior gy\u00f3gytorn\u00e1sz-fizioterapeuta \/ gy\u00f3gytorn\u00e1sz fizioterapeuta BSc<\/div>\n<div class=\"x_elementToProof\"><b>T\u00f3th Szilvia\u00a0<\/b>junior gy\u00f3gytorn\u00e1sz-fizioterapeuta \/ gy\u00f3gytorn\u00e1sz fizioterapeuta BSc<\/div>\n<div class=\"x_elementToProof\"><b>Sz\u0151ke Dorka<\/b>\u00a0junior gy\u00f3gytorn\u00e1sz-fizioterapeuta \/ gy\u00f3gytorn\u00e1sz fizioterapeuta BSc<\/div>\n<div class=\"x_elementToProof\"><b>Lipcsei Andrea<\/b>\u00a0junior gy\u00f3gytorn\u00e1sz-fizioterapeuta \/ gy\u00f3gytorn\u00e1sz fizioterapeuta BSc<\/div>\n<div class=\"x_elementToProof\"><b>K\u00f3sik Panna Vanda<\/b>\u00a0junior gy\u00f3gytorn\u00e1sz-fizioterapeuta \/ gy\u00f3gytorn\u00e1sz fizioterapeuta BSc<\/div>\n<div class=\"x_elementToProof\">\u00a0<\/div>\n","protected":false},"excerpt":{"rendered":"<p>Kedves Olvas\u00f3! Tal\u00e1n meglep\u0151 lehet, hogy klinik\u00e1nkon 10 gy\u00f3gytorn\u00e1sz\u2013fizioterapeuta dolgozik az intenz\u00edv oszt\u00e1lyon, a s\u00falyos \u00e1llapot\u00fa, gyakran g\u00e9pi l\u00e9legeztetett betegek ell\u00e1t\u00e1sa sor\u00e1n. Felmer\u00fclhet a k\u00e9rd\u00e9s: mit tehetnek a gy\u00f3gytorn\u00e1sz-fizioterapeut\u00e1k a g\u00e9pek, monitorok \u00e9s inf\u00fazi\u00f3s pump\u00e1k k\u00f6z\u00f6tt? A v\u00e1lasz: nagyon sokat. A kritikus \u00e1llapot\u00fa betegek intenz\u00edv oszt\u00e1lyos kezel\u00e9s\u00fck sor\u00e1n izomzatuk jelent\u0151s r\u00e9sz\u00e9t elvesz\u00edthetik \u2013 r\u00e9szben az &hellip;<\/p>\n","protected":false},"author":101484,"featured_media":0,"parent":7,"menu_order":6,"comment_status":"closed","ping_status":"closed","template":"","meta":{"_acf_changed":false,"footnotes":""},"categories":[],"tags":[],"class_list":["post-6955","page","type-page","status-publish","hentry"],"acf":[],"_links":{"self":[{"href":"https:\/\/semmelweis.hu\/aneszteziologia\/wp-json\/wp\/v2\/pages\/6955","targetHints":{"allow":["GET"]}}],"collection":[{"href":"https:\/\/semmelweis.hu\/aneszteziologia\/wp-json\/wp\/v2\/pages"}],"about":[{"href":"https:\/\/semmelweis.hu\/aneszteziologia\/wp-json\/wp\/v2\/types\/page"}],"author":[{"embeddable":true,"href":"https:\/\/semmelweis.hu\/aneszteziologia\/wp-json\/wp\/v2\/users\/101484"}],"replies":[{"embeddable":true,"href":"https:\/\/semmelweis.hu\/aneszteziologia\/wp-json\/wp\/v2\/comments?post=6955"}],"version-history":[{"count":10,"href":"https:\/\/semmelweis.hu\/aneszteziologia\/wp-json\/wp\/v2\/pages\/6955\/revisions"}],"predecessor-version":[{"id":9505,"href":"https:\/\/semmelweis.hu\/aneszteziologia\/wp-json\/wp\/v2\/pages\/6955\/revisions\/9505"}],"up":[{"embeddable":true,"href":"https:\/\/semmelweis.hu\/aneszteziologia\/wp-json\/wp\/v2\/pages\/7"}],"wp:attachment":[{"href":"https:\/\/semmelweis.hu\/aneszteziologia\/wp-json\/wp\/v2\/media?parent=6955"}],"wp:term":[{"taxonomy":"category","embeddable":true,"href":"https:\/\/semmelweis.hu\/aneszteziologia\/wp-json\/wp\/v2\/categories?post=6955"},{"taxonomy":"post_tag","embeddable":true,"href":"https:\/\/semmelweis.hu\/aneszteziologia\/wp-json\/wp\/v2\/tags?post=6955"}],"curies":[{"name":"wp","href":"https:\/\/api.w.org\/{rel}","templated":true}]}}