{"id":6922,"date":"2019-06-05T15:04:08","date_gmt":"2019-06-05T13:04:08","guid":{"rendered":"http:\/\/semmelweis.hu\/aneszteziologia\/?page_id=6922"},"modified":"2025-04-03T08:13:34","modified_gmt":"2025-04-03T06:13:34","slug":"betegjogikepviselo","status":"publish","type":"page","link":"https:\/\/semmelweis.hu\/aneszteziologia\/hozzatartozokreszere\/betegjogikepviselo\/","title":{"rendered":"Betegjogi k\u00e9pvisel\u0151"},"content":{"rendered":"<div class=\"entry-content\">\n<h3 style=\"text-align: center\">Dr. Mina Andr\u00e1s<\/h3>\n<h3 style=\"text-align: center\"><span style=\"font-size: small\">Telefon: +36 20\/489-9577<br \/>\nEmail:<span style=\"font-size: medium\">\u00a0<\/span><\/span><a href=\"mailto:andras.mina@ijb.emmi.gov.hu\" target=\"_blank\" rel=\"noopener noreferrer\"><span style=\"font-size: medium\">andras.mina@ijb.emmi.gov.hu<\/span><\/a><\/h3>\n<h3 style=\"text-align: center\"><span style=\"font-size: medium\">Fogad\u00f3\u00f3ra id\u0151pontja:\u00a0 telefonon el\u0151re egyeztetett id\u0151pontban<\/span><\/h3>\n<h3 style=\"text-align: center\"><span style=\"font-size: medium\">Fogad\u00f3\u00f3ra helye<\/span><span style=\"font-size: medium\">: Semmelweis Egyetem K\u00fcls\u0151 Klinikai T\u00f6mb<br \/>\n(1088\u00a0Budapest, \u00dcll\u0151i \u00fat 78.)<\/span><\/h3>\n<p>A betegjogi k\u00e9pvisel\u0151 tev\u00e9kenys\u00e9ge\u00a0<\/p>\n<ul>\n<li style=\"text-align: justify\">seg\u00edt a betegnek panasza megfogalmaz\u00e1s\u00e1ban, kezdem\u00e9nyezheti annak kivizsg\u00e1l\u00e1s\u00e1t<\/li>\n<li style=\"text-align: justify\">a beteg \u00edr\u00e1sbeli meghatalmaz\u00e1sa alapj\u00e1n panaszt tehet az eg\u00e9szs\u00e9g\u00fcgyi szolg\u00e1ltat\u00f3 vezet\u0151j\u00e9n\u00e9l, fenntart\u00f3j\u00e1n\u00e1l, illetve \u2013 a beteg gy\u00f3gykezel\u00e9s\u00e9vel \u00f6sszef\u00fcgg\u0151 \u00fcgyekben elj\u00e1r az arra hat\u00e1sk\u00f6rrel \u00e9s illet\u00e9kess\u00e9ggel rendelkez\u0151 hat\u00f3s\u00e1gn\u00e1l, \u00e9s ennek sor\u00e1n k\u00e9pviseli a beteget<\/li>\n<\/ul>\n<p style=\"text-align: center\"><span style=\"color: #133999\">A JOGV\u00c9DELMI K\u00c9PVISEL\u0150 AZ INTEGR\u00c1LT JOGV\u00c9DELMI SZOLG\u00c1LAT (IJSZ) MUNKAT\u00c1RSA, AZ EG\u00c9SZS\u00c9G\u00dcGYI INT\u00c9ZM\u00c9NYT\u0150L F\u00dcGGETLEN SZEM\u00c9LY.<\/span><\/p>\n<p>Integr\u00e1lt Jogv\u00e9delmi Szolg\u00e1lat<br \/>\nC\u00edm: H-1134 Budapest, T\u00fcz\u00e9r u. 33. II. em.<br \/>\nPostac\u00edm: 1365 Bp., Pf.: 646.<br \/>\nTelefon: +36-1\/8969-000<br \/>\nZ\u00f6ld sz\u00e1m: 06-80-620-055<br \/>\n(k\u00fclf\u00f6ldr\u0151l): +36-20-489-96-14<\/p>\n<\/div>\n","protected":false},"excerpt":{"rendered":"<p>Dr. Mina Andr\u00e1s Telefon: +36 20\/489-9577 Email:\u00a0 <a href=\"mailto:andras.mina@ijb.emmi.gov.hu\" target=\"_blank\" rel=\"noopener noreferrer\">andras.mina@ijb.emmi.gov.hu<\/a> Fogad\u00f3\u00f3ra id\u0151pontja:\u00a0 telefonon el\u0151re egyeztetett id\u0151pontban Fogad\u00f3\u00f3ra helye: Semmelweis Egyetem K\u00fcls\u0151 Klinikai T\u00f6mb (1088\u00a0Budapest, \u00dcll\u0151i \u00fat 78.) A betegjogi k\u00e9pvisel\u0151 tev\u00e9kenys\u00e9ge\u00a0 seg\u00edt a betegnek panasza megfogalmaz\u00e1s\u00e1ban, kezdem\u00e9nyezheti annak kivizsg\u00e1l\u00e1s\u00e1t a beteg \u00edr\u00e1sbeli meghatalmaz\u00e1sa alapj\u00e1n panaszt tehet az eg\u00e9szs\u00e9g\u00fcgyi szolg\u00e1ltat\u00f3 vezet\u0151j\u00e9n\u00e9l, fenntart\u00f3j\u00e1n\u00e1l, illetve \u2013 a beteg gy\u00f3gykezel\u00e9s\u00e9vel \u00f6sszef\u00fcgg\u0151 \u00fcgyekben &hellip;<\/p>\n","protected":false},"author":101484,"featured_media":0,"parent":9208,"menu_order":2,"comment_status":"closed","ping_status":"closed","template":"","meta":{"_acf_changed":false,"footnotes":""},"categories":[],"tags":[],"class_list":["post-6922","page","type-page","status-publish","hentry"],"acf":[],"_links":{"self":[{"href":"https:\/\/semmelweis.hu\/aneszteziologia\/wp-json\/wp\/v2\/pages\/6922","targetHints":{"allow":["GET"]}}],"collection":[{"href":"https:\/\/semmelweis.hu\/aneszteziologia\/wp-json\/wp\/v2\/pages"}],"about":[{"href":"https:\/\/semmelweis.hu\/aneszteziologia\/wp-json\/wp\/v2\/types\/page"}],"author":[{"embeddable":true,"href":"https:\/\/semmelweis.hu\/aneszteziologia\/wp-json\/wp\/v2\/users\/101484"}],"replies":[{"embeddable":true,"href":"https:\/\/semmelweis.hu\/aneszteziologia\/wp-json\/wp\/v2\/comments?post=6922"}],"version-history":[{"count":7,"href":"https:\/\/semmelweis.hu\/aneszteziologia\/wp-json\/wp\/v2\/pages\/6922\/revisions"}],"predecessor-version":[{"id":9216,"href":"https:\/\/semmelweis.hu\/aneszteziologia\/wp-json\/wp\/v2\/pages\/6922\/revisions\/9216"}],"up":[{"embeddable":true,"href":"https:\/\/semmelweis.hu\/aneszteziologia\/wp-json\/wp\/v2\/pages\/9208"}],"wp:attachment":[{"href":"https:\/\/semmelweis.hu\/aneszteziologia\/wp-json\/wp\/v2\/media?parent=6922"}],"wp:term":[{"taxonomy":"category","embeddable":true,"href":"https:\/\/semmelweis.hu\/aneszteziologia\/wp-json\/wp\/v2\/categories?post=6922"},{"taxonomy":"post_tag","embeddable":true,"href":"https:\/\/semmelweis.hu\/aneszteziologia\/wp-json\/wp\/v2\/tags?post=6922"}],"curies":[{"name":"wp","href":"https:\/\/api.w.org\/{rel}","templated":true}]}}