{"id":6510,"date":"2016-11-24T13:11:48","date_gmt":"2016-11-24T12:11:48","guid":{"rendered":"http:\/\/semmelweis.hu\/aneszteziologia\/?page_id=6510"},"modified":"2026-03-27T11:12:11","modified_gmt":"2026-03-27T10:12:11","slug":"cpr-ujraelesztes-modularis-tanfolyam","status":"publish","type":"page","link":"https:\/\/semmelweis.hu\/aneszteziologia\/oktatas\/posztgradualis-orvoskepzes\/kotelezoen-valaszthato-tanfolyamok\/cpr-ujraelesztes-modularis-tanfolyam\/","title":{"rendered":"CPR &#8211; \u00fajra\u00e9leszt\u00e9s modul\u00e1ris tanfolyam"},"content":{"rendered":"<div><span style=\"font-size: 14pt\"><strong><em><span style=\"color: #008000\">A jelentkez\u00e9s a tanfolyamra <\/span><a href=\"https:\/\/docs.google.com\/forms\/d\/e\/1FAIpQLSd6NQcqImkbAWnekeOeqwYQA8i15s1i3WX_9AWnt1BbIVHr5A\/viewform?usp=preview\"><span style=\"color: #99cc00\">ezen \u0171rlap kit\u00f6lt\u00e9s\u00e9vel<\/span><\/a><span style=\"vertical-align: baseline;margin: 0px;border: 0px;padding: 0px;color: #008000\"> t\u00f6rt\u00e9nik.<\/span><\/em><\/strong><\/span><\/div>\n<div>\u00a0<\/div>\n<div>\n<p><strong><span style=\"color: #008000\">CPR \u2013 \u00fajra\u00e9leszt\u00e9s modul\u00e1ris tanfolyam (<\/span><span style=\"color: #ff0000\">32 pont<\/span><span style=\"color: #008000\">)<\/span><\/strong><\/p>\n<p style=\"text-align: justify\">Napjainkban az \u00fajra\u00e9leszt\u00e9s szerencs\u00e9re a szakmai \u00e9s a k\u00f6z\u00e9rdekl\u0151d\u00e9s k\u00f6z\u00e9ppontj\u00e1ban \u00e1ll. Eg\u00e9szs\u00e9g\u00fcgyi ell\u00e1t\u00f3k\u00e9nt felel\u0151ss\u00e9g\u00fcnk kiterjed egyr\u00e9szt saj\u00e1t ismereteink \u00e9s k\u00e9szs\u00e9geink naprak\u00e9szen tart\u00e1s\u00e1ra, m\u00e1sr\u00e9szt, mint azt l\u00e1tni fogjuk, felel\u0151sek vagyunk az\u00e9rt is, hogy mind szakmai, mind t\u00e1rsadalmi k\u00f6rnyezet\u00fcnkben az \u00fajra\u00e9leszt\u00e9s folyamata megfelel\u0151en m\u0171k\u00f6dj\u00f6n, sz\u00fcks\u00e9g eset\u00e9n mindenki tudja a dolg\u00e1t. Mindk\u00e9t felel\u0151ss\u00e9gi k\u00f6r alapja a megfelel\u0151 elm\u00e9leti \u00e9s gyakorlati k\u00e9pz\u00e9s, valamint a k\u00e9szs\u00e9gmegtart\u00e1st biztos\u00edt\u00f3 friss\u00edt\u0151, szintentart\u00f3 jelleg\u0171 k\u00e9pz\u00e9s.<\/p>\n<p style=\"text-align: justify\">Ezen szeml\u00e9let ment\u00e9n k\u00edn\u00e1l ez a modul\u00e1ris szerkezet\u0171 tanfolyam, amely c\u00e9lzott kev\u00e9s elm\u00e9leti, \u00e9s kiterjedt szimul\u00e1ci\u00f3s gyakorlati k\u00e9pz\u00e9st k\u00edn\u00e1l.\u00a0<\/p>\n<p style=\"text-align: justify\">A tanfolyam a Semmelweis Egyetem Intenz\u00edv Ter\u00e1pi\u00e1s Klinika szervez\u00e9s\u00e9ben ker\u00fcl megrendez\u00e9sre Budapesten, a Semmelweis Szimul\u00e1ci\u00f3s K\u00f6zpontban.<\/p>\n<p style=\"text-align: justify\">Az egyes modulok k\u00fcl\u00f6n-k\u00fcl\u00f6n id\u0151pontban is elv\u00e9gezhet\u0151k, de az els\u0151 modul elv\u00e9gz\u00e9se alapja a t\u00f6bbinek, a n\u00e9lk\u00fcl a m\u00e1sodik modul nem kezdhet\u0151 meg.<\/p>\n<p style=\"text-align: justify\"><span style=\"font-size: 14pt\">A tanfolyamr\u00f3l tov\u00e1bbi inform\u00e1ci\u00f3 tal\u00e1lhat\u00f3 az Oftexen <\/span><span style=\"font-size: 14pt\">(<a href=\"http:\/\/www.oftex.hu\/\">www.oftex.hu<\/a>: SE-SZTOK\/2026.II\/00399)<\/span><\/p>\n<p style=\"text-align: justify\"><span style=\"font-size: 14pt\"><span style=\"color: #99cc00\"><span style=\"color: #008000\"><strong>Jelentkez\u00e9s:<\/strong><\/span> <a href=\"https:\/\/docs.google.com\/forms\/d\/e\/1FAIpQLSd6NQcqImkbAWnekeOeqwYQA8i15s1i3WX_9AWnt1BbIVHr5A\/viewform?usp=preview\"><em><strong>ezen \u0171rlap kit\u00f6lt\u00e9s\u00e9vel<\/strong><\/em><\/a><\/span>.<\/span><\/p>\n<p style=\"text-align: justify\"><span style=\"font-size: 14pt\"><span style=\"font-family: georgia, tahoma, serif;vertical-align: baseline;margin: 0px;background-color: transparent;border: 0px;padding: 0px\"><span style=\"vertical-align: baseline;margin: 0px;background-color: transparent;border: 0px;padding: 0px\">Id\u0151pont: <strong><span style=\"color: #ff0000\">2026.november 18-19. (szerda-cs\u00fct\u00f6rt\u00f6k)<\/span><\/strong><\/span><\/span><\/span><\/p>\n<p style=\"text-align: justify\"><span style=\"font-size: 14pt\"><span style=\"font-family: georgia, tahoma, serif;vertical-align: baseline;color: #ff0000;margin: 0px;background-color: transparent;border: 0px;padding: 0px\"><span style=\"vertical-align: baseline;color: #000000;margin: 0px;background-color: transparent;border: 0px;padding: 0px\"><span style=\"vertical-align: baseline;color: #ff0000;margin: 0px;background-color: transparent;border: 0px;padding: 0px\">Jelentkez\u00e9si hat\u00e1rid\u0151: <strong>2026.09.01<\/strong><br \/>\n<\/span><\/span><\/span><\/span><span style=\"font-size: 16px;font-family: georgia,tahoma,serif;vertical-align: baseline;color: #ff0000;margin: 0px;background-color: transparent;border: 0px;padding: 0px\"><span style=\"font-size: 14pt\"><span style=\"vertical-align: baseline;color: #000000;margin: 0px;background-color: transparent;border: 0px;padding: 0px\"><span style=\"color: #008000\"><strong>Helysz\u00edn<\/strong>:<\/span> Semmelweis Szimul\u00e1ci\u00f3s K\u00f6zpont (<\/span><a href=\"https:\/\/www.google.hu\/maps\/place\/Ern%C5%91+utca+7,+Budapest,+1096\/data=%214m2%213m1%211s0x4741dce48494c42d:0x98f96b3a83952db8?sa=X&amp;ei=bL2CVPCTCYW5OLySgdgP&amp;ved=0CB4Q8gEwAA\" target=\"_blank\" rel=\"noopener noreferrer\">1096 Budapest, Ern\u0151 u. 7.<\/a><span style=\"vertical-align: baseline;color: #000000;margin: 0px;background-color: transparent;border: 0px;padding: 0px\">)<\/span><\/span><br \/>\n<span style=\"color: #000000;font-size: 14pt\">Kapcsolat: \u00a0itk.tanfolyam@semmelweis.hu<\/span><\/span><\/p>\n<p style=\"text-align: justify\"><span style=\"font-size: 16px;font-family: georgia,tahoma,serif;vertical-align: baseline;color: #ff0000;margin: 0px;background-color: transparent;border: 0px;padding: 0px\"><a href=\"https:\/\/semmelweis.hu\/aneszteziologia\/cpr-ujraelesztes-modularis-tanfolyam-eloadasanyagok\/\" target=\"_blank\" rel=\"noopener noreferrer\"><span style=\"font-size: 14pt\">Let\u00f6lthet\u0151 el\u0151ad\u00e1sanyagok<\/span><\/a><span style=\"font-size: 14pt\">\u00a0<\/span><\/span><span style=\"font-size: 14pt\">&#8211; <span style=\"color: #3366ff\"><a href=\"https:\/\/semmelweis.hu\/aneszteziologia\/cpr-ujraelesztes-modularis-tanfolyam-prekurzus\/\" target=\"_blank\" rel=\"noopener noreferrer\">Prekurzus anyagok<\/a><\/span><\/span><span style=\"font-size: 14pt\"><br \/>\n<a href=\"https:\/\/semmelweis.hu\/aneszteziologia\/oktatas\/posztgradualis-orvoskepzes\/kotelezoen-valaszthato-tanfolyamok\/cpr-ujraelesztes-modularis-tanfolyam\/jelentkezes-cpr-ujraelesztes-modularis-tanfolyam\/\"><span style=\"color: #008000\">Jelentkez\u00e9s<\/span><\/a><\/span><\/p>\n<p style=\"text-align: justify;background: #F1F1F1;vertical-align: baseline;margin: 0cm 0cm 12.0pt 0cm\"><span style=\"font-family: 'Georgia','serif'\">Szeretettel v\u00e1runk minden kedves \u00e9rdekl\u0151d\u0151t:<\/span><\/p>\n<p style=\"text-align: justify;background: #F1F1F1;vertical-align: baseline;margin: 0cm 0cm 12.0pt 0cm\"><span style=\"font-family: 'Georgia','serif'\">\u00a0 \u00a0 \u00a0 \u00a0 \u00a0 \u00a0 \u00a0 \u00a0 \u00a0 \u00a0 \u00a0 \u00a0 \u00a0 \u00a0 \u00a0 \u00a0 \u00a0 \u00a0 \u00a0 \u00a0 \u00a0 \u00a0 \u00a0 \u00a0 \u00a0 \u00a0 \u00a0 \u00a0 \u00a0 \u00a0 \u00a0 \u00a0 \u00a0 \u00a0 \u00a0 \u00a0 \u00a0 \u00a0 \u00a0 \u00a0 \u00a0 \u00a0 \u00a0 \u00a0 \u00a0Dr. Frit\u00faz G\u00e1bor<\/span><\/p>\n<p style=\"text-align: justify;background: #F1F1F1;vertical-align: baseline;margin: 0cm 0cm 12.0pt 0cm\"><span style=\"font-family: 'Georgia','serif'\">\u00a0 \u00a0 \u00a0 \u00a0 \u00a0 \u00a0 \u00a0 \u00a0 \u00a0 \u00a0 \u00a0 \u00a0 \u00a0 \u00a0 \u00a0 \u00a0 \u00a0 \u00a0 \u00a0 \u00a0 \u00a0 \u00a0 \u00a0 \u00a0 \u00a0 \u00a0 \u00a0 \u00a0 \u00a0 \u00a0 \u00a0 \u00a0 \u00a0 \u00a0 \u00a0 \u00a0 \u00a0 \u00a0 \u00a0 \u00a0 \u00a0 \u00a0 \u00a0 \u00a0 \u00a0 tanfolyamfelel\u0151s\u00a0 \u00a0 \u00a0 \u00a0 \u00a0 \u00a0 \u00a0 \u00a0 \u00a0 \u00a0 \u00a0 \u00a0 \u00a0 \u00a0 \u00a0 \u00a0 \u00a0 \u00a0 \u00a0 \u00a0 \u00a0 \u00a0 \u00a0 \u00a0\u00a0<\/span><\/p>\n<\/div>\n","protected":false},"excerpt":{"rendered":"<p>A jelentkez\u00e9s a tanfolyamra <a href=\"https:\/\/docs.google.com\/forms\/d\/e\/1FAIpQLSd6NQcqImkbAWnekeOeqwYQA8i15s1i3WX_9AWnt1BbIVHr5A\/viewform?usp=preview\">ezen \u0171rlap kit\u00f6lt\u00e9s\u00e9vel<\/a> t\u00f6rt\u00e9nik. \u00a0 CPR \u2013 \u00fajra\u00e9leszt\u00e9s modul\u00e1ris tanfolyam (32 pont) Napjainkban az \u00fajra\u00e9leszt\u00e9s szerencs\u00e9re a szakmai \u00e9s a k\u00f6z\u00e9rdekl\u0151d\u00e9s k\u00f6z\u00e9ppontj\u00e1ban \u00e1ll. Eg\u00e9szs\u00e9g\u00fcgyi ell\u00e1t\u00f3k\u00e9nt felel\u0151ss\u00e9g\u00fcnk kiterjed egyr\u00e9szt saj\u00e1t ismereteink \u00e9s k\u00e9szs\u00e9geink naprak\u00e9szen tart\u00e1s\u00e1ra, m\u00e1sr\u00e9szt, mint azt l\u00e1tni fogjuk, felel\u0151sek vagyunk az\u00e9rt is, hogy mind szakmai, mind t\u00e1rsadalmi k\u00f6rnyezet\u00fcnkben az \u00fajra\u00e9leszt\u00e9s folyamata megfelel\u0151en m\u0171k\u00f6dj\u00f6n, &hellip;<\/p>\n","protected":false},"author":102323,"featured_media":0,"parent":107,"menu_order":3,"comment_status":"closed","ping_status":"closed","template":"","meta":{"_acf_changed":false,"footnotes":""},"categories":[9],"tags":[],"class_list":["post-6510","page","type-page","status-publish","hentry","category-oktatas"],"acf":[],"_links":{"self":[{"href":"https:\/\/semmelweis.hu\/aneszteziologia\/wp-json\/wp\/v2\/pages\/6510","targetHints":{"allow":["GET"]}}],"collection":[{"href":"https:\/\/semmelweis.hu\/aneszteziologia\/wp-json\/wp\/v2\/pages"}],"about":[{"href":"https:\/\/semmelweis.hu\/aneszteziologia\/wp-json\/wp\/v2\/types\/page"}],"author":[{"embeddable":true,"href":"https:\/\/semmelweis.hu\/aneszteziologia\/wp-json\/wp\/v2\/users\/102323"}],"replies":[{"embeddable":true,"href":"https:\/\/semmelweis.hu\/aneszteziologia\/wp-json\/wp\/v2\/comments?post=6510"}],"version-history":[{"count":12,"href":"https:\/\/semmelweis.hu\/aneszteziologia\/wp-json\/wp\/v2\/pages\/6510\/revisions"}],"predecessor-version":[{"id":9591,"href":"https:\/\/semmelweis.hu\/aneszteziologia\/wp-json\/wp\/v2\/pages\/6510\/revisions\/9591"}],"up":[{"embeddable":true,"href":"https:\/\/semmelweis.hu\/aneszteziologia\/wp-json\/wp\/v2\/pages\/107"}],"wp:attachment":[{"href":"https:\/\/semmelweis.hu\/aneszteziologia\/wp-json\/wp\/v2\/media?parent=6510"}],"wp:term":[{"taxonomy":"category","embeddable":true,"href":"https:\/\/semmelweis.hu\/aneszteziologia\/wp-json\/wp\/v2\/categories?post=6510"},{"taxonomy":"post_tag","embeddable":true,"href":"https:\/\/semmelweis.hu\/aneszteziologia\/wp-json\/wp\/v2\/tags?post=6510"}],"curies":[{"name":"wp","href":"https:\/\/api.w.org\/{rel}","templated":true}]}}