{"id":6506,"date":"2016-11-24T13:10:04","date_gmt":"2016-11-24T12:10:04","guid":{"rendered":"http:\/\/semmelweis.hu\/aneszteziologia\/?page_id=6506"},"modified":"2024-01-12T11:43:14","modified_gmt":"2024-01-12T10:43:14","slug":"ultrahang-vezerelt-regionalis-anesztezia","status":"publish","type":"page","link":"https:\/\/semmelweis.hu\/aneszteziologia\/oktatas\/posztgradualis-orvoskepzes\/kotelezoen-valaszthato-tanfolyamok\/ultrahang-vezerelt-regionalis-anesztezia\/","title":{"rendered":"Ultrahang-vez\u00e9relt region\u00e1lis aneszt\u00e9zia"},"content":{"rendered":"<div><span style=\"font-size: 14pt\"><strong><em>A jelentkez\u00e9s a tanfolyamra az Oftexen<span style=\"vertical-align: baseline;margin: 0px;border: 0px;padding: 0px\">\u00a0t\u00f6rt\u00e9nik.<\/span><\/em><\/strong><\/span><\/div>\n<div>\u00a0<\/p>\n<p><strong>Ultrahang-vez\u00e9relt region\u00e1lis aneszt\u00e9zia (<span style=\"color: #ff0000\">16<\/span> pont)<br \/>\n<\/strong><br \/>\nId\u0151pont: <span style=\"color: #ff0000\">szervez\u00e9s alatt<\/span><\/p>\n<p>Jelentkez\u00e9s: <a href=\"mailto:annamaria.fulmer@bbraun.com\">annamaria.fulmer@bbraun.com<\/a><\/p>\n<\/div>\n<div dir=\"ltr\">\u00a0<\/div>\n","protected":false},"excerpt":{"rendered":"<p>A jelentkez\u00e9s a tanfolyamra az Oftexen\u00a0t\u00f6rt\u00e9nik.<br \/>\n\u00a0<br \/>\nUltrahang-vez\u00e9relt region\u00e1lis aneszt\u00e9zia (16 pont)<\/p>\n<p>Id\u0151pont: szervez\u00e9s alatt<br \/>\nJelentkez\u00e9s: <a href=\"mailto:annamaria.fulmer@bbraun.com\">annamaria.fulmer@bbraun.com<\/a><\/p>\n<p>\u00a0<\/p>\n","protected":false},"author":102323,"featured_media":0,"parent":107,"menu_order":1,"comment_status":"closed","ping_status":"closed","template":"","meta":{"_acf_changed":false,"footnotes":""},"categories":[9],"tags":[],"class_list":["post-6506","page","type-page","status-publish","hentry","category-oktatas"],"acf":[],"_links":{"self":[{"href":"https:\/\/semmelweis.hu\/aneszteziologia\/wp-json\/wp\/v2\/pages\/6506","targetHints":{"allow":["GET"]}}],"collection":[{"href":"https:\/\/semmelweis.hu\/aneszteziologia\/wp-json\/wp\/v2\/pages"}],"about":[{"href":"https:\/\/semmelweis.hu\/aneszteziologia\/wp-json\/wp\/v2\/types\/page"}],"author":[{"embeddable":true,"href":"https:\/\/semmelweis.hu\/aneszteziologia\/wp-json\/wp\/v2\/users\/102323"}],"replies":[{"embeddable":true,"href":"https:\/\/semmelweis.hu\/aneszteziologia\/wp-json\/wp\/v2\/comments?post=6506"}],"version-history":[{"count":8,"href":"https:\/\/semmelweis.hu\/aneszteziologia\/wp-json\/wp\/v2\/pages\/6506\/revisions"}],"predecessor-version":[{"id":8807,"href":"https:\/\/semmelweis.hu\/aneszteziologia\/wp-json\/wp\/v2\/pages\/6506\/revisions\/8807"}],"up":[{"embeddable":true,"href":"https:\/\/semmelweis.hu\/aneszteziologia\/wp-json\/wp\/v2\/pages\/107"}],"wp:attachment":[{"href":"https:\/\/semmelweis.hu\/aneszteziologia\/wp-json\/wp\/v2\/media?parent=6506"}],"wp:term":[{"taxonomy":"category","embeddable":true,"href":"https:\/\/semmelweis.hu\/aneszteziologia\/wp-json\/wp\/v2\/categories?post=6506"},{"taxonomy":"post_tag","embeddable":true,"href":"https:\/\/semmelweis.hu\/aneszteziologia\/wp-json\/wp\/v2\/tags?post=6506"}],"curies":[{"name":"wp","href":"https:\/\/api.w.org\/{rel}","templated":true}]}}