{"id":6503,"date":"2016-11-24T13:08:32","date_gmt":"2016-11-24T12:08:32","guid":{"rendered":"http:\/\/semmelweis.hu\/aneszteziologia\/?page_id=6503"},"modified":"2024-11-26T13:48:59","modified_gmt":"2024-11-26T12:48:59","slug":"varatlan-helyzetek-ellatasa-altatas-kozben-magas-husegu-hifi-szimulacioval","status":"publish","type":"page","link":"https:\/\/semmelweis.hu\/aneszteziologia\/oktatas\/posztgradualis-orvoskepzes\/kotelezoen-valaszthato-tanfolyamok\/varatlan-helyzetek-ellatasa-altatas-kozben-magas-husegu-hifi-szimulacioval\/","title":{"rendered":"V\u00e1ratlan helyzetek ell\u00e1t\u00e1sa altat\u00e1s k\u00f6zben (magas h\u0171s\u00e9g\u0171 HIFI-szimul\u00e1ci\u00f3val)"},"content":{"rendered":"<div><span style=\"font-size: 14pt\"><strong><em>A jelentkez\u00e9s a tanfolyamra az Oftexen<span style=\"vertical-align: baseline;margin: 0px;border: 0px;padding: 0px\">\u00a0t\u00f6rt\u00e9nik.<\/span><\/em><\/strong><\/span><\/div>\n<div>\u00a0<\/div>\n<div dir=\"ltr\">\n<div dir=\"ltr\">\n<div dir=\"ltr\">\n<p><strong>V\u00e1ratlan helyzetek ell\u00e1t\u00e1sa altat\u00e1s k\u00f6zben (magas h\u0171s\u00e9g\u0171 HiFi-szimul\u00e1ci\u00f3val)<br \/>\n<\/strong><br \/>\nId\u0151pont: Ig\u00e9ny szerint szervezz\u00fck<\/p>\n<p>Ig\u00e9ny jelz\u00e9se: oktatas.itk@semmelweis.hu<\/p>\n<\/div>\n<\/div>\n<\/div>\n","protected":false},"excerpt":{"rendered":"<p>A jelentkez\u00e9s a tanfolyamra az Oftexen\u00a0t\u00f6rt\u00e9nik.<br \/>\n\u00a0<\/p>\n<p>V\u00e1ratlan helyzetek ell\u00e1t\u00e1sa altat\u00e1s k\u00f6zben (magas h\u0171s\u00e9g\u0171 HiFi-szimul\u00e1ci\u00f3val)<\/p>\n<p>Id\u0151pont: Ig\u00e9ny szerint szervezz\u00fck<br \/>\nIg\u00e9ny jelz\u00e9se: oktatas.itk@semmelweis.hu<\/p>\n","protected":false},"author":102323,"featured_media":0,"parent":107,"menu_order":2,"comment_status":"closed","ping_status":"closed","template":"","meta":{"_acf_changed":false,"footnotes":""},"categories":[9],"tags":[],"class_list":["post-6503","page","type-page","status-publish","hentry","category-oktatas"],"acf":[],"_links":{"self":[{"href":"https:\/\/semmelweis.hu\/aneszteziologia\/wp-json\/wp\/v2\/pages\/6503","targetHints":{"allow":["GET"]}}],"collection":[{"href":"https:\/\/semmelweis.hu\/aneszteziologia\/wp-json\/wp\/v2\/pages"}],"about":[{"href":"https:\/\/semmelweis.hu\/aneszteziologia\/wp-json\/wp\/v2\/types\/page"}],"author":[{"embeddable":true,"href":"https:\/\/semmelweis.hu\/aneszteziologia\/wp-json\/wp\/v2\/users\/102323"}],"replies":[{"embeddable":true,"href":"https:\/\/semmelweis.hu\/aneszteziologia\/wp-json\/wp\/v2\/comments?post=6503"}],"version-history":[{"count":10,"href":"https:\/\/semmelweis.hu\/aneszteziologia\/wp-json\/wp\/v2\/pages\/6503\/revisions"}],"predecessor-version":[{"id":9063,"href":"https:\/\/semmelweis.hu\/aneszteziologia\/wp-json\/wp\/v2\/pages\/6503\/revisions\/9063"}],"up":[{"embeddable":true,"href":"https:\/\/semmelweis.hu\/aneszteziologia\/wp-json\/wp\/v2\/pages\/107"}],"wp:attachment":[{"href":"https:\/\/semmelweis.hu\/aneszteziologia\/wp-json\/wp\/v2\/media?parent=6503"}],"wp:term":[{"taxonomy":"category","embeddable":true,"href":"https:\/\/semmelweis.hu\/aneszteziologia\/wp-json\/wp\/v2\/categories?post=6503"},{"taxonomy":"post_tag","embeddable":true,"href":"https:\/\/semmelweis.hu\/aneszteziologia\/wp-json\/wp\/v2\/tags?post=6503"}],"curies":[{"name":"wp","href":"https:\/\/api.w.org\/{rel}","templated":true}]}}