{"id":6492,"date":"2016-11-24T13:01:44","date_gmt":"2016-11-24T12:01:44","guid":{"rendered":"http:\/\/semmelweis.hu\/aneszteziologia\/?page_id=6492"},"modified":"2024-11-25T12:10:35","modified_gmt":"2024-11-25T11:10:35","slug":"az-aneszteziologia-specialis-kerdesei","status":"publish","type":"page","link":"https:\/\/semmelweis.hu\/aneszteziologia\/oktatas\/posztgradualis-orvoskepzes\/szakvizsga-elotti-kotelezo-tanfolyamok\/az-aneszteziologia-specialis-kerdesei\/","title":{"rendered":"Az aneszteziol\u00f3gia speci\u00e1lis k\u00e9rd\u00e9sei"},"content":{"rendered":"<p style=\"padding-left: 60px\"><strong>Az aneszteziol\u00f3gia speci\u00e1lis k\u00e9rd\u00e9sei<\/strong> <br \/>\n<span style=\"color: #000000\">K\u00f6vetkez\u0151 tanfolyam:<span style=\"color: #ff0000\"><strong> szervez\u00e9s alatt<\/strong><br \/>\n<\/span><\/span><span style=\"font-size: 10pt\">El\u0151zetes programtervezet <em>&#8211; felt\u00f6lt\u00e9s alatt\u00a0<\/em><\/span><span style=\"color: #000000\"><span style=\"color: #ff0000\"><br \/>\n<\/span><\/span><\/p>\n","protected":false},"excerpt":{"rendered":"<p>Az aneszteziol\u00f3gia speci\u00e1lis k\u00e9rd\u00e9sei<br \/>\nK\u00f6vetkez\u0151 tanfolyam: szervez\u00e9s alatt<br \/>\nEl\u0151zetes programtervezet &#8211; felt\u00f6lt\u00e9s alatt\u00a0<\/p>\n","protected":false},"author":101144,"featured_media":0,"parent":105,"menu_order":4,"comment_status":"closed","ping_status":"closed","template":"","meta":{"_acf_changed":false,"footnotes":""},"categories":[],"tags":[],"class_list":["post-6492","page","type-page","status-publish","hentry"],"acf":[],"_links":{"self":[{"href":"https:\/\/semmelweis.hu\/aneszteziologia\/wp-json\/wp\/v2\/pages\/6492","targetHints":{"allow":["GET"]}}],"collection":[{"href":"https:\/\/semmelweis.hu\/aneszteziologia\/wp-json\/wp\/v2\/pages"}],"about":[{"href":"https:\/\/semmelweis.hu\/aneszteziologia\/wp-json\/wp\/v2\/types\/page"}],"author":[{"embeddable":true,"href":"https:\/\/semmelweis.hu\/aneszteziologia\/wp-json\/wp\/v2\/users\/101144"}],"replies":[{"embeddable":true,"href":"https:\/\/semmelweis.hu\/aneszteziologia\/wp-json\/wp\/v2\/comments?post=6492"}],"version-history":[{"count":6,"href":"https:\/\/semmelweis.hu\/aneszteziologia\/wp-json\/wp\/v2\/pages\/6492\/revisions"}],"predecessor-version":[{"id":9053,"href":"https:\/\/semmelweis.hu\/aneszteziologia\/wp-json\/wp\/v2\/pages\/6492\/revisions\/9053"}],"up":[{"embeddable":true,"href":"https:\/\/semmelweis.hu\/aneszteziologia\/wp-json\/wp\/v2\/pages\/105"}],"wp:attachment":[{"href":"https:\/\/semmelweis.hu\/aneszteziologia\/wp-json\/wp\/v2\/media?parent=6492"}],"wp:term":[{"taxonomy":"category","embeddable":true,"href":"https:\/\/semmelweis.hu\/aneszteziologia\/wp-json\/wp\/v2\/categories?post=6492"},{"taxonomy":"post_tag","embeddable":true,"href":"https:\/\/semmelweis.hu\/aneszteziologia\/wp-json\/wp\/v2\/tags?post=6492"}],"curies":[{"name":"wp","href":"https:\/\/api.w.org\/{rel}","templated":true}]}}