{"id":6491,"date":"2016-11-24T13:17:19","date_gmt":"2016-11-24T12:17:19","guid":{"rendered":"http:\/\/semmelweis.hu\/aneszteziologia\/?page_id=6491"},"modified":"2024-11-25T12:06:17","modified_gmt":"2024-11-25T11:06:17","slug":"az-aneszteziologia-altalanos-kerdesei","status":"publish","type":"page","link":"https:\/\/semmelweis.hu\/aneszteziologia\/oktatas\/posztgradualis-orvoskepzes\/szakvizsga-elotti-kotelezo-tanfolyamok\/az-aneszteziologia-altalanos-kerdesei\/","title":{"rendered":"Az aneszteziol\u00f3gia \u00e1ltal\u00e1nos k\u00e9rd\u00e9sei"},"content":{"rendered":"<p style=\"padding-left: 60px\"><strong>Az aneszteziol\u00f3gia \u00e1ltal\u00e1nos k\u00e9rd\u00e9sei <br \/>\n<\/strong><span style=\"color: #000000\">K\u00f6vetkez\u0151 tanfolyam: <strong><span style=\"color: #ff0000\">szervez\u00e9s alatt<\/span><\/strong><\/span><br \/>\n<span style=\"font-size: 10pt\">El\u0151zetes programtervezet &#8211; <em>felt\u00f6lt\u00e9s alatt<\/em><\/span><\/p>\n","protected":false},"excerpt":{"rendered":"<p>Az aneszteziol\u00f3gia \u00e1ltal\u00e1nos k\u00e9rd\u00e9sei<br \/>\nK\u00f6vetkez\u0151 tanfolyam: szervez\u00e9s alatt<br \/>\nEl\u0151zetes programtervezet &#8211; felt\u00f6lt\u00e9s alatt<\/p>\n","protected":false},"author":101144,"featured_media":0,"parent":105,"menu_order":2,"comment_status":"closed","ping_status":"closed","template":"","meta":{"_acf_changed":false,"footnotes":""},"categories":[],"tags":[],"class_list":["post-6491","page","type-page","status-publish","hentry"],"acf":[],"_links":{"self":[{"href":"https:\/\/semmelweis.hu\/aneszteziologia\/wp-json\/wp\/v2\/pages\/6491","targetHints":{"allow":["GET"]}}],"collection":[{"href":"https:\/\/semmelweis.hu\/aneszteziologia\/wp-json\/wp\/v2\/pages"}],"about":[{"href":"https:\/\/semmelweis.hu\/aneszteziologia\/wp-json\/wp\/v2\/types\/page"}],"author":[{"embeddable":true,"href":"https:\/\/semmelweis.hu\/aneszteziologia\/wp-json\/wp\/v2\/users\/101144"}],"replies":[{"embeddable":true,"href":"https:\/\/semmelweis.hu\/aneszteziologia\/wp-json\/wp\/v2\/comments?post=6491"}],"version-history":[{"count":5,"href":"https:\/\/semmelweis.hu\/aneszteziologia\/wp-json\/wp\/v2\/pages\/6491\/revisions"}],"predecessor-version":[{"id":9047,"href":"https:\/\/semmelweis.hu\/aneszteziologia\/wp-json\/wp\/v2\/pages\/6491\/revisions\/9047"}],"up":[{"embeddable":true,"href":"https:\/\/semmelweis.hu\/aneszteziologia\/wp-json\/wp\/v2\/pages\/105"}],"wp:attachment":[{"href":"https:\/\/semmelweis.hu\/aneszteziologia\/wp-json\/wp\/v2\/media?parent=6491"}],"wp:term":[{"taxonomy":"category","embeddable":true,"href":"https:\/\/semmelweis.hu\/aneszteziologia\/wp-json\/wp\/v2\/categories?post=6491"},{"taxonomy":"post_tag","embeddable":true,"href":"https:\/\/semmelweis.hu\/aneszteziologia\/wp-json\/wp\/v2\/tags?post=6491"}],"curies":[{"name":"wp","href":"https:\/\/api.w.org\/{rel}","templated":true}]}}