{"id":6483,"date":"2016-11-24T12:51:59","date_gmt":"2016-11-24T11:51:59","guid":{"rendered":"http:\/\/semmelweis.hu\/aneszteziologia\/?page_id=6483"},"modified":"2024-11-25T12:08:01","modified_gmt":"2024-11-25T11:08:01","slug":"az-intenziv-terapia-altalanos-kerdesei","status":"publish","type":"page","link":"https:\/\/semmelweis.hu\/aneszteziologia\/oktatas\/posztgradualis-orvoskepzes\/szakvizsga-elotti-kotelezo-tanfolyamok\/az-intenziv-terapia-altalanos-kerdesei\/","title":{"rendered":"Az intenz\u00edv ter\u00e1pia \u00e1ltal\u00e1nos k\u00e9rd\u00e9sei"},"content":{"rendered":"<p style=\"padding-left: 60px\"><strong>Az intenz\u00edv ter\u00e1pia \u00e1ltal\u00e1nos k\u00e9rd\u00e9sei\u00a0 <br \/>\n<\/strong>K\u00f6vetkez\u0151 tanfolyam:<span style=\"color: #ff0000\"><strong> szervez\u00e9s alatt<\/strong><br \/>\n<\/span><span style=\"font-size: 10pt\">El\u0151zetes programtervezet &#8211; <em>felt\u00f6lt\u00e9s alatt<\/em><\/span><\/p>\n","protected":false},"excerpt":{"rendered":"<p>Az intenz\u00edv ter\u00e1pia \u00e1ltal\u00e1nos k\u00e9rd\u00e9sei\u00a0<br \/>\nK\u00f6vetkez\u0151 tanfolyam: szervez\u00e9s alatt<br \/>\nEl\u0151zetes programtervezet &#8211; felt\u00f6lt\u00e9s alatt<\/p>\n","protected":false},"author":101144,"featured_media":0,"parent":105,"menu_order":1,"comment_status":"closed","ping_status":"closed","template":"","meta":{"_acf_changed":false,"footnotes":""},"categories":[],"tags":[],"class_list":["post-6483","page","type-page","status-publish","hentry"],"acf":[],"_links":{"self":[{"href":"https:\/\/semmelweis.hu\/aneszteziologia\/wp-json\/wp\/v2\/pages\/6483","targetHints":{"allow":["GET"]}}],"collection":[{"href":"https:\/\/semmelweis.hu\/aneszteziologia\/wp-json\/wp\/v2\/pages"}],"about":[{"href":"https:\/\/semmelweis.hu\/aneszteziologia\/wp-json\/wp\/v2\/types\/page"}],"author":[{"embeddable":true,"href":"https:\/\/semmelweis.hu\/aneszteziologia\/wp-json\/wp\/v2\/users\/101144"}],"replies":[{"embeddable":true,"href":"https:\/\/semmelweis.hu\/aneszteziologia\/wp-json\/wp\/v2\/comments?post=6483"}],"version-history":[{"count":5,"href":"https:\/\/semmelweis.hu\/aneszteziologia\/wp-json\/wp\/v2\/pages\/6483\/revisions"}],"predecessor-version":[{"id":9049,"href":"https:\/\/semmelweis.hu\/aneszteziologia\/wp-json\/wp\/v2\/pages\/6483\/revisions\/9049"}],"up":[{"embeddable":true,"href":"https:\/\/semmelweis.hu\/aneszteziologia\/wp-json\/wp\/v2\/pages\/105"}],"wp:attachment":[{"href":"https:\/\/semmelweis.hu\/aneszteziologia\/wp-json\/wp\/v2\/media?parent=6483"}],"wp:term":[{"taxonomy":"category","embeddable":true,"href":"https:\/\/semmelweis.hu\/aneszteziologia\/wp-json\/wp\/v2\/categories?post=6483"},{"taxonomy":"post_tag","embeddable":true,"href":"https:\/\/semmelweis.hu\/aneszteziologia\/wp-json\/wp\/v2\/tags?post=6483"}],"curies":[{"name":"wp","href":"https:\/\/api.w.org\/{rel}","templated":true}]}}