{"id":6297,"date":"2016-09-09T12:06:49","date_gmt":"2016-09-09T10:06:49","guid":{"rendered":"http:\/\/semmelweis.hu\/aneszteziologia\/?page_id=6297"},"modified":"2025-04-28T14:34:51","modified_gmt":"2025-04-28T12:34:51","slug":"tdk","status":"publish","type":"page","link":"https:\/\/semmelweis.hu\/aneszteziologia\/kutatas\/tdk\/","title":{"rendered":"TDK"},"content":{"rendered":"<p>Az al\u00e1bb felsorolt tudom\u00e1nyos kutat\u00e1si ter\u00fcleteken, a t\u00e9mavezet\u0151vel t\u00f6rt\u00e9n\u0151 egyeztet\u00e9s alapj\u00e1n lehets\u00e9ges tudom\u00e1nyos di\u00e1kk\u00f6ri tev\u00e9kenys\u00e9get folytatni, illetve a tdk-tev\u00e9kenys\u00e9ggel \u00f6sszef\u00fcgg\u00e9sben szakdolgozatot k\u00e9sz\u00edteni.<\/p>\n<p><a href=\"https:\/\/semmelweis.hu\/aneszteziologia\/kutatas\/tdk\/tdk-temak\/\" target=\"_blank\" rel=\"noopener\">TDK t\u00e9m\u00e1k<\/a><\/p>\n<p><a href=\"https:\/\/semmelweis.hu\/aneszteziologia\/kutatas\/tdk\/informacio-tdk-munkarol\/\" target=\"_blank\" rel=\"noopener\">Inform\u00e1ci\u00f3 TDK-munk\u00e1r\u00f3l<\/a><\/p>\n","protected":false},"excerpt":{"rendered":"<p>Az al\u00e1bb felsorolt tudom\u00e1nyos kutat\u00e1si ter\u00fcleteken, a t\u00e9mavezet\u0151vel t\u00f6rt\u00e9n\u0151 egyeztet\u00e9s alapj\u00e1n lehets\u00e9ges tudom\u00e1nyos di\u00e1kk\u00f6ri tev\u00e9kenys\u00e9get folytatni, illetve a tdk-tev\u00e9kenys\u00e9ggel \u00f6sszef\u00fcgg\u00e9sben szakdolgozatot k\u00e9sz\u00edteni.<br \/>\n<a href=\"https:\/\/semmelweis.hu\/aneszteziologia\/kutatas\/tdk\/tdk-temak\/\" target=\"_blank\" rel=\"noopener\">TDK t\u00e9m\u00e1k<\/a><br \/>\n<a href=\"https:\/\/semmelweis.hu\/aneszteziologia\/kutatas\/tdk\/informacio-tdk-munkarol\/\" target=\"_blank\" rel=\"noopener\">Inform\u00e1ci\u00f3 TDK-munk\u00e1r\u00f3l<\/a><\/p>\n","protected":false},"author":101144,"featured_media":0,"parent":9,"menu_order":4,"comment_status":"closed","ping_status":"closed","template":"","meta":{"_acf_changed":false,"footnotes":""},"categories":[10],"tags":[],"class_list":["post-6297","page","type-page","status-publish","hentry","category-kutatas"],"acf":[],"_links":{"self":[{"href":"https:\/\/semmelweis.hu\/aneszteziologia\/wp-json\/wp\/v2\/pages\/6297","targetHints":{"allow":["GET"]}}],"collection":[{"href":"https:\/\/semmelweis.hu\/aneszteziologia\/wp-json\/wp\/v2\/pages"}],"about":[{"href":"https:\/\/semmelweis.hu\/aneszteziologia\/wp-json\/wp\/v2\/types\/page"}],"author":[{"embeddable":true,"href":"https:\/\/semmelweis.hu\/aneszteziologia\/wp-json\/wp\/v2\/users\/101144"}],"replies":[{"embeddable":true,"href":"https:\/\/semmelweis.hu\/aneszteziologia\/wp-json\/wp\/v2\/comments?post=6297"}],"version-history":[{"count":12,"href":"https:\/\/semmelweis.hu\/aneszteziologia\/wp-json\/wp\/v2\/pages\/6297\/revisions"}],"predecessor-version":[{"id":9261,"href":"https:\/\/semmelweis.hu\/aneszteziologia\/wp-json\/wp\/v2\/pages\/6297\/revisions\/9261"}],"up":[{"embeddable":true,"href":"https:\/\/semmelweis.hu\/aneszteziologia\/wp-json\/wp\/v2\/pages\/9"}],"wp:attachment":[{"href":"https:\/\/semmelweis.hu\/aneszteziologia\/wp-json\/wp\/v2\/media?parent=6297"}],"wp:term":[{"taxonomy":"category","embeddable":true,"href":"https:\/\/semmelweis.hu\/aneszteziologia\/wp-json\/wp\/v2\/categories?post=6297"},{"taxonomy":"post_tag","embeddable":true,"href":"https:\/\/semmelweis.hu\/aneszteziologia\/wp-json\/wp\/v2\/tags?post=6297"}],"curies":[{"name":"wp","href":"https:\/\/api.w.org\/{rel}","templated":true}]}}