{"id":6295,"date":"2016-09-09T12:05:12","date_gmt":"2016-09-09T10:05:12","guid":{"rendered":"http:\/\/semmelweis.hu\/aneszteziologia\/?page_id=6295"},"modified":"2022-05-24T11:12:42","modified_gmt":"2022-05-24T09:12:42","slug":"szakdolgozatok","status":"publish","type":"page","link":"https:\/\/semmelweis.hu\/aneszteziologia\/kutatas\/szakdolgozatok\/","title":{"rendered":"Szakdolgozatok"},"content":{"rendered":"<p><a href=\"https:\/\/semmelweis.hu\/aneszteziologia\/kutatas\/szakdolgozatok\/szakdolgozat-cimlista\/\" target=\"_blank\" rel=\"noopener\">Szakdolgozat c\u00edmlista<\/a><\/p>\n<p><a href=\"https:\/\/semmelweis.hu\/aneszteziologia\/kutatas\/szakdolgozatok\/informacio\/\" target=\"_blank\" rel=\"noopener\">Inform\u00e1ci\u00f3 szakdolgozatr\u00f3l<\/a><\/p>\n<p>&nbsp;<\/p>\n<p>&nbsp;<\/p>\n","protected":false},"excerpt":{"rendered":"<p><a href=\"https:\/\/semmelweis.hu\/aneszteziologia\/kutatas\/szakdolgozatok\/szakdolgozat-cimlista\/\" target=\"_blank\" rel=\"noopener\">Szakdolgozat c\u00edmlista<\/a><br \/>\n<a href=\"https:\/\/semmelweis.hu\/aneszteziologia\/kutatas\/szakdolgozatok\/informacio\/\" target=\"_blank\" rel=\"noopener\">Inform\u00e1ci\u00f3 szakdolgozatr\u00f3l<\/a><br \/>\n&nbsp;<br \/>\n&nbsp;<\/p>\n","protected":false},"author":101144,"featured_media":0,"parent":9,"menu_order":3,"comment_status":"closed","ping_status":"closed","template":"","meta":{"_acf_changed":false,"footnotes":""},"categories":[10,9],"tags":[],"class_list":["post-6295","page","type-page","status-publish","hentry","category-kutatas","category-oktatas"],"acf":[],"_links":{"self":[{"href":"https:\/\/semmelweis.hu\/aneszteziologia\/wp-json\/wp\/v2\/pages\/6295","targetHints":{"allow":["GET"]}}],"collection":[{"href":"https:\/\/semmelweis.hu\/aneszteziologia\/wp-json\/wp\/v2\/pages"}],"about":[{"href":"https:\/\/semmelweis.hu\/aneszteziologia\/wp-json\/wp\/v2\/types\/page"}],"author":[{"embeddable":true,"href":"https:\/\/semmelweis.hu\/aneszteziologia\/wp-json\/wp\/v2\/users\/101144"}],"replies":[{"embeddable":true,"href":"https:\/\/semmelweis.hu\/aneszteziologia\/wp-json\/wp\/v2\/comments?post=6295"}],"version-history":[{"count":10,"href":"https:\/\/semmelweis.hu\/aneszteziologia\/wp-json\/wp\/v2\/pages\/6295\/revisions"}],"predecessor-version":[{"id":8437,"href":"https:\/\/semmelweis.hu\/aneszteziologia\/wp-json\/wp\/v2\/pages\/6295\/revisions\/8437"}],"up":[{"embeddable":true,"href":"https:\/\/semmelweis.hu\/aneszteziologia\/wp-json\/wp\/v2\/pages\/9"}],"wp:attachment":[{"href":"https:\/\/semmelweis.hu\/aneszteziologia\/wp-json\/wp\/v2\/media?parent=6295"}],"wp:term":[{"taxonomy":"category","embeddable":true,"href":"https:\/\/semmelweis.hu\/aneszteziologia\/wp-json\/wp\/v2\/categories?post=6295"},{"taxonomy":"post_tag","embeddable":true,"href":"https:\/\/semmelweis.hu\/aneszteziologia\/wp-json\/wp\/v2\/tags?post=6295"}],"curies":[{"name":"wp","href":"https:\/\/api.w.org\/{rel}","templated":true}]}}