{"id":6291,"date":"2016-09-09T12:01:31","date_gmt":"2016-09-09T10:01:31","guid":{"rendered":"http:\/\/semmelweis.hu\/aneszteziologia\/?page_id=6291"},"modified":"2019-09-24T13:04:30","modified_gmt":"2019-09-24T11:04:30","slug":"phd","status":"publish","type":"page","link":"https:\/\/semmelweis.hu\/aneszteziologia\/kutatas\/phd\/","title":{"rendered":"PhD"},"content":{"rendered":"<p style=\"text-align: justify\">A Klinika munkat\u00e1rsai aktu\u00e1lisan t\u00edz PhD t\u00e9m\u00e1t m\u0171k\u00f6dtetnek. Ezen alprogramok f\u00f3kusz\u00e1ban t\u00f6bbek k\u00f6z\u00f6tt az \u00e9r- \u00e9s sz\u00edvseb\u00e9szeti betegek kardiopulmon\u00e1lis perioperat\u00edv kock\u00e1zat\u00e1nak felm\u00e9r\u00e9se, monitoroz\u00e1sa \u00e9s kezel\u00e9si lehet\u0151s\u00e9geinek vizsg\u00e1lata, a sz\u00edvm\u0171t\u00e9tek kiv\u00e1ltotta iszk\u00e9mi\u00e1s-reperf\u00fazi\u00f3s myocardium- \u00e9s t\u00fcd\u0151k\u00e1rosod\u00e1sok cs\u00f6kkent\u00e9s\u00e9nek k\u00eds\u00e9rletes \u00e9s klinikai vizsg\u00e1lata, a l\u00e9gz\u0151rendszer mechanik\u00e1j\u00e1nak \u00e9s a l\u00e9gz\u00e9st\u00e1mogat\u00e1s hat\u00e9konys\u00e1g\u00e1nak kutat\u00e1sa,\u00e9letv\u00e9gi d\u00f6nt\u00e9sek vizsg\u00e1lata \u00e1ll. A Semmelweis Egyetem V\u00e1rosmajori Klinikai T\u00f6mbj\u00e9ben 2004 \u00f3ta m\u0171k\u00f6d\u0151 Kardiovaszkul\u00e1ris Kutat\u00f3csoport valamint az oxfordi k\u00f6zpont\u00fa Oxford Cardiothoracic and Vascular Research Group koordin\u00e1l\u00e1s\u00e1val, tov\u00e1bb\u00e1 a montre\u00e1li McGill University l\u00e9gz\u00e9sfiziol\u00f3gusaival foly\u00f3 egy\u00fcttm\u0171k\u00f6d\u00e9s keret\u00e9ben jelent\u0151s t\u00e9r ny\u00edlt sz\u00e9lesk\u00f6r\u0171, nemzetk\u00f6zi kutat\u00f3munka v\u00e9gz\u00e9s\u00e9re.<\/p>\n<p>&nbsp;<\/p>\n<h2>PHD t\u00e9m\u00e1k<\/h2>\n<table style=\"height: 1056px;width: 100%;border-collapse: collapse\">\n<tbody>\n<tr style=\"height: 24px\">\n<td style=\"height: 24px;width: 100.938%\" colspan=\"2\"><strong>01. Elm\u00e9leti \u00e9s Transzl\u00e1ci\u00f3s Orvostudom\u00e1nyok Doktori Iskola\u00a0<\/strong><\/td>\n<\/tr>\n<tr style=\"height: 48px\">\n<td style=\"width: 100.938%;height: 48px;text-align: justify\" colspan=\"2\"><span style=\"color: #000000\">Program: <strong>Sz\u00edv \u00e9s \u00e9rrendszeri betegs\u00e9gek \u00e9lettana \u00e9s klinikuma<\/strong> (1\/1), vezet\u0151: Dr. Merkely B\u00e9la<\/span><strong><br \/>\n<\/strong><\/td>\n<\/tr>\n<tr style=\"height: 24px\">\n<td style=\"width: 30%;height: 24px;text-align: right\"><strong>Kutat\u00e1si t\u00e9ma:\u00a0 <br \/>\n<\/strong><\/td>\n<td style=\"width: 70.9375%;height: 24px;text-align: justify\">A sz\u00edvm\u0171t\u00e9t r\u00f6vid \u00e9s hossz\u00fat\u00e1v\u00fa mortalit\u00e1s\u00e1t \u00e9s morbidit\u00e1s\u00e1t befoly\u00e1sol\u00f3 faktorok (metabolikus, procedur\u00e1lis, pszichoszoci\u00e1lis) meghat\u00e1roz\u00e1sa, szk\u00f3rok kidolgoz\u00e1sa feln\u0151tt \u00e9s gyermek sz\u00edvseb\u00e9szeti m\u0171t\u00e9tek ut\u00e1n<\/td>\n<\/tr>\n<tr style=\"height: 24px\">\n<td style=\"width: 30%;height: 24px;text-align: right\"><strong>T\u00e9mavezet\u0151:\u00a0 <br \/>\n<\/strong><\/td>\n<td style=\"width: 70.9375%;height: 24px\"><em>Dr. Sz\u00e9kely Andrea<\/em><\/td>\n<\/tr>\n<tr style=\"height: 24px\">\n<td style=\"width: 30%;height: 24px\">\u00a0<\/td>\n<td style=\"width: 70.9375%;height: 24px\">\u00a0<\/td>\n<\/tr>\n<tr style=\"height: 24px\">\n<td style=\"width: 30%;height: 24px;text-align: right\"><strong>Kutat\u00e1si t\u00e9ma:\u00a0 <br \/>\n<\/strong><\/td>\n<td style=\"width: 70.9375%;height: 24px;text-align: justify\">Meteorol\u00f3giai faktorok szerepe a sz\u00edvm\u0171t\u00e9tek kimenetel\u00e9ben<\/td>\n<\/tr>\n<tr style=\"height: 24px\">\n<td style=\"width: 30%;height: 24px;text-align: right\"><strong>T\u00e9mavezet\u0151:\u00a0 <br \/>\n<\/strong><\/td>\n<td style=\"width: 70.9375%;height: 24px\"><em>Dr. Sz\u00e9kely Andrea<\/em><\/td>\n<\/tr>\n<tr style=\"height: 24px\">\n<td style=\"width: 30%;height: 24px\">\u00a0<\/td>\n<td style=\"width: 70.9375%;height: 24px\">\u00a0<\/td>\n<\/tr>\n<tr style=\"height: 24px\">\n<td style=\"width: 30%;height: 24px;text-align: right\"><strong>Kutat\u00e1si t\u00e9ma:\u00a0 <br \/>\n<\/strong><\/td>\n<td style=\"width: 70.9375%;height: 24px\">A sz\u00edvtranszplant\u00e1ci\u00f3 endokrin vonatkoz\u00e1sai<\/td>\n<\/tr>\n<tr style=\"height: 24px\">\n<td style=\"width: 30%;height: 24px;text-align: right\"><strong>T\u00e9mavezet\u0151:\u00a0 <br \/>\n<\/strong><\/td>\n<td style=\"width: 70.9375%;height: 24px\"><em>Dr. Sz\u00e9kely Andrea<\/em><\/td>\n<\/tr>\n<tr style=\"height: 24px\">\n<td style=\"width: 30%;text-align: right;height: 24px\">\u00a0<\/td>\n<td style=\"width: 70.9375%;height: 24px\">\u00a0<\/td>\n<\/tr>\n<tr style=\"height: 24px\">\n<td style=\"width: 100.938%;height: 24px;text-align: justify\" colspan=\"2\">\n<p>Program: <strong>A folyad\u00e9k- \u00e9s elektrolith\u00e1ztart\u00e1s-szab\u00e1lyoz\u00e1s\u00e1nak \u00e9let- k\u00f3r\u00e9lettana, kering\u00e9s \u00e9s v\u00e9rnyom\u00e1s szab\u00e1lyoz\u00e1s<\/strong> (1\/4), vezet\u0151: Dr. Rosivall L\u00e1szl\u00f3<\/p>\n<\/td>\n<\/tr>\n<tr style=\"height: 24px\">\n<td style=\"width: 30%;height: 24px;text-align: right\"><strong>Kutat\u00e1si t\u00e9ma:\u00a0 <br \/>\n<\/strong><\/td>\n<td style=\"width: 70.9375%;height: 24px;text-align: justify\">Biomarkerek \u00e9s egy\u00e9b point of care technol\u00f3gi\u00e1k szerepe a s\u00fcrg\u0151ss\u00e9gi betegell\u00e1t\u00e1sban<\/td>\n<\/tr>\n<tr style=\"height: 24px\">\n<td style=\"width: 30%;height: 24px;text-align: right\"><strong>T\u00e9mavezet\u0151:\u00a0 <br \/>\n<\/strong><\/td>\n<td style=\"width: 70.9375%;height: 24px\"><em>Dr. Kanizsai P\u00e9ter<\/em><\/td>\n<\/tr>\n<tr style=\"height: 24px\">\n<td style=\"width: 30%;height: 24px\">\u00a0<\/td>\n<td style=\"width: 70.9375%;height: 24px\">\u00a0<\/td>\n<\/tr>\n<tr style=\"height: 24px\">\n<td style=\"height: 24px;width: 100.938%\" colspan=\"2\"><strong>02. Klinikai Orvostudom\u00e1nyi Doktori Iskola<\/strong><\/td>\n<\/tr>\n<tr style=\"height: 24px\">\n<td style=\"width: 100.938%;height: 24px;text-align: justify\" colspan=\"2\">Program: <strong>L\u00e9gz\u0151szervi megbeteged\u00e9sek<\/strong> (2\/9),vezet\u0151: Dr. Losonczy Gy\u00f6rgy<br \/>\n<strong><br \/>\n<\/strong><\/td>\n<\/tr>\n<tr style=\"height: 24px\">\n<td style=\"width: 30%;height: 24px;text-align: right\"><strong>Kutat\u00e1si t\u00e9ma:\u00a0 <br \/>\n<\/strong><\/td>\n<td style=\"width: 70.9375%;height: 24px\">Az emfiz\u00e9ma \u00e1llatk\u00eds\u00e9rletes modellez\u00e9se<\/td>\n<\/tr>\n<tr style=\"height: 24px\">\n<td style=\"width: 30%;height: 24px;text-align: right\"><strong>T\u00e9mavezet\u0151:\u00a0 <br \/>\n<\/strong><\/td>\n<td style=\"width: 70.9375%;height: 24px\"><em>Dr. Hantos Zolt\u00e1n<\/em><\/td>\n<\/tr>\n<tr style=\"height: 24px\">\n<td style=\"width: 30%;height: 24px\">\u00a0<\/td>\n<td style=\"width: 70.9375%;height: 24px\">\u00a0<\/td>\n<\/tr>\n<tr style=\"height: 48px\">\n<td style=\"width: 30%;height: 48px;text-align: right\"><strong>Kutat\u00e1si t\u00e9ma:\u00a0 <br \/>\n<\/strong><\/td>\n<td style=\"width: 70.9375%;height: 48px;text-align: justify\">A l\u00e9gz\u00e9smechanika \u00e9s a t\u00fcd\u0151 \u00fajrany\u00edl\u00e1si folyamatainak tanulm\u00e1nyoz\u00e1sa mesters\u00e9gesen l\u00e9legeztetett betegekben<\/td>\n<\/tr>\n<tr style=\"height: 24px\">\n<td style=\"width: 30%;height: 24px;text-align: right\"><strong>T\u00e9mavezet\u0151:\u00a0 <br \/>\n<\/strong><\/td>\n<td style=\"width: 70.9375%;height: 24px\"><em>Dr. Hantos Zolt\u00e1n<\/em><\/td>\n<\/tr>\n<tr style=\"height: 24px\">\n<td style=\"width: 30%;height: 24px\">\u00a0<\/td>\n<td style=\"width: 70.9375%;height: 24px\">\u00a0<\/td>\n<\/tr>\n<tr style=\"height: 24px\">\n<td style=\"width: 30%;height: 24px;text-align: right\"><strong>Kutat\u00e1si t\u00e9ma:\u00a0 <br \/>\n<\/strong><\/td>\n<td style=\"width: 70.9375%;height: 24px\"><a href=\"https:\/\/semmelweis.hu\/aneszteziologia\/kutatas\/phd\/a-gepi-lelegeztetes-hatekonysaganak-meghatarozoi\/\">A g\u00e9pi l\u00e9legeztet\u00e9s hat\u00e9konys\u00e1g\u00e1nak meghat\u00e1roz\u00f3i <strong>&gt;&gt;&gt;r\u00e9szletek<\/strong><\/a><\/td>\n<\/tr>\n<tr style=\"height: 24px\">\n<td style=\"width: 30%;height: 24px;text-align: right\"><strong>T\u00e9mavezet\u0151:\u00a0 <br \/>\n<\/strong><\/td>\n<td style=\"width: 70.9375%;height: 24px\"><em>Dr. Lorx Andr\u00e1s <\/em><\/td>\n<\/tr>\n<tr style=\"height: 24px\">\n<td style=\"width: 30%;height: 24px\">\u00a0<\/td>\n<td style=\"width: 70.9375%;height: 24px\">\u00a0<\/td>\n<\/tr>\n<tr style=\"height: 48px\">\n<td style=\"width: 100.938%;height: 48px;text-align: justify\" colspan=\"2\">Program: <strong>Klinikai \u00e9s k\u00eds\u00e9rletes angiol\u00f3giai kutat\u00e1sok<\/strong> (2\/12), vezet\u0151: Dr. Acs\u00e1dy Gy\u00f6rgy<\/p>\n<\/td>\n<\/tr>\n<tr style=\"height: 24px\">\n<td style=\"width: 30%;height: 24px;text-align: right\"><strong>Kutat\u00e1si t\u00e9ma:\u00a0 <br \/>\n<\/strong><\/td>\n<td style=\"width: 70.9375%;height: 24px;text-align: justify\">\u00c9r- \u00e9s sz\u00edvseb\u00e9szeti betegek kardiopulmon\u00e1lis perioperat\u00edv kock\u00e1zat\u00e1nak felm\u00e9r\u00e9se, monitoroz\u00e1sa \u00e9s kezel\u00e9si lehet\u0151s\u00e9geinek vizsg\u00e1lata<\/td>\n<\/tr>\n<tr style=\"height: 24px\">\n<td style=\"width: 30%;height: 24px;text-align: right\"><strong>T\u00e9mavezet\u0151:\u00a0 <br \/>\n<\/strong><\/td>\n<td style=\"width: 70.9375%;height: 24px\"><em>Dr. G\u00e1l J\u00e1nos<\/em><\/td>\n<\/tr>\n<tr style=\"height: 24px\">\n<td style=\"width: 30%;height: 24px\">\u00a0<\/td>\n<td style=\"width: 70.9375%;height: 24px\">\u00a0<\/td>\n<\/tr>\n<tr style=\"height: 24px\">\n<td style=\"width: 100.938%;height: 24px\" colspan=\"2\">Program: <strong>F\u00fcl-orr-g\u00e9g\u00e9szet, foni\u00e1tria<\/strong> (2\/19), vezet\u0151: Dr. Tam\u00e1s L\u00e1szl\u00f3<\/p>\n<\/td>\n<\/tr>\n<tr style=\"height: 48px\">\n<td style=\"width: 30%;height: 48px;text-align: right\"><strong>Kutat\u00e1si t\u00e9ma:\u00a0 <br \/>\n<\/strong><\/td>\n<td style=\"width: 70.9375%;height: 48px;text-align: justify\">Seldinger technik\u00e1n alapul\u00f3 perkut\u00e1n dilat\u00e1ci\u00f3s tracheomoszt\u00f3nia (PDT) klinikai \u00e9s cadaver vizsg\u00e1lata<\/td>\n<\/tr>\n<tr style=\"height: 24px\">\n<td style=\"width: 30%;height: 24px;text-align: right\"><strong>T\u00e9mavezet\u0151:\u00a0 <br \/>\n<\/strong><\/td>\n<td style=\"width: 70.9375%;height: 24px\"><em>Dr. \u00c9l\u0151 G\u00e1bor<\/em><\/td>\n<\/tr>\n<tr style=\"height: 24px\">\n<td style=\"width: 30%;height: 24px\">\u00a0<\/td>\n<td style=\"width: 70.9375%;height: 24px\">\u00a0<\/td>\n<\/tr>\n<tr style=\"height: 24px\">\n<td style=\"width: 100.938%;height: 24px\" colspan=\"2\"><strong>04. Ment\u00e1lis Eg\u00e9szs\u00e9gtudom\u00e1nyok Doktori Iskola<\/strong><\/td>\n<\/tr>\n<tr style=\"height: 24px\">\n<td style=\"width: 100.938%;height: 24px\" colspan=\"2\">Program: Ment\u00e1lis eg\u00e9szs\u00e9gtudom\u00e1ny(4\/2), vezet\u0151: Dr. Kov\u00e1cs J\u00f3zsef<\/p>\n<\/td>\n<\/tr>\n<tr style=\"height: 24px\">\n<td style=\"width: 30%;height: 24px;text-align: right\"><strong>Kutat\u00e1si t\u00e9ma:\u00a0 <br \/>\n<\/strong><\/td>\n<td style=\"width: 70.9375%;height: 24px\">\u00c9letv\u00e9gi d\u00f6nt\u00e9sek az orvosi gyakorlatban<\/td>\n<\/tr>\n<tr style=\"height: 24px\">\n<td style=\"width: 30%;height: 24px;text-align: right\"><strong>T\u00e9mavezet\u0151:\u00a0 <br \/>\n<\/strong><\/td>\n<td style=\"width: 70.9375%;height: 24px\"><em>Dr. Zubek L\u00e1szl\u00f3<\/em><\/td>\n<\/tr>\n<tr style=\"height: 24px\">\n<td style=\"width: 30%;height: 24px\">\u00a0<\/td>\n<td style=\"width: 70.9375%;height: 24px\">\u00a0<\/td>\n<\/tr>\n<\/tbody>\n<\/table>\n<p>&nbsp;<\/p>\n","protected":false},"excerpt":{"rendered":"<p>A Klinika munkat\u00e1rsai aktu\u00e1lisan t\u00edz PhD t\u00e9m\u00e1t m\u0171k\u00f6dtetnek. Ezen alprogramok f\u00f3kusz\u00e1ban t\u00f6bbek k\u00f6z\u00f6tt az \u00e9r- \u00e9s sz\u00edvseb\u00e9szeti betegek kardiopulmon\u00e1lis perioperat\u00edv kock\u00e1zat\u00e1nak felm\u00e9r\u00e9se, monitoroz\u00e1sa \u00e9s kezel\u00e9si lehet\u0151s\u00e9geinek vizsg\u00e1lata, a sz\u00edvm\u0171t\u00e9tek kiv\u00e1ltotta iszk\u00e9mi\u00e1s-reperf\u00fazi\u00f3s myocardium- \u00e9s t\u00fcd\u0151k\u00e1rosod\u00e1sok cs\u00f6kkent\u00e9s\u00e9nek k\u00eds\u00e9rletes \u00e9s klinikai vizsg\u00e1lata, a l\u00e9gz\u0151rendszer mechanik\u00e1j\u00e1nak \u00e9s a l\u00e9gz\u00e9st\u00e1mogat\u00e1s hat\u00e9konys\u00e1g\u00e1nak kutat\u00e1sa,\u00e9letv\u00e9gi d\u00f6nt\u00e9sek vizsg\u00e1lata \u00e1ll. A Semmelweis Egyetem V\u00e1rosmajori Klinikai &hellip;<\/p>\n","protected":false},"author":101144,"featured_media":0,"parent":9,"menu_order":2,"comment_status":"closed","ping_status":"closed","template":"","meta":{"_acf_changed":false,"footnotes":""},"categories":[],"tags":[],"class_list":["post-6291","page","type-page","status-publish","hentry"],"acf":[],"_links":{"self":[{"href":"https:\/\/semmelweis.hu\/aneszteziologia\/wp-json\/wp\/v2\/pages\/6291","targetHints":{"allow":["GET"]}}],"collection":[{"href":"https:\/\/semmelweis.hu\/aneszteziologia\/wp-json\/wp\/v2\/pages"}],"about":[{"href":"https:\/\/semmelweis.hu\/aneszteziologia\/wp-json\/wp\/v2\/types\/page"}],"author":[{"embeddable":true,"href":"https:\/\/semmelweis.hu\/aneszteziologia\/wp-json\/wp\/v2\/users\/101144"}],"replies":[{"embeddable":true,"href":"https:\/\/semmelweis.hu\/aneszteziologia\/wp-json\/wp\/v2\/comments?post=6291"}],"version-history":[{"count":10,"href":"https:\/\/semmelweis.hu\/aneszteziologia\/wp-json\/wp\/v2\/pages\/6291\/revisions"}],"predecessor-version":[{"id":7218,"href":"https:\/\/semmelweis.hu\/aneszteziologia\/wp-json\/wp\/v2\/pages\/6291\/revisions\/7218"}],"up":[{"embeddable":true,"href":"https:\/\/semmelweis.hu\/aneszteziologia\/wp-json\/wp\/v2\/pages\/9"}],"wp:attachment":[{"href":"https:\/\/semmelweis.hu\/aneszteziologia\/wp-json\/wp\/v2\/media?parent=6291"}],"wp:term":[{"taxonomy":"category","embeddable":true,"href":"https:\/\/semmelweis.hu\/aneszteziologia\/wp-json\/wp\/v2\/categories?post=6291"},{"taxonomy":"post_tag","embeddable":true,"href":"https:\/\/semmelweis.hu\/aneszteziologia\/wp-json\/wp\/v2\/tags?post=6291"}],"curies":[{"name":"wp","href":"https:\/\/api.w.org\/{rel}","templated":true}]}}