{"id":6108,"date":"2016-05-13T11:32:00","date_gmt":"2016-05-13T09:32:00","guid":{"rendered":"http:\/\/semmelweis.hu\/aneszteziologia\/?page_id=6108"},"modified":"2025-11-26T11:40:09","modified_gmt":"2025-11-26T10:40:09","slug":"allas","status":"publish","type":"page","link":"https:\/\/semmelweis.hu\/aneszteziologia\/allas\/","title":{"rendered":"Karrier"},"content":{"rendered":"<div class=\"responsive-tabs\">\n<h2 class=\"tabtitle\">Orvosok<\/h2>\n<div class=\"tabcontent\">\n\n<p>Leend\u0151 koll\u00e9g\u00e1ink jelentkez\u00e9s\u00e9t az al\u00e1bbi e-mail c\u00edmre v\u00e1rjuk:<\/p>\n<p><span style=\"color: #000080\"><strong>itk@semmelweis.hu\u00a0<\/strong><\/span><\/p>\n<p>&nbsp;<\/p>\n<p>&nbsp;<\/p>\n<p>&nbsp;<\/p>\n\n<\/div><h2 class=\"tabtitle\">Szakdolgoz\u00f3k<\/h2>\n<div class=\"tabcontent\">\n\n<p>A k\u00f6vetkez\u0151 munkak\u00f6r\u00f6kbe keress\u00fck leend\u0151 koll\u00e9g\u00e1inkat:<\/p>\n<ul>\n<li><strong>\u00c1pol\u00f3\u00a0<\/strong><\/li>\n<li><strong>Diplom\u00e1s \u00e1pol\u00f3\u00a0<\/strong><\/li>\n<li><strong>Intenz\u00edv szak\u00e1pol\u00f3\u00a0<\/strong><\/li>\n<li><strong>Seg\u00e9d\u00e1pol\u00f3<\/strong><strong>\u00a0<\/strong><strong>\u00a0\u00a0\u00a0\u00a0\u00a0\u00a0\u00a0\u00a0\u00a0\u00a0\u00a0\u00a0\u00a0\u00a0\u00a0\u00a0\u00a0 <\/strong><\/li>\n<\/ul>\n<p>&nbsp;<\/p>\n<p>\u00c9rdekl\u0151dni F\u00e1nyin\u00e9 Babodi Anita klinikavezet\u0151 f\u0151n\u0151v\u00e9rn\u00e9l lehet a <a href=\"mailto:fanyine.babodi.anita.erzsebet@semmelweis.hu\">fanyine.babodi.anita.erzsebet@semmelweis.hu<\/a> e-mail c\u00edmen.<\/p>\n<p>&nbsp;<\/p>\n<p>&nbsp;<\/p>\n<p>&nbsp;<\/p>\n","protected":false},"excerpt":{"rendered":"<p>Leend\u0151 koll\u00e9g\u00e1ink jelentkez\u00e9s\u00e9t az al\u00e1bbi e-mail c\u00edmre v\u00e1rjuk:<br \/>\nitk@semmelweis.hu\u00a0<br \/>\n&nbsp;<br \/>\n&nbsp;<br \/>\n&nbsp;<\/p>\n<p>A k\u00f6vetkez\u0151 munkak\u00f6r\u00f6kbe keress\u00fck leend\u0151 koll\u00e9g\u00e1inkat:<\/p>\n<p>\u00c1pol\u00f3\u00a0<br \/>\nDiplom\u00e1s \u00e1pol\u00f3\u00a0<br \/>\nIntenz\u00edv szak\u00e1pol\u00f3\u00a0<br \/>\nSeg\u00e9d\u00e1pol\u00f3\u00a0\u00a0\u00a0\u00a0\u00a0\u00a0\u00a0\u00a0\u00a0\u00a0\u00a0\u00a0\u00a0\u00a0\u00a0\u00a0\u00a0\u00a0 <\/p>\n<p>&nbsp;<br \/>\n\u00c9rdekl\u0151dni F\u00e1nyin\u00e9 Babodi Anita klinikavezet\u0151 f\u0151n\u0151v\u00e9rn\u00e9l lehet a <a href=\"mailto:fanyine.babodi.anita.erzsebet@semmelweis.hu\">fanyine.babodi.anita.erzsebet@semmelweis.hu<\/a> e-mail c\u00edmen.<br \/>\n&nbsp;<br \/>\n&nbsp;<br \/>\n&nbsp;<\/p>\n","protected":false},"author":74,"featured_media":0,"parent":0,"menu_order":6,"comment_status":"closed","ping_status":"closed","template":"","meta":{"_acf_changed":false,"footnotes":""},"categories":[],"tags":[],"class_list":["post-6108","page","type-page","status-publish","hentry"],"acf":[],"_links":{"self":[{"href":"https:\/\/semmelweis.hu\/aneszteziologia\/wp-json\/wp\/v2\/pages\/6108","targetHints":{"allow":["GET"]}}],"collection":[{"href":"https:\/\/semmelweis.hu\/aneszteziologia\/wp-json\/wp\/v2\/pages"}],"about":[{"href":"https:\/\/semmelweis.hu\/aneszteziologia\/wp-json\/wp\/v2\/types\/page"}],"author":[{"embeddable":true,"href":"https:\/\/semmelweis.hu\/aneszteziologia\/wp-json\/wp\/v2\/users\/74"}],"replies":[{"embeddable":true,"href":"https:\/\/semmelweis.hu\/aneszteziologia\/wp-json\/wp\/v2\/comments?post=6108"}],"version-history":[{"count":17,"href":"https:\/\/semmelweis.hu\/aneszteziologia\/wp-json\/wp\/v2\/pages\/6108\/revisions"}],"predecessor-version":[{"id":9426,"href":"https:\/\/semmelweis.hu\/aneszteziologia\/wp-json\/wp\/v2\/pages\/6108\/revisions\/9426"}],"wp:attachment":[{"href":"https:\/\/semmelweis.hu\/aneszteziologia\/wp-json\/wp\/v2\/media?parent=6108"}],"wp:term":[{"taxonomy":"category","embeddable":true,"href":"https:\/\/semmelweis.hu\/aneszteziologia\/wp-json\/wp\/v2\/categories?post=6108"},{"taxonomy":"post_tag","embeddable":true,"href":"https:\/\/semmelweis.hu\/aneszteziologia\/wp-json\/wp\/v2\/tags?post=6108"}],"curies":[{"name":"wp","href":"https:\/\/api.w.org\/{rel}","templated":true}]}}