{"id":56,"date":"2012-03-23T11:01:16","date_gmt":"2012-03-23T11:01:16","guid":{"rendered":"http:\/\/semmelweis-egyetem.hu\/aneszteziologia\/?page_id=56"},"modified":"2025-05-19T16:06:21","modified_gmt":"2025-05-19T14:06:21","slug":"aneszteziologiai_szakasszisztens_es_intenziv_szakapolokepzes","status":"publish","type":"page","link":"https:\/\/semmelweis.hu\/aneszteziologia\/oktatas\/egyeb-kepzes\/aneszteziologiai_szakasszisztens_es_intenziv_szakapolokepzes\/","title":{"rendered":"Feln\u0151tt intenz\u00edv szak\u00e1pol\u00f3k\u00e9pz\u00e9s"},"content":{"rendered":"<p style=\"text-align: justify\"><strong>Szak\u00e1pol\u00f3k\u00e9pz\u00e9s<br \/>\n<\/strong>Az Intenz\u00edv Ter\u00e1pi\u00e1s Klinika az 1995\/96-os tan\u00e9vt\u0151l vesz r\u00e9szt a feln\u0151tt intenz\u00edv ter\u00e1pi\u00e1s szak\u00e1pol\u00f3- \u00e9s szakasszisztensk\u00e9pz\u00e9sben.<\/p>\n<p><strong>A feln\u0151tt intenz\u00edv szak\u00e1pol\u00f3k\u00e9pz\u00e9s felel\u0151se:<\/strong><strong><br \/>\n<\/strong><\/p>\n<p style=\"padding-left: 30px\"><em>\u00a0 Klinikavezet\u0151 f\u0151n\u0151v\u00e9r: F\u00e1nyin\u00e9 Babodi Anita\u00a0<br \/>\n<\/em>\u00a0 <a href=\"mailto:fanyine.babodi.anita.erzsebet@semmelweis.hu\">fanyine.babodi.anita.erzsebet@semmelweis.hu<\/a><\/p>\n<p>&nbsp;<\/p>\n","protected":false},"excerpt":{"rendered":"<p>Szak\u00e1pol\u00f3k\u00e9pz\u00e9s<br \/>\nAz Intenz\u00edv Ter\u00e1pi\u00e1s Klinika az 1995\/96-os tan\u00e9vt\u0151l vesz r\u00e9szt a feln\u0151tt intenz\u00edv ter\u00e1pi\u00e1s szak\u00e1pol\u00f3- \u00e9s szakasszisztensk\u00e9pz\u00e9sben.<br \/>\nA feln\u0151tt intenz\u00edv szak\u00e1pol\u00f3k\u00e9pz\u00e9s felel\u0151se:<\/p>\n<p>\u00a0 Klinikavezet\u0151 f\u0151n\u0151v\u00e9r: F\u00e1nyin\u00e9 Babodi Anita\u00a0<br \/>\n\u00a0 <a href=\"mailto:fanyine.babodi.anita.erzsebet@semmelweis.hu\">fanyine.babodi.anita.erzsebet@semmelweis.hu<\/a><br \/>\n&nbsp;<\/p>\n","protected":false},"author":74,"featured_media":0,"parent":7528,"menu_order":3,"comment_status":"open","ping_status":"open","template":"","meta":{"_acf_changed":false,"footnotes":""},"categories":[],"tags":[],"class_list":["post-56","page","type-page","status-publish","hentry"],"acf":[],"_links":{"self":[{"href":"https:\/\/semmelweis.hu\/aneszteziologia\/wp-json\/wp\/v2\/pages\/56","targetHints":{"allow":["GET"]}}],"collection":[{"href":"https:\/\/semmelweis.hu\/aneszteziologia\/wp-json\/wp\/v2\/pages"}],"about":[{"href":"https:\/\/semmelweis.hu\/aneszteziologia\/wp-json\/wp\/v2\/types\/page"}],"author":[{"embeddable":true,"href":"https:\/\/semmelweis.hu\/aneszteziologia\/wp-json\/wp\/v2\/users\/74"}],"replies":[{"embeddable":true,"href":"https:\/\/semmelweis.hu\/aneszteziologia\/wp-json\/wp\/v2\/comments?post=56"}],"version-history":[{"count":12,"href":"https:\/\/semmelweis.hu\/aneszteziologia\/wp-json\/wp\/v2\/pages\/56\/revisions"}],"predecessor-version":[{"id":9302,"href":"https:\/\/semmelweis.hu\/aneszteziologia\/wp-json\/wp\/v2\/pages\/56\/revisions\/9302"}],"up":[{"embeddable":true,"href":"https:\/\/semmelweis.hu\/aneszteziologia\/wp-json\/wp\/v2\/pages\/7528"}],"wp:attachment":[{"href":"https:\/\/semmelweis.hu\/aneszteziologia\/wp-json\/wp\/v2\/media?parent=56"}],"wp:term":[{"taxonomy":"category","embeddable":true,"href":"https:\/\/semmelweis.hu\/aneszteziologia\/wp-json\/wp\/v2\/categories?post=56"},{"taxonomy":"post_tag","embeddable":true,"href":"https:\/\/semmelweis.hu\/aneszteziologia\/wp-json\/wp\/v2\/tags?post=56"}],"curies":[{"name":"wp","href":"https:\/\/api.w.org\/{rel}","templated":true}]}}