{"id":5593,"date":"2015-10-31T16:36:17","date_gmt":"2015-10-31T15:36:17","guid":{"rendered":"http:\/\/semmelweis.hu\/aneszteziologia\/?page_id=5593"},"modified":"2019-09-24T13:41:26","modified_gmt":"2019-09-24T11:41:26","slug":"a-kritikus-allapotu-paciens-ellatasa-eloadasanyagok","status":"publish","type":"page","link":"https:\/\/semmelweis.hu\/aneszteziologia\/a-kritikus-allapotu-paciens-ellatasa-eloadasanyagok\/","title":{"rendered":"A kritikus \u00e1llapot\u00fa p\u00e1ciens ell\u00e1t\u00e1sa el\u0151ad\u00e1sanyagok"},"content":{"rendered":"","protected":true},"excerpt":{"rendered":"","protected":true},"author":74,"featured_media":0,"parent":0,"menu_order":102,"comment_status":"closed","ping_status":"closed","template":"","meta":{"_acf_changed":false,"footnotes":""},"categories":[],"tags":[],"class_list":["post-5593","page","type-page","status-publish","post-password-required","hentry"],"acf":[],"_links":{"self":[{"href":"https:\/\/semmelweis.hu\/aneszteziologia\/wp-json\/wp\/v2\/pages\/5593","targetHints":{"allow":["GET"]}}],"collection":[{"href":"https:\/\/semmelweis.hu\/aneszteziologia\/wp-json\/wp\/v2\/pages"}],"about":[{"href":"https:\/\/semmelweis.hu\/aneszteziologia\/wp-json\/wp\/v2\/types\/page"}],"author":[{"embeddable":true,"href":"https:\/\/semmelweis.hu\/aneszteziologia\/wp-json\/wp\/v2\/users\/74"}],"replies":[{"embeddable":true,"href":"https:\/\/semmelweis.hu\/aneszteziologia\/wp-json\/wp\/v2\/comments?post=5593"}],"version-history":[{"count":7,"href":"https:\/\/semmelweis.hu\/aneszteziologia\/wp-json\/wp\/v2\/pages\/5593\/revisions"}],"predecessor-version":[{"id":7232,"href":"https:\/\/semmelweis.hu\/aneszteziologia\/wp-json\/wp\/v2\/pages\/5593\/revisions\/7232"}],"wp:attachment":[{"href":"https:\/\/semmelweis.hu\/aneszteziologia\/wp-json\/wp\/v2\/media?parent=5593"}],"wp:term":[{"taxonomy":"category","embeddable":true,"href":"https:\/\/semmelweis.hu\/aneszteziologia\/wp-json\/wp\/v2\/categories?post=5593"},{"taxonomy":"post_tag","embeddable":true,"href":"https:\/\/semmelweis.hu\/aneszteziologia\/wp-json\/wp\/v2\/tags?post=5593"}],"curies":[{"name":"wp","href":"https:\/\/api.w.org\/{rel}","templated":true}]}}