{"id":55,"date":"2012-03-23T11:00:11","date_gmt":"2012-03-23T11:00:11","guid":{"rendered":"http:\/\/semmelweis-egyetem.hu\/aneszteziologia\/?page_id=55"},"modified":"2025-12-08T14:56:38","modified_gmt":"2025-12-08T13:56:38","slug":"posztgradualis-orvoskepzes","status":"publish","type":"page","link":"https:\/\/semmelweis.hu\/aneszteziologia\/oktatas\/posztgradualis-orvoskepzes\/","title":{"rendered":"Posztgradu\u00e1lis orvosk\u00e9pz\u00e9s"},"content":{"rendered":"<article class=\"text-token-text-primary w-full focus:outline-none [--shadow-height:45px] has-data-writing-block:pointer-events-none has-data-writing-block:-mt-(--shadow-height) has-data-writing-block:pt-(--shadow-height) [&amp;:has([data-writing-block])&gt;*]:pointer-events-auto [content-visibility:auto] supports-[content-visibility:auto]:[contain-intrinsic-size:auto_100lvh] scroll-mt-[calc(var(--header-height)+min(200px,max(70px,20svh)))]\" dir=\"auto\" data-turn-id=\"request-WEB:2fd74fe5-6d5f-4784-984d-dd2df5dc1300-0\" data-testid=\"conversation-turn-2\" data-scroll-anchor=\"true\" data-turn=\"assistant\">\n<div class=\"text-base my-auto mx-auto pb-10 [--thread-content-margin:--spacing(4)] @w-sm\/main:[--thread-content-margin:--spacing(6)] @w-lg\/main:[--thread-content-margin:--spacing(16)] px-(--thread-content-margin)\">\n<div class=\"[--thread-content-max-width:40rem] @w-lg\/main:[--thread-content-max-width:48rem] mx-auto max-w-(--thread-content-max-width) flex-1 group\/turn-messages focus-visible:outline-hidden relative flex w-full min-w-0 flex-col agent-turn\">\n<div class=\"flex max-w-full flex-col grow\">\n<div class=\"min-h-8 text-message relative flex w-full flex-col items-end gap-2 text-start break-words whitespace-normal [.text-message+&amp;]:mt-1\" dir=\"auto\" data-message-author-role=\"assistant\" data-message-id=\"456881fc-db39-4829-bec6-14e5728eb50a\" data-message-model-slug=\"gpt-5-1\">\n<div class=\"flex w-full flex-col gap-1 empty:hidden first:pt-[1px]\">\n<div class=\"markdown prose dark:prose-invert w-full break-words light markdown-new-styling\">\n<p data-start=\"53\" data-end=\"367\">A tansz\u00e9k az 1995\/96-os tan\u00e9vt\u0151l vesz r\u00e9szt az aneszteziol\u00f3giai \u00e9s intenz\u00edv ter\u00e1pi\u00e1s szakorvosk\u00e9pz\u00e9sben, \u00e9s az\u00f3ta is az orsz\u00e1g egyik meghat\u00e1roz\u00f3 k\u00e9pz\u0151b\u00e1zis\u00e1v\u00e1 v\u00e1lt. \u00c9vente legal\u00e1bb egy alkalommal megrendezz\u00fck a <em data-start=\"264\" data-end=\"290\">4\u00d71 hetes szakorvosk\u00e9pz\u0151<\/em> tanfolyamsorozatot, valamint a szakorvosi <em data-start=\"333\" data-end=\"347\">szintentart\u00f3<\/em> tov\u00e1bbk\u00e9pz\u00e9seket.<\/p>\n<p data-start=\"369\" data-end=\"553\">2025-t\u0151l kezd\u0151d\u0151en a rezidensek sz\u00e1m\u00e1ra tov\u00e1bbi k\u00f6telez\u0151 \u00e9s v\u00e1laszthat\u00f3 tanfolyamokat ind\u00edtunk, ezzel is t\u00e1mogatva a k\u00e9pz\u00e9s sokoldal\u00fas\u00e1g\u00e1t \u00e9s a magas sz\u00ednvonal\u00fa szakmai felk\u00e9sz\u00fcl\u00e9st.<\/p>\n<p data-start=\"555\" data-end=\"634\" data-is-last-node=\"\" data-is-only-node=\"\">Tanfolyamainkr\u00f3l r\u00e9szletes inform\u00e1ci\u00f3k az <a href=\"https:\/\/www.oftex.hu\/project_o\/actual_prg\/system\/launch.php?pg=.\/FRAME_main.php&amp;ugrp=2\">OFTEX<\/a> port\u00e1lon \u00e9rhet\u0151k el.<\/p>\n<\/div>\n<\/div>\n<\/div>\n<\/div>\n<div class=\"z-0 flex min-h-[46px] justify-start\">\u00a0<\/div>\n<\/div>\n<\/div>\n<\/article>\n<div class=\"pointer-events-none h-px w-px\" aria-hidden=\"true\" data-edge=\"true\">\u00a0<\/div>\n<p>&nbsp;<\/p>\n","protected":false},"excerpt":{"rendered":"<p>A tansz\u00e9k az 1995\/96-os tan\u00e9vt\u0151l vesz r\u00e9szt az aneszteziol\u00f3giai \u00e9s intenz\u00edv ter\u00e1pi\u00e1s szakorvosk\u00e9pz\u00e9sben, \u00e9s az\u00f3ta is az orsz\u00e1g egyik meghat\u00e1roz\u00f3 k\u00e9pz\u0151b\u00e1zis\u00e1v\u00e1 v\u00e1lt. \u00c9vente legal\u00e1bb egy alkalommal megrendezz\u00fck a 4\u00d71 hetes szakorvosk\u00e9pz\u0151 tanfolyamsorozatot, valamint a szakorvosi szintentart\u00f3 tov\u00e1bbk\u00e9pz\u00e9seket. 2025-t\u0151l kezd\u0151d\u0151en a rezidensek sz\u00e1m\u00e1ra tov\u00e1bbi k\u00f6telez\u0151 \u00e9s v\u00e1laszthat\u00f3 tanfolyamokat ind\u00edtunk, ezzel is t\u00e1mogatva a k\u00e9pz\u00e9s sokoldal\u00fas\u00e1g\u00e1t \u00e9s &hellip;<\/p>\n","protected":false},"author":74,"featured_media":0,"parent":8,"menu_order":2,"comment_status":"open","ping_status":"open","template":"","meta":{"_acf_changed":false,"footnotes":""},"categories":[],"tags":[],"class_list":["post-55","page","type-page","status-publish","hentry"],"acf":[],"_links":{"self":[{"href":"https:\/\/semmelweis.hu\/aneszteziologia\/wp-json\/wp\/v2\/pages\/55","targetHints":{"allow":["GET"]}}],"collection":[{"href":"https:\/\/semmelweis.hu\/aneszteziologia\/wp-json\/wp\/v2\/pages"}],"about":[{"href":"https:\/\/semmelweis.hu\/aneszteziologia\/wp-json\/wp\/v2\/types\/page"}],"author":[{"embeddable":true,"href":"https:\/\/semmelweis.hu\/aneszteziologia\/wp-json\/wp\/v2\/users\/74"}],"replies":[{"embeddable":true,"href":"https:\/\/semmelweis.hu\/aneszteziologia\/wp-json\/wp\/v2\/comments?post=55"}],"version-history":[{"count":12,"href":"https:\/\/semmelweis.hu\/aneszteziologia\/wp-json\/wp\/v2\/pages\/55\/revisions"}],"predecessor-version":[{"id":9501,"href":"https:\/\/semmelweis.hu\/aneszteziologia\/wp-json\/wp\/v2\/pages\/55\/revisions\/9501"}],"up":[{"embeddable":true,"href":"https:\/\/semmelweis.hu\/aneszteziologia\/wp-json\/wp\/v2\/pages\/8"}],"wp:attachment":[{"href":"https:\/\/semmelweis.hu\/aneszteziologia\/wp-json\/wp\/v2\/media?parent=55"}],"wp:term":[{"taxonomy":"category","embeddable":true,"href":"https:\/\/semmelweis.hu\/aneszteziologia\/wp-json\/wp\/v2\/categories?post=55"},{"taxonomy":"post_tag","embeddable":true,"href":"https:\/\/semmelweis.hu\/aneszteziologia\/wp-json\/wp\/v2\/tags?post=55"}],"curies":[{"name":"wp","href":"https:\/\/api.w.org\/{rel}","templated":true}]}}