{"id":4930,"date":"2015-01-23T11:00:00","date_gmt":"2015-01-23T10:00:00","guid":{"rendered":"http:\/\/semmelweis.hu\/aneszteziologia\/?page_id=4930"},"modified":"2025-12-29T09:45:33","modified_gmt":"2025-12-29T08:45:33","slug":"jelentkezes-a-kritikus-allaptu-paciens-ellatasa-magas-husegu-hifi-szimulacioval","status":"publish","type":"page","link":"https:\/\/semmelweis.hu\/aneszteziologia\/oktatas\/posztgradualis-orvoskepzes\/kotelezoen-valaszthato-tanfolyamok\/a-kritikus-allapotu-paciens-ellatasa-magas-husegu-hifi-szimulacioval\/jelentkezes-a-kritikus-allaptu-paciens-ellatasa-magas-husegu-hifi-szimulacioval\/","title":{"rendered":"Jelentkez\u00e9s: A kritikus \u00e1llapot\u00fa p\u00e1ciens ell\u00e1t\u00e1sa (Magash\u0171s\u00e9g\u0171 HiFi-SZIMUL\u00c1CI\u00d3VAL)"},"content":{"rendered":"<div dir=\"ltr\">\n<p style=\"vertical-align: baseline;margin: 0px 0px 1em;border: 0px;padding: 0px;text-align: justify\"><span style=\"font-size: 14pt\"><span style=\"vertical-align: baseline;margin: 0px;border: 0px;padding: 0px\"><span style=\"font-size: 18pt;color: #ff0000\"><strong><span style=\"color: #e03aa6\">Jelentkez\u00e9s<\/span>\u00a01.l\u00e9p\u00e9s:\u00a0<span style=\"color: #e03aa6\">online jelentkez\u00e9si \u0171rlap kit\u00f6lt\u00e9se<\/span><\/strong><\/span><br \/>\n<\/span><\/span><span style=\"font-size: 14pt\"><span style=\"vertical-align: baseline;margin: 0px;border: 0px;padding: 0px\">Tekintettel arra, hogy az oktat\u00e1s min\u0151s\u00e9gi felt\u00e9teleinek biztos\u00edthat\u00f3s\u00e1g\u00e1t alapvet\u0151en meghat\u00e1rozza az optim\u00e1lis &#8222;r\u00e9sztvev\u0151: oktat\u00f3&#8221; ill. &#8222;r\u00e9sztvev\u0151: eszk\u00f6z&#8221; ar\u00e1ny, fontos, hogy el\u0151re tudjuk, pontosan h\u00e1ny f\u0151 r\u00e9szv\u00e9tel\u00e9re tervezz\u00fck az adott tanfolyamot. <br \/>\nTisztelettel k\u00e9rj\u00fck, hogy r\u00e9szv\u00e9teli sz\u00e1nd\u00e9k\u00e1t <\/span><a href=\"https:\/\/docs.google.com\/forms\/d\/e\/1FAIpQLSctEOSn5rYQxV-c7ZS35Sj1nywqffbWQPQCGQaujYNCQU5qdA\/viewform?usp=preview\"><span style=\"color: #ff0000\"><b style=\"vertical-align: baseline;margin: 0px;background-color: transparent;border: 0px;padding: 0px\">ezen \u0171rlap kit\u00f6lt\u00e9ssel<\/b> <\/span><\/a>(is) <span style=\"vertical-align: baseline;margin: 0px;border: 0px;padding: 0px\">sz\u00edveskedjen mindenk\u00e9ppen jelezni (f\u00fcggetlen\u00fcl m\u00e1shol, pl. az oftex.hu port\u00e1lon t\u00f6rt\u00e9nt jelentkez\u00e9s\u00e9t\u0151l).<\/span><\/span><\/p>\n<p><span style=\"color: #ff0000\"><em>(Figyelem: a Google k\u00e9rd\u0151\u00edv sikeres lead\u00e1s eset\u00e9n automatikus visszajelz\u00e9st k\u00fcld a jelentkez\u0151 e-mail c\u00edm\u00e9re! K\u00e9rj\u00fck gy\u0151z\u0151dj\u00f6n meg r\u00f3la, hogy jelentkez\u00e9se sikeresen lead\u00e1sra ker\u00fclt!)<\/em><\/span><\/p>\n<p><span style=\"font-size: 14pt\"><span style=\"vertical-align: baseline;margin: 0px;border: 0px;padding: 0px\"><span style=\"font-size: 18pt;color: #ff0000\"><strong><span style=\"color: #e03aa6\">Jelentkez\u00e9s<\/span> 2.l\u00e9p\u00e9s: <span style=\"color: #e03aa6\">a tanfolyami d\u00edj \u00e1tutal\u00e1sa<\/span><br \/>\n<\/strong><\/span><\/span><\/span><\/p>\n<\/div>\n","protected":false},"excerpt":{"rendered":"<p>Jelentkez\u00e9s\u00a01.l\u00e9p\u00e9s:\u00a0online jelentkez\u00e9si \u0171rlap kit\u00f6lt\u00e9se Tekintettel arra, hogy az oktat\u00e1s min\u0151s\u00e9gi felt\u00e9teleinek biztos\u00edthat\u00f3s\u00e1g\u00e1t alapvet\u0151en meghat\u00e1rozza az optim\u00e1lis &#8222;r\u00e9sztvev\u0151: oktat\u00f3&#8221; ill. &#8222;r\u00e9sztvev\u0151: eszk\u00f6z&#8221; ar\u00e1ny, fontos, hogy el\u0151re tudjuk, pontosan h\u00e1ny f\u0151 r\u00e9szv\u00e9tel\u00e9re tervezz\u00fck az adott tanfolyamot. Tisztelettel k\u00e9rj\u00fck, hogy r\u00e9szv\u00e9teli sz\u00e1nd\u00e9k\u00e1t <a href=\"https:\/\/docs.google.com\/forms\/d\/e\/1FAIpQLSctEOSn5rYQxV-c7ZS35Sj1nywqffbWQPQCGQaujYNCQU5qdA\/viewform?usp=preview\">ezen \u0171rlap kit\u00f6lt\u00e9ssel <\/a> (is) sz\u00edveskedjen mindenk\u00e9ppen jelezni (f\u00fcggetlen\u00fcl m\u00e1shol, pl. az oftex.hu port\u00e1lon t\u00f6rt\u00e9nt jelentkez\u00e9s\u00e9t\u0151l). (Figyelem: a Google k\u00e9rd\u0151\u00edv &hellip;<\/p>\n","protected":false},"author":102323,"featured_media":0,"parent":6500,"menu_order":1,"comment_status":"closed","ping_status":"closed","template":"","meta":{"_acf_changed":false,"footnotes":""},"categories":[9],"tags":[],"class_list":["post-4930","page","type-page","status-publish","hentry","category-oktatas"],"acf":[],"_links":{"self":[{"href":"https:\/\/semmelweis.hu\/aneszteziologia\/wp-json\/wp\/v2\/pages\/4930","targetHints":{"allow":["GET"]}}],"collection":[{"href":"https:\/\/semmelweis.hu\/aneszteziologia\/wp-json\/wp\/v2\/pages"}],"about":[{"href":"https:\/\/semmelweis.hu\/aneszteziologia\/wp-json\/wp\/v2\/types\/page"}],"author":[{"embeddable":true,"href":"https:\/\/semmelweis.hu\/aneszteziologia\/wp-json\/wp\/v2\/users\/102323"}],"replies":[{"embeddable":true,"href":"https:\/\/semmelweis.hu\/aneszteziologia\/wp-json\/wp\/v2\/comments?post=4930"}],"version-history":[{"count":14,"href":"https:\/\/semmelweis.hu\/aneszteziologia\/wp-json\/wp\/v2\/pages\/4930\/revisions"}],"predecessor-version":[{"id":9514,"href":"https:\/\/semmelweis.hu\/aneszteziologia\/wp-json\/wp\/v2\/pages\/4930\/revisions\/9514"}],"up":[{"embeddable":true,"href":"https:\/\/semmelweis.hu\/aneszteziologia\/wp-json\/wp\/v2\/pages\/6500"}],"wp:attachment":[{"href":"https:\/\/semmelweis.hu\/aneszteziologia\/wp-json\/wp\/v2\/media?parent=4930"}],"wp:term":[{"taxonomy":"category","embeddable":true,"href":"https:\/\/semmelweis.hu\/aneszteziologia\/wp-json\/wp\/v2\/categories?post=4930"},{"taxonomy":"post_tag","embeddable":true,"href":"https:\/\/semmelweis.hu\/aneszteziologia\/wp-json\/wp\/v2\/tags?post=4930"}],"curies":[{"name":"wp","href":"https:\/\/api.w.org\/{rel}","templated":true}]}}