{"id":4756,"date":"2015-01-16T15:37:18","date_gmt":"2015-01-16T14:37:18","guid":{"rendered":"http:\/\/semmelweis.hu\/aneszteziologia\/?page_id=4756"},"modified":"2025-12-08T14:37:28","modified_gmt":"2025-12-08T13:37:28","slug":"e-learning-eloadasok","status":"publish","type":"page","link":"https:\/\/semmelweis.hu\/aneszteziologia\/oktatas\/gradualis-orvoskepzes\/e-learning-eloadasok\/","title":{"rendered":"\u00c1pol\u00e1stan"},"content":{"rendered":"<p><strong>\u00c1POL\u00c1STAN GYAKORLAT:<\/strong><\/p>\n<p>Az Intenz\u00edv Ter\u00e1pi\u00e1s Klinik\u00e1n az els\u0151 \u00e9vet elv\u00e9gzett orvostanhallgat\u00f3k sz\u00e1m\u00e1ra \u2014 el\u0151zetes jelentkez\u00e9s alapj\u00e1n \u00e9s a rendelkez\u00e9sre \u00e1ll\u00f3 kapacit\u00e1sok f\u00fcggv\u00e9ny\u00e9ben \u2014 lehet\u0151s\u00e9g van az egyh\u00f3napos ny\u00e1ri gyakorlat teljes\u00edt\u00e9s\u00e9re.<\/p>\n<p><strong>A gyakorlat felel\u0151se<\/strong>: F\u00e1nyin\u00e9 Babodi Anita &#8211; <em>Klinikavezet\u0151 f\u0151n\u0151v\u00e9r<br \/>\n<\/em> <a href=\"mailto:fanyine.babodi.anita.erzsebet@semmelweis.hu\">\u00a0 \u00a0 \u00a0 \u00a0 \u00a0 \u00a0 \u00a0 \u00a0 \u00a0 \u00a0 \u00a0 \u00a0 \u00a0 \u00a0 \u00a0 \u00a0 \u00a0 \u00a0fanyine.babodi.anita.erzsebet@semmelweis.hu<\/a><\/p>\n<p><strong>Oktat\u00e1sszervez\u00e9s:\u00a0 <\/strong>Haraszti Anik\u00f3\u00a0 \u00a0 \u00a0 \u00a0 \u00a0 \u00a0 \u00a0 \u00a0 \u00a0<br \/>\n\u00a0 \u00a0 \u00a0 \u00a0 \u00a0 \u00a0 \u00a0 \u00a0 \u00a0 \u00a0 \u00a0 \u00a0 \u00a0 \u00a0 \u00a0 \u00a0 <a href=\"mailto:haraszti.aniko@semmelweis.hu\">haraszti.aniko@semmelweis.hu\u00a0<\/a> \u00a0 \u00a0 \u00a0 \u00a0 \u00a0 \u00a0<\/p>\n","protected":false},"excerpt":{"rendered":"<p>\u00c1POL\u00c1STAN GYAKORLAT: Az Intenz\u00edv Ter\u00e1pi\u00e1s Klinik\u00e1n az els\u0151 \u00e9vet elv\u00e9gzett orvostanhallgat\u00f3k sz\u00e1m\u00e1ra \u2014 el\u0151zetes jelentkez\u00e9s alapj\u00e1n \u00e9s a rendelkez\u00e9sre \u00e1ll\u00f3 kapacit\u00e1sok f\u00fcggv\u00e9ny\u00e9ben \u2014 lehet\u0151s\u00e9g van az egyh\u00f3napos ny\u00e1ri gyakorlat teljes\u00edt\u00e9s\u00e9re. A gyakorlat felel\u0151se: F\u00e1nyin\u00e9 Babodi Anita &#8211; Klinikavezet\u0151 f\u0151n\u0151v\u00e9r <a href=\"mailto:fanyine.babodi.anita.erzsebet@semmelweis.hu\">\u00a0 \u00a0 \u00a0 \u00a0 \u00a0 \u00a0 \u00a0 \u00a0 \u00a0 \u00a0 \u00a0 \u00a0 \u00a0 \u00a0 \u00a0 \u00a0 \u00a0 \u00a0fanyine.babodi.anita.erzsebet@semmelweis.hu<\/a> Oktat\u00e1sszervez\u00e9s:\u00a0 Haraszti Anik\u00f3\u00a0 \u00a0 \u00a0 \u00a0 \u00a0 \u00a0 \u00a0 \u00a0 \u00a0 \u00a0 \u00a0 \u00a0 \u00a0 \u00a0 &hellip;<\/p>\n","protected":false},"author":74,"featured_media":0,"parent":53,"menu_order":3,"comment_status":"open","ping_status":"open","template":"","meta":{"_acf_changed":false,"footnotes":""},"categories":[],"tags":[],"class_list":["post-4756","page","type-page","status-publish","hentry"],"acf":[],"_links":{"self":[{"href":"https:\/\/semmelweis.hu\/aneszteziologia\/wp-json\/wp\/v2\/pages\/4756","targetHints":{"allow":["GET"]}}],"collection":[{"href":"https:\/\/semmelweis.hu\/aneszteziologia\/wp-json\/wp\/v2\/pages"}],"about":[{"href":"https:\/\/semmelweis.hu\/aneszteziologia\/wp-json\/wp\/v2\/types\/page"}],"author":[{"embeddable":true,"href":"https:\/\/semmelweis.hu\/aneszteziologia\/wp-json\/wp\/v2\/users\/74"}],"replies":[{"embeddable":true,"href":"https:\/\/semmelweis.hu\/aneszteziologia\/wp-json\/wp\/v2\/comments?post=4756"}],"version-history":[{"count":7,"href":"https:\/\/semmelweis.hu\/aneszteziologia\/wp-json\/wp\/v2\/pages\/4756\/revisions"}],"predecessor-version":[{"id":9488,"href":"https:\/\/semmelweis.hu\/aneszteziologia\/wp-json\/wp\/v2\/pages\/4756\/revisions\/9488"}],"up":[{"embeddable":true,"href":"https:\/\/semmelweis.hu\/aneszteziologia\/wp-json\/wp\/v2\/pages\/53"}],"wp:attachment":[{"href":"https:\/\/semmelweis.hu\/aneszteziologia\/wp-json\/wp\/v2\/media?parent=4756"}],"wp:term":[{"taxonomy":"category","embeddable":true,"href":"https:\/\/semmelweis.hu\/aneszteziologia\/wp-json\/wp\/v2\/categories?post=4756"},{"taxonomy":"post_tag","embeddable":true,"href":"https:\/\/semmelweis.hu\/aneszteziologia\/wp-json\/wp\/v2\/tags?post=4756"}],"curies":[{"name":"wp","href":"https:\/\/api.w.org\/{rel}","templated":true}]}}