{"id":4124,"date":"2014-12-10T13:15:42","date_gmt":"2014-12-10T12:15:42","guid":{"rendered":"http:\/\/semmelweis.hu\/aneszteziologia\/?page_id=4124"},"modified":"2024-11-25T12:08:59","modified_gmt":"2024-11-25T11:08:59","slug":"az-aneszteziologia-intenziv-terapia-szakvizsga-elott-kotelezo-tanfolyamra-jelentkezes","status":"publish","type":"page","link":"https:\/\/semmelweis.hu\/aneszteziologia\/oktatas\/posztgradualis-orvoskepzes\/szakvizsga-elotti-kotelezo-tanfolyamok\/az-aneszteziologia-altalanos-kerdesei\/az-aneszteziologia-intenziv-terapia-szakvizsga-elott-kotelezo-tanfolyamra-jelentkezes\/","title":{"rendered":"Az aneszteziol\u00f3gia &#8211; intenz\u00edv ter\u00e1pia szakvizsga el\u0151tt k\u00f6telez\u0151 tanfolyamra jelentkez\u00e9s"},"content":{"rendered":"","protected":false},"excerpt":{"rendered":"","protected":false},"author":74,"featured_media":0,"parent":6491,"menu_order":2,"comment_status":"open","ping_status":"open","template":"","meta":{"_acf_changed":false,"footnotes":""},"categories":[],"tags":[],"class_list":["post-4124","page","type-page","status-publish","hentry"],"acf":[],"_links":{"self":[{"href":"https:\/\/semmelweis.hu\/aneszteziologia\/wp-json\/wp\/v2\/pages\/4124","targetHints":{"allow":["GET"]}}],"collection":[{"href":"https:\/\/semmelweis.hu\/aneszteziologia\/wp-json\/wp\/v2\/pages"}],"about":[{"href":"https:\/\/semmelweis.hu\/aneszteziologia\/wp-json\/wp\/v2\/types\/page"}],"author":[{"embeddable":true,"href":"https:\/\/semmelweis.hu\/aneszteziologia\/wp-json\/wp\/v2\/users\/74"}],"replies":[{"embeddable":true,"href":"https:\/\/semmelweis.hu\/aneszteziologia\/wp-json\/wp\/v2\/comments?post=4124"}],"version-history":[{"count":11,"href":"https:\/\/semmelweis.hu\/aneszteziologia\/wp-json\/wp\/v2\/pages\/4124\/revisions"}],"predecessor-version":[{"id":9050,"href":"https:\/\/semmelweis.hu\/aneszteziologia\/wp-json\/wp\/v2\/pages\/4124\/revisions\/9050"}],"up":[{"embeddable":true,"href":"https:\/\/semmelweis.hu\/aneszteziologia\/wp-json\/wp\/v2\/pages\/6491"}],"wp:attachment":[{"href":"https:\/\/semmelweis.hu\/aneszteziologia\/wp-json\/wp\/v2\/media?parent=4124"}],"wp:term":[{"taxonomy":"category","embeddable":true,"href":"https:\/\/semmelweis.hu\/aneszteziologia\/wp-json\/wp\/v2\/categories?post=4124"},{"taxonomy":"post_tag","embeddable":true,"href":"https:\/\/semmelweis.hu\/aneszteziologia\/wp-json\/wp\/v2\/tags?post=4124"}],"curies":[{"name":"wp","href":"https:\/\/api.w.org\/{rel}","templated":true}]}}