{"id":3827,"date":"2014-11-21T13:06:57","date_gmt":"2014-11-21T12:06:57","guid":{"rendered":"http:\/\/semmelweis.hu\/aneszteziologia\/?page_id=3827"},"modified":"2019-09-24T13:39:06","modified_gmt":"2019-09-24T11:39:06","slug":"korszeru-lelegeztetes-problema-orientalt-lelegeztetes-modul-eloadasai","status":"publish","type":"page","link":"https:\/\/semmelweis.hu\/aneszteziologia\/oktatas\/posztgradualis-orvoskepzes\/kotelezoen-valaszthato-tanfolyamok\/lelegeztetes-korszeruen\/korszeru-lelegeztetes-problema-orientalt-lelegeztetes-modul-eloadasai\/","title":{"rendered":"Korszer\u0171 l\u00e9legeztet\u00e9s &#8211; Probl\u00e9ma orient\u00e1lt l\u00e9legeztet\u00e9s modul el\u0151ad\u00e1sai"},"content":{"rendered":"","protected":true},"excerpt":{"rendered":"","protected":true},"author":74,"featured_media":0,"parent":3142,"menu_order":3,"comment_status":"open","ping_status":"open","template":"","meta":{"_acf_changed":false,"footnotes":""},"categories":[],"tags":[],"class_list":["post-3827","page","type-page","status-publish","post-password-required","hentry"],"acf":[],"_links":{"self":[{"href":"https:\/\/semmelweis.hu\/aneszteziologia\/wp-json\/wp\/v2\/pages\/3827","targetHints":{"allow":["GET"]}}],"collection":[{"href":"https:\/\/semmelweis.hu\/aneszteziologia\/wp-json\/wp\/v2\/pages"}],"about":[{"href":"https:\/\/semmelweis.hu\/aneszteziologia\/wp-json\/wp\/v2\/types\/page"}],"author":[{"embeddable":true,"href":"https:\/\/semmelweis.hu\/aneszteziologia\/wp-json\/wp\/v2\/users\/74"}],"replies":[{"embeddable":true,"href":"https:\/\/semmelweis.hu\/aneszteziologia\/wp-json\/wp\/v2\/comments?post=3827"}],"version-history":[{"count":10,"href":"https:\/\/semmelweis.hu\/aneszteziologia\/wp-json\/wp\/v2\/pages\/3827\/revisions"}],"predecessor-version":[{"id":7230,"href":"https:\/\/semmelweis.hu\/aneszteziologia\/wp-json\/wp\/v2\/pages\/3827\/revisions\/7230"}],"up":[{"embeddable":true,"href":"https:\/\/semmelweis.hu\/aneszteziologia\/wp-json\/wp\/v2\/pages\/3142"}],"wp:attachment":[{"href":"https:\/\/semmelweis.hu\/aneszteziologia\/wp-json\/wp\/v2\/media?parent=3827"}],"wp:term":[{"taxonomy":"category","embeddable":true,"href":"https:\/\/semmelweis.hu\/aneszteziologia\/wp-json\/wp\/v2\/categories?post=3827"},{"taxonomy":"post_tag","embeddable":true,"href":"https:\/\/semmelweis.hu\/aneszteziologia\/wp-json\/wp\/v2\/tags?post=3827"}],"curies":[{"name":"wp","href":"https:\/\/api.w.org\/{rel}","templated":true}]}}