{"id":3192,"date":"2014-07-29T15:01:05","date_gmt":"2014-07-29T13:01:05","guid":{"rendered":"http:\/\/semmelweis.hu\/aneszteziologia\/?page_id=3192"},"modified":"2026-03-16T13:04:30","modified_gmt":"2026-03-16T12:04:30","slug":"jelentkezes-cpr-ujraelesztes-modularis-tanfolyam","status":"publish","type":"page","link":"https:\/\/semmelweis.hu\/aneszteziologia\/oktatas\/posztgradualis-orvoskepzes\/kotelezoen-valaszthato-tanfolyamok\/cpr-ujraelesztes-modularis-tanfolyam\/jelentkezes-cpr-ujraelesztes-modularis-tanfolyam\/","title":{"rendered":"Jelentkez\u00e9s: CPR &#8211; \u00dajra\u00e9leszt\u00e9s (modul\u00e1ris tanfolyam)"},"content":{"rendered":"<div dir=\"ltr\">\n<p style=\"vertical-align: baseline;margin: 0px 0px 1em;border: 0px;padding: 0px;text-align: justify\"><span style=\"font-size: 14pt\"><span style=\"vertical-align: baseline;margin: 0px;border: 0px;padding: 0px\"><span style=\"font-size: 18pt;color: #ff0000\"><strong><span style=\"color: #008000\">Jelentkez\u00e9s<\/span> 1. l\u00e9p\u00e9s:\u00a0<span style=\"color: #008000\">on-line jelentkez\u00e9si \u0171rlap kit\u00f6lt\u00e9se<\/span><\/strong><\/span><br \/>\n<\/span><\/span><span style=\"font-size: 14pt\"><span style=\"vertical-align: baseline;margin: 0px;border: 0px;padding: 0px\">Tekintettel arra, hogy az oktat\u00e1s min\u0151s\u00e9gi felt\u00e9teleinek biztos\u00edthat\u00f3s\u00e1g\u00e1t alapvet\u0151en meghat\u00e1rozza az optim\u00e1lis &#8222;r\u00e9sztvev\u0151: oktat\u00f3&#8221; illetve &#8222;r\u00e9sztvev\u0151: eszk\u00f6z&#8221; ar\u00e1ny, fontos, hogy el\u0151re tudjuk, pontosan h\u00e1ny f\u0151 r\u00e9szv\u00e9tel\u00e9re tervezz\u00fck az adott tanfolyamot. <br \/>\n<\/span><\/span><\/p>\n<p><span style=\"color: #ff0000\"><em>(Figyelem: a Google k\u00e9rd\u0151\u00edv sikeres lead\u00e1s eset\u00e9n automatikus visszajelz\u00e9st k\u00fcld a jelentkez\u0151 e-mail c\u00edm\u00e9re! K\u00e9rj\u00fck gy\u0151z\u0151dj\u00f6n meg r\u00f3la, hogy jelentkez\u00e9se sikeresen lead\u00e1sra ker\u00fclt!)<\/em><\/span><\/p>\n<p style=\"vertical-align: baseline;margin: 0px 0px 1em;border: 0px;padding: 0px;text-align: justify\"><span style=\"font-size: 14pt\"><span style=\"vertical-align: baseline;margin: 0px;border: 0px;padding: 0px\">K\u00e9rj\u00fck, hogy r\u00e9szv\u00e9teli sz\u00e1nd\u00e9k\u00e1t <a href=\"https:\/\/docs.google.com\/forms\/d\/e\/1FAIpQLSd6NQcqImkbAWnekeOeqwYQA8i15s1i3WX_9AWnt1BbIVHr5A\/viewform?usp=preview\"><span style=\"color: #99cc00\"><strong>ezen \u0171rlap kit\u00f6lt\u00e9s\u00e9vel<\/strong><\/span><\/a><\/span> <span style=\"vertical-align: baseline;margin: 0px;border: 0px;padding: 0px\">sz\u00edveskedjen jelezni.<\/span><\/span><\/p>\n<\/div>\n<div dir=\"ltr\">\n<p><span style=\"font-size: 14pt\"><span style=\"vertical-align: baseline;margin: 0px;border: 0px;padding: 0px\"><span style=\"font-size: 18pt;color: #ff0000\"><strong><span style=\"color: #008000\">Jelentkez\u00e9s<\/span> 2. l\u00e9p\u00e9s: <span style=\"color: #008000\">a tanfolyami d\u00edj \u00e1tutal\u00e1sa<\/span><br \/>\n<\/strong><\/span><\/span><\/span><\/p>\n<\/div>\n","protected":false},"excerpt":{"rendered":"<p>Jelentkez\u00e9s 1. l\u00e9p\u00e9s:\u00a0on-line jelentkez\u00e9si \u0171rlap kit\u00f6lt\u00e9se Tekintettel arra, hogy az oktat\u00e1s min\u0151s\u00e9gi felt\u00e9teleinek biztos\u00edthat\u00f3s\u00e1g\u00e1t alapvet\u0151en meghat\u00e1rozza az optim\u00e1lis &#8222;r\u00e9sztvev\u0151: oktat\u00f3&#8221; illetve &#8222;r\u00e9sztvev\u0151: eszk\u00f6z&#8221; ar\u00e1ny, fontos, hogy el\u0151re tudjuk, pontosan h\u00e1ny f\u0151 r\u00e9szv\u00e9tel\u00e9re tervezz\u00fck az adott tanfolyamot. (Figyelem: a Google k\u00e9rd\u0151\u00edv sikeres lead\u00e1s eset\u00e9n automatikus visszajelz\u00e9st k\u00fcld a jelentkez\u0151 e-mail c\u00edm\u00e9re! K\u00e9rj\u00fck gy\u0151z\u0151dj\u00f6n meg r\u00f3la, hogy &hellip;<\/p>\n","protected":false},"author":102323,"featured_media":0,"parent":6510,"menu_order":3,"comment_status":"closed","ping_status":"closed","template":"","meta":{"_acf_changed":false,"footnotes":""},"categories":[9],"tags":[],"class_list":["post-3192","page","type-page","status-publish","hentry","category-oktatas"],"acf":[],"_links":{"self":[{"href":"https:\/\/semmelweis.hu\/aneszteziologia\/wp-json\/wp\/v2\/pages\/3192","targetHints":{"allow":["GET"]}}],"collection":[{"href":"https:\/\/semmelweis.hu\/aneszteziologia\/wp-json\/wp\/v2\/pages"}],"about":[{"href":"https:\/\/semmelweis.hu\/aneszteziologia\/wp-json\/wp\/v2\/types\/page"}],"author":[{"embeddable":true,"href":"https:\/\/semmelweis.hu\/aneszteziologia\/wp-json\/wp\/v2\/users\/102323"}],"replies":[{"embeddable":true,"href":"https:\/\/semmelweis.hu\/aneszteziologia\/wp-json\/wp\/v2\/comments?post=3192"}],"version-history":[{"count":15,"href":"https:\/\/semmelweis.hu\/aneszteziologia\/wp-json\/wp\/v2\/pages\/3192\/revisions"}],"predecessor-version":[{"id":9570,"href":"https:\/\/semmelweis.hu\/aneszteziologia\/wp-json\/wp\/v2\/pages\/3192\/revisions\/9570"}],"up":[{"embeddable":true,"href":"https:\/\/semmelweis.hu\/aneszteziologia\/wp-json\/wp\/v2\/pages\/6510"}],"wp:attachment":[{"href":"https:\/\/semmelweis.hu\/aneszteziologia\/wp-json\/wp\/v2\/media?parent=3192"}],"wp:term":[{"taxonomy":"category","embeddable":true,"href":"https:\/\/semmelweis.hu\/aneszteziologia\/wp-json\/wp\/v2\/categories?post=3192"},{"taxonomy":"post_tag","embeddable":true,"href":"https:\/\/semmelweis.hu\/aneszteziologia\/wp-json\/wp\/v2\/tags?post=3192"}],"curies":[{"name":"wp","href":"https:\/\/api.w.org\/{rel}","templated":true}]}}