{"id":3190,"date":"2014-07-29T15:00:16","date_gmt":"2014-07-29T13:00:16","guid":{"rendered":"http:\/\/semmelweis.hu\/aneszteziologia\/?page_id=3190"},"modified":"2026-03-27T11:10:39","modified_gmt":"2026-03-27T10:10:39","slug":"jelentkezes-ultrahang-alkalmazasa-a-mindennapi-intenziv-es-surgossegi-gyakorlatban-tanfolyam","status":"publish","type":"page","link":"https:\/\/semmelweis.hu\/aneszteziologia\/oktatas\/posztgradualis-orvoskepzes\/kotelezoen-valaszthato-tanfolyamok\/ltrahang-alkalmazasa-a-mindennapi-intenziv-es-surgossegi-gyakorlatban-tanfolyam-bovebb-informaciok\/jelentkezes-ultrahang-alkalmazasa-a-mindennapi-intenziv-es-surgossegi-gyakorlatban-tanfolyam\/","title":{"rendered":"Jelentkez\u00e9s: ULTRAHANG alkalmaz\u00e1sa a mindennapi INTENZ\u00cdV \u00e9s S\u00dcRG\u0150SS\u00c9GI gyakorlatban tanfolyam"},"content":{"rendered":"<div dir=\"ltr\">\n<p style=\"vertical-align: baseline;margin: 0px 0px 1em;border: 0px;padding: 0px;text-align: justify\"><span style=\"font-size: 14pt\"><span style=\"vertical-align: baseline;margin: 0px;border: 0px;padding: 0px\"><span style=\"font-size: 18pt;color: #ff0000\"><strong><span style=\"color: #0000ff\">Jelentkez\u00e9s<\/span> 1. l\u00e9p\u00e9s:\u00a0<span style=\"color: #0000ff\">online jelentkez\u00e9si \u0171rlap kit\u00f6lt\u00e9se<\/span><\/strong><\/span><br \/>\n<\/span><\/span><span style=\"font-size: 14pt\"><span style=\"vertical-align: baseline;margin: 0px;border: 0px;padding: 0px\">Tekintettel arra, hogy az oktat\u00e1s min\u0151s\u00e9gi felt\u00e9teleinek biztos\u00edthat\u00f3s\u00e1g\u00e1t alapvet\u0151en meghat\u00e1rozza az optim\u00e1lis &#8222;r\u00e9sztvev\u0151 : oktat\u00f3&#8221; ill. &#8222;r\u00e9sztvev\u0151 : eszk\u00f6z&#8221; ar\u00e1ny, fontos, hogy el\u0151re tudjuk, pontosan h\u00e1ny f\u0151 r\u00e9szv\u00e9tel\u00e9re tervezz\u00fck az adott tanfolyamot. <br \/>\nTisztelettel k\u00e9rj\u00fck, hogy r\u00e9szv\u00e9teli sz\u00e1nd\u00e9k\u00e1t <a href=\"https:\/\/docs.google.com\/forms\/d\/e\/1FAIpQLScohvNKU-ZwMnZVh7aUFfyDVgUthl4-k4Wy2vCE6O-p4kSs-Q\/viewform?usp=preview\"><span style=\"color: #33cccc\"><strong>ezen \u0171rlap kit\u00f6lt\u00e9s\u00e9vel<\/strong><\/span><\/a><\/span>\u00a0(is) <span style=\"vertical-align: baseline;margin: 0px;border: 0px;padding: 0px\">sz\u00edveskedjen mindenk\u00e9ppen jelezni (f\u00fcggetlen\u00fcl m\u00e1shol, pl. az oftex.hu port\u00e1lon t\u00f6rt\u00e9nt jelentkez\u00e9st\u0151l).<\/span><\/span><\/p>\n<p><span style=\"color: #ff0000\"><em>(Figyelem: a Google k\u00e9rd\u0151\u00edv sikeres lead\u00e1s eset\u00e9n automatikus visszajelz\u00e9st k\u00fcld a jelentkez\u0151 e-mail c\u00edm\u00e9re! K\u00e9rj\u00fck gy\u0151z\u0151dj\u00f6n meg r\u00f3la, hogy jelentkez\u00e9se sikeresen lead\u00e1sra ker\u00fclt!)<\/em><\/span><\/p>\n<p><span style=\"font-size: 14pt\"><span style=\"vertical-align: baseline;margin: 0px;border: 0px;padding: 0px\"><span style=\"font-size: 18pt;color: #ff0000\"><strong><span style=\"color: #0000ff\">Jelentkez\u00e9s<\/span> 2. l\u00e9p\u00e9s: <span style=\"color: #0000ff\">a tanfolyami d\u00edj \u00e1tutal\u00e1sa<\/span><br \/>\n<\/strong><\/span><\/span><\/span><\/p>\n<\/div>\n","protected":false},"excerpt":{"rendered":"<p>Jelentkez\u00e9s 1. l\u00e9p\u00e9s:\u00a0online jelentkez\u00e9si \u0171rlap kit\u00f6lt\u00e9se Tekintettel arra, hogy az oktat\u00e1s min\u0151s\u00e9gi felt\u00e9teleinek biztos\u00edthat\u00f3s\u00e1g\u00e1t alapvet\u0151en meghat\u00e1rozza az optim\u00e1lis &#8222;r\u00e9sztvev\u0151 : oktat\u00f3&#8221; ill. &#8222;r\u00e9sztvev\u0151 : eszk\u00f6z&#8221; ar\u00e1ny, fontos, hogy el\u0151re tudjuk, pontosan h\u00e1ny f\u0151 r\u00e9szv\u00e9tel\u00e9re tervezz\u00fck az adott tanfolyamot. Tisztelettel k\u00e9rj\u00fck, hogy r\u00e9szv\u00e9teli sz\u00e1nd\u00e9k\u00e1t <a href=\"https:\/\/docs.google.com\/forms\/d\/e\/1FAIpQLScohvNKU-ZwMnZVh7aUFfyDVgUthl4-k4Wy2vCE6O-p4kSs-Q\/viewform?usp=preview\">ezen \u0171rlap kit\u00f6lt\u00e9s\u00e9vel<\/a> \u00a0(is) sz\u00edveskedjen mindenk\u00e9ppen jelezni (f\u00fcggetlen\u00fcl m\u00e1shol, pl. az oftex.hu port\u00e1lon t\u00f6rt\u00e9nt jelentkez\u00e9st\u0151l). &hellip;<\/p>\n","protected":false},"author":102323,"featured_media":0,"parent":3169,"menu_order":1,"comment_status":"closed","ping_status":"closed","template":"","meta":{"_acf_changed":false,"footnotes":""},"categories":[9],"tags":[],"class_list":["post-3190","page","type-page","status-publish","hentry","category-oktatas"],"acf":[],"_links":{"self":[{"href":"https:\/\/semmelweis.hu\/aneszteziologia\/wp-json\/wp\/v2\/pages\/3190","targetHints":{"allow":["GET"]}}],"collection":[{"href":"https:\/\/semmelweis.hu\/aneszteziologia\/wp-json\/wp\/v2\/pages"}],"about":[{"href":"https:\/\/semmelweis.hu\/aneszteziologia\/wp-json\/wp\/v2\/types\/page"}],"author":[{"embeddable":true,"href":"https:\/\/semmelweis.hu\/aneszteziologia\/wp-json\/wp\/v2\/users\/102323"}],"replies":[{"embeddable":true,"href":"https:\/\/semmelweis.hu\/aneszteziologia\/wp-json\/wp\/v2\/comments?post=3190"}],"version-history":[{"count":16,"href":"https:\/\/semmelweis.hu\/aneszteziologia\/wp-json\/wp\/v2\/pages\/3190\/revisions"}],"predecessor-version":[{"id":9590,"href":"https:\/\/semmelweis.hu\/aneszteziologia\/wp-json\/wp\/v2\/pages\/3190\/revisions\/9590"}],"up":[{"embeddable":true,"href":"https:\/\/semmelweis.hu\/aneszteziologia\/wp-json\/wp\/v2\/pages\/3169"}],"wp:attachment":[{"href":"https:\/\/semmelweis.hu\/aneszteziologia\/wp-json\/wp\/v2\/media?parent=3190"}],"wp:term":[{"taxonomy":"category","embeddable":true,"href":"https:\/\/semmelweis.hu\/aneszteziologia\/wp-json\/wp\/v2\/categories?post=3190"},{"taxonomy":"post_tag","embeddable":true,"href":"https:\/\/semmelweis.hu\/aneszteziologia\/wp-json\/wp\/v2\/tags?post=3190"}],"curies":[{"name":"wp","href":"https:\/\/api.w.org\/{rel}","templated":true}]}}