{"id":3169,"date":"2014-07-29T14:21:35","date_gmt":"2014-07-29T12:21:35","guid":{"rendered":"http:\/\/semmelweis.hu\/aneszteziologia\/?page_id=3169"},"modified":"2026-04-10T09:21:51","modified_gmt":"2026-04-10T07:21:51","slug":"ltrahang-alkalmazasa-a-mindennapi-intenziv-es-surgossegi-gyakorlatban-tanfolyam-bovebb-informaciok","status":"publish","type":"page","link":"https:\/\/semmelweis.hu\/aneszteziologia\/oktatas\/posztgradualis-orvoskepzes\/kotelezoen-valaszthato-tanfolyamok\/ltrahang-alkalmazasa-a-mindennapi-intenziv-es-surgossegi-gyakorlatban-tanfolyam-bovebb-informaciok\/","title":{"rendered":"ULTRAHANG alkalmaz\u00e1sa  a mindennapi INTENZ\u00cdV \u00e9s S\u00dcRG\u0150SS\u00c9GI gyakorlatban:  modul\u00e1ris tanfolyam"},"content":{"rendered":"<div dir=\"ltr\">\n<p style=\"text-align: justify\">Az ultrahang a 21. sz\u00e1zad sztetoszk\u00f3pja az intenz\u00edv ter\u00e1pi\u00e1ban \u00e9s a s\u00fcrg\u0151ss\u00e9gi orvostanban: a gyors differenci\u00e1ldiagnosztika \u00e9s \u00e1llapotk\u00f6vet\u00e9s eszk\u00f6ze, minden akut betegell\u00e1t\u00f3 szakember kez\u00e9ben ott lehet a helye.<\/p>\n<p style=\"text-align: justify\">M\u00e1s szakm\u00e1k (pl.: seb\u00e9szet, n\u0151gy\u00f3gy\u00e1szat, urol\u00f3gia, neurol\u00f3gia), m\u00e1r kor\u00e1bban felismert\u00e9k ezt, \u00e9s saj\u00e1t kez\u00fckbe vett\u00e9k az ultrahangfejet, a radiol\u00f3gia m\u00e9gsem vesz\u00edtett jelent\u0151s\u00e9g\u00e9b\u0151l. Az ultrahangot haszn\u00e1l\u00f3 intenz\u00edv ter\u00e1pi\u00e1s vagy s\u00fcrg\u0151ss\u00e9gi szakember nem konkurense, hanem partnere a radiol\u00f3gusnak \u00e9s a kardiol\u00f3gusnak, gyakorlati tud\u00e1sa a betegell\u00e1t\u00e1s min\u0151s\u00e9g\u00e9t jav\u00edtja.<\/p>\n<p style=\"text-align: justify\">Az ultrahang haszn\u00e1lata a beteg\u00e1gy mellett egyszer\u0171s\u00edti a d\u00f6nt\u00e9si folyamatokat, megv\u00e1ltoztatja a mindennapi gyakorlatot. A modern orvosl\u00e1s kih\u00edv\u00e1s\u00e1ra seg\u00edt v\u00e1laszt adni ez a 3 napos tanfolyam, melynek elv\u00e9gz\u00e9s\u00e9vel 48 tov\u00e1bbk\u00e9pz\u00e9si pont szerezhet\u0151.<\/p>\n<p style=\"text-align: justify\">A tanfolyamr\u00f3l tov\u00e1bbi inform\u00e1ci\u00f3 tal\u00e1lhat\u00f3 az Oftexen (<a href=\"http:\/\/www.oftex.hu\/\" target=\"_blank\" rel=\"noopener noreferrer\">www.oftex.hu<\/a>: SE-SZTOK\/2026.II\/00402<span style=\"font-size: 1rem\">).<\/span><\/p>\n<p style=\"text-align: justify\"><strong><span style=\"color: #0000ff\">A legk\u00f6zelebbi tanfolyamra<\/span> <a href=\"https:\/\/docs.google.com\/forms\/d\/e\/1FAIpQLScohvNKU-ZwMnZVh7aUFfyDVgUthl4-k4Wy2vCE6O-p4kSs-Q\/viewform?usp=preview\"><span style=\"color: #33cccc\">ezen \u0171rlap kit\u00f6lt\u00e9s\u00e9vel<\/span><\/a>\u00a0<span style=\"color: #0000ff\">lehet jelentkezni<\/span>.<\/strong><\/p>\n<p style=\"text-align: justify\">A tanfolyam elv\u00e9gz\u00e9s\u00e9hez az 1 elm\u00e9leti \u00e9s a 2 gyakorlati nap elv\u00e9gz\u00e9se sz\u00fcks\u00e9ges.<\/p>\n<p style=\"text-align: justify\"><span style=\"color: #0000ff\"><strong>A soron k\u00f6vetkez\u0151 tanfolyam id\u0151pontja:<\/strong><\/span> <span style=\"color: #ff0000\"><strong>2026.10.21-22-23<\/strong><\/span><\/p>\n<p style=\"text-align: justify\"><strong><span style=\"color: #0000ff\">Jelentkez\u00e9si hat\u00e1rid\u0151<\/span><\/strong>: <span style=\"color: #ff0000\"><strong>2026.08.31<\/strong><\/span><br \/>\nElm\u00e9leti k\u00e9pz\u00e9s: <span style=\"color: #000000\">befizet\u00e9st\u0151l f\u00fcgg\u0151en folyamatosan t\u00e1voktat\u00e1ssal<\/span><\/p>\n<p style=\"text-align: justify\">Kapcsolat: <a href=\"mailto:itk.tanfolyam@semmelweis.hu\">itk.tanfolyam@semmelweis.hu<\/a><\/p>\n<p>A tanfolyam d\u00edja: 121925 Ft<\/p>\n<p style=\"text-align: justify\"><a href=\"https:\/\/docs.google.com\/forms\/d\/e\/1FAIpQLScohvNKU-ZwMnZVh7aUFfyDVgUthl4-k4Wy2vCE6O-p4kSs-Q\/viewform?usp=preview\">Jelentkez\u00e9s<\/a><\/p>\n<p style=\"text-align: justify\">Szeretettel v\u00e1runk minden kedves \u00e9rdekl\u0151d\u0151t:<\/p>\n<p style=\"text-align: justify\">Dr. B\u0151hm Tam\u00e1s \u00a0 \u00a0 \u00a0 \u00a0 \u00a0 \u00a0 \u00a0 \u00a0 \u00a0 \u00a0 \u00a0 \u00a0 \u00a0 \u00a0 \u00a0 \u00a0 \u00a0 \u00a0 \u00a0 \u00a0 \u00a0 \u00a0 \u00a0 \u00a0 \u00a0 \u00a0 \u00a0 \u00a0 \u00a0 \u00a0 Dr. Frit\u00faz G\u00e1bor<br \/>\ntanfolyamfelel\u0151s\u00a0 \u00a0 \u00a0 \u00a0 \u00a0 \u00a0 \u00a0 \u00a0 \u00a0 \u00a0 \u00a0 \u00a0 \u00a0 \u00a0 \u00a0 \u00a0 \u00a0 \u00a0 \u00a0 \u00a0 \u00a0 \u00a0 \u00a0 \u00a0 \u00a0 \u00a0 \u00a0 \u00a0 \u00a0 \u00a0 \u00a0 szakmai vezet\u0151<\/p>\n<\/div>\n","protected":false},"excerpt":{"rendered":"<p>Az ultrahang a 21. sz\u00e1zad sztetoszk\u00f3pja az intenz\u00edv ter\u00e1pi\u00e1ban \u00e9s a s\u00fcrg\u0151ss\u00e9gi orvostanban: a gyors differenci\u00e1ldiagnosztika \u00e9s \u00e1llapotk\u00f6vet\u00e9s eszk\u00f6ze, minden akut betegell\u00e1t\u00f3 szakember kez\u00e9ben ott lehet a helye. M\u00e1s szakm\u00e1k (pl.: seb\u00e9szet, n\u0151gy\u00f3gy\u00e1szat, urol\u00f3gia, neurol\u00f3gia), m\u00e1r kor\u00e1bban felismert\u00e9k ezt, \u00e9s saj\u00e1t kez\u00fckbe vett\u00e9k az ultrahangfejet, a radiol\u00f3gia m\u00e9gsem vesz\u00edtett jelent\u0151s\u00e9g\u00e9b\u0151l. Az ultrahangot haszn\u00e1l\u00f3 intenz\u00edv ter\u00e1pi\u00e1s &hellip;<\/p>\n","protected":false},"author":102323,"featured_media":0,"parent":107,"menu_order":1,"comment_status":"closed","ping_status":"closed","template":"","meta":{"_acf_changed":false,"footnotes":""},"categories":[9],"tags":[],"class_list":["post-3169","page","type-page","status-publish","hentry","category-oktatas"],"acf":[],"_links":{"self":[{"href":"https:\/\/semmelweis.hu\/aneszteziologia\/wp-json\/wp\/v2\/pages\/3169","targetHints":{"allow":["GET"]}}],"collection":[{"href":"https:\/\/semmelweis.hu\/aneszteziologia\/wp-json\/wp\/v2\/pages"}],"about":[{"href":"https:\/\/semmelweis.hu\/aneszteziologia\/wp-json\/wp\/v2\/types\/page"}],"author":[{"embeddable":true,"href":"https:\/\/semmelweis.hu\/aneszteziologia\/wp-json\/wp\/v2\/users\/102323"}],"replies":[{"embeddable":true,"href":"https:\/\/semmelweis.hu\/aneszteziologia\/wp-json\/wp\/v2\/comments?post=3169"}],"version-history":[{"count":16,"href":"https:\/\/semmelweis.hu\/aneszteziologia\/wp-json\/wp\/v2\/pages\/3169\/revisions"}],"predecessor-version":[{"id":9620,"href":"https:\/\/semmelweis.hu\/aneszteziologia\/wp-json\/wp\/v2\/pages\/3169\/revisions\/9620"}],"up":[{"embeddable":true,"href":"https:\/\/semmelweis.hu\/aneszteziologia\/wp-json\/wp\/v2\/pages\/107"}],"wp:attachment":[{"href":"https:\/\/semmelweis.hu\/aneszteziologia\/wp-json\/wp\/v2\/media?parent=3169"}],"wp:term":[{"taxonomy":"category","embeddable":true,"href":"https:\/\/semmelweis.hu\/aneszteziologia\/wp-json\/wp\/v2\/categories?post=3169"},{"taxonomy":"post_tag","embeddable":true,"href":"https:\/\/semmelweis.hu\/aneszteziologia\/wp-json\/wp\/v2\/tags?post=3169"}],"curies":[{"name":"wp","href":"https:\/\/api.w.org\/{rel}","templated":true}]}}