{"id":2929,"date":"2014-04-30T11:54:29","date_gmt":"2014-04-30T11:54:29","guid":{"rendered":"http:\/\/semmelweis.hu\/aneszteziologia\/?page_id=2929"},"modified":"2024-11-04T10:59:14","modified_gmt":"2024-11-04T09:59:14","slug":"kapcsolat","status":"publish","type":"page","link":"https:\/\/semmelweis.hu\/aneszteziologia\/oktatas\/szimulacios-oktatasi-kozpont\/kapcsolat\/","title":{"rendered":"Kapcsolat"},"content":{"rendered":"<p>Klinikai Szimul\u00e1ci\u00f3s Tansz\u00e9ki Csoport<br \/>\nSemmelweis Szimul\u00e1ci\u00f3s K\u00f6zpont<br \/>\n1096 Budapest, Ern\u0151 u. 7.<br \/>\ne-mail: <a href=\"mailto:szimulacioskozpont@semmelweis.hu\">szimulacioskozpont@semmelweis.hu<\/a><\/p>\n<p>&nbsp;<\/p>\n<p><em>A helysz\u00edn a Nagyv\u00e1rad t\u00e9rt\u0151l \u00f6t perces s\u00e9t\u00e1val k\u00f6zel\u00edthet\u0151 meg, aut\u00f3val k\u00f6zvetlen\u00fcl az Ern\u0151 utc\u00e1ban is van lehet\u0151s\u00e9g parkol\u00e1sra. A parkol\u00e1s az utc\u00e1ban d\u00edjk\u00f6teles.<\/em><\/p>\n","protected":false},"excerpt":{"rendered":"<p>Klinikai Szimul\u00e1ci\u00f3s Tansz\u00e9ki Csoport<br \/>\nSemmelweis Szimul\u00e1ci\u00f3s K\u00f6zpont<br \/>\n1096 Budapest, Ern\u0151 u. 7.<br \/>\ne-mail: <a href=\"mailto:szimulacioskozpont@semmelweis.hu\">szimulacioskozpont@semmelweis.hu<\/a><br \/>\n&nbsp;<br \/>\nA helysz\u00edn a Nagyv\u00e1rad t\u00e9rt\u0151l \u00f6t perces s\u00e9t\u00e1val k\u00f6zel\u00edthet\u0151 meg, aut\u00f3val k\u00f6zvetlen\u00fcl az Ern\u0151 utc\u00e1ban is van lehet\u0151s\u00e9g parkol\u00e1sra. A parkol\u00e1s az utc\u00e1ban d\u00edjk\u00f6teles.<\/p>\n","protected":false},"author":101143,"featured_media":0,"parent":57,"menu_order":4,"comment_status":"open","ping_status":"open","template":"","meta":{"_acf_changed":false,"footnotes":""},"categories":[],"tags":[],"class_list":["post-2929","page","type-page","status-publish","hentry"],"acf":[],"_links":{"self":[{"href":"https:\/\/semmelweis.hu\/aneszteziologia\/wp-json\/wp\/v2\/pages\/2929","targetHints":{"allow":["GET"]}}],"collection":[{"href":"https:\/\/semmelweis.hu\/aneszteziologia\/wp-json\/wp\/v2\/pages"}],"about":[{"href":"https:\/\/semmelweis.hu\/aneszteziologia\/wp-json\/wp\/v2\/types\/page"}],"author":[{"embeddable":true,"href":"https:\/\/semmelweis.hu\/aneszteziologia\/wp-json\/wp\/v2\/users\/101143"}],"replies":[{"embeddable":true,"href":"https:\/\/semmelweis.hu\/aneszteziologia\/wp-json\/wp\/v2\/comments?post=2929"}],"version-history":[{"count":7,"href":"https:\/\/semmelweis.hu\/aneszteziologia\/wp-json\/wp\/v2\/pages\/2929\/revisions"}],"predecessor-version":[{"id":9000,"href":"https:\/\/semmelweis.hu\/aneszteziologia\/wp-json\/wp\/v2\/pages\/2929\/revisions\/9000"}],"up":[{"embeddable":true,"href":"https:\/\/semmelweis.hu\/aneszteziologia\/wp-json\/wp\/v2\/pages\/57"}],"wp:attachment":[{"href":"https:\/\/semmelweis.hu\/aneszteziologia\/wp-json\/wp\/v2\/media?parent=2929"}],"wp:term":[{"taxonomy":"category","embeddable":true,"href":"https:\/\/semmelweis.hu\/aneszteziologia\/wp-json\/wp\/v2\/categories?post=2929"},{"taxonomy":"post_tag","embeddable":true,"href":"https:\/\/semmelweis.hu\/aneszteziologia\/wp-json\/wp\/v2\/tags?post=2929"}],"curies":[{"name":"wp","href":"https:\/\/api.w.org\/{rel}","templated":true}]}}