{"id":2590,"date":"2014-03-10T11:47:38","date_gmt":"2014-03-10T11:47:38","guid":{"rendered":"http:\/\/semmelweis.hu\/aneszteziologia\/?page_id=2590"},"modified":"2024-08-29T11:38:19","modified_gmt":"2024-08-29T09:38:19","slug":"apolastani-keszsegoktatas","status":"publish","type":"page","link":"https:\/\/semmelweis.hu\/aneszteziologia\/oktatas\/apolastani-keszsegoktatas\/","title":{"rendered":"\u00c1pol\u00e1stani gyakorlati ismeretek"},"content":{"rendered":"<p><span style=\"font-size: large\"><b>Kedves els\u0151\u00e9ves hallgat\u00f3!<\/b><\/span><\/p>\n<p>Tal\u00e1n m\u00e9g nem is tudatosult igaz\u00e1n, hogy az orvosk\u00e9pz\u00e9sb\u0151l m\u00e1r lassan el is telik\u00a0 az els\u0151 \u2013 rem\u00e9lj\u00fck izgalmas, \u00e9s \u00e9rdekes \u2013 \u00e9ved, \u00e9s ezzel egyben k\u00f6zelebb ker\u00fclsz a v\u00e9gs\u0151\u00a0 c\u00e9lodhoz, az orvoss\u00e1 v\u00e1l\u00e1shoz! A ny\u00e1r folyam\u00e1n, az \u00e1pol\u00e1stani gyakorlat sor\u00e1n, m\u00e1r lehet\u0151s\u00e9ged is lesz belek\u00f3stolni a beteg\u00e1gy melletti\u00a0 munka \u00f6r\u00f6meibe, egyszersmind neh\u00e9zs\u00e9geibe is. Ha pedig a gyakorlati tematika b\u00f6ng\u00e9sz\u00e9se\u00a0 sor\u00e1n, az izgatott v\u00e1rakoz\u00e1s mellett esetleg egy kis szorong\u00e1st is \u00e9rezel, az teljesen term\u00e9szetes, annak idej\u00e9n mi is \u00edgy \u00e9rezt\u00fcnk a vel\u00fcnk szemben t\u00e1masztott\u00a0 k\u00f6vetelm\u00e9nyek, az \u00faj szerep, az adott eg\u00e9szs\u00e9g\u00fcgyi rendszerbe val\u00f3 beilleszked\u00e9s kih\u00edv\u00e1sai miatt.<\/p>\n<p>Hogy ezekre a majdan felmer\u00fcl\u0151 akad\u00e1lyokra kicsit jobban felk\u00e9sz\u00fclhess,\u00a0 szeretettel megh\u00edvunk t\u00e9ged egy <b><span style=\"font-family: georgia,serif\"><span style=\"font-size: large\">\u00e1pol\u00e1stani k\u00e9szs\u00e9g<\/span>\u00a0<\/span><\/b><span style=\"color: #000000;font-family: Georgia,Tahoma,serif\">gyakorlatra a Semmelweis Szimul\u00e1ci\u00f3s K\u00f6zpontba.<\/span><\/p>\n<p><span style=\"color: #000000\">A\u00a0<\/span><b><span style=\"color: #000000\">90 perces gyakorlat<\/span><\/b><span style=\"color: #000000\">\u00a0sor\u00e1n t\u00f6bbek k\u00f6z\u00f6tt lehet\u0151s\u00e9ged lesz\u00a0<\/span><span style=\"color: #000000\">\u00e9leth\u0171 m\u0171anyag modelleken <b>perif\u00e9ri\u00e1s v\u00e9na kan\u00fcl\u00e1l\u00e1s\u00e1ra, v\u00e9rv\u00e9telre, inf\u00fazi\u00f3 \u00f6ssze\u00e1ll\u00edt\u00e1s\u00e1ra, injekci\u00f3 bead\u00e1s\u00e1ra<\/b>\u00a0 is.<\/span><span style=\"color: #000000\">\u00a0A csoportok kis l\u00e9tsz\u00e1ma szavatolja, hogy mindenkinek elegend\u0151 alkalma ny\u00edljon majd\u00a0 a gyakorl\u00e1sra. R\u00e1ad\u00e1sul a legszakavatottabbakt\u00f3l tanulhatsz, hiszen\u00a0<\/span><span style=\"color: #ff0000\"><strong>az oktat\u00f3k<\/strong><\/span><span style=\"color: #000000\">\u00a0sok \u00e9ves\u00a0 tapasztalattal rendelkez\u0151\u00a0<\/span><span style=\"color: #ff0000\"><strong>szak\u00e1pol\u00f3k<\/strong><\/span><span style=\"color: #000000\">\u00a0lesznek. T\u0151l\u00fck nem csak a betegell\u00e1t\u00e1s finom fort\u00e9lyait\u00a0 lesheted el, de egym\u00e1s munk\u00e1j\u00e1t megismerve, egy k\u00f6lcs\u00f6n\u00f6s tiszteleten alapul\u00f3,\u00a0 emberi hangv\u00e9tel\u0171 \u00e1pol\u00f3-orvos munkakapcsolat kialak\u00edt\u00e1s\u00e1t is el\u0151seg\u00edtheti a j\u00f6v\u0151ben.<\/span><\/p>\n<p>Az idei tan\u00e9vben a kurzushoz sz\u00fcks\u00e9ges felt\u00e9telek megteremt\u00e9se a szok\u00e1sosn\u00e1l nehezebb volt, ez\u00e9rt a szorgalmi id\u0151szakb\u00f3l kics\u00faszva, m\u00e1r csak a vizsgaid\u0151szakban, de m\u00e9g a ny\u00e1ri \u00e1pol\u00e1stan gyakorlat el\u0151tt tudunk r\u00e1 sort ker\u00edteni. Tudjuk, hogy ez nem ide\u00e1lis, de k\u00e9t vizsga k\u00f6z\u00f6tt igyeksz\u00fcnk majd j\u00f3kedvvel, \u00e9s \u00e9rdekfesz\u00edt\u0151 oktat\u00e1ssal fenntartani a figyelmedet.<\/p>\n<p>A jelentkez\u00e9s az egyetemi e-learning rendszerben lehets\u00e9ges, mely a bevezet\u00e9s a klinikumba c\u00edm\u0171 t\u00e1rgy minden hallgat\u00f3ja sz\u00e1m\u00e1ra hozz\u00e1f\u00e9rhet\u0151. A fel\u00fcletet folyamatosan fejlesztj\u00fck, hasznos inform\u00e1ci\u00f3kat, tananyagot osztunk meg a t\u00e9m\u00e1val kapcsolatosan.<\/p>\n<p>A gyakorlat term\u00e9szetesen nem helyettes\u00edti az \u00e1pol\u00e1stani gyakorlat elv\u00e9gz\u00e9s\u00e9t.<\/p>\n<p><b><span style=\"color: #ff0000\">Felt\u00e9tlen\u00fcl hozz magaddal: <\/span><\/b><span style=\"color: #000000\">100 Ft-ost \u00a0az \u00f6lt\u00f6z\u0151 haszn\u00e1lat\u00e1hoz, mely az \u00f6lt\u00f6z\u0151kulcs visszaad\u00e1sakor visszaj\u00e1r.<\/span><\/p>\n<p><b>Helysz\u00edn:<br \/>\n<a href=\"https:\/\/semmelweis.hu\/aneszteziologia\/oktatas\/szimulacios-oktatasi-kozpont\/\" target=\"_blank\" rel=\"noopener noreferrer\"><span style=\"color: #0000ff\"><span style=\"text-decoration: underline\">Semmelweis Szimul\u00e1ci\u00f3s K\u00f6zpont<\/span><\/span><\/a><\/b><\/p>\n<p><b>K\u00e9rd\u00e9s eset\u00e9n: <span style=\"text-decoration: underline\"><a href=\"mailto:aitkoktatas@gmail.com\" target=\"_blank\" rel=\"noopener noreferrer\">aitkoktatas@gmail.com<\/a><\/span><\/b><\/p>\n<h2><a href=\"https:\/\/semmelweis.hu\/aneszteziologia\/e-learning-apolastani-gyakorlati-ismeretek\/\" target=\"_blank\" rel=\"noopener noreferrer\">E-learning<\/a><\/h2>\n<p><b>Szeretettel v\u00e1r a Semmelweis Szimul\u00e1ci\u00f3s K\u00f6zpont csapata!<\/b><\/p>\n<p><span style=\"font-size: large\"><b>\u00a0\u00a0\u00a0\u00a0\u00a0\u00a0\u00a0\u00a0\u00a0\u00a0\u00a0\u00a0\u00a0\u00a0 dr. Frit\u00faz G\u00e1bor<\/b>\u00a0 \u00a0 \u00a0 \u00a0 \u00a0 \u00a0 \u00a0 \u00a0 \u00a0 \u00a0 \u00a0 \u00a0 \u00a0 \u00a0 \u00a0 \u00a0 \u00a0 \u00a0 \u00a0 \u00a0 \u00a0 \u00a0 <span style=\"font-size: large\"><b>Rumi Brigitta<br \/>\n<\/b><\/span>\u00a0\u00a0\u00a0\u00a0\u00a0\u00a0\u00a0\u00a0\u00a0\u00a0\u00a0\u00a0 klinikai oktat\u00e1svezet\u0151\u00a0\u00a0\u00a0\u00a0\u00a0\u00a0\u00a0\u00a0\u00a0\u00a0\u00a0\u00a0\u00a0\u00a0\u00a0\u00a0\u00a0\u00a0\u00a0\u00a0\u00a0\u00a0\u00a0\u00a0\u00a0\u00a0\u00a0\u00a0\u00a0\u00a0\u00a0\u00a0\u00a0\u00a0\u00a0\u00a0\u00a0 <span style=\"font-size: large\">a k\u00e9pz\u00e9s felel\u0151se<\/span><br \/>\n<\/span><\/p>\n<p><span style=\"font-size: large\"><b>\u00a0 \u00a0 \u00a0 \u00a0 \u00a0 \u00a0 \u00a0 \u00a0 \u00a0 \u00a0 \u00a0 \u00a0 \u00a0 \u00a0 \u00a0 Hornung Barbara \u00e9s Orgov\u00e1nyi Szilvia<\/b><b><br \/>\n<\/b>\u00a0\u00a0\u00a0\u00a0\u00a0\u00a0\u00a0\u00a0\u00a0\u00a0\u00a0\u00a0\u00a0\u00a0\u00a0\u00a0\u00a0\u00a0\u00a0\u00a0\u00a0\u00a0\u00a0\u00a0\u00a0\u00a0\u00a0\u00a0\u00a0\u00a0\u00a0\u00a0\u00a0\u00a0\u00a0\u00a0\u00a0\u00a0\u00a0\u00a0\u00a0\u00a0\u00a0\u00a0 oktat\u00e1si koordin\u00e1torok<b><br \/>\n<\/b><\/span><\/p>\n<p style=\"padding-left: 30px\">\u00a0<\/p>\n","protected":false},"excerpt":{"rendered":"<p>Kedves els\u0151\u00e9ves hallgat\u00f3! Tal\u00e1n m\u00e9g nem is tudatosult igaz\u00e1n, hogy az orvosk\u00e9pz\u00e9sb\u0151l m\u00e1r lassan el is telik\u00a0 az els\u0151 \u2013 rem\u00e9lj\u00fck izgalmas, \u00e9s \u00e9rdekes \u2013 \u00e9ved, \u00e9s ezzel egyben k\u00f6zelebb ker\u00fclsz a v\u00e9gs\u0151\u00a0 c\u00e9lodhoz, az orvoss\u00e1 v\u00e1l\u00e1shoz! A ny\u00e1r folyam\u00e1n, az \u00e1pol\u00e1stani gyakorlat sor\u00e1n, m\u00e1r lehet\u0151s\u00e9ged is lesz belek\u00f3stolni a beteg\u00e1gy melletti\u00a0 munka \u00f6r\u00f6meibe, egyszersmind &hellip;<\/p>\n","protected":false},"author":329,"featured_media":0,"parent":8,"menu_order":20,"comment_status":"open","ping_status":"open","template":"","meta":{"_acf_changed":false,"footnotes":""},"categories":[],"tags":[],"class_list":["post-2590","page","type-page","status-publish","hentry"],"acf":[],"_links":{"self":[{"href":"https:\/\/semmelweis.hu\/aneszteziologia\/wp-json\/wp\/v2\/pages\/2590","targetHints":{"allow":["GET"]}}],"collection":[{"href":"https:\/\/semmelweis.hu\/aneszteziologia\/wp-json\/wp\/v2\/pages"}],"about":[{"href":"https:\/\/semmelweis.hu\/aneszteziologia\/wp-json\/wp\/v2\/types\/page"}],"author":[{"embeddable":true,"href":"https:\/\/semmelweis.hu\/aneszteziologia\/wp-json\/wp\/v2\/users\/329"}],"replies":[{"embeddable":true,"href":"https:\/\/semmelweis.hu\/aneszteziologia\/wp-json\/wp\/v2\/comments?post=2590"}],"version-history":[{"count":10,"href":"https:\/\/semmelweis.hu\/aneszteziologia\/wp-json\/wp\/v2\/pages\/2590\/revisions"}],"predecessor-version":[{"id":8951,"href":"https:\/\/semmelweis.hu\/aneszteziologia\/wp-json\/wp\/v2\/pages\/2590\/revisions\/8951"}],"up":[{"embeddable":true,"href":"https:\/\/semmelweis.hu\/aneszteziologia\/wp-json\/wp\/v2\/pages\/8"}],"wp:attachment":[{"href":"https:\/\/semmelweis.hu\/aneszteziologia\/wp-json\/wp\/v2\/media?parent=2590"}],"wp:term":[{"taxonomy":"category","embeddable":true,"href":"https:\/\/semmelweis.hu\/aneszteziologia\/wp-json\/wp\/v2\/categories?post=2590"},{"taxonomy":"post_tag","embeddable":true,"href":"https:\/\/semmelweis.hu\/aneszteziologia\/wp-json\/wp\/v2\/tags?post=2590"}],"curies":[{"name":"wp","href":"https:\/\/api.w.org\/{rel}","templated":true}]}}