{"id":2222,"date":"2013-11-17T21:33:34","date_gmt":"2013-11-17T21:33:34","guid":{"rendered":"http:\/\/semmelweis.hu\/aneszteziologia\/?page_id=2222"},"modified":"2019-09-25T14:24:18","modified_gmt":"2019-09-25T12:24:18","slug":"feedback","status":"publish","type":"page","link":"https:\/\/semmelweis.hu\/aneszteziologia\/oktatas\/posztgradualis-orvoskepzes\/kotelezo-szintentarto-tanfolyamok\/feedback\/","title":{"rendered":"Feedback"},"content":{"rendered":"<div>\n<p><strong>Tisztelt Tanfolyami R\u00e9sztvev\u0151!<\/strong><br \/>\n<strong>Kedves Koll\u00e9ga!<\/strong><\/p>\n<p>K\u00f6sz\u00f6nettel vessz\u00fck, hogy az Aneszteziol\u00f3gia-intenz\u00edv ter\u00e1pi\u00e1s szakorvosi szintentart\u00f3 tanfolyammal kapcsolatosan megosztja vel\u00fcnk v\u00e9lem\u00e9ny\u00e9t, tapasztalatait. A visszajelz\u00e9sek alapj\u00e1n \u00e9vek \u00f3ta igyeksz\u00fcnk folyamatosan fejleszteni a tanfolyam sz\u00ednvonal\u00e1t. A k\u00e9rd\u0151\u00edv kit\u00f6lt\u00e9se anonim.<\/p>\n<\/div>\n<p>Az el\u0151ad\u00e1sokkal kapcsolatban az al\u00e1bbi el\u00e9r\u00e9si \u00faton fejtheti ki v\u00e9lem\u00e9ny\u00e9t. Mindenegyes el\u0151ad\u00e1s k\u00fcl\u00f6n felm\u00e9r\u00e9sben \u00e9rhet\u0151 el, teh\u00e1t az egyes el\u0151ad\u00e1sok \u00e9rt\u00e9kel\u00e9s\u00e9hez \u00fajra \u00e9s \u00fajra be kell l\u00e9pnie ugyanazzal a jelsz\u00f3val. Az eligazod\u00e1s megk\u00f6nny\u00edt\u00e9s\u00e9re az el\u0151ad\u00f3k n\u00e9vsora \u00e9s az el\u0151ad\u00e1sok c\u00edme egyar\u00e1nt abc-sorrendben van felt\u00fcntetve, valamint ez\u00faton mell\u00e9kelj\u00fck a tanfolyami programot.<\/p>\n<p>&nbsp;<\/p>\n<p><b>a felm\u00e9r\u00e9s helye: <a href=\"http:\/\/evasys.sote.hu\/evasys\/online\" target=\"_blank\" rel=\"noopener noreferrer\">http:\/\/evasys.sote.hu\/evasys\/online<\/a><br \/>\njelsz\u00f3: <\/b>megegyezik a let\u00f6lthet\u0151 el\u0151ad\u00e1sok jelszav\u00e1val<b><br \/>\n<\/b><\/p>\n<p>&nbsp;<\/p>\n<p>Az el\u0151ad\u00f3kt\u00f3l f\u00fcggetlen, \u00e1ltal\u00e1nos szakmai \u00e9s szervez\u00e9si k\u00e9rd\u00e9sekkel kapcsolatos \u00e9szrev\u00e9teleit az al\u00e1bbi felm\u00e9r\u00e9sben teheti meg. T\u00e1j\u00e9koztatjuk, hogy a szakmai program\u00e9rt a SE-Aneszteziol\u00f3giai \u00e9s Intenz\u00edv Ter\u00e1pi\u00e1s Klinika, az operat\u00edv szervez\u00e9s\u00e9rt (el\u0151zetes t\u00e1j\u00e9koztat\u00e1s, helysz\u00edn, technika, r\u00e9szv\u00e9teli d\u00edj, vizsga, pontok stb) a SE-Tov\u00e1bbk\u00e9pz\u00e9si K\u00f6zpont felel.<\/p>\n<p>&nbsp;<\/p>\n<p><b>a felm\u00e9r\u00e9s helye: <a href=\"http:\/\/evasys.sote.hu\/evasys\/online\" target=\"_blank\" rel=\"noopener noreferrer\">http:\/\/evasys.sote.hu\/evasys\/online<\/a><br \/>\njelsz\u00f3: <\/b>AI-tf2014<\/p>\n<p>\u00dcdv\u00f6zlettel,<br \/>\na Szervez\u0151k<\/p>\n","protected":false},"excerpt":{"rendered":"<p>Tisztelt Tanfolyami R\u00e9sztvev\u0151! Kedves Koll\u00e9ga! K\u00f6sz\u00f6nettel vessz\u00fck, hogy az Aneszteziol\u00f3gia-intenz\u00edv ter\u00e1pi\u00e1s szakorvosi szintentart\u00f3 tanfolyammal kapcsolatosan megosztja vel\u00fcnk v\u00e9lem\u00e9ny\u00e9t, tapasztalatait. A visszajelz\u00e9sek alapj\u00e1n \u00e9vek \u00f3ta igyeksz\u00fcnk folyamatosan fejleszteni a tanfolyam sz\u00ednvonal\u00e1t. A k\u00e9rd\u0151\u00edv kit\u00f6lt\u00e9se anonim. Az el\u0151ad\u00e1sokkal kapcsolatban az al\u00e1bbi el\u00e9r\u00e9si \u00faton fejtheti ki v\u00e9lem\u00e9ny\u00e9t. Mindenegyes el\u0151ad\u00e1s k\u00fcl\u00f6n felm\u00e9r\u00e9sben \u00e9rhet\u0151 el, teh\u00e1t az egyes el\u0151ad\u00e1sok \u00e9rt\u00e9kel\u00e9s\u00e9hez &hellip;<\/p>\n","protected":false},"author":74,"featured_media":0,"parent":106,"menu_order":100,"comment_status":"open","ping_status":"open","template":"","meta":{"_acf_changed":false,"footnotes":""},"categories":[],"tags":[],"class_list":["post-2222","page","type-page","status-publish","hentry"],"acf":[],"_links":{"self":[{"href":"https:\/\/semmelweis.hu\/aneszteziologia\/wp-json\/wp\/v2\/pages\/2222","targetHints":{"allow":["GET"]}}],"collection":[{"href":"https:\/\/semmelweis.hu\/aneszteziologia\/wp-json\/wp\/v2\/pages"}],"about":[{"href":"https:\/\/semmelweis.hu\/aneszteziologia\/wp-json\/wp\/v2\/types\/page"}],"author":[{"embeddable":true,"href":"https:\/\/semmelweis.hu\/aneszteziologia\/wp-json\/wp\/v2\/users\/74"}],"replies":[{"embeddable":true,"href":"https:\/\/semmelweis.hu\/aneszteziologia\/wp-json\/wp\/v2\/comments?post=2222"}],"version-history":[{"count":9,"href":"https:\/\/semmelweis.hu\/aneszteziologia\/wp-json\/wp\/v2\/pages\/2222\/revisions"}],"predecessor-version":[{"id":7277,"href":"https:\/\/semmelweis.hu\/aneszteziologia\/wp-json\/wp\/v2\/pages\/2222\/revisions\/7277"}],"up":[{"embeddable":true,"href":"https:\/\/semmelweis.hu\/aneszteziologia\/wp-json\/wp\/v2\/pages\/106"}],"wp:attachment":[{"href":"https:\/\/semmelweis.hu\/aneszteziologia\/wp-json\/wp\/v2\/media?parent=2222"}],"wp:term":[{"taxonomy":"category","embeddable":true,"href":"https:\/\/semmelweis.hu\/aneszteziologia\/wp-json\/wp\/v2\/categories?post=2222"},{"taxonomy":"post_tag","embeddable":true,"href":"https:\/\/semmelweis.hu\/aneszteziologia\/wp-json\/wp\/v2\/tags?post=2222"}],"curies":[{"name":"wp","href":"https:\/\/api.w.org\/{rel}","templated":true}]}}