{"id":108,"date":"2012-03-23T12:39:09","date_gmt":"2012-03-23T12:39:09","guid":{"rendered":"http:\/\/semmelweis-egyetem.hu\/aneszteziologia\/?page_id=108"},"modified":"2026-03-30T11:36:49","modified_gmt":"2026-03-30T09:36:49","slug":"szabadon-valaszthato-tanfolyamok","status":"publish","type":"page","link":"https:\/\/semmelweis.hu\/aneszteziologia\/oktatas\/posztgradualis-orvoskepzes\/szabadon-valaszthato-tanfolyamok\/","title":{"rendered":"Szabadon v\u00e1laszthat\u00f3 tanfolyamok"},"content":{"rendered":"<p><strong>Szuggeszti\u00f3k alkalmaz\u00e1sa a szomatikus orvosl\u00e1sban k\u00e9pz\u00e9s (SASOK)<\/strong><\/p>\n<p style=\"text-align: justify\">A SASOK a Magyar Hipn\u00f3zis Egyes\u00fclet \u00e9s Klinik\u00e1nk k\u00f6z\u00f6s szervez\u00e9s\u00e9ben m\u0171k\u00f6d\u0151 akkredit\u00e1lt*** k\u00e9pz\u00e9s. Jelleg\u00e9n\u00e9l fogva c\u00e9lcsoportja mag\u00e1ban foglalja orvosi \u00e9s szakdolgoz\u00f3i specialit\u00e1sok k\u00e9pvisel\u0151it. Orvosi szakm\u00e1k m\u0171vel\u0151i (aneszteziol\u00f3gus-intenz\u00edv terapeut\u00e1k, sz\u00fcl\u00e9sz-n\u0151gy\u00f3gy\u00e1szok, s\u00fcrg\u0151ss\u00e9gi orvosok, fogorvosok&#8230;) \u00e9pp\u00fagy hallgatj\u00e1k a k\u00e9pz\u00e9st, mint gy\u00f3gytorn\u00e1szok, sz\u00fcl\u00e9szn\u0151k, dietetikusok, v\u00e9d\u0151n\u0151k, ment\u00e1lhigi\u00e9nikusok, diplom\u00e1s \u00e1pol\u00f3k, szak\u00e1pol\u00f3k.<\/p>\n<p style=\"text-align: justify\">*A SASOK tanfolyam a r\u00e9sztvev\u0151 <strong>orvosok \u00e9s pszichol\u00f3gusok r\u00e9sz\u00e9re<\/strong> a Semmelweis Egyetem \u00e9s az illet\u00e9kes szakmai koll\u00e9gium javaslata alapj\u00e1n az Eg\u00e9szs\u00e9g\u00fcgyi Miniszt\u00e9rium \u00e1ltal ker\u00fclt akkredit\u00e1l\u00e1sra.<\/p>\n<p>Id\u0151pont: <strong><span style=\"color: #ff0000\">2026.09.11-2026.12.19<\/span><\/strong><br \/>\nJelentkez\u00e9si hat\u00e1rid\u0151: <strong><span style=\"color: #ff0000\">2026.09.08<\/span><\/strong><\/p>\n<p>Vizsgaid\u0151szak: 2027 janu\u00e1r<\/p>\n<p style=\"text-align: justify\">R\u00e9szv\u00e9teli d\u00edj: 120.000 Ft<br \/>\nJelentkez\u00e9s orvosoknak \u00e9s szakdolgoz\u00f3knak <a href=\"https:\/\/mpppot.hu\/tevekenysegek\/kepzesek\/sas-ok\" target=\"_blank\" rel=\"noopener\">ezen a fel\u00fcleten<\/a> tal\u00e1lhat\u00f3 \u0171rlapon.<\/p>\n<p>A SASOK saj\u00e1t honlapja: <a href=\"http:\/\/sas-ok.hu\/\">www.sas-ok.hu<\/a><\/p>\n<p>&nbsp;<\/p>\n<p><strong>Szimul\u00e1ci\u00f3s Oktat\u00f3i Mesterkurzus <em>(24 pont) <\/em><\/strong>(<b>SE-SZTOK\/2025.I.\/00235<\/b>)<\/p>\n<p><strong><em>A jelentkez\u00e9s a tanfolyamra ezen <a href=\"https:\/\/docs.google.com\/forms\/d\/e\/1FAIpQLSc__29xwSlq03G3wWY_hvS7GeGtyDVLKBRUOZtmR08j-g44Jg\/viewform?usp=preview\">\u0171rlap<\/a> kit\u00f6lt\u00e9s\u00e9vel<\/em><\/strong><strong><em>\u00a0t\u00f6rt\u00e9nik.<\/em><\/strong><\/p>\n<p style=\"text-align: justify\">Ez a modul\u00e1ris fel\u00e9p\u00edt\u00e9s\u0171 tanfolyam, melynek egyes moduljai (szkill \u00e9s\/vagy szimul\u00e1ci\u00f3) elv\u00e9gezhet\u0151ek k\u00fcl\u00f6n-k\u00fcl\u00f6n is, javasolt mindenkinek, aki munk\u00e1ja sor\u00e1n k\u00e9szs\u00e9g\u00e1tad\u00e1si (szkill-k\u00e9pz\u00e9s) \u00e9s\/vagy szitu\u00e1ci\u00f3s szimul\u00e1ci\u00f3s oktat\u00e1si feladatot l\u00e1t el. Elv\u00e9gz\u00e9s\u00e9hez szimul\u00e1ci\u00f3s hallgat\u00f3i saj\u00e1t \u00e9lm\u00e9ny sz\u00fcks\u00e9ges, ami megszerezhet\u0151 a \u201eCPR \u00fajra\u00e9leszt\u00e9s\u201d \u00e9s\/vagy \u201eA kritikus \u00e1llapot\u00fa p\u00e1ciens ell\u00e1t\u00e1sa (magas h\u0171s\u00e9g\u0171 HiFi-szimul\u00e1ci\u00f3val)\u201d c. tanfolyamainkon.<\/p>\n<p>Id\u0151pont: <strong><span style=\"color: #ff0000\">2026.10.09-10-11<\/span><\/strong><\/p>\n<p>Jelentkez\u00e9si hat\u00e1rid\u0151: <strong><span style=\"color: #ff0000\">2026.08.31<\/span><\/strong><\/p>\n<p>Helysz\u00edn: <span style=\"font-size: 1rem\">Intenz\u00edv Ter\u00e1pi\u00e1s Klinika,<\/span><\/p>\n<p>Klinikai Szimul\u00e1ci\u00f3s Tansz\u00e9ki Csoport, Szimul\u00e1ci\u00f3s K\u00f6zpont (1096 Budapest, Ern\u0151 u. 7.)<\/p>\n<p>Tanfolyamfelel\u0151s: dr. Frit\u00faz G\u00e1bor, szakmai vezet\u0151<br \/>\nKapcsolat: tanfolyam.itk@semmelweis.hu<br \/>\nEl\u0151zetes program<br \/>\n<a href=\"https:\/\/docs.google.com\/forms\/d\/e\/1FAIpQLSc__29xwSlq03G3wWY_hvS7GeGtyDVLKBRUOZtmR08j-g44Jg\/viewform?usp=preview\">Jelentkez\u00e9s<\/a><\/p>\n<p><strong>Nemfarmakol\u00f3giai m\u00f3dszerek a sz\u00fcl\u00e9szeti f\u00e1jdalomkezel\u00e9sben (16 pont)<\/strong><\/p>\n<p style=\"text-align: justify\">Szakk\u00e9pes\u00edt\u00e9sek, melyekhez <em>szakmai szerinti<\/em> pontsz\u00e1mk\u00e9nt elsz\u00e1molhat\u00f3: (1) aneszteziol\u00f3gia-intenz\u00edv ter\u00e1pia, (2) orvos (szakir\u00e1ny\u00fa k\u00e9pes\u00edt\u00e9s n\u00e9lk\u00fcl), (3) oxyol\u00f3gia \u00e9s s\u00fcrg\u0151ss\u00e9gi orvostan, (4) sz\u00fcl\u00e9szet-n\u0151gy\u00f3gy\u00e1szat<\/p>\n<p>Id\u0151pont: <strong><span style=\"color: #ff0000\">2026. november 7.<\/span><\/strong><\/p>\n<p>Helysz\u00edn: ELTE PPK 1064 Izabella u. 46.<\/p>\n<p>R\u00e9szv\u00e9teli d\u00edj: 40.000 Ft<\/p>\n<p style=\"text-align: justify\">Jelentkez\u00e9s <a href=\"https:\/\/mpppot.hu\/tevekenysegek\/kepzesek\/nonfarma-nem-farmakologiai-modszerek-a-peripartum-fajdalommenedzsmentben\" target=\"_blank\" rel=\"noopener\">ezen a fel\u00fcleten<\/a> tal\u00e1lhat\u00f3 \u0171rlapon.<\/p>\n","protected":false},"excerpt":{"rendered":"<p>Szuggeszti\u00f3k alkalmaz\u00e1sa a szomatikus orvosl\u00e1sban k\u00e9pz\u00e9s (SASOK) A SASOK a Magyar Hipn\u00f3zis Egyes\u00fclet \u00e9s Klinik\u00e1nk k\u00f6z\u00f6s szervez\u00e9s\u00e9ben m\u0171k\u00f6d\u0151 akkredit\u00e1lt*** k\u00e9pz\u00e9s. Jelleg\u00e9n\u00e9l fogva c\u00e9lcsoportja mag\u00e1ban foglalja orvosi \u00e9s szakdolgoz\u00f3i specialit\u00e1sok k\u00e9pvisel\u0151it. Orvosi szakm\u00e1k m\u0171vel\u0151i (aneszteziol\u00f3gus-intenz\u00edv terapeut\u00e1k, sz\u00fcl\u00e9sz-n\u0151gy\u00f3gy\u00e1szok, s\u00fcrg\u0151ss\u00e9gi orvosok, fogorvosok&#8230;) \u00e9pp\u00fagy hallgatj\u00e1k a k\u00e9pz\u00e9st, mint gy\u00f3gytorn\u00e1szok, sz\u00fcl\u00e9szn\u0151k, dietetikusok, v\u00e9d\u0151n\u0151k, ment\u00e1lhigi\u00e9nikusok, diplom\u00e1s \u00e1pol\u00f3k, szak\u00e1pol\u00f3k. *A SASOK tanfolyam &hellip;<\/p>\n","protected":false},"author":101992,"featured_media":0,"parent":55,"menu_order":4,"comment_status":"closed","ping_status":"closed","template":"","meta":{"_acf_changed":false,"footnotes":""},"categories":[],"tags":[],"class_list":["post-108","page","type-page","status-publish","hentry"],"acf":[],"_links":{"self":[{"href":"https:\/\/semmelweis.hu\/aneszteziologia\/wp-json\/wp\/v2\/pages\/108","targetHints":{"allow":["GET"]}}],"collection":[{"href":"https:\/\/semmelweis.hu\/aneszteziologia\/wp-json\/wp\/v2\/pages"}],"about":[{"href":"https:\/\/semmelweis.hu\/aneszteziologia\/wp-json\/wp\/v2\/types\/page"}],"author":[{"embeddable":true,"href":"https:\/\/semmelweis.hu\/aneszteziologia\/wp-json\/wp\/v2\/users\/101992"}],"replies":[{"embeddable":true,"href":"https:\/\/semmelweis.hu\/aneszteziologia\/wp-json\/wp\/v2\/comments?post=108"}],"version-history":[{"count":16,"href":"https:\/\/semmelweis.hu\/aneszteziologia\/wp-json\/wp\/v2\/pages\/108\/revisions"}],"predecessor-version":[{"id":9597,"href":"https:\/\/semmelweis.hu\/aneszteziologia\/wp-json\/wp\/v2\/pages\/108\/revisions\/9597"}],"up":[{"embeddable":true,"href":"https:\/\/semmelweis.hu\/aneszteziologia\/wp-json\/wp\/v2\/pages\/55"}],"wp:attachment":[{"href":"https:\/\/semmelweis.hu\/aneszteziologia\/wp-json\/wp\/v2\/media?parent=108"}],"wp:term":[{"taxonomy":"category","embeddable":true,"href":"https:\/\/semmelweis.hu\/aneszteziologia\/wp-json\/wp\/v2\/categories?post=108"},{"taxonomy":"post_tag","embeddable":true,"href":"https:\/\/semmelweis.hu\/aneszteziologia\/wp-json\/wp\/v2\/tags?post=108"}],"curies":[{"name":"wp","href":"https:\/\/api.w.org\/{rel}","templated":true}]}}