{"id":107,"date":"2012-03-23T12:38:38","date_gmt":"2012-03-23T12:38:38","guid":{"rendered":"http:\/\/semmelweis-egyetem.hu\/aneszteziologia\/?page_id=107"},"modified":"2026-03-27T11:08:32","modified_gmt":"2026-03-27T10:08:32","slug":"kotelezoen-valaszthato-tanfolyamok","status":"publish","type":"page","link":"https:\/\/semmelweis.hu\/aneszteziologia\/oktatas\/posztgradualis-orvoskepzes\/kotelezoen-valaszthato-tanfolyamok\/","title":{"rendered":"K\u00f6telez\u0151en v\u00e1laszthat\u00f3 tanfolyamok"},"content":{"rendered":"<div dir=\"ltr\">\n<div><span style=\"color: #0000ff\"><strong style=\"font-size: 14pt;text-align: justify\">ULTRAHANG alkalmaz\u00e1sa a mindennapi INTENZ\u00cdV \u00e9s S\u00dcRG\u0150SS\u00c9GI gyakorlatban tanfolyam <\/strong><\/span><span style=\"font-size: 14pt;text-align: justify\">(<\/span><span style=\"color: #ff0000\"><strong>48<\/strong><\/span><span style=\"font-size: 14pt;text-align: justify\">\u00a0oftex-pont)<\/span><\/div>\n<div>\n<p style=\"text-align: justify\"><span style=\"font-size: 14pt\">A tanfolyam teljes\u00edt\u00e9s\u00e9hez az elm\u00e9leti nap \u00e9s a 2 gyakorlati nap elv\u00e9gz\u00e9se sz\u00fcks\u00e9ges.<\/span><\/p>\n<p style=\"text-align: justify\"><span style=\"font-size: 14pt\">Elm\u00e9leti k\u00e9pz\u00e9s: b<\/span>efizet\u00e9st\u0151l f\u00fcgg\u0151en folyamatosan t\u00e1voktat\u00e1ssal (online)<\/p>\n<p style=\"text-align: justify\"><span style=\"font-size: 14pt\"><span style=\"color: #ff0000\"><span style=\"color: #000000\"><b><span style=\"color: #0000ff\">Id\u0151pont:<\/span> <span style=\"color: #ff0000\">2026.10.21-22-23<\/span><\/b><\/span><\/span><\/span><\/p>\n<p style=\"text-align: justify\"><span style=\"font-size: 14pt\"><span style=\"color: #000000\"><span style=\"color: #0000ff\"><strong>Helysz\u00edn: Semmelweis Szimul\u00e1ci\u00f3s K\u00f6zpont <\/strong><\/span>(1096 Budapest, Ern\u0151 u. 7.)\u00a0 <\/span><\/span><\/p>\n<p style=\"text-align: justify\"><span style=\"font-size: 14pt\"><span style=\"color: #000000\"><strong><span style=\"color: #0000ff\">Jelentkez\u00e9si hat\u00e1rid\u0151:<\/span>\u00a0 <span style=\"color: #ff0000\">2026.08.31<\/span><\/strong><\/span><\/span><\/p>\n<p>R\u00e9szv\u00e9teli d\u00edj: 121.925 Ft<\/p>\n<p style=\"text-align: justify\"><span style=\"font-size: 14pt\"><a href=\"https:\/\/semmelweis.hu\/aneszteziologia\/ltrahang-alkalmazasa-a-mindennapi-intenziv-es-surgossegi-gyakorlatban-tanfolyam-bovebb-informaciok\/\" target=\"_blank\" rel=\"noopener noreferrer\">B\u0151vebb inform\u00e1ci\u00f3k<\/a><\/span><\/p>\n<p style=\"text-align: justify\"><a href=\"https:\/\/docs.google.com\/forms\/d\/e\/1FAIpQLScohvNKU-ZwMnZVh7aUFfyDVgUthl4-k4Wy2vCE6O-p4kSs-Q\/viewform?usp=preview\"><span style=\"font-size: 14pt\">Jelentkez\u00e9s<\/span><\/a><\/p>\n<\/div>\n<div dir=\"ltr\">\n<hr \/>\n<p style=\"vertical-align: baseline;margin: 0px 0px 1em;border: 0px;padding: 0px\"><span style=\"font-size: 14pt;color: #e8549e\"><strong>A kritikus \u00e1llapot\u00fa p\u00e1ciens ell\u00e1t\u00e1sa (mag<span style=\"color: #e8549e\">as h\u0171s\u00e9g\u0171<\/span> HiFi-szimul\u00e1ci\u00f3val) <\/strong><\/span><span style=\"font-size: 14pt\">(<strong><span style=\"color: #ff0000\">16 <\/span><\/strong>oftex-pont)<\/span><\/p>\n<p><strong><span style=\"color: #e8549e\">Id\u0151pont:<\/span> <span style=\"color: #ff0000\">2026.05.19<\/span><\/strong><\/p>\n<p><span style=\"color: #e8549e\">Jelentkez\u00e9si hat\u00e1rid\u0151:<\/span> <strong><span style=\"color: #ff0000\">2026.03.31<\/span><\/strong><\/p>\n<p style=\"vertical-align: baseline;margin: 0px 0px 1em;border: 0px;padding: 0px\"><span style=\"color: #e8549e\"><span style=\"font-size: 14pt;font-family: georgia, tahoma, serif;vertical-align: baseline;margin: 0px;background-color: transparent;border: 0px;padding: 0px\"><span style=\"vertical-align: baseline;margin: 0px;background-color: transparent;border: 0px;padding: 0px\">Helysz\u00edn: <\/span><\/span><span style=\"font-size: 14pt;font-family: georgia, tahoma, serif;vertical-align: baseline;margin: 0px;background-color: transparent;border: 0px none;padding: 0px\"><span style=\"vertical-align: baseline;margin: 0px;background-color: transparent;border: 0px none;padding: 0px\">Semmelweis Szimul\u00e1ci\u00f3s K\u00f6zpont<\/span><\/span><\/span> <span style=\"font-size: 14pt;font-family: georgia, tahoma, serif;vertical-align: baseline;color: #666699;margin: 0px;background-color: transparent;border: 0px;padding: 0px\"><span style=\"vertical-align: baseline;margin: 0px;background-color: transparent;border: 0px;padding: 0px\">(<span style=\"font-size: 14pt\"><span style=\"color: #000000\">1096 Budapest, Ern\u0151 u. 7.<\/span><\/span><\/span><span style=\"vertical-align: baseline;margin: 0px;background-color: transparent;border: 0px;padding: 0px\">)<\/span><\/span><\/p>\n<p>R\u00e9szv\u00e9teli d\u00edj: 68.767 Ft.<\/p>\n<p><a href=\"https:\/\/semmelweis.hu\/aneszteziologia\/oktatas\/posztgradualis-orvoskepzes\/kotelezoen-valaszthato-tanfolyamok\/a-kritikus-allapotu-paciens-ellatasa-magas-husegu-hifi-szimulacioval\/\">B\u0151vebb inform\u00e1ci\u00f3k<\/a><\/p>\n<p style=\"vertical-align: baseline;margin: 0px 0px 1em;border: 0px;padding: 0px\"><span style=\"font-size: 14pt;font-family: georgia, tahoma, serif;vertical-align: baseline;color: #ff0000;margin: 0px;background-color: transparent;border: 0px;padding: 0px\"><a href=\"https:\/\/docs.google.com\/forms\/d\/1ZolTJOz0LJ4K28OQebmhGtXrxsaPewCkpF4zJ7yKlB8\/preview\" target=\"_blank\" rel=\"noopener noreferrer\">Jelentkez\u00e9s<\/a><\/span><\/p>\n<div dir=\"ltr\">\n<p><span style=\"font-size: 14pt\"><a href=\"https:\/\/semmelweis.hu\/aneszteziologia\/a-kritikus-allapotu-paciens-ellatasa-eloadasanyagok\/\" target=\"_blank\" rel=\"noopener noreferrer\">Let\u00f6lthet\u0151 el\u0151ad\u00e1sanyagok<\/a><\/span><\/p>\n<hr \/>\n<hr \/>\n<div dir=\"ltr\">\n<p><span style=\"font-size: 14pt\"><strong>V\u00e1ratlan helyzetek ell\u00e1t\u00e1sa altat\u00e1s k\u00f6zben (magash\u0171s\u00e9g\u0171 HiFi-szimul\u00e1ci\u00f3val)<br \/>\n<\/strong><\/span><br \/>\n<span style=\"font-size: 14pt\">Id\u0151pont: ig\u00e9ny szerint szervezz\u00fck<\/span><\/p>\n<p><span style=\"font-size: 14pt\">Ig\u00e9ny jelz\u00e9se: <a href=\"mailto:itk.tanfolyam@semmelweis.hu\">itk.tanfolyam@semmelweis.hu<\/a><\/span><\/p>\n<hr \/>\n<div dir=\"ltr\">\n<p><span style=\"font-size: 14pt\"><strong>Ultrahang-vez\u00e9relt region\u00e1lis aneszt\u00e9zia <\/strong>(<span style=\"color: #ff0000\"><strong>16<\/strong><\/span> oftex-pont)<strong><br \/>\n<\/strong><\/span><br \/>\n<span style=\"font-size: 14pt\">Id\u0151pont: <span style=\"color: #ff0000\"><strong><span class=\"Normal__Char\">szervez\u00e9s alatt<\/span><\/strong><\/span><\/span><\/p>\n<p><span style=\"font-size: 14pt\">Jelentkez\u00e9s: <a href=\"mailto:annamaria.fulmer@bbraun.com\">annamaria.fulmer@bbraun.com<\/a><\/span><\/p>\n<hr \/>\n<div dir=\"ltr\">\n<p style=\"vertical-align: baseline;margin: 0px 0px 1em;border: 0px;padding: 0px\"><span style=\"font-size: 14pt\"><span style=\"color: #008000\"><b style=\"font-family: georgia, tahoma, serif;vertical-align: baseline;margin: 0px;background-color: transparent;border: 0px;padding: 0px\">CPR \u2013 \u00dajra\u00e9leszt\u00e9s (modul\u00e1ris tanfolyam)<\/b><\/span> (<strong><span style=\"color: #ff0000\">32 <\/span><\/strong>pont)<strong><br \/>\n<\/strong><\/span><br \/>\n<span style=\"font-size: 14pt\"><span style=\"font-family: georgia, tahoma, serif;vertical-align: baseline;margin: 0px;background-color: transparent;border: 0px;padding: 0px\"><span style=\"vertical-align: baseline;margin: 0px;background-color: transparent;border: 0px;padding: 0px\"><span style=\"vertical-align: baseline;margin: 0px;background-color: transparent;border: 0px;padding: 0px\">Id\u0151pont: <strong><span style=\"color: #ff0000\">2026. november 18-19. (szerda-cs\u00fct\u00f6rt\u00f6k)<\/span><\/strong><\/span><\/span><\/span><span style=\"font-family: georgia, tahoma, serif;vertical-align: baseline;color: #ff0000;margin: 0px;background-color: transparent;border: 0px;padding: 0px\"><span style=\"vertical-align: baseline;color: #000000;margin: 0px;background-color: transparent;border: 0px;padding: 0px\"><br \/>\nHelysz\u00edn: <\/span><\/span><span style=\"font-family: georgia, tahoma, serif;vertical-align: baseline;margin: 0px;background-color: transparent;border: 0px;padding: 0px;color: #008000\"><span style=\"vertical-align: baseline;margin: 0px;background-color: transparent;border: 0px;padding: 0px\"><strong>Semmelweis Szimul\u00e1ci\u00f3s K\u00f6zpont<\/strong> <\/span><\/span><span style=\"font-family: georgia, tahoma, serif;vertical-align: baseline;color: #ff0000;margin: 0px;background-color: transparent;border: 0px;padding: 0px\"><span style=\"vertical-align: baseline;color: #000000;margin: 0px;background-color: transparent;border: 0px;padding: 0px\"><span style=\"color: #008000\"><span style=\"color: #000000\">(1096 Budapest, Ern\u0151 u. 7.<\/span><\/span><\/span><span style=\"color: #000000\"><span style=\"vertical-align: baseline;margin: 0px;background-color: transparent;border: 0px;padding: 0px\">)<\/span><\/span><\/span><\/span><\/p>\n<p style=\"vertical-align: baseline;margin: 0px 0px 1em;border: 0px;padding: 0px\"><span style=\"font-size: 14pt\"><span style=\"font-family: georgia, tahoma, serif;vertical-align: baseline;color: #ff0000;margin: 0px;background-color: transparent;border: 0px;padding: 0px\"><span style=\"color: #000000\"><span style=\"color: #008000\">Jelentkez\u00e9si hat\u00e1rid\u0151: <strong><span style=\"color: #ff0000\">2026.09.01<\/span><\/strong><\/span><\/span><\/span><\/span><span style=\"font-size: 14pt\"><a href=\"https:\/\/semmelweis.hu\/aneszteziologia\/jelentkezes-cpr-ujraelesztes-modularis-tanfolyam\/\" target=\"_blank\" rel=\"noopener noreferrer\"><br \/>\n<\/a><\/span><\/p>\n<p>R\u00e9szv\u00e9teli d\u00edj:\u00a0 124.125\u00a0Ft<\/p>\n<p style=\"vertical-align: baseline;margin: 0px 0px 1em;border: 0px;padding: 0px\"><a href=\"https:\/\/docs.google.com\/forms\/d\/e\/1FAIpQLSd6NQcqImkbAWnekeOeqwYQA8i15s1i3WX_9AWnt1BbIVHr5A\/viewform?usp=preview\"><span style=\"font-size: 14pt\">Jelentkez\u00e9s<\/span><\/a><\/p>\n<hr \/>\n<p style=\"vertical-align: baseline;margin: 0px 0px 1em;border: 0px;padding: 0px;text-align: justify\"><span style=\"font-size: 14pt\"><span style=\"color: #808000\"><strong>L\u00c9LEGEZTET\u00c9S korszer\u0171en: modul\u00e1ris tanfolyam <\/strong><\/span>(a teljes tanfolyamra: <span style=\"color: #ff0000\"><strong>50<\/strong><\/span> oftex-pont)<\/span><\/p>\n<div dir=\"ltr\">\n<div>\n<p style=\"text-align: justify\"><span style=\"font-size: 14pt;color: #000000\">Modul\u00e1ris szerkezet\u0171 tanfolyam, az egyes modulok jelentkez\u00e9s f\u00fcggv\u00e9ny\u00e9ben ker\u00fclnek megrendez\u00e9sre. L\u00e9tsz\u00e1mlimitek: minimum 5 f\u0151\/modul \u2013 maximum 18 f\u0151\/modul<\/span><\/p>\n<p style=\"text-align: justify\"><span style=\"color: #000000\">A tanfolyam a<strong> <span style=\"text-transform: none;float: none;font-weight: 400;color: #000000;letter-spacing: normal;background-color: #ffffff;text-indent: 0px\"><strong><span style=\"color: #ff0000\">2026.09.29 &#8211; 2026.11.05<\/span><\/strong>\u00a0id\u0151szakban ker\u00fcl megrendez\u00e9sre.<\/span><\/strong><\/span><\/p>\n<p>Alap modul: <strong><span style=\"color: #808000\">2026.09.29-10.01<\/span><\/strong><\/p>\n<p>Probl\u00e9maorient\u00e1lt modul: <strong><span style=\"color: #808000\">2026.10.06.-07.<\/span><\/strong><\/p>\n<p>Diagnosztika modul (bronchoszk\u00f3pia \u00e9s mellkasi k\u00e9palkot\u00f3k): <strong><span style=\"color: #808000\">2026.10.08.<\/span><\/strong><\/p>\n<p>Noninvaz\u00edv l\u00e9legeztet\u00e9s modul: <strong><span style=\"color: #808000\">2026.11.03-05.<\/span><\/strong><\/p>\n<p><span style=\"color: #808000\">Jelentkez\u00e9si hat\u00e1rid\u0151:<\/span> <strong><span style=\"color: #ff0000\">2026.08.31<\/span><\/strong><\/p>\n<p class=\"Normal\"><span style=\"color: #000000\"><span style=\"color: #808000\"><strong>E<\/strong><\/span><b style=\"font-family: 'Times New Roman';font-size: 14pt\"><span style=\"color: #808000\">l\u0151zetes regisztr\u00e1ci\u00f3val az 2026 \u0150SZI tanfolyamra<\/span> <a href=\"https:\/\/docs.google.com\/forms\/d\/e\/1FAIpQLSfxfL3s5FbVco59eF1A7sa1V_3bSG2YVjg4jzVREUNBoNyqhQ\/viewform?usp=preview\"><span style=\"color: #ff6600\">ezen a linken<\/span><\/a> <span style=\"color: #808000\">lehet jelentkezni.<\/span><\/b><\/span><\/p>\n<p><span style=\"color: #000000\"><span style=\"font-size: 14pt\">Helysz\u00edn: <strong><span style=\"color: #808000\">Semmelweis Egyetem Bels\u0151 Klinikai T\u00f6mb<\/span><\/strong>,<span style=\"color: #808000\"> Budapest VIII ker\u00fclet Baross utca 23-25 (R\u00e9gi Transzplant\u00e1ci\u00f3s Klinika \u00e9p\u00fclet) Tanterem (1. emelet)<\/span><\/span><\/span><\/p>\n<p><span style=\"color: #000000\">Egy adott modul megrendez\u00e9se a jelentkez\u0151k sz\u00e1m\u00e1t\u00f3l f\u00fcgg, el\u0151zetesen egyeztet\u00fcnk minden jelentkez\u0151vel. A jelentkez\u00e9seket a be\u00e9rkez\u00e9s sorrendj\u00e9ben tudjuk fogadni.<\/span><\/p>\n<div id=\"GroupWiseSection_1643012478000_laki.judit@med.semmelweis-univ.hu_27F2C401191C0000B4706F6435643037_\" class=\"GroupWiseMessageBody active\"><span style=\"font-size: 1rem;color: #000000\">A hat\u00e9konyabb oktat\u00e1si folyamat \u00e9rdek\u00e9ben a tanfolyam alatt hat\u00e1rozottan k\u00e9rj\u00fck az \u00fcgyeleti \/ \u00e9jszakai m\u0171szakos munkav\u00e9gz\u00e9s mell\u0151z\u00e9s\u00e9t a r\u00e9sztvev\u0151kt\u0151l.<\/span><\/div>\n<\/div>\n<div>\n<p><span style=\"color: #000000\">K\u00f6sz\u00f6nj\u00fck az el\u0151rel\u00e1t\u00f3 \u00fcgyelet- \u00e9s beoszt\u00e1stervez\u00e9st.\u00a0<\/span><\/p>\n<p style=\"text-align: justify\"><span style=\"font-size: 14pt\"><a href=\"https:\/\/semmelweis.hu\/aneszteziologia\/korszeru-lelegeztetes-eloadasai\/\" target=\"_blank\" rel=\"noopener noreferrer\">Let\u00f6lthet\u0151 el\u0151ad\u00e1sanyagok<\/a><\/span><br \/>\n<span style=\"font-size: 14pt\"><a href=\"https:\/\/semmelweis.hu\/aneszteziologia\/lelegeztetes-korszeruen\/\" target=\"_blank\" rel=\"noopener noreferrer\">B\u0151vebb inform\u00e1ci\u00f3k<br \/>\n<\/a>A teljes tanfolyam kedvezm\u00e9nnyel egy\u00fctt 280.000 Ft<a href=\"https:\/\/semmelweis.hu\/aneszteziologia\/jelentkezes-korszeru-lelegeztetes\/\"><br \/>\n<\/a><a href=\"https:\/\/docs.google.com\/forms\/d\/1yWxQtaUB-j1K8r7cUkHY9RhfqDzQ7mKekO4FkuZXyi8\/preview\">Jelentkez\u00e9s<\/a><\/span><\/p>\n<hr \/>\n<p style=\"text-align: justify\"><span style=\"font-size: 14pt\"><strong>Jogi helyzetek \u00e9s megold\u00e1sok a mindennapi orvosi gyakorlatban (16 pont)<\/strong><\/span><\/p>\n<p style=\"text-align: justify\"><span style=\"font-size: 14pt\"><span style=\"color: #000000\"><span class=\"Normal__Char\">Id\u0151pont:<\/span>\u00a0<\/span>Ig\u00e9ny szerint szervezz\u00fck<\/span><\/p>\n<p style=\"text-align: justify\"><span style=\"font-size: 14pt\">Ig\u00e9ny jelz\u00e9se: <\/span><a href=\"mailto:itk.tanfolyam@semmelweis.hu\">itk.tanfolyam@semmelweis.hu<\/a><\/p>\n<\/div>\n<div>\u00a0<\/div>\n<\/div>\n<\/div>\n<\/div>\n<\/div>\n<\/div>\n<\/div>\n<\/div>\n","protected":false},"excerpt":{"rendered":"<p>ULTRAHANG alkalmaz\u00e1sa a mindennapi INTENZ\u00cdV \u00e9s S\u00dcRG\u0150SS\u00c9GI gyakorlatban tanfolyam (48\u00a0oftex-pont) A tanfolyam teljes\u00edt\u00e9s\u00e9hez az elm\u00e9leti nap \u00e9s a 2 gyakorlati nap elv\u00e9gz\u00e9se sz\u00fcks\u00e9ges. Elm\u00e9leti k\u00e9pz\u00e9s: befizet\u00e9st\u0151l f\u00fcgg\u0151en folyamatosan t\u00e1voktat\u00e1ssal (online) Id\u0151pont: 2026.10.21-22-23 Helysz\u00edn: Semmelweis Szimul\u00e1ci\u00f3s K\u00f6zpont (1096 Budapest, Ern\u0151 u. 7.)\u00a0 Jelentkez\u00e9si hat\u00e1rid\u0151:\u00a0 2026.08.31 R\u00e9szv\u00e9teli d\u00edj: 121.925 Ft <a href=\"https:\/\/semmelweis.hu\/aneszteziologia\/ltrahang-alkalmazasa-a-mindennapi-intenziv-es-surgossegi-gyakorlatban-tanfolyam-bovebb-informaciok\/\" target=\"_blank\" rel=\"noopener noreferrer\">B\u0151vebb inform\u00e1ci\u00f3k<\/a> <a href=\"https:\/\/docs.google.com\/forms\/d\/e\/1FAIpQLScohvNKU-ZwMnZVh7aUFfyDVgUthl4-k4Wy2vCE6O-p4kSs-Q\/viewform?usp=preview\">Jelentkez\u00e9s<\/a> A kritikus \u00e1llapot\u00fa p\u00e1ciens ell\u00e1t\u00e1sa (magas h\u0171s\u00e9g\u0171 &hellip;<\/p>\n","protected":false},"author":102323,"featured_media":0,"parent":55,"menu_order":3,"comment_status":"closed","ping_status":"closed","template":"","meta":{"_acf_changed":false,"footnotes":""},"categories":[9],"tags":[],"class_list":["post-107","page","type-page","status-publish","hentry","category-oktatas"],"acf":[],"_links":{"self":[{"href":"https:\/\/semmelweis.hu\/aneszteziologia\/wp-json\/wp\/v2\/pages\/107","targetHints":{"allow":["GET"]}}],"collection":[{"href":"https:\/\/semmelweis.hu\/aneszteziologia\/wp-json\/wp\/v2\/pages"}],"about":[{"href":"https:\/\/semmelweis.hu\/aneszteziologia\/wp-json\/wp\/v2\/types\/page"}],"author":[{"embeddable":true,"href":"https:\/\/semmelweis.hu\/aneszteziologia\/wp-json\/wp\/v2\/users\/102323"}],"replies":[{"embeddable":true,"href":"https:\/\/semmelweis.hu\/aneszteziologia\/wp-json\/wp\/v2\/comments?post=107"}],"version-history":[{"count":17,"href":"https:\/\/semmelweis.hu\/aneszteziologia\/wp-json\/wp\/v2\/pages\/107\/revisions"}],"predecessor-version":[{"id":9588,"href":"https:\/\/semmelweis.hu\/aneszteziologia\/wp-json\/wp\/v2\/pages\/107\/revisions\/9588"}],"up":[{"embeddable":true,"href":"https:\/\/semmelweis.hu\/aneszteziologia\/wp-json\/wp\/v2\/pages\/55"}],"wp:attachment":[{"href":"https:\/\/semmelweis.hu\/aneszteziologia\/wp-json\/wp\/v2\/media?parent=107"}],"wp:term":[{"taxonomy":"category","embeddable":true,"href":"https:\/\/semmelweis.hu\/aneszteziologia\/wp-json\/wp\/v2\/categories?post=107"},{"taxonomy":"post_tag","embeddable":true,"href":"https:\/\/semmelweis.hu\/aneszteziologia\/wp-json\/wp\/v2\/tags?post=107"}],"curies":[{"name":"wp","href":"https:\/\/api.w.org\/{rel}","templated":true}]}}