{"id":106,"date":"2012-03-23T12:37:57","date_gmt":"2012-03-23T12:37:57","guid":{"rendered":"http:\/\/semmelweis-egyetem.hu\/aneszteziologia\/?page_id=106"},"modified":"2026-03-27T11:22:55","modified_gmt":"2026-03-27T10:22:55","slug":"kotelezo-szintentarto-tanfolyamok","status":"publish","type":"page","link":"https:\/\/semmelweis.hu\/aneszteziologia\/oktatas\/posztgradualis-orvoskepzes\/kotelezo-szintentarto-tanfolyamok\/","title":{"rendered":"Szakorvosok sz\u00e1m\u00e1ra k\u00f6telez\u0151 szintentart\u00f3 tanfolyamok"},"content":{"rendered":"<p><strong>Aneszteziol\u00f3gia &#8211; intenz\u00edv ter\u00e1pia<\/strong> (50 pont) <span style=\"color: #ff0000\"><strong>2027. janu\u00e1r\u00a0<\/strong><br \/>\n<\/span>Jelentkez\u00e9s: <a href=\"http:\/\/www.oftex.hu\/\">www.oftex.hu<\/a><\/p>\n","protected":false},"excerpt":{"rendered":"<p>Aneszteziol\u00f3gia &#8211; intenz\u00edv ter\u00e1pia (50 pont) 2027. janu\u00e1r\u00a0<br \/>\nJelentkez\u00e9s: <a href=\"http:\/\/www.oftex.hu\/\">www.oftex.hu<\/a><\/p>\n","protected":false},"author":101143,"featured_media":0,"parent":55,"menu_order":2,"comment_status":"closed","ping_status":"closed","template":"","meta":{"_acf_changed":false,"footnotes":""},"categories":[],"tags":[],"class_list":["post-106","page","type-page","status-publish","hentry"],"acf":[],"_links":{"self":[{"href":"https:\/\/semmelweis.hu\/aneszteziologia\/wp-json\/wp\/v2\/pages\/106","targetHints":{"allow":["GET"]}}],"collection":[{"href":"https:\/\/semmelweis.hu\/aneszteziologia\/wp-json\/wp\/v2\/pages"}],"about":[{"href":"https:\/\/semmelweis.hu\/aneszteziologia\/wp-json\/wp\/v2\/types\/page"}],"author":[{"embeddable":true,"href":"https:\/\/semmelweis.hu\/aneszteziologia\/wp-json\/wp\/v2\/users\/101143"}],"replies":[{"embeddable":true,"href":"https:\/\/semmelweis.hu\/aneszteziologia\/wp-json\/wp\/v2\/comments?post=106"}],"version-history":[{"count":12,"href":"https:\/\/semmelweis.hu\/aneszteziologia\/wp-json\/wp\/v2\/pages\/106\/revisions"}],"predecessor-version":[{"id":9596,"href":"https:\/\/semmelweis.hu\/aneszteziologia\/wp-json\/wp\/v2\/pages\/106\/revisions\/9596"}],"up":[{"embeddable":true,"href":"https:\/\/semmelweis.hu\/aneszteziologia\/wp-json\/wp\/v2\/pages\/55"}],"wp:attachment":[{"href":"https:\/\/semmelweis.hu\/aneszteziologia\/wp-json\/wp\/v2\/media?parent=106"}],"wp:term":[{"taxonomy":"category","embeddable":true,"href":"https:\/\/semmelweis.hu\/aneszteziologia\/wp-json\/wp\/v2\/categories?post=106"},{"taxonomy":"post_tag","embeddable":true,"href":"https:\/\/semmelweis.hu\/aneszteziologia\/wp-json\/wp\/v2\/tags?post=106"}],"curies":[{"name":"wp","href":"https:\/\/api.w.org\/{rel}","templated":true}]}}