{"id":9,"date":"2024-09-12T15:34:36","date_gmt":"2024-09-12T13:34:36","guid":{"rendered":"https:\/\/semmelweis.hu\/anesztezia\/?page_id=9"},"modified":"2025-11-04T08:51:51","modified_gmt":"2025-11-04T07:51:51","slug":"elerhetoseg","status":"publish","type":"page","link":"https:\/\/semmelweis.hu\/anesztezia\/elerhetoseg\/","title":{"rendered":"El\u00e9rhet\u0151s\u00e9g"},"content":{"rendered":"<p><strong>Aneszteziol\u00f3giai \u00e9s Perioperat\u00edv Betegell\u00e1t\u00f3 Int\u00e9zet telephelye:<\/strong><\/p>\n<p><strong>Semmelweis Egyetem &#8211; K\u00f6zponti Betegell\u00e1t\u00f3 \u00c9p\u00fclet<\/strong><br \/>\n1082 Budapest, \u00dcll\u0151i \u00fat <span data-olk-copy-source=\"MessageBody\">78\/B<\/span> I. emelet\u00a0<br \/>\nAmbulancia telefonsz\u00e1ma: + 36 1\u00a0 459 1500 \/ 62025<br \/>\nE-mail: <a href=\"mailto:apbi@semmelweis.hu\">apbi@semmelweis.hu<\/a><\/p>\n<p><iframe loading=\"lazy\" src=\"https:\/\/www.google.com\/maps\/embed?pb=!1m18!1m12!1m3!1d2696.366228818025!2d19.07764037587835!3d47.48277849652055!2m3!1f0!2f0!3f0!3m2!1i1024!2i768!4f13.1!3m3!1m2!1s0x4741dcfa5c5daef3%3A0x3fd48aab6aae4d2b!2zQnVkYXBlc3QsIMOcbGzFkWkgw7p0IDc4LCAxMDgy!5e0!3m2!1sen!2shu!4v1728043199649!5m2!1sen!2shu\" width=\"100%\" height=\"350\"><\/iframe><\/p>\n","protected":false},"excerpt":{"rendered":"<p>Aneszteziol\u00f3giai \u00e9s Perioperat\u00edv Betegell\u00e1t\u00f3 Int\u00e9zet telephelye:<br \/>\nSemmelweis Egyetem &#8211; K\u00f6zponti Betegell\u00e1t\u00f3 \u00c9p\u00fclet<br \/>\n1082 Budapest, \u00dcll\u0151i \u00fat 78\/B I. emelet\u00a0<br \/>\nAmbulancia telefonsz\u00e1ma: + 36 1\u00a0 459 1500 \/ 62025<br \/>\nE-mail: <a href=\"mailto:apbi@semmelweis.hu\">apbi@semmelweis.hu<\/a><\/p>\n","protected":false},"author":12,"featured_media":0,"parent":0,"menu_order":8,"comment_status":"closed","ping_status":"closed","template":"","meta":{"_acf_changed":false,"footnotes":""},"categories":[],"tags":[],"class_list":["post-9","page","type-page","status-publish","hentry"],"acf":[],"_links":{"self":[{"href":"https:\/\/semmelweis.hu\/anesztezia\/wp-json\/wp\/v2\/pages\/9","targetHints":{"allow":["GET"]}}],"collection":[{"href":"https:\/\/semmelweis.hu\/anesztezia\/wp-json\/wp\/v2\/pages"}],"about":[{"href":"https:\/\/semmelweis.hu\/anesztezia\/wp-json\/wp\/v2\/types\/page"}],"author":[{"embeddable":true,"href":"https:\/\/semmelweis.hu\/anesztezia\/wp-json\/wp\/v2\/users\/12"}],"replies":[{"embeddable":true,"href":"https:\/\/semmelweis.hu\/anesztezia\/wp-json\/wp\/v2\/comments?post=9"}],"version-history":[{"count":10,"href":"https:\/\/semmelweis.hu\/anesztezia\/wp-json\/wp\/v2\/pages\/9\/revisions"}],"predecessor-version":[{"id":497,"href":"https:\/\/semmelweis.hu\/anesztezia\/wp-json\/wp\/v2\/pages\/9\/revisions\/497"}],"wp:attachment":[{"href":"https:\/\/semmelweis.hu\/anesztezia\/wp-json\/wp\/v2\/media?parent=9"}],"wp:term":[{"taxonomy":"category","embeddable":true,"href":"https:\/\/semmelweis.hu\/anesztezia\/wp-json\/wp\/v2\/categories?post=9"},{"taxonomy":"post_tag","embeddable":true,"href":"https:\/\/semmelweis.hu\/anesztezia\/wp-json\/wp\/v2\/tags?post=9"}],"curies":[{"name":"wp","href":"https:\/\/api.w.org\/{rel}","templated":true}]}}