{"id":6,"date":"2024-09-12T15:34:12","date_gmt":"2024-09-12T13:34:12","guid":{"rendered":"https:\/\/semmelweis.hu\/anesztezia\/?page_id=6"},"modified":"2024-11-11T14:19:08","modified_gmt":"2024-11-11T13:19:08","slug":"intezetunkrol","status":"publish","type":"page","link":"https:\/\/semmelweis.hu\/anesztezia\/intezetunkrol\/","title":{"rendered":"Int\u00e9zet\u00fcnkr\u0151l"},"content":{"rendered":"<p><span style=\"font-weight: 400\">Az Aneszteziol\u00f3giai \u00e9s Perioperat\u00edv Betegell\u00e1t\u00f3 Int\u00e9zet (APBI) 2023. augusztus\u00e1ban j\u00f6tt l\u00e9tre az Aneszteziol\u00f3giai \u00e9s Intenz\u00edv Ter\u00e1pi\u00e1s Klinika \u00e1tszervez\u00e9s\u00e9t k\u00f6vet\u0151en. Az APBI f\u0151 feladata a Semmelweis Egyetem 7 Klinik\u00e1ja sz\u00e1m\u00e1ra az aneszteziol\u00f3giai \u00e9s perioperat\u00edv betegell\u00e1t\u00e1s biztos\u00edt\u00e1sa, valamint a m\u0171t\u0151n k\u00edv\u00fcli nark\u00f3zisok v\u00e9gz\u00e9se. Fontos oktat\u00e1si feladataink k\u00f6z\u00e9 tartozik a\u00a0 medikusok oktat\u00e1s\u00e1ban t\u00f6rt\u00e9n\u0151 r\u00e9szv\u00e9tel mellett az aneszteziol\u00f3giai \u00e9s intenz\u00edv ter\u00e1pi\u00e1s szakorvosk\u00e9pz\u00e9s \u00e9s az aneszteziol\u00f3gus illetve perioperat\u00edv szakasszisztens k\u00e9pz\u00e9s is. Int\u00e9zet\u00fcnk akt\u00edv a kutat\u00e1s ter\u00fclet\u00e9n is, sz\u00e1mos TDK \u00e9s PhD t\u00e9m\u00e1ban v\u00e1rjuk a hallgat\u00f3k jelentkez\u00e9s\u00e9t.<\/span><\/p>\n<p><span style=\"font-weight: 400\">C\u00e9lunk az aneszteziol\u00f3giai \u00e9s perioperat\u00edv betegell\u00e1t\u00e1s biztons\u00e1g\u00e1nak biztos\u00edt\u00e1sa a legmagasabb szint\u0171 aneszteziol\u00f3giai m\u00f3dszerek alkalmaz\u00e1s\u00e1val az ehhez sz\u00fcks\u00e9ges\u00a0 szak\u00e9rtelemmel \u00e9s gyakorlattal a teljes perioperat\u00edv id\u0151szakban. Altat\u00f3orvosaink \u00e9s asszisztenseink szakmai felk\u00e9sz\u00fclts\u00e9ge \u00e9s a rendelkez\u00e9sre \u00e1ll\u00f3 modern eszk\u00f6zpark mind az \u00d6n biztons\u00e1g\u00e1t, a sz\u00f6v\u0151dm\u00e9nyek megel\u0151z\u00e9s\u00e9t, vagy fell\u00e9p\u00e9s\u00fck eset\u00e9n azok gyors felismer\u00e9s\u00e9t \u00e9s ell\u00e1t\u00e1s\u00e1t szolg\u00e1lj\u00e1k.<\/span><\/p>\n<p>&nbsp;<\/p>\n<h4><strong>Klinik\u00e1nk szakmai tev\u00e9kenys\u00e9ge a k\u00f6vetkez\u0151 szakter\u00fcleteket \u00f6leli fel:\u00a0<\/strong><\/h4>\n<ul>\n<li><em>Szem\u00e9szeti aneszt\u00e9zia<\/em><\/li>\n<li><em>Ortop\u00e9diai aneszt\u00e9zia<\/em><\/li>\n<li><em>Sz\u00e1jseb\u00e9szeti aneszt\u00e9zia<\/em><\/li>\n<li><em>F\u00fcl-orr-g\u00e9g\u00e9szeti aneszt\u00e9zia<\/em><\/li>\n<li><em>Sz\u00fcl\u00e9szeti \u00e9s n\u0151gy\u00f3gy\u00e1szati aneszt\u00e9zia<\/em><\/li>\n<li><em>Urol\u00f3giai Klinika aneszt\u00e9zia<\/em><\/li>\n<li><em>Gyermekaneszt\u00e9zia<\/em><\/li>\n<\/ul>\n<h4><strong>AZ INT\u00c9ZET L\u00c9TREHOZ\u00c1S\u00c1NAK C\u00c9LJAI \u00c9S M\u00d3DSZEREI<\/strong><\/h4>\n<p><strong>C\u00e9l: <\/strong>Magas sz\u00ednvonal\u00fa ell\u00e1t\u00e1s biztos\u00edt\u00e1sa a betegeknek<\/p>\n<ul>\n<li>preoperat\u00edv el\u0151k\u00e9sz\u00edt\u00e9s<\/li>\n<li>intraoperat\u00edv \u00e9rz\u00e9stelen\u00edt\u00e9s \u00e9s k\u00e9nyelem<\/li>\n<li>posztoperat\u00edv gondoz\u00e1s, analg\u00e9zia<\/li>\n<\/ul>\n<h4><strong>M\u00f3dszertan alapjai<\/strong><\/h4>\n<ul>\n<li>legkorszer\u0171bb technol\u00f3gi\u00e1k \u00e9s technik\u00e1k alkalmaz\u00e1sa<\/li>\n<li>best practice, magas szakmai sz\u00ednvonalon k\u00e9pzett szakemberek<\/li>\n<li>rendszeres szakmai szintentart\u00f3 k\u00e9pz\u00e9sek, tov\u00e1bbk\u00e9pz\u00e9sek<\/li>\n<li>rezidensek, szakorvosjel\u00f6ltek folyamatos k\u00e9pz\u00e9se<\/li>\n<\/ul>\n<h4><strong>Az Int\u00e9zet misszi\u00f3ja<\/strong><\/h4>\n<p>A beteg sz\u00e1m\u00e1ra folyamatosan biztos\u00edtani:<\/p>\n<ul>\n<li>a magas sz\u00ednvonal\u00fa \u00e9s biztons\u00e1gos aneszteziol\u00f3giai ell\u00e1t\u00e1st<\/li>\n<li>a perioperat\u00edv stressz-kezel\u00e9st \u00e9s megel\u0151z\u00e9st<\/li>\n<li>a teljes k\u00f6r\u0171, szem\u00e9lyre szabott perioperat\u00edv gondoz\u00e1st<\/li>\n<li>a t\u00e1mogat\u00e1st az eg\u00e9szs\u00e9g \u00e9s j\u00f3l\u00e9t visszaszerz\u00e9s\u00e9ben<\/li>\n<\/ul>\n<div class=\"keretes w-100\">\n<p><strong>T\u00f6rekv\u00e9s\u00fcnk, hogy a betegeink az aneszteziol\u00f3giai ell\u00e1t\u00e1s kapcs\u00e1n <span style=\"font-size: 1rem\">biztons\u00e1gban, <\/span><span style=\"font-size: 1rem\">k\u00e9nyelemben, <\/span><span style=\"font-size: 1rem\">empatikus k\u00f6rnyezetben \u00e9rezz\u00e9k magukat<\/span><\/strong><\/p>\n<\/div>\n<h4><strong>Az Int\u00e9zet \u00e1ltal k\u00e9pviselt betegell\u00e1t\u00e1s alapjaI<\/strong><\/h4>\n<ul>\n<li>naprak\u00e9sz szak\u00e9rtelem, ut\u00e1np\u00f3tl\u00e1sk\u00e9pz\u00e9s<\/li>\n<li>elk\u00f6telezetts\u00e9g<\/li>\n<li>innov\u00e1ci\u00f3s fejl\u0151d\u00e9s<\/li>\n<\/ul>\n<p>&nbsp;<\/p>\n<h4><strong>OKTAT\u00c1S<\/strong><\/h4>\n<p>Az Aneszteziol\u00f3giai \u00e9s Perioperat\u00edv Betegell\u00e1t\u00f3 Int\u00e9zet minden szakorvosa r\u00e9szt vesz az aneszteziol\u00f3giai \u00e9s intenz\u00edv ter\u00e1pia szakir\u00e1ny posztgradu\u00e1lis k\u00e9pz\u00e9sben, gyakorlati \u00e9s elm\u00e9leti vizsg\u00e1ztat\u00e1sokban.<\/p>\n<p><strong>Folyamatos szakdolgoz\u00f3i, rezidensi \u00e9s szakorvosi oktat\u00e1s:<\/strong><\/p>\n<ul>\n<li>Szakmai k\u00e9pz\u00e9s, bels\u0151 kurzusok, k\u00fcls\u0151 tanfolyamok, konferenci\u00e1k, gyakorlatok bevezet\u00e9se<\/li>\n<li>Rezidensk\u00e9pz\u00e9s \u2013 tapasztalt szakorvosok fel\u00fcgyelete alatt: k\u00f6zvetlen betegell\u00e1t\u00e1sban, operat\u00edv beavatkoz\u00e1sokon val\u00f3 r\u00e9szv\u00e9tellel<\/li>\n<\/ul>\n","protected":false},"excerpt":{"rendered":"<p>Az Aneszteziol\u00f3giai \u00e9s Perioperat\u00edv Betegell\u00e1t\u00f3 Int\u00e9zet (APBI) 2023. augusztus\u00e1ban j\u00f6tt l\u00e9tre az Aneszteziol\u00f3giai \u00e9s Intenz\u00edv Ter\u00e1pi\u00e1s Klinika \u00e1tszervez\u00e9s\u00e9t k\u00f6vet\u0151en. Az APBI f\u0151 feladata a Semmelweis Egyetem 7 Klinik\u00e1ja sz\u00e1m\u00e1ra az aneszteziol\u00f3giai \u00e9s perioperat\u00edv betegell\u00e1t\u00e1s biztos\u00edt\u00e1sa, valamint a m\u0171t\u0151n k\u00edv\u00fcli nark\u00f3zisok v\u00e9gz\u00e9se. Fontos oktat\u00e1si feladataink k\u00f6z\u00e9 tartozik a\u00a0 medikusok oktat\u00e1s\u00e1ban t\u00f6rt\u00e9n\u0151 r\u00e9szv\u00e9tel mellett az aneszteziol\u00f3giai \u00e9s intenz\u00edv ter\u00e1pi\u00e1s szakorvosk\u00e9pz\u00e9s \u00e9s az aneszteziol\u00f3gus illetve perioperat\u00edv szakasszisztens k\u00e9pz\u00e9s is. Int\u00e9zet\u00fcnk akt\u00edv a kutat\u00e1s ter\u00fclet\u00e9n is, sz\u00e1mos TDK \u00e9s PhD t\u00e9m\u00e1ban v\u00e1rjuk a hallgat\u00f3k jelentkez\u00e9s\u00e9t.<\/p>\n","protected":false},"author":12,"featured_media":142,"parent":0,"menu_order":0,"comment_status":"closed","ping_status":"closed","template":"","meta":{"_acf_changed":false,"footnotes":""},"categories":[],"tags":[],"class_list":["post-6","page","type-page","status-publish","has-post-thumbnail","hentry"],"acf":[],"_links":{"self":[{"href":"https:\/\/semmelweis.hu\/anesztezia\/wp-json\/wp\/v2\/pages\/6","targetHints":{"allow":["GET"]}}],"collection":[{"href":"https:\/\/semmelweis.hu\/anesztezia\/wp-json\/wp\/v2\/pages"}],"about":[{"href":"https:\/\/semmelweis.hu\/anesztezia\/wp-json\/wp\/v2\/types\/page"}],"author":[{"embeddable":true,"href":"https:\/\/semmelweis.hu\/anesztezia\/wp-json\/wp\/v2\/users\/12"}],"replies":[{"embeddable":true,"href":"https:\/\/semmelweis.hu\/anesztezia\/wp-json\/wp\/v2\/comments?post=6"}],"version-history":[{"count":10,"href":"https:\/\/semmelweis.hu\/anesztezia\/wp-json\/wp\/v2\/pages\/6\/revisions"}],"predecessor-version":[{"id":176,"href":"https:\/\/semmelweis.hu\/anesztezia\/wp-json\/wp\/v2\/pages\/6\/revisions\/176"}],"wp:featuredmedia":[{"embeddable":true,"href":"https:\/\/semmelweis.hu\/anesztezia\/wp-json\/wp\/v2\/media\/142"}],"wp:attachment":[{"href":"https:\/\/semmelweis.hu\/anesztezia\/wp-json\/wp\/v2\/media?parent=6"}],"wp:term":[{"taxonomy":"category","embeddable":true,"href":"https:\/\/semmelweis.hu\/anesztezia\/wp-json\/wp\/v2\/categories?post=6"},{"taxonomy":"post_tag","embeddable":true,"href":"https:\/\/semmelweis.hu\/anesztezia\/wp-json\/wp\/v2\/tags?post=6"}],"curies":[{"name":"wp","href":"https:\/\/api.w.org\/{rel}","templated":true}]}}