{"id":539,"date":"2026-01-08T09:27:36","date_gmt":"2026-01-08T08:27:36","guid":{"rendered":"https:\/\/semmelweis.hu\/anesztezia\/?page_id=539"},"modified":"2026-01-08T12:41:42","modified_gmt":"2026-01-08T11:41:42","slug":"rektori-palyamunka","status":"publish","type":"page","link":"https:\/\/semmelweis.hu\/anesztezia\/tdk\/rektori-palyamunka\/","title":{"rendered":"REKTORI P\u00c1LYAMUNKA"},"content":{"rendered":"<div class=\"fontos_div\">\n<p><strong>Rektori p\u00e1lyamunka<\/strong><\/p>\n<\/div>\n<p>Rektori p\u00e1lyamunk\u00e1t a meghirdetett TDK t\u00e9m\u00e1kb\u00f3l lehet k\u00e9sz\u00edteni, ett\u0151l elt\u00e9r\u0151 ig\u00e9ny eset\u00e9n az al\u00e1bbi el\u00e9rhet\u0151s\u00e9geken \u00e9rdekl\u0151dhet:<\/p>\n<table style=\"border-collapse: collapse;width: 36.8587%;height: 85px\">\n<tbody>\n<tr>\n<td style=\"width: 100%\"><strong>Dr. Brenner D\u00e1vid<\/strong> <span style=\"font-size: 12pt\"><em>igazgat\u00f3helyettes<\/em><\/span><\/td>\n<\/tr>\n<tr>\n<td style=\"width: 100%\">brenner.david@semmelweis.hu<\/td>\n<\/tr>\n<\/tbody>\n<\/table>\n<p>&nbsp;<\/p>\n<table style=\"border-collapse: collapse;width: 35.3111%;height: 42px\">\n<tbody>\n<tr style=\"height: 10px\">\n<td style=\"width: 100%;height: 10px\">\n<p><strong>Moln\u00e1r Edina <\/strong><span style=\"font-size: 12pt\"><em>oktat\u00e1sszervez\u0151<\/em><\/span><\/p>\n<\/td>\n<\/tr>\n<tr style=\"height: 32px\">\n<td style=\"width: 100%;height: 32px\">molnar.edina.eva@semmelweis.hu<\/td>\n<\/tr>\n<\/tbody>\n<\/table>\n<p>&nbsp;<\/p>\n<p>&nbsp;<\/p>\n<p>&nbsp;<\/p>\n","protected":false},"excerpt":{"rendered":"<p>Rektori p\u00e1lyamunka<\/p>\n<p>Rektori p\u00e1lyamunk\u00e1t a meghirdetett TDK t\u00e9m\u00e1kb\u00f3l lehet k\u00e9sz\u00edteni, ett\u0151l elt\u00e9r\u0151 ig\u00e9ny eset\u00e9n az al\u00e1bbi el\u00e9rhet\u0151s\u00e9geken \u00e9rdekl\u0151dhet:<\/p>\n<p>Dr. Brenner D\u00e1vid igazgat\u00f3helyettes<\/p>\n<p>brenner.david@semmelweis.hu<\/p>\n<p>&nbsp;<\/p>\n<p>Moln\u00e1r Edina oktat\u00e1sszervez\u0151<\/p>\n<p>molnar.edina.eva@semmelweis.hu<\/p>\n<p>&nbsp;<br \/>\n&nbsp;<br \/>\n&nbsp;<\/p>\n","protected":false},"author":102417,"featured_media":0,"parent":537,"menu_order":0,"comment_status":"closed","ping_status":"closed","template":"","meta":{"_acf_changed":false,"footnotes":""},"categories":[],"tags":[],"class_list":["post-539","page","type-page","status-publish","hentry"],"acf":[],"_links":{"self":[{"href":"https:\/\/semmelweis.hu\/anesztezia\/wp-json\/wp\/v2\/pages\/539","targetHints":{"allow":["GET"]}}],"collection":[{"href":"https:\/\/semmelweis.hu\/anesztezia\/wp-json\/wp\/v2\/pages"}],"about":[{"href":"https:\/\/semmelweis.hu\/anesztezia\/wp-json\/wp\/v2\/types\/page"}],"author":[{"embeddable":true,"href":"https:\/\/semmelweis.hu\/anesztezia\/wp-json\/wp\/v2\/users\/102417"}],"replies":[{"embeddable":true,"href":"https:\/\/semmelweis.hu\/anesztezia\/wp-json\/wp\/v2\/comments?post=539"}],"version-history":[{"count":6,"href":"https:\/\/semmelweis.hu\/anesztezia\/wp-json\/wp\/v2\/pages\/539\/revisions"}],"predecessor-version":[{"id":556,"href":"https:\/\/semmelweis.hu\/anesztezia\/wp-json\/wp\/v2\/pages\/539\/revisions\/556"}],"up":[{"embeddable":true,"href":"https:\/\/semmelweis.hu\/anesztezia\/wp-json\/wp\/v2\/pages\/537"}],"wp:attachment":[{"href":"https:\/\/semmelweis.hu\/anesztezia\/wp-json\/wp\/v2\/media?parent=539"}],"wp:term":[{"taxonomy":"category","embeddable":true,"href":"https:\/\/semmelweis.hu\/anesztezia\/wp-json\/wp\/v2\/categories?post=539"},{"taxonomy":"post_tag","embeddable":true,"href":"https:\/\/semmelweis.hu\/anesztezia\/wp-json\/wp\/v2\/tags?post=539"}],"curies":[{"name":"wp","href":"https:\/\/api.w.org\/{rel}","templated":true}]}}