{"id":532,"date":"2026-01-08T11:02:54","date_gmt":"2026-01-08T10:02:54","guid":{"rendered":"https:\/\/semmelweis.hu\/anesztezia\/?page_id=532"},"modified":"2026-01-08T11:02:54","modified_gmt":"2026-01-08T10:02:54","slug":"kutatasi-temak","status":"publish","type":"page","link":"https:\/\/semmelweis.hu\/anesztezia\/kutatasi-temak\/","title":{"rendered":"Kutat\u00e1si t\u00e9m\u00e1k"},"content":{"rendered":"<div class=\"lead fontos_div\"><span style=\"font-size: 14pt\"><strong>Perioperat\u00edv f\u00e1jdalomcsillap\u00edt\u00e1s<\/strong><\/span><\/div>\n<p>A f\u00e1jdalomcsillap\u00edt\u00e1s betegkomfortra gyakorolt k\u00f6zvetlen hat\u00e1sa mellett lehet\u0151v\u00e9 teszi a korai mobiliz\u00e1l\u00e1st, cs\u00f6kkenti az akut \u00e9s kr\u00f3nikus sz\u00f6v\u0151dm\u00e9nyek el\u0151fordul\u00e1s\u00e1t (l\u00e9gz\u0151szervi- \u00e9s thrombotikus esem\u00e9nyek, perziszt\u00e1l\u00f3 posztoperat\u00edv f\u00e1jdalom, posttraum\u00e1s stressz). A multimod\u00e1lis analgetikus szeml\u00e9let a modern perioperat\u00edv ell\u00e1t\u00e1s megker\u00fclhetetlen szerepl\u0151je. Eszk\u00f6zt\u00e1r\u00e1nak r\u00e9sz\u00e9t k\u00e9pezik a l\u00e1z- \u00e9s f\u00e1jdalomcsillap\u00edt\u00f3k, gyullad\u00e1scs\u00f6kkent\u0151k, k\u00e1b\u00edt\u00f3 f\u00e1jdalomcsillap\u00edt\u00f3k, a region\u00e1lis aneszt\u00e9zia \u00e9s bizonyos adjuv\u00e1ns gy\u00f3gyszerek (clonidin, ketamin, pregabalin, etc.) is. F\u00f3kuszban a \u2019single shot\u2019 region\u00e1lis \u00e9rz\u00e9stelen\u00edt\u00e9s k\u00f6zvetlen m\u0171t\u00e9t ut\u00e1ni id\u0151szakban (els\u0151 6-8 \u00f3ra). Vizsg\u00e1lati pontok: komplex perioperat\u00edv ell\u00e1t\u00e1si rendszerek (\u00e1llapotfelm\u00e9r\u00e9s, betegt\u00e1j\u00e9koztat\u00e1s, el\u0151k\u00e9sz\u00edt\u00e9s), akut f\u00e1jdalomszolg\u00e1latok jelent\u0151s\u00e9ge \u00e9s m\u0171k\u00f6d\u00e9se, \u00faj lehet\u0151s\u00e9gek (eHealth), a beteg ment\u00e1lhigi\u00e9n\u00e9s profilj\u00e1nak hat\u00e1sa a perioperat\u00edv beteg\u00e9lm\u00e9nyre \u00e9s kimenetelre, region\u00e1lis aneszt\u00e9zia: a posztoperat\u00edv rebound f\u00e1jdalom, low-grade gyullad\u00e1sos \u00e1llapotok hat\u00e1sa az akut \u00e9s a perziszt\u00e1l\u00f3 posztoperat\u00edv f\u00e1jdalomra, perif\u00e9ri\u00e1s idegblok\u00e1dok sikeress\u00e9g\u00e9nek anat\u00f3miai \u00e9s egy\u00e9b vonatkoz\u00e1sai.<\/p>\n<h4>\u00a0<\/h4>\n<p>&nbsp;<\/p>\n<p>&nbsp;<\/p>\n","protected":false},"excerpt":{"rendered":"<p>Perioperat\u00edv f\u00e1jdalomcsillap\u00edt\u00e1s A f\u00e1jdalomcsillap\u00edt\u00e1s betegkomfortra gyakorolt k\u00f6zvetlen hat\u00e1sa mellett lehet\u0151v\u00e9 teszi a korai mobiliz\u00e1l\u00e1st, cs\u00f6kkenti az akut \u00e9s kr\u00f3nikus sz\u00f6v\u0151dm\u00e9nyek el\u0151fordul\u00e1s\u00e1t (l\u00e9gz\u0151szervi- \u00e9s thrombotikus esem\u00e9nyek, perziszt\u00e1l\u00f3 posztoperat\u00edv f\u00e1jdalom, posttraum\u00e1s stressz). A multimod\u00e1lis analgetikus szeml\u00e9let a modern perioperat\u00edv ell\u00e1t\u00e1s megker\u00fclhetetlen szerepl\u0151je. Eszk\u00f6zt\u00e1r\u00e1nak r\u00e9sz\u00e9t k\u00e9pezik a l\u00e1z- \u00e9s f\u00e1jdalomcsillap\u00edt\u00f3k, gyullad\u00e1scs\u00f6kkent\u0151k, k\u00e1b\u00edt\u00f3 f\u00e1jdalomcsillap\u00edt\u00f3k, a region\u00e1lis aneszt\u00e9zia \u00e9s bizonyos &hellip;<\/p>\n","protected":false},"author":102417,"featured_media":0,"parent":0,"menu_order":0,"comment_status":"closed","ping_status":"closed","template":"","meta":{"_acf_changed":false,"footnotes":""},"categories":[],"tags":[],"class_list":["post-532","page","type-page","status-publish","hentry"],"acf":[],"_links":{"self":[{"href":"https:\/\/semmelweis.hu\/anesztezia\/wp-json\/wp\/v2\/pages\/532","targetHints":{"allow":["GET"]}}],"collection":[{"href":"https:\/\/semmelweis.hu\/anesztezia\/wp-json\/wp\/v2\/pages"}],"about":[{"href":"https:\/\/semmelweis.hu\/anesztezia\/wp-json\/wp\/v2\/types\/page"}],"author":[{"embeddable":true,"href":"https:\/\/semmelweis.hu\/anesztezia\/wp-json\/wp\/v2\/users\/102417"}],"replies":[{"embeddable":true,"href":"https:\/\/semmelweis.hu\/anesztezia\/wp-json\/wp\/v2\/comments?post=532"}],"version-history":[{"count":2,"href":"https:\/\/semmelweis.hu\/anesztezia\/wp-json\/wp\/v2\/pages\/532\/revisions"}],"predecessor-version":[{"id":534,"href":"https:\/\/semmelweis.hu\/anesztezia\/wp-json\/wp\/v2\/pages\/532\/revisions\/534"}],"wp:attachment":[{"href":"https:\/\/semmelweis.hu\/anesztezia\/wp-json\/wp\/v2\/media?parent=532"}],"wp:term":[{"taxonomy":"category","embeddable":true,"href":"https:\/\/semmelweis.hu\/anesztezia\/wp-json\/wp\/v2\/categories?post=532"},{"taxonomy":"post_tag","embeddable":true,"href":"https:\/\/semmelweis.hu\/anesztezia\/wp-json\/wp\/v2\/tags?post=532"}],"curies":[{"name":"wp","href":"https:\/\/api.w.org\/{rel}","templated":true}]}}