{"id":505,"date":"2025-12-08T12:37:00","date_gmt":"2025-12-08T11:37:00","guid":{"rendered":"https:\/\/semmelweis.hu\/anesztezia\/?page_id=505"},"modified":"2026-03-17T09:36:31","modified_gmt":"2026-03-17T08:36:31","slug":"hasznos-informaciok","status":"publish","type":"page","link":"https:\/\/semmelweis.hu\/anesztezia\/munkatarsaknak\/hasznos-informaciok\/","title":{"rendered":"Hasznos inform\u00e1ci\u00f3k"},"content":{"rendered":"<p><strong>! Munk\u00e1ltat\u00f3i igazol\u00e1st<\/strong>, <strong>jogviszony igazol\u00e1st<\/strong>, <strong>j\u00f6vedelemigazol\u00e1st<\/strong> az <a href=\"mailto:ugyfel.human@semmelweis.hu\">ugyfel.human@semmelweis.hu<\/a> email c\u00edmen lehet k\u00e9rv\u00e9nyezni. Az email-be csatolni kell a <strong>kit\u00f6ltend\u0151 dokumentumot<\/strong>, ha van. Mindenk\u00e9ppen jelezni kell a lev\u00e9lben, hogy <strong>elektronikusan<\/strong>, vagy <strong>postai \u00faton <\/strong>szeretn\u00e9k megkapni.<\/p>\n<p><strong>Szem\u00e9lyes ig\u00e9nyl\u00e9s:<\/strong> <a href=\"https:\/\/semmelweis.hu\/human\/altalanos-informaciok\/ugyfelfogadasi-ido\/\" target=\"_blank\" rel=\"noopener\">\u00dcgyf\u00e9lfogad\u00e1si id\u0151, el\u00e9rhet\u0151s\u00e9g<\/a><\/p>\n<p>&nbsp;<\/p>\n<div class=\"fontos_div\">\n<p>Hasznos linkek:<\/p>\n<\/div>\n<p><a href=\"https:\/\/semmelweis.hu\/szak-es-tovabbkepzes\/aok\/\" target=\"_blank\" rel=\"noopener\">SZAKORVOSK\u00c9PZ\u00c9S<\/a><\/p>\n<p><a href=\"https:\/\/semmelweis.hu\/szak-es-tovabbkepzes\/aok\/kapcsolat\/\" target=\"_blank\" rel=\"noopener\">SZTOK &#8211; el\u00e9rhet\u0151s\u00e9gek<\/a><\/p>\n<p>&nbsp;<\/p>\n<div class=\"fontos_div\">\n<p>Let\u00f6lthet\u0151 dokumentumok, nyomtatv\u00e1nyok:<\/p>\n<\/div>\n<p><a href=\"https:\/\/semmelweis.hu\/anesztezia\/files\/2025\/09\/APBI-Etikai-Kodex.pdf\">APBI Etikai K\u00f3dex<\/a><\/p>\n<p><a href=\"https:\/\/semmelweis.hu\/anesztezia\/files\/2026\/03\/uj_szuloi_potszabadsag_nyilatkozat.docx\">uj_szuloi_potszabadsag_nyilatkozat<\/a><\/p>\n<p><a href=\"https:\/\/semmelweis.hu\/anesztezia\/files\/2026\/03\/uj_gyermek_utan_jaro_potszabadsag_nyilatkozat.docx\">uj_gyermek_utan_jaro_potszabadsag_nyilatkozat<\/a><\/p>\n<p><a href=\"https:\/\/semmelweis.hu\/anesztezia\/files\/2026\/03\/uj_egeszsegkarosodott_potszabadsag_nyilatkozat.docx\">uj_egeszsegkarosodott_potszabadsag_nyilatkozat<\/a><\/p>\n<p><a href=\"https:\/\/semmelweis.hu\/anesztezia\/files\/2026\/03\/uj_apaszabadsag_nyilatkozat.docx\">uj_apaszabadsag_nyilatkozat<\/a><\/p>\n<p><a href=\"https:\/\/semmelweis.hu\/anesztezia\/files\/2026\/03\/Tanulmanyi-ut-engedelyezese-iranti-kerelem_.docx\">Tanulmanyi-ut-engedelyezese-iranti-kerelem_<\/a><\/p>\n<p><a href=\"https:\/\/semmelweis.hu\/anesztezia\/files\/2026\/03\/Tajekoztato-Apanap.docx\">Tajekoztato-Apanap<\/a><\/p>\n<p><a href=\"https:\/\/semmelweis.hu\/anesztezia\/files\/2026\/03\/szabadsag-Nyilatkozat_rp.doc\">szabadsag-Nyilatkozat_rp<\/a><\/p>\n<p><a href=\"https:\/\/semmelweis.hu\/anesztezia\/files\/2026\/03\/Rektori-utasitas-a-krizisalap-felhasznalasanak-szabalyairol.docx\">Rektori utas\u00edt\u00e1s a kr\u00edzisalap felhaszn\u00e1l\u00e1sanak szab\u00e1lyair\u00f3l<\/a><\/p>\n<p><a href=\"https:\/\/semmelweis.hu\/anesztezia\/files\/2026\/03\/Nyilatkozat-utazasi-koltsegteriteshez.xlsx\">Nyilatkozat-utazasi-koltsegteriteshez<\/a><\/p>\n<p><a href=\"https:\/\/semmelweis.hu\/anesztezia\/files\/2026\/03\/Nyilatkozat-a-beren-kivuli-juttatashoz_2026_uj-belepoknek.docx\">Nyilatkozat-a-beren-kivuli-juttatashoz_2026_uj-belepoknek<\/a><\/p>\n<p><a href=\"https:\/\/semmelweis.hu\/anesztezia\/files\/2026\/03\/Munkaviszony-alatt-kerheto-igazolasok.docx\">Munkaviszony alatt k\u00e9rhet\u0151 igazol\u00e1sok<\/a><\/p>\n<p><a href=\"https:\/\/semmelweis.hu\/anesztezia\/files\/2026\/03\/magannyugdijpenztar_tagi_igazolas.doc\">magannyugdijpenztar_tagi_igazolas<\/a><\/p>\n<p><a href=\"https:\/\/semmelweis.hu\/anesztezia\/files\/2026\/03\/Krizis-tamogatasi_kerelem.docx\">Kr\u00edzis-t\u00e1mogat\u00e1si_k\u00e9relem<\/a><\/p>\n<p><a href=\"https:\/\/semmelweis.hu\/anesztezia\/files\/2026\/03\/Kerelem-tartozas-reszletekben-torteno-megfizetesere.doc\">K\u00e9relem tartoz\u00e1s r\u00e9szletekben t\u00f6rt\u00e9n\u0151 megfizet\u00e9s\u00e9re<\/a><\/p>\n<p><a href=\"https:\/\/semmelweis.hu\/anesztezia\/files\/2026\/03\/GYAP_kerelem.pdf\">GYAP_kerelem<\/a><\/p>\n<p><a href=\"https:\/\/semmelweis.hu\/anesztezia\/files\/2026\/03\/Fizetes-nelkuli-szabadsag-iranti-kerelem.docx\">Fizetes-nelkuli-szabadsag-iranti-kerelem<\/a><\/p>\n<p><a href=\"https:\/\/semmelweis.hu\/anesztezia\/files\/2026\/03\/FIZETES-NELKULI-SZABADSAG-IGENYLESE-GYEDGYESGYET-IDEJERE.docx\">FIZET\u00c9S N\u00c9LK\u00dcLI SZABADS\u00c1G IG\u00c9NYL\u00c9SE GYEDGYESGYET IDEJ\u00c9RE<\/a><\/p>\n<p>&nbsp;<\/p>\n<p>&nbsp;<\/p>\n","protected":false},"excerpt":{"rendered":"<p>! Munk\u00e1ltat\u00f3i igazol\u00e1st, jogviszony igazol\u00e1st, j\u00f6vedelemigazol\u00e1st az <a href=\"mailto:ugyfel.human@semmelweis.hu\">ugyfel.human@semmelweis.hu<\/a> email c\u00edmen lehet k\u00e9rv\u00e9nyezni. Az email-be csatolni kell a kit\u00f6ltend\u0151 dokumentumot, ha van. Mindenk\u00e9ppen jelezni kell a lev\u00e9lben, hogy elektronikusan, vagy postai \u00faton szeretn\u00e9k megkapni. Szem\u00e9lyes ig\u00e9nyl\u00e9s: <a href=\"https:\/\/semmelweis.hu\/human\/altalanos-informaciok\/ugyfelfogadasi-ido\/\" target=\"_blank\" rel=\"noopener\">\u00dcgyf\u00e9lfogad\u00e1si id\u0151, el\u00e9rhet\u0151s\u00e9g<\/a> &nbsp; Hasznos linkek: <a href=\"https:\/\/semmelweis.hu\/szak-es-tovabbkepzes\/aok\/\" target=\"_blank\" rel=\"noopener\">SZAKORVOSK\u00c9PZ\u00c9S<\/a> <a href=\"https:\/\/semmelweis.hu\/szak-es-tovabbkepzes\/aok\/kapcsolat\/\" target=\"_blank\" rel=\"noopener\">SZTOK &#8211; el\u00e9rhet\u0151s\u00e9gek<\/a> &nbsp; Let\u00f6lthet\u0151 dokumentumok, nyomtatv\u00e1nyok: <a href=\"https:\/\/semmelweis.hu\/anesztezia\/files\/2025\/09\/APBI-Etikai-Kodex.pdf\">APBI Etikai K\u00f3dex<\/a> <a href=\"https:\/\/semmelweis.hu\/anesztezia\/files\/2026\/03\/uj_szuloi_potszabadsag_nyilatkozat.docx\">uj_szuloi_potszabadsag_nyilatkozat<\/a> <a href=\"https:\/\/semmelweis.hu\/anesztezia\/files\/2026\/03\/uj_gyermek_utan_jaro_potszabadsag_nyilatkozat.docx\">uj_gyermek_utan_jaro_potszabadsag_nyilatkozat<\/a> <a href=\"https:\/\/semmelweis.hu\/anesztezia\/files\/2026\/03\/uj_egeszsegkarosodott_potszabadsag_nyilatkozat.docx\">uj_egeszsegkarosodott_potszabadsag_nyilatkozat<\/a> <a href=\"https:\/\/semmelweis.hu\/anesztezia\/files\/2026\/03\/uj_apaszabadsag_nyilatkozat.docx\">uj_apaszabadsag_nyilatkozat<\/a> <a href=\"https:\/\/semmelweis.hu\/anesztezia\/files\/2026\/03\/Tanulmanyi-ut-engedelyezese-iranti-kerelem_.docx\">Tanulmanyi-ut-engedelyezese-iranti-kerelem_<\/a> <a href=\"https:\/\/semmelweis.hu\/anesztezia\/files\/2026\/03\/Tajekoztato-Apanap.docx\">Tajekoztato-Apanap<\/a> <a href=\"https:\/\/semmelweis.hu\/anesztezia\/files\/2026\/03\/szabadsag-Nyilatkozat_rp.doc\">szabadsag-Nyilatkozat_rp<\/a> <a href=\"https:\/\/semmelweis.hu\/anesztezia\/files\/2026\/03\/Rektori-utasitas-a-krizisalap-felhasznalasanak-szabalyairol.docx\">Rektori utas\u00edt\u00e1s a kr\u00edzisalap felhaszn\u00e1l\u00e1sanak szab\u00e1lyair\u00f3l<\/a> <a href=\"https:\/\/semmelweis.hu\/anesztezia\/files\/2026\/03\/Nyilatkozat-utazasi-koltsegteriteshez.xlsx\">Nyilatkozat-utazasi-koltsegteriteshez<\/a> <a href=\"https:\/\/semmelweis.hu\/anesztezia\/files\/2026\/03\/Nyilatkozat-a-beren-kivuli-juttatashoz_2026_uj-belepoknek.docx\">Nyilatkozat-a-beren-kivuli-juttatashoz_2026_uj-belepoknek<\/a> <a href=\"https:\/\/semmelweis.hu\/anesztezia\/files\/2026\/03\/Munkaviszony-alatt-kerheto-igazolasok.docx\">Munkaviszony alatt k\u00e9rhet\u0151 igazol\u00e1sok<\/a> <a href=\"https:\/\/semmelweis.hu\/anesztezia\/files\/2026\/03\/magannyugdijpenztar_tagi_igazolas.doc\">magannyugdijpenztar_tagi_igazolas<\/a> <a href=\"https:\/\/semmelweis.hu\/anesztezia\/files\/2026\/03\/Krizis-tamogatasi_kerelem.docx\">Kr\u00edzis-t\u00e1mogat\u00e1si_k\u00e9relem<\/a> <a href=\"https:\/\/semmelweis.hu\/anesztezia\/files\/2026\/03\/Kerelem-tartozas-reszletekben-torteno-megfizetesere.doc\">K\u00e9relem tartoz\u00e1s r\u00e9szletekben t\u00f6rt\u00e9n\u0151 megfizet\u00e9s\u00e9re<\/a> <a href=\"https:\/\/semmelweis.hu\/anesztezia\/files\/2026\/03\/GYAP_kerelem.pdf\">GYAP_kerelem<\/a> <a href=\"https:\/\/semmelweis.hu\/anesztezia\/files\/2026\/03\/Fizetes-nelkuli-szabadsag-iranti-kerelem.docx\">Fizetes-nelkuli-szabadsag-iranti-kerelem<\/a> <a href=\"https:\/\/semmelweis.hu\/anesztezia\/files\/2026\/03\/FIZETES-NELKULI-SZABADSAG-IGENYLESE-GYEDGYESGYET-IDEJERE.docx\">FIZET\u00c9S N\u00c9LK\u00dcLI SZABADS\u00c1G IG\u00c9NYL\u00c9SE GYEDGYESGYET IDEJ\u00c9RE<\/a> &nbsp; &hellip;<\/p>\n","protected":false},"author":102417,"featured_media":0,"parent":485,"menu_order":1,"comment_status":"closed","ping_status":"closed","template":"","meta":{"_acf_changed":false,"footnotes":""},"categories":[],"tags":[],"class_list":["post-505","page","type-page","status-publish","hentry"],"acf":[],"_links":{"self":[{"href":"https:\/\/semmelweis.hu\/anesztezia\/wp-json\/wp\/v2\/pages\/505","targetHints":{"allow":["GET"]}}],"collection":[{"href":"https:\/\/semmelweis.hu\/anesztezia\/wp-json\/wp\/v2\/pages"}],"about":[{"href":"https:\/\/semmelweis.hu\/anesztezia\/wp-json\/wp\/v2\/types\/page"}],"author":[{"embeddable":true,"href":"https:\/\/semmelweis.hu\/anesztezia\/wp-json\/wp\/v2\/users\/102417"}],"replies":[{"embeddable":true,"href":"https:\/\/semmelweis.hu\/anesztezia\/wp-json\/wp\/v2\/comments?post=505"}],"version-history":[{"count":7,"href":"https:\/\/semmelweis.hu\/anesztezia\/wp-json\/wp\/v2\/pages\/505\/revisions"}],"predecessor-version":[{"id":626,"href":"https:\/\/semmelweis.hu\/anesztezia\/wp-json\/wp\/v2\/pages\/505\/revisions\/626"}],"up":[{"embeddable":true,"href":"https:\/\/semmelweis.hu\/anesztezia\/wp-json\/wp\/v2\/pages\/485"}],"wp:attachment":[{"href":"https:\/\/semmelweis.hu\/anesztezia\/wp-json\/wp\/v2\/media?parent=505"}],"wp:term":[{"taxonomy":"category","embeddable":true,"href":"https:\/\/semmelweis.hu\/anesztezia\/wp-json\/wp\/v2\/categories?post=505"},{"taxonomy":"post_tag","embeddable":true,"href":"https:\/\/semmelweis.hu\/anesztezia\/wp-json\/wp\/v2\/tags?post=505"}],"curies":[{"name":"wp","href":"https:\/\/api.w.org\/{rel}","templated":true}]}}