{"id":465,"date":"2025-09-25T10:11:34","date_gmt":"2025-09-25T08:11:34","guid":{"rendered":"https:\/\/semmelweis.hu\/anesztezia\/?page_id=465"},"modified":"2026-04-21T09:15:49","modified_gmt":"2026-04-21T07:15:49","slug":"pacienseinknek","status":"publish","type":"page","link":"https:\/\/semmelweis.hu\/anesztezia\/pacienseinknek\/","title":{"rendered":"P\u00e1cienseinknek"},"content":{"rendered":"<div>\u00a0<\/div>\n<div>\n<table style=\"border-collapse: collapse;width: 100%;height: 393px\">\n<tbody>\n<tr style=\"height: 393px\">\n<td style=\"width: 25%;height: 393px\"><a href=\"https:\/\/semmelweis.hu\/anesztezia\/files\/2026\/04\/1.jpg\" target=\"_blank\" rel=\"https:\/\/semmelweis.hu\/anesztezia\/files\/2026\/04\/1.jpg noopener\"><img loading=\"lazy\" decoding=\"async\" class=\"aligncenter wp-image-644 size-full\" src=\"https:\/\/semmelweis.hu\/anesztezia\/files\/2026\/04\/1.jpg\" alt=\"\" width=\"1587\" height=\"2245\" srcset=\"https:\/\/semmelweis.hu\/anesztezia\/files\/2026\/04\/1.jpg 1587w, https:\/\/semmelweis.hu\/anesztezia\/files\/2026\/04\/1-283x400.jpg 283w, https:\/\/semmelweis.hu\/anesztezia\/files\/2026\/04\/1-724x1024.jpg 724w, https:\/\/semmelweis.hu\/anesztezia\/files\/2026\/04\/1-768x1086.jpg 768w, https:\/\/semmelweis.hu\/anesztezia\/files\/2026\/04\/1-1086x1536.jpg 1086w, https:\/\/semmelweis.hu\/anesztezia\/files\/2026\/04\/1-1448x2048.jpg 1448w, https:\/\/semmelweis.hu\/anesztezia\/files\/2026\/04\/1-753x1065.jpg 753w\" sizes=\"auto, (max-width: 1587px) 100vw, 1587px\" \/><\/a><\/td>\n<td style=\"width: 25%;text-align: left;height: 393px\"><a href=\"https:\/\/semmelweis.hu\/anesztezia\/files\/2026\/04\/2.jpg\" target=\"_blank\" rel=\"https:\/\/semmelweis.hu\/anesztezia\/files\/2026\/04\/2.jpg noopener\"><img loading=\"lazy\" decoding=\"async\" class=\"aligncenter wp-image-641 size-full\" src=\"https:\/\/semmelweis.hu\/anesztezia\/files\/2026\/04\/2.jpg\" alt=\"\" width=\"1587\" height=\"2245\" srcset=\"https:\/\/semmelweis.hu\/anesztezia\/files\/2026\/04\/2.jpg 1587w, https:\/\/semmelweis.hu\/anesztezia\/files\/2026\/04\/2-283x400.jpg 283w, https:\/\/semmelweis.hu\/anesztezia\/files\/2026\/04\/2-724x1024.jpg 724w, https:\/\/semmelweis.hu\/anesztezia\/files\/2026\/04\/2-768x1086.jpg 768w, https:\/\/semmelweis.hu\/anesztezia\/files\/2026\/04\/2-1086x1536.jpg 1086w, https:\/\/semmelweis.hu\/anesztezia\/files\/2026\/04\/2-1448x2048.jpg 1448w, https:\/\/semmelweis.hu\/anesztezia\/files\/2026\/04\/2-753x1065.jpg 753w\" sizes=\"auto, (max-width: 1587px) 100vw, 1587px\" \/><\/a><\/td>\n<td style=\"width: 25%;height: 393px\"><a href=\"https:\/\/semmelweis.hu\/anesztezia\/files\/2026\/04\/3.jpg\" target=\"_blank\" rel=\"https:\/\/semmelweis.hu\/anesztezia\/files\/2026\/04\/3.jpg noopener\"><img loading=\"lazy\" decoding=\"async\" class=\"aligncenter wp-image-642 size-full\" src=\"https:\/\/semmelweis.hu\/anesztezia\/files\/2026\/04\/3.jpg\" alt=\"\" width=\"1587\" height=\"2245\" srcset=\"https:\/\/semmelweis.hu\/anesztezia\/files\/2026\/04\/3.jpg 1587w, https:\/\/semmelweis.hu\/anesztezia\/files\/2026\/04\/3-283x400.jpg 283w, https:\/\/semmelweis.hu\/anesztezia\/files\/2026\/04\/3-724x1024.jpg 724w, https:\/\/semmelweis.hu\/anesztezia\/files\/2026\/04\/3-768x1086.jpg 768w, https:\/\/semmelweis.hu\/anesztezia\/files\/2026\/04\/3-1086x1536.jpg 1086w, https:\/\/semmelweis.hu\/anesztezia\/files\/2026\/04\/3-1448x2048.jpg 1448w, https:\/\/semmelweis.hu\/anesztezia\/files\/2026\/04\/3-753x1065.jpg 753w\" sizes=\"auto, (max-width: 1587px) 100vw, 1587px\" \/><\/a><\/td>\n<td style=\"width: 25%;height: 393px\"><a href=\"https:\/\/semmelweis.hu\/anesztezia\/files\/2026\/04\/4.jpg\" target=\"_blank\" rel=\"https:\/\/semmelweis.hu\/anesztezia\/files\/2026\/04\/4.jpg noopener\"><img loading=\"lazy\" decoding=\"async\" class=\"aligncenter wp-image-643 size-full\" src=\"https:\/\/semmelweis.hu\/anesztezia\/files\/2026\/04\/4.jpg\" alt=\"\" width=\"1587\" height=\"2245\" srcset=\"https:\/\/semmelweis.hu\/anesztezia\/files\/2026\/04\/4.jpg 1587w, https:\/\/semmelweis.hu\/anesztezia\/files\/2026\/04\/4-283x400.jpg 283w, https:\/\/semmelweis.hu\/anesztezia\/files\/2026\/04\/4-724x1024.jpg 724w, https:\/\/semmelweis.hu\/anesztezia\/files\/2026\/04\/4-768x1086.jpg 768w, https:\/\/semmelweis.hu\/anesztezia\/files\/2026\/04\/4-1086x1536.jpg 1086w, https:\/\/semmelweis.hu\/anesztezia\/files\/2026\/04\/4-1448x2048.jpg 1448w, https:\/\/semmelweis.hu\/anesztezia\/files\/2026\/04\/4-753x1065.jpg 753w\" sizes=\"auto, (max-width: 1587px) 100vw, 1587px\" \/><\/a><\/td>\n<\/tr>\n<\/tbody>\n<\/table>\n<\/div>\n<div>\u00a0<\/div>\n<div class=\"fontos_div\">\n<p><em><span style=\"font-size: 14pt\">R\u00e9szletesebben itt t\u00e1j\u00e9koz\u00f3dhat:<\/span><\/em><\/p>\n<\/div>\n<p><a href=\"https:\/\/semmelweis.hu\/anesztezia\/files\/2025\/09\/AZ-EGESZSEGUGYI-DOLGOZOK-JOGAI.pdf\">AZ EG\u00c9SZS\u00c9G\u00dcGYI DOLGOZ\u00d3K JOGAI \u00c9S K\u00d6TELEZETTS\u00c9GEI<\/a><\/p>\n<p><a href=\"https:\/\/semmelweis.hu\/anesztezia\/files\/2025\/09\/PACIENSEK-JOGAI-ES-KOTELEZETTSEGEI.pdf\">P\u00c1CIENSEK JOGAI \u00c9S K\u00d6TELEZETTS\u00c9GEI<\/a><\/p>\n","protected":false},"excerpt":{"rendered":"<p>\u00a0<\/p>\n<p><a href=\"https:\/\/semmelweis.hu\/anesztezia\/files\/2026\/04\/1.jpg\" target=\"_blank\" rel=\"https:\/\/semmelweis.hu\/anesztezia\/files\/2026\/04\/1.jpg noopener\"><\/a><br \/>\n<a href=\"https:\/\/semmelweis.hu\/anesztezia\/files\/2026\/04\/2.jpg\" target=\"_blank\" rel=\"https:\/\/semmelweis.hu\/anesztezia\/files\/2026\/04\/2.jpg noopener\"><\/a><br \/>\n<a href=\"https:\/\/semmelweis.hu\/anesztezia\/files\/2026\/04\/3.jpg\" target=\"_blank\" rel=\"https:\/\/semmelweis.hu\/anesztezia\/files\/2026\/04\/3.jpg noopener\"><\/a><br \/>\n<a href=\"https:\/\/semmelweis.hu\/anesztezia\/files\/2026\/04\/4.jpg\" target=\"_blank\" rel=\"https:\/\/semmelweis.hu\/anesztezia\/files\/2026\/04\/4.jpg noopener\"><\/a><\/p>\n<p>\u00a0<\/p>\n<p>R\u00e9szletesebben itt t\u00e1j\u00e9koz\u00f3dhat:<\/p>\n<p><a href=\"https:\/\/semmelweis.hu\/anesztezia\/files\/2025\/09\/AZ-EGESZSEGUGYI-DOLGOZOK-JOGAI.pdf\">AZ EG\u00c9SZS\u00c9G\u00dcGYI DOLGOZ\u00d3K JOGAI \u00c9S K\u00d6TELEZETTS\u00c9GEI<\/a><br \/>\n<a href=\"https:\/\/semmelweis.hu\/anesztezia\/files\/2025\/09\/PACIENSEK-JOGAI-ES-KOTELEZETTSEGEI.pdf\">P\u00c1CIENSEK JOGAI \u00c9S K\u00d6TELEZETTS\u00c9GEI<\/a><\/p>\n","protected":false},"author":102417,"featured_media":0,"parent":0,"menu_order":7,"comment_status":"closed","ping_status":"closed","template":"","meta":{"_acf_changed":false,"footnotes":""},"categories":[],"tags":[],"class_list":["post-465","page","type-page","status-publish","hentry"],"acf":[],"_links":{"self":[{"href":"https:\/\/semmelweis.hu\/anesztezia\/wp-json\/wp\/v2\/pages\/465","targetHints":{"allow":["GET"]}}],"collection":[{"href":"https:\/\/semmelweis.hu\/anesztezia\/wp-json\/wp\/v2\/pages"}],"about":[{"href":"https:\/\/semmelweis.hu\/anesztezia\/wp-json\/wp\/v2\/types\/page"}],"author":[{"embeddable":true,"href":"https:\/\/semmelweis.hu\/anesztezia\/wp-json\/wp\/v2\/users\/102417"}],"replies":[{"embeddable":true,"href":"https:\/\/semmelweis.hu\/anesztezia\/wp-json\/wp\/v2\/comments?post=465"}],"version-history":[{"count":10,"href":"https:\/\/semmelweis.hu\/anesztezia\/wp-json\/wp\/v2\/pages\/465\/revisions"}],"predecessor-version":[{"id":649,"href":"https:\/\/semmelweis.hu\/anesztezia\/wp-json\/wp\/v2\/pages\/465\/revisions\/649"}],"wp:attachment":[{"href":"https:\/\/semmelweis.hu\/anesztezia\/wp-json\/wp\/v2\/media?parent=465"}],"wp:term":[{"taxonomy":"category","embeddable":true,"href":"https:\/\/semmelweis.hu\/anesztezia\/wp-json\/wp\/v2\/categories?post=465"},{"taxonomy":"post_tag","embeddable":true,"href":"https:\/\/semmelweis.hu\/anesztezia\/wp-json\/wp\/v2\/tags?post=465"}],"curies":[{"name":"wp","href":"https:\/\/api.w.org\/{rel}","templated":true}]}}