{"id":408,"date":"2025-07-14T13:51:41","date_gmt":"2025-07-14T11:51:41","guid":{"rendered":"https:\/\/semmelweis.hu\/anesztezia\/?page_id=408"},"modified":"2025-07-16T09:42:41","modified_gmt":"2025-07-16T07:42:41","slug":"jarobeteg-elegedettseg","status":"publish","type":"page","link":"https:\/\/semmelweis.hu\/anesztezia\/jarobeteg-elegedettseg\/","title":{"rendered":"J\u00e1r\u00f3beteg el\u00e9gedetts\u00e9g"},"content":{"rendered":"<p style=\"text-align: center\"><img loading=\"lazy\" decoding=\"async\" class=\"aligncenter wp-image-423\" src=\"https:\/\/semmelweis.hu\/anesztezia\/files\/2025\/07\/Kepernyokep-2025-07-16-093924.jpg\" alt=\"\" width=\"867\" height=\"244\" srcset=\"https:\/\/semmelweis.hu\/anesztezia\/files\/2025\/07\/Kepernyokep-2025-07-16-093924.jpg 952w, https:\/\/semmelweis.hu\/anesztezia\/files\/2025\/07\/Kepernyokep-2025-07-16-093924-400x113.jpg 400w, https:\/\/semmelweis.hu\/anesztezia\/files\/2025\/07\/Kepernyokep-2025-07-16-093924-768x216.jpg 768w, https:\/\/semmelweis.hu\/anesztezia\/files\/2025\/07\/Kepernyokep-2025-07-16-093924-753x212.jpg 753w\" sizes=\"auto, (max-width: 867px) 100vw, 867px\" \/><\/p>\n<hr \/>\n<p style=\"text-align: center\"><span style=\"font-size: 24pt\"><strong>Tisztelt P\u00e1ciens\u00fcnk!<\/strong><\/span><\/p>\n<p>&nbsp;<\/p>\n<p style=\"text-align: center\"><strong>K\u00e9rj\u00fck, hogy a betegell\u00e1t\u00e1s sz\u00ednvonal\u00e1nak fejleszt\u00e9se \u00e9rdek\u00e9ben ossza meg vel\u00fcnk v\u00e9lem\u00e9ny\u00e9t, javaslatait!<\/strong><\/p>\n<p style=\"text-align: center\"><strong>A k\u00e9rd\u0151\u00edv kit\u00f6lt\u00e9se elektronikus m\u00f3don, n\u00e9vtelen\u00fcl t\u00f6rt\u00e9nik.<\/strong><\/p>\n<p style=\"text-align: center\"><strong>A k\u00e9rd\u00e9seket k\u00e9t \u00faton \u00e9rheti el:<\/strong><\/p>\n<p style=\"text-align: center\"><strong>1. az al\u00e1bbi, online link seg\u00edts\u00e9g\u00e9vel: <\/strong><a href=\"https:\/\/evasys.semmelweis.hu\/evasys\/online.php?p=3REAQ\" target=\"_blank\" rel=\"noopener\">https:\/\/evasys.semmelweis.hu\/evasys\/online.php?p=3REAQ<\/a><\/p>\n<p style=\"text-align: center\"><strong>2. a lenti QR-k\u00f3d beolvas\u00e1s\u00e1val:<\/strong><\/p>\n<p style=\"text-align: center\"><img loading=\"lazy\" decoding=\"async\" class=\"aligncenter size-full wp-image-422\" src=\"https:\/\/semmelweis.hu\/anesztezia\/files\/2025\/07\/QR-elegedettsegi-kerdoiv.png\" alt=\"\" width=\"211\" height=\"211\" srcset=\"https:\/\/semmelweis.hu\/anesztezia\/files\/2025\/07\/QR-elegedettsegi-kerdoiv.png 211w, https:\/\/semmelweis.hu\/anesztezia\/files\/2025\/07\/QR-elegedettsegi-kerdoiv-150x150.png 150w\" sizes=\"auto, (max-width: 211px) 100vw, 211px\" \/><\/p>\n<p style=\"text-align: center\">K\u00f6sz\u00f6nj\u00fck a k\u00e9rd\u0151\u00edv kit\u00f6lt\u00e9s\u00e9t \u00e9s miel\u0151bbi gy\u00f3gyul\u00e1st,<br \/>\n\u00a0j\u00f3 eg\u00e9szs\u00e9get k\u00edv\u00e1nunk!<\/p>\n<p style=\"text-align: center\">\u00a0<\/p>\n","protected":false},"excerpt":{"rendered":"<p>Tisztelt P\u00e1ciens\u00fcnk!<br \/>\n&nbsp;<br \/>\nK\u00e9rj\u00fck, hogy a betegell\u00e1t\u00e1s sz\u00ednvonal\u00e1nak fejleszt\u00e9se \u00e9rdek\u00e9ben ossza meg vel\u00fcnk v\u00e9lem\u00e9ny\u00e9t, javaslatait!<br \/>\nA k\u00e9rd\u0151\u00edv kit\u00f6lt\u00e9se elektronikus m\u00f3don, n\u00e9vtelen\u00fcl t\u00f6rt\u00e9nik.<br \/>\nA k\u00e9rd\u00e9seket k\u00e9t \u00faton \u00e9rheti el:<br \/>\n1. az al\u00e1bbi, online link seg\u00edts\u00e9g\u00e9vel: <a href=\"https:\/\/evasys.semmelweis.hu\/evasys\/online.php?p=3REAQ\" target=\"_blank\" rel=\"noopener\">https:\/\/evasys.semmelweis.hu\/evasys\/online.php?p=3REAQ<\/a><br \/>\n2. a lenti QR-k\u00f3d beolvas\u00e1s\u00e1val:<\/p>\n<p>K\u00f6sz\u00f6nj\u00fck a k\u00e9rd\u0151\u00edv kit\u00f6lt\u00e9s\u00e9t \u00e9s miel\u0151bbi gy\u00f3gyul\u00e1st,<br \/>\n\u00a0j\u00f3 eg\u00e9szs\u00e9get k\u00edv\u00e1nunk!<br \/>\n\u00a0<\/p>\n","protected":false},"author":102417,"featured_media":0,"parent":0,"menu_order":5,"comment_status":"closed","ping_status":"closed","template":"","meta":{"_acf_changed":false,"footnotes":""},"categories":[],"tags":[],"class_list":["post-408","page","type-page","status-publish","hentry"],"acf":[],"_links":{"self":[{"href":"https:\/\/semmelweis.hu\/anesztezia\/wp-json\/wp\/v2\/pages\/408","targetHints":{"allow":["GET"]}}],"collection":[{"href":"https:\/\/semmelweis.hu\/anesztezia\/wp-json\/wp\/v2\/pages"}],"about":[{"href":"https:\/\/semmelweis.hu\/anesztezia\/wp-json\/wp\/v2\/types\/page"}],"author":[{"embeddable":true,"href":"https:\/\/semmelweis.hu\/anesztezia\/wp-json\/wp\/v2\/users\/102417"}],"replies":[{"embeddable":true,"href":"https:\/\/semmelweis.hu\/anesztezia\/wp-json\/wp\/v2\/comments?post=408"}],"version-history":[{"count":10,"href":"https:\/\/semmelweis.hu\/anesztezia\/wp-json\/wp\/v2\/pages\/408\/revisions"}],"predecessor-version":[{"id":426,"href":"https:\/\/semmelweis.hu\/anesztezia\/wp-json\/wp\/v2\/pages\/408\/revisions\/426"}],"wp:attachment":[{"href":"https:\/\/semmelweis.hu\/anesztezia\/wp-json\/wp\/v2\/media?parent=408"}],"wp:term":[{"taxonomy":"category","embeddable":true,"href":"https:\/\/semmelweis.hu\/anesztezia\/wp-json\/wp\/v2\/categories?post=408"},{"taxonomy":"post_tag","embeddable":true,"href":"https:\/\/semmelweis.hu\/anesztezia\/wp-json\/wp\/v2\/tags?post=408"}],"curies":[{"name":"wp","href":"https:\/\/api.w.org\/{rel}","templated":true}]}}