{"id":203,"date":"2024-10-16T12:50:52","date_gmt":"2024-10-16T10:50:52","guid":{"rendered":"https:\/\/semmelweis.hu\/anesztezia\/?page_id=203"},"modified":"2026-02-27T08:17:11","modified_gmt":"2026-02-27T07:17:11","slug":"karrier","status":"publish","type":"page","link":"https:\/\/semmelweis.hu\/anesztezia\/karrier\/","title":{"rendered":"Karrier"},"content":{"rendered":"<div>\u00a0<\/div>\n<div class=\"lead fontos_div\" style=\"text-align: left\"><strong>Az al\u00e1bbi munkak\u00f6r\u00f6kbe v\u00e1rjuk leend\u0151 koll\u00e9g\u00e1ink jelentkez\u00e9s\u00e9t:<\/strong><\/div>\n<div><a href=\"https:\/\/semmelweis.hu\/human\/2026\/02\/24\/aneszteziologiai-ambulancia-apolo-aneszteziologiai-es-perioperativ-betegellato-intezet\/\" target=\"_blank\" rel=\"noopener\">Aneszteziol\u00f3giai ambulancia &#8211; \u00e1pol\u00f3 <\/a><\/div>\n<div>\u00a0<\/div>\n<div><a href=\"https:\/\/semmelweis.hu\/human\/2026\/02\/12\/aneszteziologiai-asszisztens-gyermekgyogyaszat-teruleten-semmelweis-egyetem-aneszteziologiai-es-perioperativ-betegellato-intezet\/\" target=\"_blank\" rel=\"noopener\">Aneszteziol\u00f3giai asszisztens (gyermekgy\u00f3gy\u00e1szat ter\u00fcleten)<\/a><\/div>\n<div>\u00a0<\/div>\n<div><a href=\"https:\/\/semmelweis.hu\/human\/2025\/06\/19\/aneszteziologiai-es-intenziv-terapias-szakorvos-aneszteziologiai-es-perioperativ-betegellato-intezet\/\">Aneszteziol\u00f3giai \u00e9s intenz\u00edv ter\u00e1pi\u00e1s szakorvos <\/a><\/div>\n<div>\u00a0<\/div>\n<div><a href=\"https:\/\/semmelweis.hu\/anesztezia\/files\/2025\/09\/Diakmunka-lehetoseg.jpg\">DI\u00c1KMUNKA LEHET\u0150S\u00c9G<\/a><\/div>\n<div><a href=\"https:\/\/semmelweis.hu\/human\/2025\/06\/19\/aneszteziologiai-es-intenziv-terapias-szakorvos-aneszteziologiai-es-perioperativ-betegellato-intezet\/\" target=\"_blank\" rel=\"noopener\">Aneszteziol\u00f3giai \u00e9s Intenz\u00edv Ter\u00e1pi\u00e1s szakorvos <\/a><\/div>\n<div>\u00a0<\/div>\n<div><span style=\"color: #003366\" data-olk-copy-source=\"MessageBody\">A szakdolgoz\u00f3i munkak\u00f6r\u00f6kkel kapcsolatban az int\u00e9zetvezet\u0151 f\u0151n\u0151v\u00e9rn\u00e9l tudnak \u00e9rdekl\u0151dni, a <a href=\"mailto:koszta-blazsek.ildiko@semmelweis.hu\"><em>koszta-blazsek.ildiko@semmelweis.hu<\/em><\/a> e-mail c\u00edmen.<\/span><\/div>\n<div>\u00a0<\/div>\n<div><a href=\"https:\/\/semmelweis.hu\/anesztezia\/files\/2025\/07\/allasborze-1-scaled.jpg\" target=\"_blank\" rel=\"noopener\"><img loading=\"lazy\" decoding=\"async\" class=\"wp-image-406 aligncenter\" src=\"https:\/\/semmelweis.hu\/anesztezia\/files\/2025\/07\/allasborze-1-scaled.jpg\" alt=\"\" width=\"490\" height=\"683\" srcset=\"https:\/\/semmelweis.hu\/anesztezia\/files\/2025\/07\/allasborze-1-scaled.jpg 1839w, https:\/\/semmelweis.hu\/anesztezia\/files\/2025\/07\/allasborze-1-287x400.jpg 287w, https:\/\/semmelweis.hu\/anesztezia\/files\/2025\/07\/allasborze-1-736x1024.jpg 736w, https:\/\/semmelweis.hu\/anesztezia\/files\/2025\/07\/allasborze-1-768x1069.jpg 768w, https:\/\/semmelweis.hu\/anesztezia\/files\/2025\/07\/allasborze-1-1104x1536.jpg 1104w, https:\/\/semmelweis.hu\/anesztezia\/files\/2025\/07\/allasborze-1-1471x2048.jpg 1471w, https:\/\/semmelweis.hu\/anesztezia\/files\/2025\/07\/allasborze-1-753x1048.jpg 753w\" sizes=\"auto, (max-width: 490px) 100vw, 490px\" \/><\/a><\/div>\n<div>\u00a0<\/div>\n<div>\u00a0<\/div>\n<div>\u00a0<\/div>\n<div>\u00a0<\/div>\n<p>&nbsp;<\/p>\n","protected":false},"excerpt":{"rendered":"<p>\u00a0<br \/>\nAz al\u00e1bbi munkak\u00f6r\u00f6kbe v\u00e1rjuk leend\u0151 koll\u00e9g\u00e1ink jelentkez\u00e9s\u00e9t:<br \/>\n<a href=\"https:\/\/semmelweis.hu\/human\/2026\/02\/24\/aneszteziologiai-ambulancia-apolo-aneszteziologiai-es-perioperativ-betegellato-intezet\/\" target=\"_blank\" rel=\"noopener\">Aneszteziol\u00f3giai ambulancia &#8211; \u00e1pol\u00f3 <\/a><br \/>\n\u00a0<br \/>\n<a href=\"https:\/\/semmelweis.hu\/human\/2026\/02\/12\/aneszteziologiai-asszisztens-gyermekgyogyaszat-teruleten-semmelweis-egyetem-aneszteziologiai-es-perioperativ-betegellato-intezet\/\" target=\"_blank\" rel=\"noopener\">Aneszteziol\u00f3giai asszisztens (gyermekgy\u00f3gy\u00e1szat ter\u00fcleten)<\/a><br \/>\n\u00a0<br \/>\n<a href=\"https:\/\/semmelweis.hu\/human\/2025\/06\/19\/aneszteziologiai-es-intenziv-terapias-szakorvos-aneszteziologiai-es-perioperativ-betegellato-intezet\/\">Aneszteziol\u00f3giai \u00e9s intenz\u00edv ter\u00e1pi\u00e1s szakorvos <\/a><br \/>\n\u00a0<br \/>\n<a href=\"https:\/\/semmelweis.hu\/anesztezia\/files\/2025\/09\/Diakmunka-lehetoseg.jpg\">DI\u00c1KMUNKA LEHET\u0150S\u00c9G<\/a><br \/>\n<a href=\"https:\/\/semmelweis.hu\/human\/2025\/06\/19\/aneszteziologiai-es-intenziv-terapias-szakorvos-aneszteziologiai-es-perioperativ-betegellato-intezet\/\" target=\"_blank\" rel=\"noopener\">Aneszteziol\u00f3giai \u00e9s Intenz\u00edv Ter\u00e1pi\u00e1s szakorvos <\/a><br \/>\n\u00a0<br \/>\nA szakdolgoz\u00f3i munkak\u00f6r\u00f6kkel kapcsolatban az int\u00e9zetvezet\u0151 f\u0151n\u0151v\u00e9rn\u00e9l tudnak \u00e9rdekl\u0151dni, a <a href=\"mailto:koszta-blazsek.ildiko@semmelweis.hu\">koszta-blazsek.ildiko@semmelweis.hu<\/a> e-mail c\u00edmen.<br \/>\n\u00a0<br \/>\n<a href=\"https:\/\/semmelweis.hu\/anesztezia\/files\/2025\/07\/allasborze-1-scaled.jpg\" target=\"_blank\" rel=\"noopener\"><\/a><br \/>\n\u00a0<br \/>\n\u00a0<br \/>\n\u00a0<br \/>\n\u00a0<br \/>\n&nbsp;<\/p>\n","protected":false},"author":102417,"featured_media":0,"parent":0,"menu_order":0,"comment_status":"closed","ping_status":"closed","template":"","meta":{"_acf_changed":false,"footnotes":""},"categories":[],"tags":[],"class_list":["post-203","page","type-page","status-publish","hentry"],"acf":[],"_links":{"self":[{"href":"https:\/\/semmelweis.hu\/anesztezia\/wp-json\/wp\/v2\/pages\/203","targetHints":{"allow":["GET"]}}],"collection":[{"href":"https:\/\/semmelweis.hu\/anesztezia\/wp-json\/wp\/v2\/pages"}],"about":[{"href":"https:\/\/semmelweis.hu\/anesztezia\/wp-json\/wp\/v2\/types\/page"}],"author":[{"embeddable":true,"href":"https:\/\/semmelweis.hu\/anesztezia\/wp-json\/wp\/v2\/users\/102417"}],"replies":[{"embeddable":true,"href":"https:\/\/semmelweis.hu\/anesztezia\/wp-json\/wp\/v2\/comments?post=203"}],"version-history":[{"count":10,"href":"https:\/\/semmelweis.hu\/anesztezia\/wp-json\/wp\/v2\/pages\/203\/revisions"}],"predecessor-version":[{"id":600,"href":"https:\/\/semmelweis.hu\/anesztezia\/wp-json\/wp\/v2\/pages\/203\/revisions\/600"}],"wp:attachment":[{"href":"https:\/\/semmelweis.hu\/anesztezia\/wp-json\/wp\/v2\/media?parent=203"}],"wp:term":[{"taxonomy":"category","embeddable":true,"href":"https:\/\/semmelweis.hu\/anesztezia\/wp-json\/wp\/v2\/categories?post=203"},{"taxonomy":"post_tag","embeddable":true,"href":"https:\/\/semmelweis.hu\/anesztezia\/wp-json\/wp\/v2\/tags?post=203"}],"curies":[{"name":"wp","href":"https:\/\/api.w.org\/{rel}","templated":true}]}}