{"id":147,"date":"2024-10-03T08:33:11","date_gmt":"2024-10-03T06:33:11","guid":{"rendered":"https:\/\/semmelweis.hu\/anesztezia\/?page_id=147"},"modified":"2025-09-04T12:53:28","modified_gmt":"2025-09-04T10:53:28","slug":"oktatas","status":"publish","type":"page","link":"https:\/\/semmelweis.hu\/anesztezia\/oktatas\/","title":{"rendered":"Oktat\u00e1s"},"content":{"rendered":"<h1>Szakasszisztens k\u00e9pz\u00e9s:\u00a0<\/h1>\n<p><span style=\"color: #ff0000\"><em><strong>Az idei tan\u00e9vre a jelentkez\u00e9si id\u0151szak lez\u00e1rult!<\/strong><\/em><\/span><\/p>\n<div class=\"keretes w-100\">\n<p><strong><span style=\"color: #ff0000\"><em>!FRISS!<\/em><\/span><\/strong><\/p>\n<ul style=\"list-style-type: square\">\n<li>\n<p><strong><a href=\"https:\/\/semmelweis.hu\/raoulwallenberg\/2025\/04\/27\/2025-szeptembereben-indulo-ingyenes-kepzesek\/\" target=\"_blank\" rel=\"noopener\">2025. szeptember\u00e9ben indul\u00f3 ingyenes k\u00e9pz\u00e9sek<\/a><\/strong><\/p>\n<\/li>\n<li>\n<p><strong><a href=\"https:\/\/docs.google.com\/forms\/d\/e\/1FAIpQLSeFdZMZzpKIyyOkSvUHoPNkJaJUG-zQhFE1v4lLCUDJ7qLm1g\/viewform\" target=\"_blank\" rel=\"noopener\">Jelentkez\u00e9si lap \u00e9retts\u00e9gi ut\u00e1ni feln\u0151ttk\u00e9pz\u00e9si jogviszonyos szakk\u00e9pz\u00e9sre el\u0151zetes tud\u00e1s besz\u00e1m\u00edt\u00e1ssal (2025\/2026. tan\u00e9v)<\/a><\/strong><\/p>\n<\/li>\n<\/ul>\n<\/div>\n<p><span style=\"font-weight: 400\">A Semmelweis Egyetem az <strong>aneszteziol\u00f3giai szakasszisztens<\/strong> k\u00e9pz\u00e9st iskolarendszer\u0171 k\u00e9pz\u00e9s keret\u00e9ben biztos\u00edtja az azut\u00e1n \u00e9rdekl\u0151d\u0151 szakdolgoz\u00f3knak.\u00a0<\/span><\/p>\n<p><strong><span style=\"color: #000000\">K\u00e9pz\u0151 int\u00e9zm\u00e9ny\u00fcnk: <\/span><a href=\"https:\/\/semmelweis.hu\/raoulwallenberg\/\" target=\"_blank\" rel=\"noopener\">Semmelweis Egyetem Raoul Wallenberg T\u00f6bbc\u00e9l\u00fa Szakk\u00e9pz\u0151 Int\u00e9zm\u00e9nye<\/a><\/strong><\/p>\n<p>A k\u00e9pz\u00e9sre val\u00f3 jelentkez\u00e9ssel kapcsolatban (<em>aneszteziol\u00f3giai szakasszisztens, perioperat\u00edv szakasszisztens<\/em>) k\u00e9pz\u0151 int\u00e9zm\u00e9ny\u00fcnkn\u00e9l tud \u00e9rdekl\u0151dni.<\/p>\n<p style=\"text-align: center\"><a class=\"btn btn-secondary\" href=\"https:\/\/semmelweis.hu\/raoulwallenberg\/szakkepzes\/\" target=\"_blank\" rel=\"noopener\">Tov\u00e1bb az iskola honlapj\u00e1ra<\/a><\/p>\n<h4><strong>GYAKORLATOK<\/strong><\/h4>\n<p>A Semmelweis Egyetem Raoul Wallenberg T\u00f6bbc\u00e9l\u00fa Szakk\u00e9pz\u0151 Int\u00e9zm\u00e9ny\u00e9nek tanul\u00f3i az iskol\u00e1n kereszt\u00fcl \u00e9rkezhetnek gyakorlatra, azok beoszt\u00e1s\u00e1r\u00f3l az iskola gondoskodik. <span data-olk-copy-source=\"MessageBody\">A gyakorlatokkal kapcsolatos k\u00e9rd\u00e9sekben a k\u00e9pz\u0151 int\u00e9zm\u00e9ny tud inform\u00e1ci\u00f3t adni.\u00a0<\/span><\/p>\n<div class=\"x_elementToProof\">Minden m\u00e1s esetben keress\u00e9k bizalommal Int\u00e9zet\u00fcnk f\u0151n\u0151v\u00e9r\u00e9t a <span style=\"color: #3366ff\"><em>koszta-blazsek.ildiko@semmelweis.hu<\/em><\/span> email c\u00edmen.\u00a0<\/div>\n<p>&nbsp;<\/p>\n<p>&nbsp;<\/p>\n<p>&nbsp;<\/p>\n<p>&nbsp;<\/p>\n","protected":false},"excerpt":{"rendered":"<p>Szakasszisztens k\u00e9pz\u00e9s:\u00a0 Az idei tan\u00e9vre a jelentkez\u00e9si id\u0151szak lez\u00e1rult! !FRISS! <a href=\"https:\/\/semmelweis.hu\/raoulwallenberg\/2025\/04\/27\/2025-szeptembereben-indulo-ingyenes-kepzesek\/\" target=\"_blank\" rel=\"noopener\">2025. szeptember\u00e9ben indul\u00f3 ingyenes k\u00e9pz\u00e9sek<\/a> <a href=\"https:\/\/docs.google.com\/forms\/d\/e\/1FAIpQLSeFdZMZzpKIyyOkSvUHoPNkJaJUG-zQhFE1v4lLCUDJ7qLm1g\/viewform\" target=\"_blank\" rel=\"noopener\">Jelentkez\u00e9si lap \u00e9retts\u00e9gi ut\u00e1ni feln\u0151ttk\u00e9pz\u00e9si jogviszonyos szakk\u00e9pz\u00e9sre el\u0151zetes tud\u00e1s besz\u00e1m\u00edt\u00e1ssal (2025\/2026. tan\u00e9v)<\/a> A Semmelweis Egyetem az aneszteziol\u00f3giai szakasszisztens k\u00e9pz\u00e9st iskolarendszer\u0171 k\u00e9pz\u00e9s keret\u00e9ben biztos\u00edtja az azut\u00e1n \u00e9rdekl\u0151d\u0151 szakdolgoz\u00f3knak.\u00a0 K\u00e9pz\u0151 int\u00e9zm\u00e9ny\u00fcnk: <a href=\"https:\/\/semmelweis.hu\/raoulwallenberg\/\" target=\"_blank\" rel=\"noopener\">Semmelweis Egyetem Raoul Wallenberg T\u00f6bbc\u00e9l\u00fa Szakk\u00e9pz\u0151 Int\u00e9zm\u00e9nye<\/a> A k\u00e9pz\u00e9sre val\u00f3 jelentkez\u00e9ssel kapcsolatban (aneszteziol\u00f3giai szakasszisztens, perioperat\u00edv szakasszisztens) k\u00e9pz\u0151 int\u00e9zm\u00e9ny\u00fcnkn\u00e9l tud \u00e9rdekl\u0151dni. <a class=\"btn btn-secondary\" href=\"https:\/\/semmelweis.hu\/raoulwallenberg\/szakkepzes\/\" target=\"_blank\" rel=\"noopener\">Tov\u00e1bb az iskola honlapj\u00e1ra<\/a> GYAKORLATOK A Semmelweis Egyetem Raoul Wallenberg T\u00f6bbc\u00e9l\u00fa Szakk\u00e9pz\u0151 Int\u00e9zm\u00e9ny\u00e9nek tanul\u00f3i az iskol\u00e1n kereszt\u00fcl \u00e9rkezhetnek gyakorlatra, &hellip;<\/p>\n","protected":false},"author":102417,"featured_media":0,"parent":0,"menu_order":0,"comment_status":"closed","ping_status":"closed","template":"","meta":{"_acf_changed":false,"footnotes":""},"categories":[],"tags":[],"class_list":["post-147","page","type-page","status-publish","hentry"],"acf":[],"_links":{"self":[{"href":"https:\/\/semmelweis.hu\/anesztezia\/wp-json\/wp\/v2\/pages\/147","targetHints":{"allow":["GET"]}}],"collection":[{"href":"https:\/\/semmelweis.hu\/anesztezia\/wp-json\/wp\/v2\/pages"}],"about":[{"href":"https:\/\/semmelweis.hu\/anesztezia\/wp-json\/wp\/v2\/types\/page"}],"author":[{"embeddable":true,"href":"https:\/\/semmelweis.hu\/anesztezia\/wp-json\/wp\/v2\/users\/102417"}],"replies":[{"embeddable":true,"href":"https:\/\/semmelweis.hu\/anesztezia\/wp-json\/wp\/v2\/comments?post=147"}],"version-history":[{"count":9,"href":"https:\/\/semmelweis.hu\/anesztezia\/wp-json\/wp\/v2\/pages\/147\/revisions"}],"predecessor-version":[{"id":433,"href":"https:\/\/semmelweis.hu\/anesztezia\/wp-json\/wp\/v2\/pages\/147\/revisions\/433"}],"wp:attachment":[{"href":"https:\/\/semmelweis.hu\/anesztezia\/wp-json\/wp\/v2\/media?parent=147"}],"wp:term":[{"taxonomy":"category","embeddable":true,"href":"https:\/\/semmelweis.hu\/anesztezia\/wp-json\/wp\/v2\/categories?post=147"},{"taxonomy":"post_tag","embeddable":true,"href":"https:\/\/semmelweis.hu\/anesztezia\/wp-json\/wp\/v2\/tags?post=147"}],"curies":[{"name":"wp","href":"https:\/\/api.w.org\/{rel}","templated":true}]}}