{"id":135,"date":"2024-10-02T08:58:43","date_gmt":"2024-10-02T06:58:43","guid":{"rendered":"https:\/\/semmelweis.hu\/anesztezia\/?page_id=135"},"modified":"2026-03-19T12:17:48","modified_gmt":"2026-03-19T11:17:48","slug":"adatvedelem","status":"publish","type":"page","link":"https:\/\/semmelweis.hu\/anesztezia\/intezetunkrol\/adatvedelem\/","title":{"rendered":"Adatv\u00e9delem"},"content":{"rendered":"<p>A Semmelweis Egyetem az Egyetemen kezelt adatok v\u00e9delm\u00e9nek rendj\u00e9t az Alapt\u00f6rv\u00e9ny, a Polg\u00e1ri T\u00f6rv\u00e9nyk\u00f6nyvr\u0151l sz\u00f3l\u00f3 2013. \u00e9vi V. t\u00f6rv\u00e9ny, az inform\u00e1ci\u00f3s \u00f6nrendelkez\u00e9si jogr\u00f3l \u00e9s az inform\u00e1ci\u00f3szabads\u00e1gr\u00f3l sz\u00f3l\u00f3 2011. \u00e9vi CXII. t\u00f6rv\u00e9ny, a nemzeti fels\u0151oktat\u00e1sr\u00f3l sz\u00f3l\u00f3 2011. \u00e9vi CCIV. t\u00f6rv\u00e9ny, az eg\u00e9szs\u00e9g\u00fcgyr\u0151l sz\u00f3l\u00f3 1997. CLIV. t\u00f6rv\u00e9ny, az eg\u00e9szs\u00e9g\u00fcgyi \u00e9s a hozz\u00e1juk kapcsol\u00f3d\u00f3 szem\u00e9lyes adatok kezel\u00e9s\u00e9r\u0151l \u00e9s v\u00e9delm\u00e9r\u0151l sz\u00f3l\u00f3 1997. \u00e9vi XLVII. t\u00f6rv\u00e9ny, valamint az eg\u00e9szs\u00e9g\u00fcgyi \u00e9s a hozz\u00e1juk kapcsol\u00f3d\u00f3 szem\u00e9lyes adatok kezel\u00e9s\u00e9nek egyes k\u00e9rd\u00e9seir\u0151l sz\u00f3l\u00f3 62\/1997. (XII. 21.) NM rendelet alapj\u00e1n \u00e1llap\u00edtja meg.<\/p>\n<p>A Semmelweis Egyetemen a\u00a0szem\u00e9lyes \u00e9s k\u00fcl\u00f6nleges adatok kezel\u00e9se \u00e9s v\u00e9delme\u00a0a jogszab\u00e1lyoknak megfelel\u0151en, biztons\u00e1gosan t\u00f6rt\u00e9nik.<\/p>\n<p>Ezt a mindenkor hat\u00e1lyos\u00a0<strong><a href=\"https:\/\/semmelweis.hu\/jogigfoig\/dokumentumtar\/szabalyzattar\/adatvedelmi-szabalyzat\/\">Semmelweis egyetem Adatv\u00e9delmi Szab\u00e1lyzata<\/a><\/strong>\u00a0tartalmazza:<\/p>\n<p>Az egyetemi adatv\u00e9delmi felel\u0151s alapvet\u0151 feladata, hogy az adatv\u00e9delmi szab\u00e1lyzat\u00e1ban r\u00f6gz\u00edtett feladatait teljes\u00edtve gondoskodjon az egyetem adatv\u00e9delmi \u00e9s az ezzel \u00f6sszef\u00fcgg\u0151 adatbiztons\u00e1gi szempontokat kiel\u00e9g\u00edt\u0151 m\u0171k\u00f6d\u00e9s\u00e9r\u0151l.<\/p>\n<p><strong>A Semmelweis Egyetem adatv\u00e9delmi tisztvisel\u0151je:<\/strong><\/p>\n<p><strong>Dr. PhD Tr\u00f3cs\u00e1nyi S\u00e1ra<\/strong><br \/>\n1085 Budapest, Baross utca 22.<br \/>\nTel.: 06-1\/459-1500<\/p>\n<p><strong>E-mail:<\/strong>\u00a0<a href=\"mailto:adatvedelem@semmelweis.hu\">adatvedelem@semmelweis.hu<\/a><\/p>\n<p>Adatv\u00e9delmi nyilv\u00e1ntart\u00e1s &#8211; <em>hamarosan<\/em><\/p>\n<p>Adatkezel\u00e9si t\u00e1j\u00e9koztat\u00f3:\u00a0<a href=\"https:\/\/semmelweis.hu\/anesztezia\/files\/2025\/04\/52356-00_Adatkezelesi-tajekoztato_pdf.pdf\" target=\"_blank\" rel=\"noopener\">Adatkezel\u00e9si t\u00e1j\u00e9koztat\u00f3<\/a><\/p>\n<p>&nbsp;<\/p>\n<p>Aj\u00e1nljuk sz\u00edves figyelm\u00fckbe a Semmelweis Egyetem Adatkezel\u00e9si t\u00e1j\u00e9koztat\u00f3it<\/p>\n<p><a href=\"https:\/\/semmelweis.hu\/anesztezia\/files\/2025\/04\/Adatkezelesi-tajekoztato_munkavallalo.pdf\" target=\"_blank\" rel=\"noopener\">Adatkezel\u00e9si t\u00e1j\u00e9koztat\u00f3 a szem\u00e9lyes adatok kezel\u00e9s\u00e9r\u0151l \u2013 a munkav\u00e9gz\u00e9sre ir\u00e1nyul\u00f3 jogviszonyhoz kapcsol\u00f3d\u00f3an<\/a><\/p>\n<p><a href=\"https:\/\/semmelweis.hu\/anesztezia\/files\/2025\/04\/Adatkezelesi-tajekoztato_hallgato.pdf\">Adatkezel\u00e9si t\u00e1j\u00e9koztat\u00f3 a szem\u00e9lyes adatok kezel\u00e9s\u00e9r\u0151l \u2013 a hallgat\u00f3i jogviszonyhoz kapcsol\u00f3d\u00f3an<\/a><\/p>\n<p><a href=\"https:\/\/semmelweis.hu\/anesztezia\/files\/2025\/04\/Adatkezelesi-tajekoztato_egeszsegugyi-ellatas.pdf\">Adatkezel\u00e9si t\u00e1j\u00e9koztat\u00f3 a szem\u00e9lyes adatok kezel\u00e9s\u00e9r\u0151l \u2013 az eg\u00e9szs\u00e9g\u00fcgyi ell\u00e1t\u00e1shoz kapcsol\u00f3d\u00f3an<\/a><\/p>\n<p><a href=\"https:\/\/semmelweis.hu\/anesztezia\/files\/2025\/04\/Adatkezelesi-tajekoztato_kutatas.pdf\">Adatkezel\u00e9si t\u00e1j\u00e9koztat\u00f3 a szem\u00e9lyes adatok kezel\u00e9s\u00e9r\u0151l \u2013 az orvostudom\u00e1nyi kutat\u00e1sokhoz kapcsol\u00f3d\u00f3an<\/a><\/p>\n<p>&nbsp;<\/p>\n<p>K\u00e9pz\u00e9sek tananyagai:<\/p>\n<p><a href=\"https:\/\/semmelweis.hu\/anesztezia\/files\/2026\/01\/Adatbiztonsag-adatvedelem-az-egeszsegugyben.pdf\" target=\"_blank\" rel=\"noopener\">Adatbiztons\u00e1g-adatv\u00e9delem-az-eg\u00e9szs\u00e9g\u00fcgyben<\/a><\/p>\n<p>&nbsp;<\/p>\n<p>&nbsp;<\/p>\n<p>&nbsp;<\/p>\n<p>&nbsp;<\/p>\n<p>&nbsp;<\/p>\n<p>&nbsp;<\/p>\n","protected":false},"excerpt":{"rendered":"<p>A Semmelweis Egyetem az Egyetemen kezelt adatok v\u00e9delm\u00e9nek rendj\u00e9t az Alapt\u00f6rv\u00e9ny, a Polg\u00e1ri T\u00f6rv\u00e9nyk\u00f6nyvr\u0151l sz\u00f3l\u00f3 2013. \u00e9vi V. t\u00f6rv\u00e9ny, az inform\u00e1ci\u00f3s \u00f6nrendelkez\u00e9si jogr\u00f3l \u00e9s az inform\u00e1ci\u00f3szabads\u00e1gr\u00f3l sz\u00f3l\u00f3 2011. \u00e9vi CXII. t\u00f6rv\u00e9ny, a nemzeti fels\u0151oktat\u00e1sr\u00f3l sz\u00f3l\u00f3 2011. \u00e9vi CCIV. t\u00f6rv\u00e9ny, az eg\u00e9szs\u00e9g\u00fcgyr\u0151l sz\u00f3l\u00f3 1997. CLIV. t\u00f6rv\u00e9ny, az eg\u00e9szs\u00e9g\u00fcgyi \u00e9s a hozz\u00e1juk kapcsol\u00f3d\u00f3 szem\u00e9lyes adatok kezel\u00e9s\u00e9r\u0151l \u00e9s &hellip;<\/p>\n","protected":false},"author":102417,"featured_media":0,"parent":6,"menu_order":5,"comment_status":"closed","ping_status":"closed","template":"","meta":{"_acf_changed":false,"footnotes":""},"categories":[],"tags":[],"class_list":["post-135","page","type-page","status-publish","hentry"],"acf":[],"_links":{"self":[{"href":"https:\/\/semmelweis.hu\/anesztezia\/wp-json\/wp\/v2\/pages\/135","targetHints":{"allow":["GET"]}}],"collection":[{"href":"https:\/\/semmelweis.hu\/anesztezia\/wp-json\/wp\/v2\/pages"}],"about":[{"href":"https:\/\/semmelweis.hu\/anesztezia\/wp-json\/wp\/v2\/types\/page"}],"author":[{"embeddable":true,"href":"https:\/\/semmelweis.hu\/anesztezia\/wp-json\/wp\/v2\/users\/102417"}],"replies":[{"embeddable":true,"href":"https:\/\/semmelweis.hu\/anesztezia\/wp-json\/wp\/v2\/comments?post=135"}],"version-history":[{"count":10,"href":"https:\/\/semmelweis.hu\/anesztezia\/wp-json\/wp\/v2\/pages\/135\/revisions"}],"predecessor-version":[{"id":627,"href":"https:\/\/semmelweis.hu\/anesztezia\/wp-json\/wp\/v2\/pages\/135\/revisions\/627"}],"up":[{"embeddable":true,"href":"https:\/\/semmelweis.hu\/anesztezia\/wp-json\/wp\/v2\/pages\/6"}],"wp:attachment":[{"href":"https:\/\/semmelweis.hu\/anesztezia\/wp-json\/wp\/v2\/media?parent=135"}],"wp:term":[{"taxonomy":"category","embeddable":true,"href":"https:\/\/semmelweis.hu\/anesztezia\/wp-json\/wp\/v2\/categories?post=135"},{"taxonomy":"post_tag","embeddable":true,"href":"https:\/\/semmelweis.hu\/anesztezia\/wp-json\/wp\/v2\/tags?post=135"}],"curies":[{"name":"wp","href":"https:\/\/api.w.org\/{rel}","templated":true}]}}