{"id":130,"date":"2024-10-02T08:54:36","date_gmt":"2024-10-02T06:54:36","guid":{"rendered":"https:\/\/semmelweis.hu\/anesztezia\/?page_id=130"},"modified":"2025-02-25T09:09:15","modified_gmt":"2025-02-25T08:09:15","slug":"betegjogi-kepviselo","status":"publish","type":"page","link":"https:\/\/semmelweis.hu\/anesztezia\/betegellatas\/betegjogi-kepviselo\/","title":{"rendered":"Betegjogi k\u00e9pvisel\u0151"},"content":{"rendered":"<p style=\"text-align: center\"><span style=\"font-size: 18pt\"><strong>Dr. Mina Andr\u00e1s<\/strong><\/span><br \/>\nTelefon: +36 20\/489-9577<br \/>\nEmail:<strong> <a href=\"mailto:andras.mina@ijb.emmi.gov.hu\" target=\"_blank\" rel=\"noopener noreferrer\">andras.mina@ijsz.bm.gov.hu<\/a><\/strong><\/p>\n<p style=\"text-align: center\">Fogad\u00f3\u00f3ra id\u0151pontja: telefonon el\u0151re egyeztetett id\u0151pontban<br \/>\nFogad\u00f3\u00f3ra helye: Semmelweis Egyetem K\u00fcls\u0151 Klinikai T\u00f6mb<br \/>\n(1088 Budapest, \u00dcll\u0151i \u00fat 78.)<\/p>\n<p style=\"text-align: left\">\n<span style=\"font-size: 18pt\"><strong>A betegjogi k\u00e9pvisel\u0151 tev\u00e9kenys\u00e9ge<\/strong><\/span><\/p>\n<ul>\n<li>seg\u00edti a beteget az eg\u00e9szs\u00e9g\u00fcgyi dokument\u00e1ci\u00f3hoz val\u00f3 hozz\u00e1jut\u00e1sban, azzal kapcsolatos megjegyz\u00e9sek, k\u00e9rd\u00e9sek felt\u00e9tel\u00e9ben<\/li>\n<li>seg\u00edt a betegnek panasza megfogalmaz\u00e1s\u00e1ban, kezdem\u00e9nyezheti annak kivizsg\u00e1l\u00e1s\u00e1t<\/li>\n<li>a beteg \u00edr\u00e1sbeli meghatalmaz\u00e1sa alapj\u00e1n panaszt tehet az eg\u00e9szs\u00e9g\u00fcgyi szolg\u00e1ltat\u00f3 vezet\u0151j\u00e9n\u00e9l, fenntart\u00f3j\u00e1n\u00e1l, illetve \u2013 a beteg gy\u00f3gykezel\u00e9s\u00e9vel \u00f6sszef\u00fcgg\u0151<\/li>\n<li>\u00fcgyekben elj\u00e1r az arra hat\u00e1sk\u00f6rrel \u00e9s illet\u00e9kess\u00e9ggel rendelkez\u0151 hat\u00f3s\u00e1gn\u00e1l, \u00e9s ennek sor\u00e1n k\u00e9pviseli a beteget<\/li>\n<\/ul>\n<p>\nA JOGV\u00c9DELMI K\u00c9PVISEL\u0150 AZ INTEGR\u00c1LT JOGV\u00c9DELMI SZOLG\u00c1LAT (IJSZ) MUNKAT\u00c1RSA, AZ EG\u00c9SZS\u00c9G\u00dcGYI INT\u00c9ZM\u00c9NYT\u0150L F\u00dcGGETLEN SZEM\u00c9LY.<\/p>\n<p>&nbsp;<\/p>\n<p>Integr\u00e1lt Jogv\u00e9delmi Szolg\u00e1lat<br \/>\nC\u00edm: H-1134 Budapest, T\u00fcz\u00e9r u. 33. II. em.<br \/>\nPostac\u00edm: 1365 Bp., Pf.: 646.<br \/>\nTelefon: +36-1\/8969-000<br \/>\nZ\u00f6ld sz\u00e1m: 06-80-620-055<br \/>\n(k\u00fclf\u00f6ldr\u0151l): +36-20-489-96-14<\/p>\n","protected":false},"excerpt":{"rendered":"<p>Dr. Mina Andr\u00e1s Telefon: +36 20\/489-9577 Email: <a href=\"mailto:andras.mina@ijb.emmi.gov.hu\" target=\"_blank\" rel=\"noopener noreferrer\">andras.mina@ijsz.bm.gov.hu<\/a> Fogad\u00f3\u00f3ra id\u0151pontja: telefonon el\u0151re egyeztetett id\u0151pontban Fogad\u00f3\u00f3ra helye: Semmelweis Egyetem K\u00fcls\u0151 Klinikai T\u00f6mb (1088 Budapest, \u00dcll\u0151i \u00fat 78.) A betegjogi k\u00e9pvisel\u0151 tev\u00e9kenys\u00e9ge seg\u00edti a beteget az eg\u00e9szs\u00e9g\u00fcgyi dokument\u00e1ci\u00f3hoz val\u00f3 hozz\u00e1jut\u00e1sban, azzal kapcsolatos megjegyz\u00e9sek, k\u00e9rd\u00e9sek felt\u00e9tel\u00e9ben seg\u00edt a betegnek panasza megfogalmaz\u00e1s\u00e1ban, kezdem\u00e9nyezheti annak kivizsg\u00e1l\u00e1s\u00e1t a beteg \u00edr\u00e1sbeli meghatalmaz\u00e1sa alapj\u00e1n &hellip;<\/p>\n","protected":false},"author":102417,"featured_media":0,"parent":11,"menu_order":0,"comment_status":"closed","ping_status":"closed","template":"","meta":{"_acf_changed":false,"footnotes":""},"categories":[],"tags":[],"class_list":["post-130","page","type-page","status-publish","hentry"],"acf":[],"_links":{"self":[{"href":"https:\/\/semmelweis.hu\/anesztezia\/wp-json\/wp\/v2\/pages\/130","targetHints":{"allow":["GET"]}}],"collection":[{"href":"https:\/\/semmelweis.hu\/anesztezia\/wp-json\/wp\/v2\/pages"}],"about":[{"href":"https:\/\/semmelweis.hu\/anesztezia\/wp-json\/wp\/v2\/types\/page"}],"author":[{"embeddable":true,"href":"https:\/\/semmelweis.hu\/anesztezia\/wp-json\/wp\/v2\/users\/102417"}],"replies":[{"embeddable":true,"href":"https:\/\/semmelweis.hu\/anesztezia\/wp-json\/wp\/v2\/comments?post=130"}],"version-history":[{"count":4,"href":"https:\/\/semmelweis.hu\/anesztezia\/wp-json\/wp\/v2\/pages\/130\/revisions"}],"predecessor-version":[{"id":260,"href":"https:\/\/semmelweis.hu\/anesztezia\/wp-json\/wp\/v2\/pages\/130\/revisions\/260"}],"up":[{"embeddable":true,"href":"https:\/\/semmelweis.hu\/anesztezia\/wp-json\/wp\/v2\/pages\/11"}],"wp:attachment":[{"href":"https:\/\/semmelweis.hu\/anesztezia\/wp-json\/wp\/v2\/media?parent=130"}],"wp:term":[{"taxonomy":"category","embeddable":true,"href":"https:\/\/semmelweis.hu\/anesztezia\/wp-json\/wp\/v2\/categories?post=130"},{"taxonomy":"post_tag","embeddable":true,"href":"https:\/\/semmelweis.hu\/anesztezia\/wp-json\/wp\/v2\/tags?post=130"}],"curies":[{"name":"wp","href":"https:\/\/api.w.org\/{rel}","templated":true}]}}