{"id":123,"date":"2024-10-02T08:46:19","date_gmt":"2024-10-02T06:46:19","guid":{"rendered":"https:\/\/semmelweis.hu\/anesztezia\/?page_id=123"},"modified":"2024-10-16T12:30:54","modified_gmt":"2024-10-16T10:30:54","slug":"csaladbarat-egyetem-program","status":"publish","type":"page","link":"https:\/\/semmelweis.hu\/anesztezia\/intezetunkrol\/csaladbarat-egyetem-program\/","title":{"rendered":"Csal\u00e1dbar\u00e1t Egyetem Program"},"content":{"rendered":"<h4><strong>Int\u00e9zet\u00fcnk, megalakul\u00e1sa \u00f3ta tagja a Semmelweis Egyetem Csal\u00e1dbar\u00e1t programj\u00e1nak.\u00a0<\/strong><\/h4>\n<ul>\n<li>\n<p>Vezet\u0151s\u00e9g\u00fcnk elhivatott a csal\u00e1dbar\u00e1t szeml\u00e9let megszil\u00e1rd\u00edt\u00e1s\u00e1ban.<\/p>\n<\/li>\n<li><img loading=\"lazy\" decoding=\"async\" class=\"wp-image-166  alignright\" src=\"https:\/\/semmelweis.hu\/anesztezia\/files\/2024\/10\/Idiko-300x400.jpg\" alt=\"\" width=\"351\" height=\"468\" srcset=\"https:\/\/semmelweis.hu\/anesztezia\/files\/2024\/10\/Idiko-300x400.jpg 300w, https:\/\/semmelweis.hu\/anesztezia\/files\/2024\/10\/Idiko-768x1024.jpg 768w, https:\/\/semmelweis.hu\/anesztezia\/files\/2024\/10\/Idiko-1152x1536.jpg 1152w, https:\/\/semmelweis.hu\/anesztezia\/files\/2024\/10\/Idiko-753x1004.jpg 753w, https:\/\/semmelweis.hu\/anesztezia\/files\/2024\/10\/Idiko.jpg 1200w\" sizes=\"auto, (max-width: 351px) 100vw, 351px\" \/>\n<p>Csal\u00e1dbar\u00e1t nagyk\u00f6vet\u00fcnk, naprak\u00e9sz inform\u00e1ci\u00f3kkal l\u00e1tja el munkat\u00e1rsainkat a sz\u00e1mos programr\u00f3l \u00e9s lehet\u0151s\u00e9gr\u0151l.<\/p>\n<\/li>\n<li>\n<p>Tudjuk, hogy a mag\u00e1n\u00e9let-munka egyens\u00faly\u00e1t sokszor neh\u00e9z megteremteni. <span style=\"font-size: 1rem\">A csal\u00e1dbar\u00e1t program viszont a sok-sok kedvezm\u00e9ny mellett rengeteget tud ebben seg\u00edteni. <\/span><span style=\"font-size: 1rem\">Ezeket a lehet\u0151s\u00e9geket igyeksz\u00fcnk k\u00f6zelebb hozni munkat\u00e1rsainkhoz.<\/span><\/p>\n<\/li>\n<\/ul>\n<p>&nbsp;<\/p>\n<div class=\"fontos_div\">\n<p>&nbsp;<\/p>\n<p><span style=\"font-weight: 400\">Az Egyetem Csal\u00e1dbar\u00e1t lehet\u0151s\u00e9geir\u0151l b\u0151vebb inform\u00e1ci\u00f3 a k\u00f6vetkez\u0151 link alatt: <\/span><span style=\"font-size: 14pt;color: #000000\"><strong><a href=\"https:\/\/semmelweis.hu\/csaladbarat\/\">Csal\u00e1dbar\u00e1t Egyetem Program<\/a>\u00a0<\/strong><\/span><\/p>\n<p>&nbsp;<\/p>\n<\/div>\n","protected":false},"excerpt":{"rendered":"<p>Int\u00e9zet\u00fcnk, megalakul\u00e1sa \u00f3ta tagja a Semmelweis Egyetem Csal\u00e1dbar\u00e1t programj\u00e1nak.\u00a0 Vezet\u0151s\u00e9g\u00fcnk elhivatott a csal\u00e1dbar\u00e1t szeml\u00e9let megszil\u00e1rd\u00edt\u00e1s\u00e1ban. Csal\u00e1dbar\u00e1t nagyk\u00f6vet\u00fcnk, naprak\u00e9sz inform\u00e1ci\u00f3kkal l\u00e1tja el munkat\u00e1rsainkat a sz\u00e1mos programr\u00f3l \u00e9s lehet\u0151s\u00e9gr\u0151l. Tudjuk, hogy a mag\u00e1n\u00e9let-munka egyens\u00faly\u00e1t sokszor neh\u00e9z megteremteni. A csal\u00e1dbar\u00e1t program viszont a sok-sok kedvezm\u00e9ny mellett rengeteget tud ebben seg\u00edteni. Ezeket a lehet\u0151s\u00e9geket igyeksz\u00fcnk k\u00f6zelebb hozni munkat\u00e1rsainkhoz. &nbsp; &hellip;<\/p>\n","protected":false},"author":102417,"featured_media":0,"parent":6,"menu_order":2,"comment_status":"closed","ping_status":"closed","template":"","meta":{"_acf_changed":false,"footnotes":""},"categories":[],"tags":[],"class_list":["post-123","page","type-page","status-publish","hentry"],"acf":[],"_links":{"self":[{"href":"https:\/\/semmelweis.hu\/anesztezia\/wp-json\/wp\/v2\/pages\/123","targetHints":{"allow":["GET"]}}],"collection":[{"href":"https:\/\/semmelweis.hu\/anesztezia\/wp-json\/wp\/v2\/pages"}],"about":[{"href":"https:\/\/semmelweis.hu\/anesztezia\/wp-json\/wp\/v2\/types\/page"}],"author":[{"embeddable":true,"href":"https:\/\/semmelweis.hu\/anesztezia\/wp-json\/wp\/v2\/users\/102417"}],"replies":[{"embeddable":true,"href":"https:\/\/semmelweis.hu\/anesztezia\/wp-json\/wp\/v2\/comments?post=123"}],"version-history":[{"count":10,"href":"https:\/\/semmelweis.hu\/anesztezia\/wp-json\/wp\/v2\/pages\/123\/revisions"}],"predecessor-version":[{"id":199,"href":"https:\/\/semmelweis.hu\/anesztezia\/wp-json\/wp\/v2\/pages\/123\/revisions\/199"}],"up":[{"embeddable":true,"href":"https:\/\/semmelweis.hu\/anesztezia\/wp-json\/wp\/v2\/pages\/6"}],"wp:attachment":[{"href":"https:\/\/semmelweis.hu\/anesztezia\/wp-json\/wp\/v2\/media?parent=123"}],"wp:term":[{"taxonomy":"category","embeddable":true,"href":"https:\/\/semmelweis.hu\/anesztezia\/wp-json\/wp\/v2\/categories?post=123"},{"taxonomy":"post_tag","embeddable":true,"href":"https:\/\/semmelweis.hu\/anesztezia\/wp-json\/wp\/v2\/tags?post=123"}],"curies":[{"name":"wp","href":"https:\/\/api.w.org\/{rel}","templated":true}]}}