{"id":120,"date":"2024-10-02T08:32:54","date_gmt":"2024-10-02T06:32:54","guid":{"rendered":"https:\/\/semmelweis.hu\/anesztezia\/?page_id=120"},"modified":"2025-12-13T09:14:47","modified_gmt":"2025-12-13T08:14:47","slug":"ambulancia","status":"publish","type":"page","link":"https:\/\/semmelweis.hu\/anesztezia\/betegellatas\/ambulancia\/","title":{"rendered":"Ambulancia"},"content":{"rendered":"<div class=\"keretes\">\n<p style=\"text-align: center\"><span style=\"font-size: 18pt;color: #ff0000\"><strong>K\u00e9rj\u00fck az al\u00e1bbi leleteket minden esetben kinyomtatva hozz\u00e1k magukkal, \u00e9s a betegfelv\u00e9telen val\u00f3 bejelentkez\u00e9s ut\u00e1n adj\u00e1k \u00e1t az asszisztens koll\u00e9g\u00e1nknak!<\/strong><\/span><\/p>\n<p>A vizsg\u00e1latokat a m\u0171t\u00e9t id\u0151pontj\u00e1hoz viszony\u00edtva k\u00e9rj\u00fck elv\u00e9geztetni:<\/p>\n<ul>\n<li><strong><u>EKG<\/u><\/strong> 1 h\u00f3napon bel\u00fcli<\/li>\n<li>45 \u00e9v feletti betegekn\u00e9l <strong><u>mellkas RTG<\/u><\/strong> 1 \u00e9ven bel\u00fcli<\/li>\n<li>45 \u00e9v alatti, t\u00e1rsbetegs\u00e9gben nem szenved\u0151 betegn\u00e9l nem kell mellkas RTG vizsg\u00e1latot v\u00e9gezni<\/li>\n<li><strong><u>Labor vizsg\u00e1lat<\/u><\/strong> 1 h\u00f3napon bel\u00fcli\n<ul>\n<li>Teljes v\u00e9rk\u00e9p<\/li>\n<li>INR<\/li>\n<li>m\u00e1jfunkci\u00f3, vesefunkci\u00f3, ionok, v\u00e9rcukor<\/li>\n<li>vizelet<\/li>\n<\/ul>\n<\/li>\n<li><strong><u>V\u00e9rcsoportvizsg\u00e1lat + ellenanyagsz\u0171r\u00e9s (<\/u><\/strong>Coombs+EA) <strong><u>7 napon bel\u00fcli<\/u><\/strong><\/li>\n<li>El\u0151z\u0151 betegs\u00e9gekr\u0151l, t\u00e1rsbetegs\u00e9gekr\u0151l k\u00e9sz\u00fclt utols\u00f3 ambul\u00e1ns lapot, k\u00f3rh\u00e1zi z\u00e1r\u00f3jelent\u00e9st.<\/li>\n<li><strong><u>Aktu\u00e1lisan szedett gy\u00f3gyszereinek list\u00e1j\u00e1t<\/u><\/strong>\n<ul>\n<li>Mikor, milyen adagban, mennyit szed<\/li>\n<\/ul>\n<\/li>\n<li>K\u00e9rj\u00fck <strong><u>a v\u00e9rnyom\u00e1snapl\u00f3t, v\u00e9rcukor napl\u00f3t<\/u><\/strong> ha vezetett az otthon m\u00e9rt \u00e9rt\u00e9kekr\u0151l.<\/li>\n<li>Ortop\u00e9diai prot\u00e9zis m\u0171t\u00e9tek el\u00f6tt<strong><u>, k\u00e9rj\u00fck a fog\u00e1szati g\u00f3ckutat\u00e1sr\u00f3l k\u00e9sz\u00fclt leletet<\/u><\/strong>.<\/li>\n<\/ul>\n<\/div>\n<div class=\"keretes\">\n<p style=\"text-align: center\"><span style=\"font-size: 18pt\"><strong>Az ambulancia el\u0151jegyzett betegeket tud fogadni.<\/strong><\/span><\/p>\n<p>Az el\u0151jegyz\u00e9s az <span style=\"color: #000000\"><strong>e-medsol<\/strong> <\/span>rendszerben az oper\u00e1ci\u00f3t v\u00e9gz\u0151 oszt\u00e1ly feladata.<\/p>\n<p><span style=\"font-size: 14pt\"><strong>Ortop\u00e9diai m\u0171t\u00e9t:<\/strong> id\u0151pontk\u00e9r\u00e9s (koordin\u00e1torok) +36 1 2093355<\/span><\/p>\n<p><span style=\"font-size: 14pt\"><strong>N\u0151gy\u00f3gy\u00e1szati m\u0171t\u00e9t:<\/strong> id\u0151pontk\u00e9r\u00e9s (felv\u00e9teli iroda) +36 20 666 1608<\/span><\/p>\n<hr \/>\n<p style=\"text-align: center\"><span style=\"font-size: 18pt\"><strong>Aneszteziol\u00f3giai ambulancia el\u00e9rhet\u0151s\u00e9ge:<\/strong><\/span><\/p>\n<p><strong>K\u00f6zponti Betegell\u00e1t\u00f3 \u00c9p\u00fclet<\/strong><\/p>\n<p><span style=\"font-size: 14pt\"><strong>1082 Budapest, \u00dcll\u0151i \u00fat 78.I. emelet, 116-os szoba<\/strong><\/span><\/p>\n<p><span style=\"color: #ff0000\"><em>A beh\u00edv\u00e1s sorrendje elt\u00e9rhet az el\u0151jegyz\u00e9s sorrendj\u00e9t\u0151l, k\u00e9rj\u00fck kedves betegeink sz\u00edves meg\u00e9rt\u00e9s\u00e9t. <\/em><\/span><\/p>\n<p><a href=\"mailto:elojegyzes.apbi@semmelweis.hu\"><span style=\"color: #000000\"><em>elojegyzes.<\/em>apbi@semmelweis.hu<\/span><\/a><\/p>\n<\/div>\n","protected":false},"excerpt":{"rendered":"<p>K\u00e9rj\u00fck az al\u00e1bbi leleteket minden esetben kinyomtatva hozz\u00e1k magukkal, \u00e9s a betegfelv\u00e9telen val\u00f3 bejelentkez\u00e9s ut\u00e1n adj\u00e1k \u00e1t az asszisztens koll\u00e9g\u00e1nknak! A vizsg\u00e1latokat a m\u0171t\u00e9t id\u0151pontj\u00e1hoz viszony\u00edtva k\u00e9rj\u00fck elv\u00e9geztetni: EKG 1 h\u00f3napon bel\u00fcli 45 \u00e9v feletti betegekn\u00e9l mellkas RTG 1 \u00e9ven bel\u00fcli 45 \u00e9v alatti, t\u00e1rsbetegs\u00e9gben nem szenved\u0151 betegn\u00e9l nem kell mellkas RTG vizsg\u00e1latot v\u00e9gezni Labor &hellip;<\/p>\n","protected":false},"author":102417,"featured_media":0,"parent":11,"menu_order":0,"comment_status":"closed","ping_status":"closed","template":"template-fullwidth.php","meta":{"_acf_changed":false,"footnotes":""},"categories":[],"tags":[],"class_list":["post-120","page","type-page","status-publish","hentry"],"acf":[],"_links":{"self":[{"href":"https:\/\/semmelweis.hu\/anesztezia\/wp-json\/wp\/v2\/pages\/120","targetHints":{"allow":["GET"]}}],"collection":[{"href":"https:\/\/semmelweis.hu\/anesztezia\/wp-json\/wp\/v2\/pages"}],"about":[{"href":"https:\/\/semmelweis.hu\/anesztezia\/wp-json\/wp\/v2\/types\/page"}],"author":[{"embeddable":true,"href":"https:\/\/semmelweis.hu\/anesztezia\/wp-json\/wp\/v2\/users\/102417"}],"replies":[{"embeddable":true,"href":"https:\/\/semmelweis.hu\/anesztezia\/wp-json\/wp\/v2\/comments?post=120"}],"version-history":[{"count":10,"href":"https:\/\/semmelweis.hu\/anesztezia\/wp-json\/wp\/v2\/pages\/120\/revisions"}],"predecessor-version":[{"id":513,"href":"https:\/\/semmelweis.hu\/anesztezia\/wp-json\/wp\/v2\/pages\/120\/revisions\/513"}],"up":[{"embeddable":true,"href":"https:\/\/semmelweis.hu\/anesztezia\/wp-json\/wp\/v2\/pages\/11"}],"wp:attachment":[{"href":"https:\/\/semmelweis.hu\/anesztezia\/wp-json\/wp\/v2\/media?parent=120"}],"wp:term":[{"taxonomy":"category","embeddable":true,"href":"https:\/\/semmelweis.hu\/anesztezia\/wp-json\/wp\/v2\/categories?post=120"},{"taxonomy":"post_tag","embeddable":true,"href":"https:\/\/semmelweis.hu\/anesztezia\/wp-json\/wp\/v2\/tags?post=120"}],"curies":[{"name":"wp","href":"https:\/\/api.w.org\/{rel}","templated":true}]}}