{"id":11,"date":"2024-09-12T15:35:13","date_gmt":"2024-09-12T13:35:13","guid":{"rendered":"https:\/\/semmelweis.hu\/anesztezia\/?page_id=11"},"modified":"2024-10-04T13:47:58","modified_gmt":"2024-10-04T11:47:58","slug":"betegellatas","status":"publish","type":"page","link":"https:\/\/semmelweis.hu\/anesztezia\/betegellatas\/","title":{"rendered":"Szakmai profiljaink"},"content":{"rendered":"<h5>F\u00fcl-orr-g\u00e9g\u00e9szeti aneszt\u00e9zia:<\/h5>\n<p><em><span style=\"font-weight: 400;\">A F\u00fcl-Orr-G\u00e9g\u00e9szeti \u00e9s Fej-Nyakseb\u00e9szeti Klinika betegei sz\u00e1m\u00e1ra v\u00e9gzett aneszteziol\u00f3giai ell\u00e1t\u00e1s.<\/span><\/em><\/p>\n<p><span style=\"font-weight: 400;\"><strong>F\u0151 profilok:<\/strong> M\u0171t\u00e9ti aneszt\u00e9zia biztos\u00edt\u00e1sa endoszk\u00f3pos orrmell\u00e9k\u00fcreg beavatkoz\u00e1sokhoz;\u00a0a garat, g\u00e9ge, l\u00e9gcs\u0151 \u00e9s a bels\u0151 f\u00fcl m\u0171t\u00e9teihez, cochle\u00e1ris implantatum be\u00fcltet\u00e9s\u00e9hez, valamint tumorm\u0171t\u00e9tekhez (koponyab\u00e1zis, parotis, fej-nyaki tumorok). Neh\u00e9z l\u00e9g\u00fat szitu\u00e1ci\u00f3k ell\u00e1t\u00e1sa (akut l\u00e9g\u00fatbiztos\u00edt\u00e1s, videolaringoszk\u00f3pia \u00e9s \u00e9ber fiberoszk\u00f3pos intub\u00e1ci\u00f3 valamint tracheotomia seg\u00edts\u00e9g\u00e9vel). JET l\u00e9legeztet\u00e9s mellett v\u00e9gzett m\u0171t\u00e9tek aneszt\u00e9zi\u00e1ja. Alv\u00e1sendoszk\u00f3pia aneszt\u00e9zi\u00e1ja.<\/span><\/p>\n<h5>Gyermekaneszt\u00e9zia:<\/h5>\n<p><em><span style=\"font-weight: 400;\">A Gyermekgy\u00f3gy\u00e1szati Klinika B\u00f3kay \u00e9s T\u0171zolt\u00f3 r\u00e9szlegek betegei sz\u00e1m\u00e1ra v\u00e9gzett aneszteziol\u00f3giai ell\u00e1t\u00e1s.<\/span><\/em><\/p>\n<p><span style=\"font-weight: 400;\"><strong>F\u0151 profilok:<\/strong> Aneszteziol\u00f3giai ell\u00e1t\u00e1s korasz\u00fcl\u00f6ttek, \u00fajsz\u00fcl\u00f6ttek, csecsem\u0151k, gyermekek \u00e9s serd\u00fcl\u0151k \u00e1ltal\u00e1nos \u00e9s speci\u00e1lis gyermekseb\u00e9szeti ell\u00e1t\u00e1s\u00e1hoz. Speci\u00e1lis \u00fajsz\u00fcl\u00f6tt seb\u00e9szeti, gyermek onko-hematol\u00f3giai m\u0171t\u00e9tek, gyermek mellkasseb\u00e9szeti m\u0171t\u00e9tek, nagy m\u00e1j- \u00e9s vesem\u0171t\u00e9tek, laparoszk\u00f3pos \u00e9s torakoszk\u00f3pos m\u0171t\u00e9tek, ajak \u00e9s sz\u00e1jpadhasad\u00e9k-seb\u00e9szeti beavatkoz\u00e1sok, f\u00fcl-orr-g\u00e9g\u00e9szeti m\u0171t\u00e9tek, egyes csecsem\u0151 idegseb\u00e9szeti m\u0171t\u00e9tek aneszteziol\u00f3giai ell\u00e1t\u00e1sa. Endoszk\u00f3pos vizsg\u00e1latok \u00e9s beavatkoz\u00e1sok aneszt\u00e9zi\u00e1ja. Ultrahang-vez\u00e9relt region\u00e1lis aneszt\u00e9zia. M\u0171t\u0151n k\u00edv\u00fcli aneszt\u00e9zia MRI, CT, izot\u00f3p vizsg\u00e1latokhoz, onkohematol\u00f3giai \u00e9s intervenci\u00f3s radiol\u00f3giai beavatkoz\u00e1sokhoz, onkoradiol\u00f3giai kezel\u00e9shez. R\u00e9szv\u00e9tel a neonat\u00e1lis ECMO programban. Gyermekek aneszteziol\u00f3giai ell\u00e1t\u00e1s biztos\u00edt\u00e1sa az Egyetem t\u00f6bbi gyermekell\u00e1t\u00e1st v\u00e9gz\u0151 klinik\u00e1ja (szem\u00e9szet, urol\u00f3gia, stb.) sz\u00e1m\u00e1ra.<\/span><\/p>\n<h5>Ortop\u00e9diai aneszt\u00e9zia:<\/h5>\n<p><em><span style=\"font-weight: 400;\">Az Ortop\u00e9diai Klinika betegei sz\u00e1m\u00e1ra v\u00e9gzett aneszteziol\u00f3giai ell\u00e1t\u00e1s.<\/span><\/em><\/p>\n<p><span style=\"font-weight: 400;\"><strong>F\u0151 profilok:<\/strong> Aneszteziol\u00f3giai ell\u00e1t\u00e1s biztos\u00edt\u00e1sa feln\u0151ttek \u00e9s gyermekek als\u00f3 \u00e9s fels\u0151 v\u00e9gtagon, ny\u00edlt \u00e9s artroszk\u00f3pos technik\u00e1kkal v\u00e9gzett ortop\u00e9diai m\u0171t\u00e9teihez; komplex csonttumor m\u0171t\u00e9tek aneszteziol\u00f3giai ell\u00e1t\u00e1sa. Klasszikus \u00e9s speci\u00e1lis aneszteziol\u00f3giai m\u00f3dszerek (kombin\u00e1lt\/solo neuraxi\u00e1lis \u00e9s ultrahang vez\u00e9relt perif\u00e9ri\u00e1s idegblok\u00e1dok) alkalmaz\u00e1sa; CT vez\u00e9relt onkoradiol\u00f3gia, radiofrekvenci\u00e1s abl\u00e1ci\u00f3k aneszt\u00e9zi\u00e1ja.<\/span><\/p>\n<h5>Sz\u00e1jseb\u00e9szeti aneszt\u00e9zia:<\/h5>\n<p><em><span style=\"font-weight: 400;\">Az Arc- \u00c1llcsont- Sz\u00e1jseb\u00e9szeti \u00e9s Fog\u00e1szati Klinika betegei sz\u00e1m\u00e1ra v\u00e9gzett aneszteziol\u00f3giai ell\u00e1t\u00e1s.<\/span><\/em><\/p>\n<p><span style=\"font-weight: 400;\">F\u0151 profilok: Aneszt\u00e9zia biztos\u00edt\u00e1sa sz\u00e1j\u00fcregi, nyaki daganatok, lebenyes rekonstrukci\u00f3k, s\u00e9r\u00fcl\u00e9sek, fej-, nyak ter\u00fcleti, l\u00e9gutat vesz\u00e9lyeztet\u0151 akut gyullad\u00e1sok ell\u00e1t\u00e1sa sor\u00e1n.<\/span><\/p>\n<h5>Szem\u00e9szeti aneszt\u00e9zia:<\/h5>\n<p><em><span style=\"font-weight: 400;\">A Szem\u00e9szeti Klinikai betegei sz\u00e1m\u00e1ra v\u00e9gzett aneszteziol\u00f3giai ell\u00e1t\u00e1s.<\/span><\/em><\/p>\n<p><span style=\"font-weight: 400;\">F\u0151 profilok: szem\u00e9szeti vagy belgy\u00f3gy\u00e1szati szempontb\u00f3l nagy rizik\u00f3j\u00fa betegek aneszteziol\u00f3giai ell\u00e1t\u00e1sa, \u00e1thatol\u00f3 szems\u00e9r\u00fcl\u00e9sek m\u0171t\u00e9ti ell\u00e1t\u00e1sa, csecsem\u0151 \u00e9s gyermekszem\u00e9szeti vizsg\u00e1latok \u00e9s beavatkoz\u00e1sok aneszteziol\u00f3giai ell\u00e1t\u00e1sa.<\/span><\/p>\n<h5>Sz\u00fcl\u00e9szeti \u00e9s n\u0151gy\u00f3gy\u00e1szati aneszt\u00e9zia:<\/h5>\n<p><em><span style=\"font-weight: 400;\">A Sz\u00fcl\u00e9szeti \u00e9s N\u0151gy\u00f3gy\u00e1szati Klinika Baross utcai \u00e9s \u00dcll\u0151i \u00fati r\u00e9szlegek betegei sz\u00e1m\u00e1ra v\u00e9gzett aneszteziol\u00f3giai ell\u00e1t\u00e1s.<\/span><\/em><\/p>\n<p><span style=\"font-weight: 400;\">F\u0151bb profilok: Sz\u00fcl\u00e9szeti beavatkoz\u00e1sok aneszt\u00e9zi\u00e1ja (spin\u00e1lis aneszt\u00e9zia \u00e9s nark\u00f3zis), sz\u00fcl\u00e9szeti f\u00e1jdalomcsillap\u00edt\u00e1s (epiduralis \u00e9rz\u00e9stelen\u00edt\u00e9s). Akut \u00e9s tervezett n\u0151gy\u00f3gy\u00e1szati m\u0171t\u00e9tek aneszt\u00e9zi\u00e1ja: n\u0151gy\u00f3gy\u00e1szati onkol\u00f3giai, endometriosis, myoma \u00e9s uroginekol\u00f3giai laparaszk\u00f3pos \u00e9s laparotomi\u00e1s m\u0171t\u00e9tek aneszt\u00e9zi\u00e1ja.\u00a0<\/span><\/p>\n<h5>Urol\u00f3giai aneszt\u00e9zia:<\/h5>\n<p><em><span style=\"font-weight: 400;\">Az Urol\u00f3giai \u00e9s Uro-onkol\u00f3giai Klinika betegei sz\u00e1m\u00e1ra v\u00e9gzett aneszteziol\u00f3giai ell\u00e1t\u00e1s.<\/span><\/em><\/p>\n<p><span style=\"font-weight: 400;\">F\u0151 profilok: Urol\u00f3giai \u00e9s uro-onkol\u00f3giai m\u0171t\u00e9tek aneszt\u00e9zi\u00e1ja \u00e1ltal\u00e1nos \u00e9s region\u00e1lis \u00e9rz\u00e9stelen\u00edt\u00e9ssel, robot assziszt\u00e1lt m\u0171t\u00e9tek aneszt\u00e9zi\u00e1ja, h\u00fagy\u00fati endoszk\u00f3pos m\u0171t\u00e9tek aneszt\u00e9zi\u00e1ja, aneszt\u00e9zia ESWL-hez.<\/span><\/p>\n<h5>M\u0171t\u0151n k\u00edv\u00fcli aneszteziol\u00f3giai ell\u00e1t\u00e1s:<\/h5>\n<p><em><span style=\"font-weight: 400;\">Az Orvosi K\u00e9palkot\u00f3 Klinik\u00e1n v\u00e9gzett diagnosztikus \u00e9s ter\u00e1pi\u00e1s beavatkoz\u00e1sokhoz v\u00e9gzett aneszteziol\u00f3giai ell\u00e1t\u00e1s.<\/span><\/em><\/p>\n<p><span style=\"font-weight: 400;\">F\u0151 profilok: MRI, CT, PET-CT, izot\u00f3p vizsg\u00e1latokhoz sz\u00fcks\u00e9ges aneszt\u00e9zia v\u00e9g\u00e9z\u00e9se els\u0151sorban gyerekek sz\u00e1m\u00e1ra. CT \u00e9s ultrahang vez\u00e9relt onkoabl\u00e1ci\u00f3s \u00e9s endovascularis beavatkoz\u00e1sok aneszt\u00e9zi\u00e1ja.<\/span><\/p>\n<p><span style=\"font-weight: 400;\">Endoscopos vizsg\u00e1latok aneszt\u00e9zi\u00e1ja.<\/span><\/p>\n<p><span style=\"font-weight: 400;\">Aneszt\u00e9zia biztos\u00edt\u00e1sa elektrokonvulz\u00edv kezel\u00e9sekhez.<\/span><\/p>\n<style>\n           #page-grid .card-body > .line-clamp-box.excerpt{\n        width: inherit;\n        max-width: inherit;\n        display:flex;\n        min-height: 2.4em;\n        flex-direction: column;\n        justify-content: space-around;\n        background-color: #D6E4EA;\n        min-height: 3.4rem;\n        font-family: \"Montserrat\", sans-serif;\n    }\n\n    #page-grid a:hover .card-body > .line-clamp-box.excerpt {\n        background-color: #fff;\n        color: #313B40;\n    }\n\n    #page-grid .card-body .line-clamp-box.excerpt section{\n        max-width: inherit;\n        display: -webkit-box;\n        -webkit-line-clamp: 2;\n        -webkit-box-orient: vertical;\n        overflow: hidden;\n        text-overflow: ellipsis;\n        hyphens: auto;\n        margin: auto;\n        \n    }\n    .line-clamp-box.excerpt section, .line-clamp-box.excerpt section p{\n        font-size:0.8em;\n    }\n    \n<\/style>\n    <section id=\"page-grid\">\n        <section class=\"d-block d-md-flex title-row my-3 ml-0 ml-md-1\">\n<div class=\"section-title  mb-1 \">\n<h2>\n    Tov\u00e1bbi tartalmak\n<\/h2>\n<\/div>\n<\/section>\n        <div class=\"row row-cols-1 row-cols-md-2 row-cols-lg-2 no-gutters mx-0 \">    <div class =\"col  mb-2 card-wrapper\">\n        <a class=\"d-flex flex-fill card-link-warapper m-md-1\" href=\"https:\/\/semmelweis.hu\/anesztezia\/betegellatas\/ambulancia\/\">\n            <div class=\"card border border-secondary se-border flex-fill\">\n                <div class=\"row no-gutters mx-0 d-flex flex-nowrap flex-md-wrap align-items-center\">\n                    <div class =\"  col-5 col-md-12  d-none  d-md-none d-md-none  bg-image  card-image justify-content-center\">\n                        <img class='wp-post-image img-fluid landscape' src='https:\/\/semmelweis.hu\/anesztezia\/wp-content\/themes\/se18\/dist\/images\/svg\/bg-image.svg' \/>\n                    <\/div>\n                    <div class=\"card-body  col flex-column  col-md-12 p-0\">\n                        <div class=\"line-clamp-box p-3\">\n                            <h5 class=\"ml-0 ml-sm-1 mt-2 align-items-center\"  >Ambulancia<\/h5>\n                        <\/div>\n                        \n                    <\/div>\n                <\/div>\n\n            <\/div>\n        <\/a>\n    <\/div>    <div class =\"col  mb-2 card-wrapper\">\n        <a class=\"d-flex flex-fill card-link-warapper m-md-1\" href=\"https:\/\/semmelweis.hu\/anesztezia\/betegellatas\/betegjogi-kepviselo\/\">\n            <div class=\"card border border-secondary se-border flex-fill\">\n                <div class=\"row no-gutters mx-0 d-flex flex-nowrap flex-md-wrap align-items-center\">\n                    <div class =\"  col-5 col-md-12  d-none  d-md-none d-md-none  bg-image  card-image justify-content-center\">\n                        <img class='wp-post-image img-fluid landscape' src='https:\/\/semmelweis.hu\/anesztezia\/wp-content\/themes\/se18\/dist\/images\/svg\/bg-image.svg' \/>\n                    <\/div>\n                    <div class=\"card-body  col flex-column  col-md-12 p-0\">\n                        <div class=\"line-clamp-box p-3\">\n                            <h5 class=\"ml-0 ml-sm-1 mt-2 align-items-center\"  >Betegjogi k\u00e9pvisel\u0151<\/h5>\n                        <\/div>\n                        \n                    <\/div>\n                <\/div>\n\n            <\/div>\n        <\/a>\n    <\/div>        <\/div>\n    <\/section>\n<p>&nbsp;<\/p>\n","protected":false},"excerpt":{"rendered":"<p>F\u00fcl-orr-g\u00e9g\u00e9szeti aneszt\u00e9zia: A F\u00fcl-Orr-G\u00e9g\u00e9szeti \u00e9s Fej-Nyakseb\u00e9szeti Klinika betegei sz\u00e1m\u00e1ra v\u00e9gzett aneszteziol\u00f3giai ell\u00e1t\u00e1s. F\u0151 profilok: M\u0171t\u00e9ti aneszt\u00e9zia biztos\u00edt\u00e1sa endoszk\u00f3pos orrmell\u00e9k\u00fcreg beavatkoz\u00e1sokhoz;\u00a0a garat, g\u00e9ge, l\u00e9gcs\u0151 \u00e9s a bels\u0151 f\u00fcl m\u0171t\u00e9teihez, cochle\u00e1ris implantatum be\u00fcltet\u00e9s\u00e9hez, valamint tumorm\u0171t\u00e9tekhez (koponyab\u00e1zis, parotis, fej-nyaki tumorok). Neh\u00e9z l\u00e9g\u00fat szitu\u00e1ci\u00f3k ell\u00e1t\u00e1sa (akut l\u00e9g\u00fatbiztos\u00edt\u00e1s, videolaringoszk\u00f3pia \u00e9s \u00e9ber fiberoszk\u00f3pos intub\u00e1ci\u00f3 valamint tracheotomia seg\u00edts\u00e9g\u00e9vel). JET l\u00e9legeztet\u00e9s mellett v\u00e9gzett &hellip;<\/p>\n","protected":false},"author":12,"featured_media":0,"parent":0,"menu_order":1,"comment_status":"closed","ping_status":"closed","template":"","meta":{"_acf_changed":false,"footnotes":""},"categories":[],"tags":[],"class_list":["post-11","page","type-page","status-publish","hentry"],"acf":[],"_links":{"self":[{"href":"https:\/\/semmelweis.hu\/anesztezia\/wp-json\/wp\/v2\/pages\/11","targetHints":{"allow":["GET"]}}],"collection":[{"href":"https:\/\/semmelweis.hu\/anesztezia\/wp-json\/wp\/v2\/pages"}],"about":[{"href":"https:\/\/semmelweis.hu\/anesztezia\/wp-json\/wp\/v2\/types\/page"}],"author":[{"embeddable":true,"href":"https:\/\/semmelweis.hu\/anesztezia\/wp-json\/wp\/v2\/users\/12"}],"replies":[{"embeddable":true,"href":"https:\/\/semmelweis.hu\/anesztezia\/wp-json\/wp\/v2\/comments?post=11"}],"version-history":[{"count":10,"href":"https:\/\/semmelweis.hu\/anesztezia\/wp-json\/wp\/v2\/pages\/11\/revisions"}],"predecessor-version":[{"id":185,"href":"https:\/\/semmelweis.hu\/anesztezia\/wp-json\/wp\/v2\/pages\/11\/revisions\/185"}],"wp:attachment":[{"href":"https:\/\/semmelweis.hu\/anesztezia\/wp-json\/wp\/v2\/media?parent=11"}],"wp:term":[{"taxonomy":"category","embeddable":true,"href":"https:\/\/semmelweis.hu\/anesztezia\/wp-json\/wp\/v2\/categories?post=11"},{"taxonomy":"post_tag","embeddable":true,"href":"https:\/\/semmelweis.hu\/anesztezia\/wp-json\/wp\/v2\/tags?post=11"}],"curies":[{"name":"wp","href":"https:\/\/api.w.org\/{rel}","templated":true}]}}