{"id":990,"date":"2014-05-03T21:24:58","date_gmt":"2014-05-03T19:24:58","guid":{"rendered":"http:\/\/www.ana.usn.hu\/hu\/?page_id=990"},"modified":"2023-08-17T08:57:37","modified_gmt":"2023-08-17T06:57:37","slug":"rektori-palyazatok","status":"publish","type":"page","link":"https:\/\/semmelweis.hu\/anatomia\/kutatas\/tudomanyos-diakmunka\/rektori-palyazatok\/","title":{"rendered":"Rektori p\u00e1ly\u00e1zatok"},"content":{"rendered":"<ul style=\"list-style-type: square\">\n<li><a href=\"https:\/\/semmelweis.hu\/jogigfoig\/files\/2020\/04\/Egyes_a_hallgatok_reszere_jutalomdijjal_jaro_-palyazatokrol_hatalyos_2020_04_21.pdf\" target=\"_blank\" rel=\"noopener noreferrer\">Egyes, a hallgat\u00f3k r\u00e9sz\u00e9re jutalomd\u00edjjal j\u00e1r\u00f3 p\u00e1ly\u00e1zatokr\u00f3l sz\u00f3l\u00f3 szab\u00e1lyzat (pdf)<\/a><\/li>\n<li><a href=\"https:\/\/semmelweis.hu\/anatomia\/files\/2021\/06\/Rektori-t\u00e9m\u00e1k-2021_2022_Anat\u00f3mia-Int\u00e9zet.pdf\" target=\"_blank\" rel=\"noopener noreferrer\"><strong>Rektori p\u00e1lyat\u00e9telek c\u00edmei a 2021\/22 tan\u00e9vben<\/strong><\/a><\/li>\n<\/ul>\n<p>&nbsp;<\/p>\n<p><strong>Arch\u00edvum:<\/strong><\/p>\n<ul style=\"list-style-type: square\">\n<li><a href=\"https:\/\/semmelweis.hu\/tdk\/palyazatok\/rektori-palyazat\/rektori-palyazatok-2019-2020\/az-altalanos-orvostudomanyi-kar-intezetei\/\" target=\"_blank\" rel=\"noopener noreferrer\">Rektori P\u00e1lyat\u00e9telek c\u00edmei a 2019\/2020 \u00e9s a 2020\/21 tan\u00e9vben<\/a><\/li>\n<li><a href=\"https:\/\/semmelweis.hu\/hirek\/2019\/01\/11\/a-2018-19-es-tanevben-benyujtott-rektori-palyamunkak-eredmenyei\/\" target=\"_blank\" rel=\"noopener noreferrer\">Rektori p\u00e1ly\u00e1zatok eredm\u00e9nyei az Egyetemen (2018)<\/a><\/li>\n<li><a href=\"https:\/\/semmelweis.hu\/anatomia\/2017\/05\/29\/rektori-palyazatok-eredmenyei-2017\/\" target=\"_blank\" rel=\"noopener noreferrer\">Rektori p\u00e1ly\u00e1zatok eredm\u00e9nyei (2017)<\/a><\/li>\n<li><a href=\"https:\/\/semmelweis.hu\/anatomia\/2015\/07\/06\/rektori-palyazatok-eredmenyei-2015\/\" target=\"_blank\" rel=\"noopener noreferrer\">Rektori p\u00e1ly\u00e1zatok eredm\u00e9nyei (2015)<\/a><\/li>\n<\/ul>\n<p>&nbsp;<\/p>\n","protected":false},"excerpt":{"rendered":"<p><a href=\"https:\/\/semmelweis.hu\/jogigfoig\/files\/2020\/04\/Egyes_a_hallgatok_reszere_jutalomdijjal_jaro_-palyazatokrol_hatalyos_2020_04_21.pdf\" target=\"_blank\" rel=\"noopener noreferrer\">Egyes, a hallgat\u00f3k r\u00e9sz\u00e9re jutalomd\u00edjjal j\u00e1r\u00f3 p\u00e1ly\u00e1zatokr\u00f3l sz\u00f3l\u00f3 szab\u00e1lyzat (pdf)<\/a><br \/>\n<a href=\"https:\/\/semmelweis.hu\/anatomia\/files\/2021\/06\/Rektori-t\u00e9m\u00e1k-2021_2022_Anat\u00f3mia-Int\u00e9zet.pdf\" target=\"_blank\" rel=\"noopener noreferrer\">Rektori p\u00e1lyat\u00e9telek c\u00edmei a 2021\/22 tan\u00e9vben<\/a><\/p>\n<p>&nbsp;<br \/>\nArch\u00edvum:<\/p>\n<p><a href=\"https:\/\/semmelweis.hu\/tdk\/palyazatok\/rektori-palyazat\/rektori-palyazatok-2019-2020\/az-altalanos-orvostudomanyi-kar-intezetei\/\" target=\"_blank\" rel=\"noopener noreferrer\">Rektori P\u00e1lyat\u00e9telek c\u00edmei a 2019\/2020 \u00e9s a 2020\/21 tan\u00e9vben<\/a><br \/>\n<a href=\"https:\/\/semmelweis.hu\/hirek\/2019\/01\/11\/a-2018-19-es-tanevben-benyujtott-rektori-palyamunkak-eredmenyei\/\" target=\"_blank\" rel=\"noopener noreferrer\">Rektori p\u00e1ly\u00e1zatok eredm\u00e9nyei az Egyetemen (2018)<\/a><br \/>\n<a href=\"https:\/\/semmelweis.hu\/anatomia\/2017\/05\/29\/rektori-palyazatok-eredmenyei-2017\/\" target=\"_blank\" rel=\"noopener noreferrer\">Rektori p\u00e1ly\u00e1zatok eredm\u00e9nyei (2017)<\/a><br \/>\n<a href=\"https:\/\/semmelweis.hu\/anatomia\/2015\/07\/06\/rektori-palyazatok-eredmenyei-2015\/\" target=\"_blank\" rel=\"noopener noreferrer\">Rektori p\u00e1ly\u00e1zatok eredm\u00e9nyei (2015)<\/a><\/p>\n<p>&nbsp;<\/p>\n","protected":false},"author":12,"featured_media":0,"parent":13729,"menu_order":1,"comment_status":"closed","ping_status":"closed","template":"","meta":{"_acf_changed":false,"footnotes":""},"categories":[],"tags":[],"class_list":["post-990","page","type-page","status-publish","hentry"],"acf":[],"_links":{"self":[{"href":"https:\/\/semmelweis.hu\/anatomia\/wp-json\/wp\/v2\/pages\/990","targetHints":{"allow":["GET"]}}],"collection":[{"href":"https:\/\/semmelweis.hu\/anatomia\/wp-json\/wp\/v2\/pages"}],"about":[{"href":"https:\/\/semmelweis.hu\/anatomia\/wp-json\/wp\/v2\/types\/page"}],"author":[{"embeddable":true,"href":"https:\/\/semmelweis.hu\/anatomia\/wp-json\/wp\/v2\/users\/12"}],"replies":[{"embeddable":true,"href":"https:\/\/semmelweis.hu\/anatomia\/wp-json\/wp\/v2\/comments?post=990"}],"version-history":[{"count":11,"href":"https:\/\/semmelweis.hu\/anatomia\/wp-json\/wp\/v2\/pages\/990\/revisions"}],"predecessor-version":[{"id":31336,"href":"https:\/\/semmelweis.hu\/anatomia\/wp-json\/wp\/v2\/pages\/990\/revisions\/31336"}],"up":[{"embeddable":true,"href":"https:\/\/semmelweis.hu\/anatomia\/wp-json\/wp\/v2\/pages\/13729"}],"wp:attachment":[{"href":"https:\/\/semmelweis.hu\/anatomia\/wp-json\/wp\/v2\/media?parent=990"}],"wp:term":[{"taxonomy":"category","embeddable":true,"href":"https:\/\/semmelweis.hu\/anatomia\/wp-json\/wp\/v2\/categories?post=990"},{"taxonomy":"post_tag","embeddable":true,"href":"https:\/\/semmelweis.hu\/anatomia\/wp-json\/wp\/v2\/tags?post=990"}],"curies":[{"name":"wp","href":"https:\/\/api.w.org\/{rel}","templated":true}]}}