{"id":9506,"date":"2015-08-29T22:30:45","date_gmt":"2015-08-29T20:30:45","guid":{"rendered":"http:\/\/semmelweis.hu\/anatomia\/?page_id=9506"},"modified":"2021-01-16T20:39:18","modified_gmt":"2021-01-16T19:39:18","slug":"unser-horsaal","status":"publish","type":"page","link":"https:\/\/semmelweis.hu\/anatomia\/de\/unterricht\/unser-horsaal\/","title":{"rendered":"Unser H\u00f6rsaal"},"content":{"rendered":"<p>Unser Institut verf\u00fcgt \u00fcber eines sch\u00f6nsten, den vor hundert Jahren herrschenden Stil am meisten bewahrenden Vortragsr\u00e4ume der Universit\u00e4t. Dieser Saal hat Atmosphere&#8230;<\/p>\n<figure id=\"attachment_9431\" aria-describedby=\"caption-attachment-9431\" style=\"width: 640px\" class=\"wp-caption alignnone\"><a href=\"https:\/\/semmelweis.hu\/anatomia\/files\/2015\/08\/puskar2012ea2.jpg\"><img loading=\"lazy\" decoding=\"async\" class=\"wp-image-9431 size-large\" src=\"https:\/\/semmelweis.hu\/anatomia\/files\/2015\/08\/puskar2012ea2-1024x683.jpg\" alt=\"Vorlesung\" width=\"640\" height=\"427\" srcset=\"https:\/\/semmelweis.hu\/anatomia\/files\/2015\/08\/puskar2012ea2.jpg 1024w, https:\/\/semmelweis.hu\/anatomia\/files\/2015\/08\/puskar2012ea2-300x200.jpg 300w, https:\/\/semmelweis.hu\/anatomia\/files\/2015\/08\/puskar2012ea2-450x300.jpg 450w\" sizes=\"auto, (max-width: 640px) 100vw, 640px\" \/><\/a><figcaption id=\"caption-attachment-9431\" class=\"wp-caption-text\">Vorlesung (Dr. Pusk\u00e1r, 2012)<\/figcaption><\/figure>\n<figure id=\"attachment_377\" aria-describedby=\"caption-attachment-377\" style=\"width: 640px\" class=\"wp-caption aligncenter\"><a href=\"https:\/\/semmelweis.hu\/anatomia\/files\/2014\/04\/rm-lm-nagyl-.jpg\"><img loading=\"lazy\" decoding=\"async\" class=\"wp-image-377\" src=\"https:\/\/semmelweis.hu\/anatomia\/files\/2014\/04\/rm-lm-nagyl--1024x794.jpg\" alt=\"Unser H\u00f6rsaal (1909): Professor Mih\u00e1ly Lenhoss\u00e9k und Dr. L\u00e1szl\u00f3 Nagy (aus der Fotosammlung von Prof. R\u00e9thelyi)\" width=\"640\" height=\"496\" srcset=\"https:\/\/semmelweis.hu\/anatomia\/files\/2014\/04\/rm-lm-nagyl--1024x794.jpg 1024w, https:\/\/semmelweis.hu\/anatomia\/files\/2014\/04\/rm-lm-nagyl--300x232.jpg 300w, https:\/\/semmelweis.hu\/anatomia\/files\/2014\/04\/rm-lm-nagyl--386x300.jpg 386w\" sizes=\"auto, (max-width: 640px) 100vw, 640px\" \/><\/a><figcaption id=\"caption-attachment-377\" class=\"wp-caption-text\">Unser H\u00f6rsaal (1909): Professor Mih\u00e1ly Lenhoss\u00e9k und Dr. L\u00e1szl\u00f3 Nagy (aus der Fotosammlung von Prof. R\u00e9thelyi)<\/figcaption><\/figure>\n<figure id=\"attachment_375\" aria-describedby=\"caption-attachment-375\" style=\"width: 640px\" class=\"wp-caption aligncenter\"><a href=\"https:\/\/semmelweis.hu\/anatomia\/files\/2014\/04\/rm-lmea2.jpg\"><img loading=\"lazy\" decoding=\"async\" class=\"wp-image-375\" src=\"https:\/\/semmelweis.hu\/anatomia\/files\/2014\/04\/rm-lmea2-1024x572.jpg\" alt=\"Vorlesung von Prof. Lenhoss\u00e9k, 1909 (aus der Fotosammlung von Prof. R\u00e9thelyi)\" width=\"640\" height=\"358\" srcset=\"https:\/\/semmelweis.hu\/anatomia\/files\/2014\/04\/rm-lmea2-1024x572.jpg 1024w, https:\/\/semmelweis.hu\/anatomia\/files\/2014\/04\/rm-lmea2-300x167.jpg 300w, https:\/\/semmelweis.hu\/anatomia\/files\/2014\/04\/rm-lmea2-536x300.jpg 536w\" sizes=\"auto, (max-width: 640px) 100vw, 640px\" \/><\/a><figcaption id=\"caption-attachment-375\" class=\"wp-caption-text\">Vorlesung von Prof. Lenhoss\u00e9k, 1909 (aus der Fotosammlung von Prof. R\u00e9thelyi)<\/figcaption><\/figure>\n<figure id=\"attachment_1668\" aria-describedby=\"caption-attachment-1668\" style=\"width: 640px\" class=\"wp-caption aligncenter\"><a href=\"https:\/\/semmelweis.hu\/anatomia\/files\/2014\/04\/dt-szigorlat-.jpg\"><img loading=\"lazy\" decoding=\"async\" class=\"wp-image-1668\" src=\"https:\/\/semmelweis.hu\/anatomia\/files\/2014\/04\/dt-szigorlat-.jpg\" alt=\"Rigorosum\" width=\"640\" height=\"469\" srcset=\"https:\/\/semmelweis.hu\/anatomia\/files\/2014\/04\/dt-szigorlat-.jpg 808w, https:\/\/semmelweis.hu\/anatomia\/files\/2014\/04\/dt-szigorlat--300x219.jpg 300w, https:\/\/semmelweis.hu\/anatomia\/files\/2014\/04\/dt-szigorlat--409x300.jpg 409w\" sizes=\"auto, (max-width: 640px) 100vw, 640px\" \/><\/a><figcaption id=\"caption-attachment-1668\" class=\"wp-caption-text\">Rigorosum im H\u00f6rsaal (aus der Fotosammlung von Prof. Don\u00e1th)<\/figcaption><\/figure>\n<figure id=\"attachment_9411\" aria-describedby=\"caption-attachment-9411\" style=\"width: 480px\" class=\"wp-caption aligncenter\"><a href=\"https:\/\/semmelweis.hu\/anatomia\/files\/2015\/08\/tant1929-.jpg\"><img loading=\"lazy\" decoding=\"async\" class=\"wp-image-9411 size-full\" src=\"https:\/\/semmelweis.hu\/anatomia\/files\/2015\/08\/tant1929-.jpg\" alt=\"Vorlesung, 1929\" width=\"480\" height=\"392\" srcset=\"https:\/\/semmelweis.hu\/anatomia\/files\/2015\/08\/tant1929-.jpg 480w, https:\/\/semmelweis.hu\/anatomia\/files\/2015\/08\/tant1929--300x245.jpg 300w, https:\/\/semmelweis.hu\/anatomia\/files\/2015\/08\/tant1929--367x300.jpg 367w\" sizes=\"auto, (max-width: 480px) 100vw, 480px\" \/><\/a><figcaption id=\"caption-attachment-9411\" class=\"wp-caption-text\">Vorlesung, 1929<\/figcaption><\/figure>\n<figure id=\"attachment_1105\" aria-describedby=\"caption-attachment-1105\" style=\"width: 640px\" class=\"wp-caption aligncenter\"><a href=\"https:\/\/semmelweis.hu\/anatomia\/files\/2014\/04\/szekfogl2-k.jpg\"><img loading=\"lazy\" decoding=\"async\" class=\"wp-image-1105\" src=\"https:\/\/semmelweis.hu\/anatomia\/files\/2014\/04\/szekfogl2-k-1024x700.jpg\" alt=\"Vorlesung von Prof. Szent\u00e1gothai (aus der Sammlung von Dr. Somogyi)\" width=\"640\" height=\"438\" srcset=\"https:\/\/semmelweis.hu\/anatomia\/files\/2014\/04\/szekfogl2-k-1024x700.jpg 1024w, https:\/\/semmelweis.hu\/anatomia\/files\/2014\/04\/szekfogl2-k-300x205.jpg 300w, https:\/\/semmelweis.hu\/anatomia\/files\/2014\/04\/szekfogl2-k-438x300.jpg 438w, https:\/\/semmelweis.hu\/anatomia\/files\/2014\/04\/szekfogl2-k-175x120.jpg 175w, https:\/\/semmelweis.hu\/anatomia\/files\/2014\/04\/szekfogl2-k.jpg 1154w\" sizes=\"auto, (max-width: 640px) 100vw, 640px\" \/><\/a><figcaption id=\"caption-attachment-1105\" class=\"wp-caption-text\">Vorlesung von Prof. Szent\u00e1gothai (aus der Sammlung von Dr. Somogyi)<\/figcaption><\/figure>\n<figure id=\"attachment_676\" aria-describedby=\"caption-attachment-676\" style=\"width: 750px\" class=\"wp-caption aligncenter\"><img loading=\"lazy\" decoding=\"async\" class=\"wp-image-676\" src=\"https:\/\/semmelweis.hu\/anatomia\/files\/2014\/04\/rigorosum-2011-e1397853127403.jpg\" alt=\"Rigorosum, 2011\" width=\"750\" height=\"500\" srcset=\"https:\/\/semmelweis.hu\/anatomia\/files\/2014\/04\/rigorosum-2011-e1397853127403.jpg 1200w, https:\/\/semmelweis.hu\/anatomia\/files\/2014\/04\/rigorosum-2011-e1397853127403-300x200.jpg 300w, https:\/\/semmelweis.hu\/anatomia\/files\/2014\/04\/rigorosum-2011-e1397853127403-1024x682.jpg 1024w, https:\/\/semmelweis.hu\/anatomia\/files\/2014\/04\/rigorosum-2011-e1397853127403-450x300.jpg 450w\" sizes=\"auto, (max-width: 750px) 100vw, 750px\" \/><figcaption id=\"caption-attachment-676\" class=\"wp-caption-text\">Rigorosum, 2011<\/figcaption><\/figure>\n<figure id=\"attachment_8266\" aria-describedby=\"caption-attachment-8266\" style=\"width: 640px\" class=\"wp-caption aligncenter\"><a href=\"https:\/\/semmelweis.hu\/anatomia\/2008\/12\/08\/egy-tavalyi-filmforgatas-kepei-tantermunkbol\/\"><img loading=\"lazy\" decoding=\"async\" class=\"wp-image-8266\" src=\"https:\/\/semmelweis.hu\/anatomia\/files\/2015\/07\/einstein-385.jpg\" alt=\"Einstein\" width=\"640\" height=\"490\" srcset=\"https:\/\/semmelweis.hu\/anatomia\/files\/2015\/07\/einstein-385.jpg 890w, https:\/\/semmelweis.hu\/anatomia\/files\/2015\/07\/einstein-385-300x230.jpg 300w, https:\/\/semmelweis.hu\/anatomia\/files\/2015\/07\/einstein-385-391x300.jpg 391w\" sizes=\"auto, (max-width: 640px) 100vw, 640px\" \/><\/a><figcaption id=\"caption-attachment-8266\" class=\"wp-caption-text\">Einstein im H\u00f6rsaal &#8211; Filmdrehung (2007) &#8211; <a href=\"https:\/\/semmelweis.hu\/anatomia\/2008\/12\/08\/egy-tavalyi-filmforgatas-kepei-tantermunkbol\/\">weitere Fotos hier<\/a><\/figcaption><\/figure>\n<figure id=\"attachment_27739\" aria-describedby=\"caption-attachment-27739\" style=\"width: 960px\" class=\"wp-caption aligncenter\"><a href=\"https:\/\/semmelweis.hu\/anatomia\/files\/2020\/09\/horsaal-corona.jpg\"><img loading=\"lazy\" decoding=\"async\" class=\"wp-image-27739 size-full\" src=\"https:\/\/semmelweis.hu\/anatomia\/files\/2020\/09\/horsaal-corona.jpg\" alt=\"\" width=\"960\" height=\"720\" srcset=\"https:\/\/semmelweis.hu\/anatomia\/files\/2020\/09\/horsaal-corona.jpg 960w, https:\/\/semmelweis.hu\/anatomia\/files\/2020\/09\/horsaal-corona-300x225.jpg 300w, https:\/\/semmelweis.hu\/anatomia\/files\/2020\/09\/horsaal-corona-768x576.jpg 768w, https:\/\/semmelweis.hu\/anatomia\/files\/2020\/09\/horsaal-corona-400x300.jpg 400w\" sizes=\"auto, (max-width: 960px) 100vw, 960px\" \/><\/a><figcaption id=\"caption-attachment-27739\" class=\"wp-caption-text\">H\u00f6rsaal in der Coronavirus Situation (2020)<\/figcaption><\/figure>\n<p>Renovierung: <a href=\"https:\/\/semmelweis.hu\/anatomia\/2007\/07\/06\/megkezdodott-a-tanterem-beallvanyozasa-a-festeshez\/\">Bilder aus 2007<\/a><\/p>\n<p>&nbsp;<\/p>\n","protected":false},"excerpt":{"rendered":"<p>Unser Institut verf\u00fcgt \u00fcber eines sch\u00f6nsten, den vor hundert Jahren herrschenden Stil am meisten bewahrenden Vortragsr\u00e4ume der Universit\u00e4t. Dieser Saal hat Atmosphere&#8230;<br \/>\nRenovierung: <a href=\"https:\/\/semmelweis.hu\/anatomia\/2007\/07\/06\/megkezdodott-a-tanterem-beallvanyozasa-a-festeshez\/\">Bilder aus 2007<\/a><br \/>\n&nbsp;<\/p>\n","protected":false},"author":349,"featured_media":0,"parent":14,"menu_order":5,"comment_status":"closed","ping_status":"closed","template":"","meta":{"_acf_changed":false,"footnotes":""},"categories":[],"tags":[],"class_list":["post-9506","page","type-page","status-publish","hentry"],"acf":[],"_links":{"self":[{"href":"https:\/\/semmelweis.hu\/anatomia\/wp-json\/wp\/v2\/pages\/9506","targetHints":{"allow":["GET"]}}],"collection":[{"href":"https:\/\/semmelweis.hu\/anatomia\/wp-json\/wp\/v2\/pages"}],"about":[{"href":"https:\/\/semmelweis.hu\/anatomia\/wp-json\/wp\/v2\/types\/page"}],"author":[{"embeddable":true,"href":"https:\/\/semmelweis.hu\/anatomia\/wp-json\/wp\/v2\/users\/349"}],"replies":[{"embeddable":true,"href":"https:\/\/semmelweis.hu\/anatomia\/wp-json\/wp\/v2\/comments?post=9506"}],"version-history":[{"count":6,"href":"https:\/\/semmelweis.hu\/anatomia\/wp-json\/wp\/v2\/pages\/9506\/revisions"}],"predecessor-version":[{"id":27742,"href":"https:\/\/semmelweis.hu\/anatomia\/wp-json\/wp\/v2\/pages\/9506\/revisions\/27742"}],"up":[{"embeddable":true,"href":"https:\/\/semmelweis.hu\/anatomia\/wp-json\/wp\/v2\/pages\/14"}],"wp:attachment":[{"href":"https:\/\/semmelweis.hu\/anatomia\/wp-json\/wp\/v2\/media?parent=9506"}],"wp:term":[{"taxonomy":"category","embeddable":true,"href":"https:\/\/semmelweis.hu\/anatomia\/wp-json\/wp\/v2\/categories?post=9506"},{"taxonomy":"post_tag","embeddable":true,"href":"https:\/\/semmelweis.hu\/anatomia\/wp-json\/wp\/v2\/tags?post=9506"}],"curies":[{"name":"wp","href":"https:\/\/api.w.org\/{rel}","templated":true}]}}