{"id":9410,"date":"2015-08-19T21:07:37","date_gmt":"2015-08-19T19:07:37","guid":{"rendered":"http:\/\/semmelweis.hu\/anatomia\/?page_id=9410"},"modified":"2025-08-20T22:45:40","modified_gmt":"2025-08-20T20:45:40","slug":"tanterem","status":"publish","type":"page","link":"https:\/\/semmelweis.hu\/anatomia\/oktatas\/tanterem\/","title":{"rendered":"Tantermek"},"content":{"rendered":"<p style=\"text-align: justify\">Egyes\u00edtett Int\u00e9zet\u00fcnkben k\u00e9t, egym\u00e1shoz hasonl\u00f3 tanterem szolg\u00e1lja az el\u0151ad\u00e1sokat: a f\u00f6ldszinten a (2017-t\u0151l elnevezett) <a href=\"https:\/\/semmelweis.hu\/anatomia\/2017\/02\/02\/2017-lenhossek-tanterem\/\"><strong>Lenhoss\u00e9k-tanterem<\/strong><\/a>, a 2. emeleten pedig a (2016-ban nevet kapott) <strong><a href=\"https:\/\/semmelweis.hu\/anatomia\/2016\/03\/05\/a-huzella-tanterem-atadasa\/\">Huzella-tanterem<\/a><\/strong>.<\/p>\n<div class=\"responsive-tabs\">\n<h2 class=\"tabtitle\">Lenhoss\u00e9k<\/h2>\n<div class=\"tabcontent\">\n\n<p><strong>Lenhoss\u00e9k-tanterem (f\u00f6ldszint):<\/strong><\/p>\n<p style=\"text-align: justify\"><span style=\"font-size: 12pt\">E<\/span><span style=\"font-family: Verdana;font-size: small\"><span style=\"font-size: 12pt\">gyetem\u00fcnk egyik legszebb, a hagyom\u00e1nyos <a href=\"https:\/\/semmelweis.hu\/anatomia\/intezetunk-tortenete\/anatomiai-teatrum\/\">&#8222;anat\u00f3miai te\u00e1trum&#8221;<\/a> st\u00edlus\u00fa, t\u00f6bb, mint 100 \u00e9vvel ezel\u0151tt \u00e9p\u00fclt <b>tanterm\u00e9<\/b>vel rendelkez\u00fcnk. Tantermi el\u0151ad\u00e1saink, konzult\u00e1ci\u00f3s oktat\u00e1saink \u00e9s kollokviumok, szigorlatok sz\u00ednhelye a st\u00edlus\u00e1t meg\u0151rz\u0151, hagyom\u00e1nyos terem. <\/span><br \/>\n<\/span><\/p>\n<p>Tanteremfelel\u0151s: <strong>Dr. Barna J\u00e1nos<\/strong> egyetemi docens (tel.: 53668\u00a0 &#8211; <a href=\"mailto:barna_j@ana.sote.hu\">E-mail<\/a>)<\/p>\n<ul>\n<li><a href=\"https:\/\/semmelweis.hu\/anatomia\/files\/2018\/05\/3-A-Tanterem-haszn\u00e1lati-rendje.pdf\" target=\"_blank\" rel=\"noopener noreferrer\">Tanterem rendje<\/a><\/li>\n<li><a href=\"https:\/\/semmelweis.hu\/anatomia\/2017\/02\/02\/2017-lenhossek-tanterem\/\">Tud\u00f3s\u00edt\u00e1s, k\u00e9pek a 2017-es n\u00e9vad\u00f3r\u00f3l<\/a><\/li>\n<li>K\u00e9pek: <a href=\"https:\/\/semmelweis.hu\/anatomia\/2007\/07\/06\/megkezdodott-a-tanterem-beallvanyozasa-a-festeshez\/\">a 2007-es fel\u00faj\u00edt\u00e1s<\/a><\/li>\n<\/ul>\n\r\n        [slb_exclude]\r\n        <div class=\"row galeria-wrapper mx-0 h-auto\">\r\n            <div class=\"col-9 pl-0 pr-2\">\r\n            <span class=\"gallery-item frame\">\r\n\t\t\t\t<div class=\"galeria-left-img\"><a href=\"https:\/\/semmelweis.hu\/anatomia\/files\/2014\/04\/szekfogl2-k.jpg\"><img src=https:\/\/semmelweis.hu\/anatomia\/files\/2014\/04\/szekfogl2-k.jpg  \r\n                            alt=\"\" \r\n                            class=\"attachment-sote-gallery-big size-sote-gallery-big\" \r\n                            srcset=\"https:\/\/semmelweis.hu\/anatomia\/files\/2014\/04\/szekfogl2-k-300x205.jpg 300w, https:\/\/semmelweis.hu\/anatomia\/files\/2014\/04\/szekfogl2-k-1024x700.jpg 1024w, https:\/\/semmelweis.hu\/anatomia\/files\/2014\/04\/szekfogl2-k-438x300.jpg 438w, https:\/\/semmelweis.hu\/anatomia\/files\/2014\/04\/szekfogl2-k-175x120.jpg 175w, https:\/\/semmelweis.hu\/anatomia\/files\/2014\/04\/szekfogl2-k.jpg 1154w\" ><\/a><\/div>\r\n            <\/span>\r\n\r\n            <\/div>\r\n\r\n\t\t\t<div class=\"col-3 pl-0 pr-0\">\r\n\t\t\t\t<div class=\"galeria-right-img d-flex justify-content-between flex-column h-100 w-100 px-0 mx-0 \">\r\n                <div class=\"galeria-box\">\r\n\t\t\t\t\t<h3 class=\"galeria-title\">Gal\u00e9ria<\/h3>\r\n\t\t\t\t\t<div class=\"galeria-subtitle\">\r\n\r\n\t\t\t\t\t\t<div class=\"galeria-page-counter\"><span>10<\/span>k\u00e9p<\/div>\r\n                    <\/div> <\/div>\r\n                    <span class=\"gallery-item frame d-none d-md-flex\">\r\n\t\t\t\t\t<div class=\"galeria-small-img mt-0\"><a href=\"https:\/\/semmelweis.hu\/anatomia\/files\/2015\/08\/tant1929-.jpg\"><img src=https:\/\/semmelweis.hu\/anatomia\/files\/2015\/08\/tant1929-.jpg \r\n                                alt=\"\"  \r\n                                class=\"attachment-sote-gallery-small size-sote-gallery-small\" \r\n                                srcset=\"https:\/\/semmelweis.hu\/anatomia\/files\/2015\/08\/tant1929--300x245.jpg 300w, https:\/\/semmelweis.hu\/anatomia\/files\/2015\/08\/tant1929--367x300.jpg 367w, https:\/\/semmelweis.hu\/anatomia\/files\/2015\/08\/tant1929-.jpg 480w\" ><\/a><\/div>\r\n                    <\/span>\r\n                    <span class=\"gallery-item frame d-none d-md-flex\">\r\n\t\t\t\t\t<div class=\"galeria-small-img mt-0\"><a href=\"https:\/\/semmelweis.hu\/anatomia\/files\/2015\/08\/puskar2012ea2.jpg\"><img src=https:\/\/semmelweis.hu\/anatomia\/files\/2015\/08\/puskar2012ea2.jpg \r\n                                alt=\"\" \r\n                                class=\"attachment-sote-gallery-small size-sote-gallery-small\" \r\n                                srcset=\"https:\/\/semmelweis.hu\/anatomia\/files\/2015\/08\/puskar2012ea2-300x200.jpg 300w, https:\/\/semmelweis.hu\/anatomia\/files\/2015\/08\/puskar2012ea2.jpg 1024w, https:\/\/semmelweis.hu\/anatomia\/files\/2015\/08\/puskar2012ea2-450x300.jpg 450w\" ><\/a><\/div>\r\n                    <\/span>\r\n\r\n                <\/div>\r\n\r\n            <\/div>\r\n\r\n            <span class=\"gallery-item\"><div class=\"hidden\"><a href=\"https:\/\/semmelweis.hu\/anatomia\/files\/2014\/04\/rm-lm-nagyl-.jpg\">\r\n        <img src=https:\/\/semmelweis.hu\/anatomia\/files\/2014\/04\/rm-lm-nagyl-.jpg alt=\"\" class=\"attachment-sote-gallery-big size-sote-gallery-big\" srcset=\"https:\/\/semmelweis.hu\/anatomia\/files\/2014\/04\/rm-lm-nagyl--300x232.jpg 300w, https:\/\/semmelweis.hu\/anatomia\/files\/2014\/04\/rm-lm-nagyl--1024x794.jpg 1024w, https:\/\/semmelweis.hu\/anatomia\/files\/2014\/04\/rm-lm-nagyl--386x300.jpg 386w\" >\r\n        <\/a><\/div><\/span><span class=\"gallery-item\"><div class=\"hidden\"><a href=\"https:\/\/semmelweis.hu\/anatomia\/files\/2014\/04\/rm-lm-nagyl-2.jpg\">\r\n        <img src=https:\/\/semmelweis.hu\/anatomia\/files\/2014\/04\/rm-lm-nagyl-2.jpg alt=\"\" class=\"attachment-sote-gallery-big size-sote-gallery-big\" srcset=\"https:\/\/semmelweis.hu\/anatomia\/files\/2014\/04\/rm-lm-nagyl-2-300x198.jpg 300w, https:\/\/semmelweis.hu\/anatomia\/files\/2014\/04\/rm-lm-nagyl-2-1024x677.jpg 1024w, https:\/\/semmelweis.hu\/anatomia\/files\/2014\/04\/rm-lm-nagyl-2-453x300.jpg 453w, https:\/\/semmelweis.hu\/anatomia\/files\/2014\/04\/rm-lm-nagyl-2.jpg 1601w\" >\r\n        <\/a><\/div><\/span><span class=\"gallery-item\"><div class=\"hidden\"><a href=\"https:\/\/semmelweis.hu\/anatomia\/files\/2014\/04\/dt-szigorlat-.jpg\">\r\n        <img src=https:\/\/semmelweis.hu\/anatomia\/files\/2014\/04\/dt-szigorlat-.jpg alt=\"\" class=\"attachment-sote-gallery-big size-sote-gallery-big\" srcset=\"https:\/\/semmelweis.hu\/anatomia\/files\/2014\/04\/dt-szigorlat--300x219.jpg 300w, https:\/\/semmelweis.hu\/anatomia\/files\/2014\/04\/dt-szigorlat--409x300.jpg 409w, https:\/\/semmelweis.hu\/anatomia\/files\/2014\/04\/dt-szigorlat-.jpg 808w\" >\r\n        <\/a><\/div><\/span><span class=\"gallery-item\"><div class=\"hidden\"><a href=\"https:\/\/semmelweis.hu\/anatomia\/files\/2014\/04\/rigorosum-2011-e1397853127403.jpg\">\r\n        <img src=https:\/\/semmelweis.hu\/anatomia\/files\/2014\/04\/rigorosum-2011-e1397853127403.jpg alt=\"\" class=\"attachment-sote-gallery-big size-sote-gallery-big\" srcset=\"https:\/\/semmelweis.hu\/anatomia\/files\/2014\/04\/rigorosum-2011-e1397853127403-300x200.jpg 300w, https:\/\/semmelweis.hu\/anatomia\/files\/2014\/04\/rigorosum-2011-e1397853127403-1024x682.jpg 1024w, https:\/\/semmelweis.hu\/anatomia\/files\/2014\/04\/rigorosum-2011-e1397853127403-450x300.jpg 450w, https:\/\/semmelweis.hu\/anatomia\/files\/2014\/04\/rigorosum-2011-e1397853127403.jpg 1200w\" >\r\n        <\/a><\/div><\/span><span class=\"gallery-item\"><div class=\"hidden\"><a href=\"https:\/\/semmelweis.hu\/anatomia\/files\/2015\/07\/einstein-385.jpg\">\r\n        <img src=https:\/\/semmelweis.hu\/anatomia\/files\/2015\/07\/einstein-385.jpg alt=\"\" class=\"attachment-sote-gallery-big size-sote-gallery-big\" srcset=\"https:\/\/semmelweis.hu\/anatomia\/files\/2015\/07\/einstein-385-300x230.jpg 300w, https:\/\/semmelweis.hu\/anatomia\/files\/2015\/07\/einstein-385-391x300.jpg 391w, https:\/\/semmelweis.hu\/anatomia\/files\/2015\/07\/einstein-385.jpg 890w\" >\r\n        <\/a><\/div><\/span><span class=\"gallery-item\"><div class=\"hidden\"><a href=\"https:\/\/semmelweis.hu\/anatomia\/files\/2021\/01\/vizsga-maszk.jpg\">\r\n        <img src=https:\/\/semmelweis.hu\/anatomia\/files\/2021\/01\/vizsga-maszk.jpg alt=\"\" class=\"attachment-sote-gallery-big size-sote-gallery-big\" srcset=\"https:\/\/semmelweis.hu\/anatomia\/files\/2021\/01\/vizsga-maszk-300x197.jpg 300w, https:\/\/semmelweis.hu\/anatomia\/files\/2021\/01\/vizsga-maszk-768x503.jpg 768w, https:\/\/semmelweis.hu\/anatomia\/files\/2021\/01\/vizsga-maszk-458x300.jpg 458w, https:\/\/semmelweis.hu\/anatomia\/files\/2021\/01\/vizsga-maszk.jpg 1024w\" >\r\n        <\/a><\/div><\/span><span class=\"gallery-item\"><div class=\"hidden\"><a href=\"https:\/\/semmelweis.hu\/anatomia\/files\/2021\/01\/eloadas-maszk.jpg\">\r\n        <img src=https:\/\/semmelweis.hu\/anatomia\/files\/2021\/01\/eloadas-maszk.jpg alt=\"\" class=\"attachment-sote-gallery-big size-sote-gallery-big\" srcset=\"https:\/\/semmelweis.hu\/anatomia\/files\/2021\/01\/eloadas-maszk-300x225.jpg 300w, https:\/\/semmelweis.hu\/anatomia\/files\/2021\/01\/eloadas-maszk-1024x768.jpg 1024w, https:\/\/semmelweis.hu\/anatomia\/files\/2021\/01\/eloadas-maszk-768x576.jpg 768w, https:\/\/semmelweis.hu\/anatomia\/files\/2021\/01\/eloadas-maszk-400x300.jpg 400w, https:\/\/semmelweis.hu\/anatomia\/files\/2021\/01\/eloadas-maszk-1536x1152.jpg 1536w, https:\/\/semmelweis.hu\/anatomia\/files\/2021\/01\/eloadas-maszk.jpg 2048w\" >\r\n        <\/a><\/div><\/span>\r\n            <\/div>\r\n\r\n            [\/slb_exclude]\r\n\t\n<p>&nbsp;<\/p>\n<p>&nbsp;<\/p>\n\n<\/div><h2 class=\"tabtitle\">Huzella<\/h2>\n<div class=\"tabcontent\">\n\n<p><strong>Huzella-tanterem (2. emelet):<\/strong><\/p>\n<p>A 2. emeleti, 2015-ben fel\u00faj\u00edtott\u00a0 (kor\u00e1bbi Hum\u00e1nmorfol\u00f3giai Int\u00e9zeti) el\u0151ad\u00f3termet 2016-t\u00f3l <strong><a href=\"https:\/\/semmelweis.hu\/anatomia\/2016\/03\/05\/a-huzella-tanterem-atadasa\/\">Huzella-tanterem<\/a><\/strong>nek h\u00edvjuk. A 2016. \u00e9vi \u00e1tad\u00e1sr\u00f3l b\u0151vebben az <a href=\"https:\/\/semmelweis.hu\/hirek\/2016\/03\/03\/felujitott-tantermet-adtak-at-az-anatomiai-szovet-es-fejlodestani-intezetben\/\">egyetemi honlapon olvashat<\/a>.<\/p>\n<p>Tanteremfelel\u0151s: <strong>Dr. D\u00e1vid Csaba<\/strong> (tel.: 53614 &#8211;\u00a0 <a href=\"mailto:david.csaba@med.semmelweis-univ.hu\">E-mail<\/a>)<\/p>\n<p><a href=\"https:\/\/semmelweis.hu\/anatomia\/files\/2018\/05\/3-A-Tanterem-haszn\u00e1lati-rendje.pdf\" target=\"_blank\" rel=\"noopener noreferrer\">Tanterem rendje<\/a><\/p>\n<figure id=\"attachment_10484\" aria-describedby=\"caption-attachment-10484\" style=\"width: 670px\" class=\"wp-caption aligncenter\"><a href=\"https:\/\/semmelweis.hu\/hirek\/2016\/03\/03\/felujitott-tantermet-adtak-at-az-anatomiai-szovet-es-fejlodestani-intezetben\/\" rel=\"attachment wp-att-10484\"><img loading=\"lazy\" decoding=\"async\" class=\"wp-image-10484\" src=\"https:\/\/semmelweis.hu\/anatomia\/files\/2016\/03\/tanterem-huzella.jpg\" alt=\"tanterem-huzella\" width=\"670\" height=\"446\" srcset=\"https:\/\/semmelweis.hu\/anatomia\/files\/2016\/03\/tanterem-huzella.jpg 950w, https:\/\/semmelweis.hu\/anatomia\/files\/2016\/03\/tanterem-huzella-300x200.jpg 300w, https:\/\/semmelweis.hu\/anatomia\/files\/2016\/03\/tanterem-huzella-768x512.jpg 768w, https:\/\/semmelweis.hu\/anatomia\/files\/2016\/03\/tanterem-huzella-450x300.jpg 450w\" sizes=\"auto, (max-width: 670px) 100vw, 670px\" \/><\/a><figcaption id=\"caption-attachment-10484\" class=\"wp-caption-text\">A Huzella tanterem \u00fcnnep\u00e9lyes \u00e1tad\u00e1sa (2016)<\/figcaption><\/figure>\n<p>Fot\u00f3: Semmelweis Egyetem<\/p>\n<\/div><\/div>\n","protected":false},"excerpt":{"rendered":"<p>Egyes\u00edtett Int\u00e9zet\u00fcnkben k\u00e9t, egym\u00e1shoz hasonl\u00f3 tanterem szolg\u00e1lja az el\u0151ad\u00e1sokat: a f\u00f6ldszinten a (2017-t\u0151l elnevezett) <a href=\"https:\/\/semmelweis.hu\/anatomia\/2017\/02\/02\/2017-lenhossek-tanterem\/\">Lenhoss\u00e9k-tanterem<\/a> , a 2. emeleten pedig a (2016-ban nevet kapott) <a href=\"https:\/\/semmelweis.hu\/anatomia\/2016\/03\/05\/a-huzella-tanterem-atadasa\/\">Huzella-tanterem<\/a> . Lenhoss\u00e9k-tanterem (f\u00f6ldszint): Egyetem\u00fcnk egyik legszebb, a hagyom\u00e1nyos <a href=\"https:\/\/semmelweis.hu\/anatomia\/intezetunk-tortenete\/anatomiai-teatrum\/\">&#8222;anat\u00f3miai te\u00e1trum&#8221;<\/a> st\u00edlus\u00fa, t\u00f6bb, mint 100 \u00e9vvel ezel\u0151tt \u00e9p\u00fclt tanterm\u00e9vel rendelkez\u00fcnk. Tantermi el\u0151ad\u00e1saink, konzult\u00e1ci\u00f3s oktat\u00e1saink \u00e9s kollokviumok, szigorlatok sz\u00ednhelye a st\u00edlus\u00e1t meg\u0151rz\u0151, hagyom\u00e1nyos terem. Tanteremfelel\u0151s: Dr. &hellip;<\/p>\n","protected":false},"author":349,"featured_media":9431,"parent":53,"menu_order":9,"comment_status":"closed","ping_status":"closed","template":"","meta":{"_acf_changed":false,"footnotes":""},"categories":[],"tags":[],"class_list":["post-9410","page","type-page","status-publish","has-post-thumbnail","hentry"],"acf":[],"_links":{"self":[{"href":"https:\/\/semmelweis.hu\/anatomia\/wp-json\/wp\/v2\/pages\/9410","targetHints":{"allow":["GET"]}}],"collection":[{"href":"https:\/\/semmelweis.hu\/anatomia\/wp-json\/wp\/v2\/pages"}],"about":[{"href":"https:\/\/semmelweis.hu\/anatomia\/wp-json\/wp\/v2\/types\/page"}],"author":[{"embeddable":true,"href":"https:\/\/semmelweis.hu\/anatomia\/wp-json\/wp\/v2\/users\/349"}],"replies":[{"embeddable":true,"href":"https:\/\/semmelweis.hu\/anatomia\/wp-json\/wp\/v2\/comments?post=9410"}],"version-history":[{"count":11,"href":"https:\/\/semmelweis.hu\/anatomia\/wp-json\/wp\/v2\/pages\/9410\/revisions"}],"predecessor-version":[{"id":32870,"href":"https:\/\/semmelweis.hu\/anatomia\/wp-json\/wp\/v2\/pages\/9410\/revisions\/32870"}],"up":[{"embeddable":true,"href":"https:\/\/semmelweis.hu\/anatomia\/wp-json\/wp\/v2\/pages\/53"}],"wp:featuredmedia":[{"embeddable":true,"href":"https:\/\/semmelweis.hu\/anatomia\/wp-json\/wp\/v2\/media\/9431"}],"wp:attachment":[{"href":"https:\/\/semmelweis.hu\/anatomia\/wp-json\/wp\/v2\/media?parent=9410"}],"wp:term":[{"taxonomy":"category","embeddable":true,"href":"https:\/\/semmelweis.hu\/anatomia\/wp-json\/wp\/v2\/categories?post=9410"},{"taxonomy":"post_tag","embeddable":true,"href":"https:\/\/semmelweis.hu\/anatomia\/wp-json\/wp\/v2\/tags?post=9410"}],"curies":[{"name":"wp","href":"https:\/\/api.w.org\/{rel}","templated":true}]}}