{"id":93,"date":"2013-11-07T16:09:57","date_gmt":"2013-11-07T15:09:57","guid":{"rendered":"http:\/\/semmelweis-egyetem.hu\/anatomia\/impresszum\/"},"modified":"2024-09-05T08:23:57","modified_gmt":"2024-09-05T06:23:57","slug":"impresszum","status":"publish","type":"page","link":"https:\/\/semmelweis.hu\/anatomia\/impresszum\/","title":{"rendered":"Impresszum"},"content":{"rendered":"<p><b>Felel\u0151s kiad\u00f3:<\/b> Semmelweis Egyetem<\/p>\n<p><b>Egys\u00e9g neve:\u00a0<\/b>Anat\u00f3miai, Sz\u00f6vet- \u00e9s Fejl\u0151d\u00e9stani Int\u00e9zet<\/p>\n<p><b>Egys\u00e9g vezet\u0151je:\u00a0<\/b>Dr. Alp\u00e1r Al\u00e1n, igazgat\u00f3<\/p>\n<p><b>A honlap szerkeszt\u0151i: <\/b><\/p>\n<ul>\n<li>Dr. Altdorfer K\u00e1roly<\/li>\n<li>Dr. Kocsis Katalin<\/li>\n<\/ul>\n<p><b>E-mail a honlap szerkeszt\u0151inek: <\/b><\/p>\n<ul>\n<li><a href=\"mailto:altdorfer.karoly@semmelweis.hu\">altdorfer.karoly@semmelweis.hu<\/a><\/li>\n<li><a href=\"mailto:kocsis.katalin1@semmelweis.hu\">kocsis.katalin1@semmelweis.hu<\/a><\/li>\n<\/ul>\n<p><strong>Technikai seg\u00edts\u00e9g:<\/strong><\/p>\n<ul>\n<li>Gadanecz Beatrix<\/li>\n<li>Cs\u00e9pl\u0151 Gergely<\/li>\n<\/ul>\n<p><strong>F\u00e9nyk\u00e9pek:<\/strong><\/p>\n<ul>\n<li>kor\u00e1bbi fot\u00f3sunk, Kiss J\u00f3zsef<\/li>\n<li>Horv\u00e1thn\u00e9 Oszwald Erzs\u00e9bet \u00e9s m\u00e1s int\u00e9zeti dolgoz\u00f3k, hallgat\u00f3ink<\/li>\n<\/ul>\n<p><strong>Technikai szerkeszt\u0151:<\/strong><\/p>\n<ul>\n<li>S\u00e1gi Zenina \u00a0&#8211; Kommunik\u00e1ci\u00f3s \u00e9s Rendezv\u00e9nyszervez\u00e9si\u00a0Igazgat\u00f3s\u00e1g<\/li>\n<\/ul>\n<hr \/>\n<p><span style=\"font-size: 12pt\">K\u00f6sz\u00f6net: Issa Pour-Ghaz (EM VI.) &#8211; az \u00faj, WordPress alap\u00fa v\u00e1ltozat be\u00e1ll\u00edt\u00e1sa, adatok \u00e1tt\u00f6lt\u00e9s\u00e9\u00e9rt<\/span><\/p>\n<p><strong>Felhaszn\u00e1lt forr\u00e1s:<\/strong> A Semmelweis Orvostudom\u00e1nyi Egyetem Anat\u00f3miai \u00e9p\u00fclet\u00e9nek centen\u00e1riumi \u00e9vk\u00f6nyve (1898-1998)<br \/>\n<strong>Fot\u00f3k, sz\u00f6vegek ford\u00edt\u00e1sa:<\/strong> dr. Simon L\u00e1szl\u00f3, Kiss Melitta, Kiss J\u00f3zsef, Mad\u00e1cs L\u00e1szl\u00f3, Ny\u00e9ky Tam\u00e1s, dr. Altdorfer K., Kov\u00e1cs D\u00e1niel, P\u00e9ter Szabolcs, Chen Li-Ping, Sz\u00e9kely R\u00e9ka<\/p>\n<p>&nbsp;<\/p>\n    <!-- Ez a teljes form sima html-ben -->\r\n    <div class=\"exp-col-content-holder\" style=\"border:none;\"><a class=\"expand-cnt-link ecf_closed\" href=\"#\">\u00cdrjon a honlap szerkeszt\u0151inek<\/a><p><\/p>\r\n        <div class=\"hidden-content\" style=\"display: none;\">\r\n            <form action=\"\" method=\"post\" id=\"impressum-form\">\r\n                <div id=\"formContainer\">\r\n                    <!-- Ide \u00edrom ki php-val az oldal nev\u00e9t -->\r\n                    <h4>Anat\u00f3miai, Sz\u00f6vet- \u00e9s Fejl\u0151d\u00e9stani Int\u00e9zet<\/h4>\r\n                    <div id=\"nameContainer\">\r\n                        <label for=\"nev\">Az \u00d6n neve:<\/label><br>\r\n                        <input type=\"text\" name=\"nev\" id=\"nev\" style=\"max-width:none;\">\r\n                    <\/div>\r\n\r\n                    <div id=\"emailContainer\" class=\"mt-3\">\r\n                        <label for=\"level\">E-mail c\u00edme:<\/label><br>\r\n                        <input type=\"email\" name=\"level\" id=\"level\" style=\"max-width:none;\">\r\n                    <\/div>\r\n\r\n                    <div id=\"subjectContainer\" class=\"mt-3\">\r\n                        <label for=\"targy\">\u00dczenet t\u00e1rgya:<\/label><br>\r\n                        <input type=\"text\" name=\"targy\" id=\"targy\" style=\"max-width:none;\">\r\n                    <\/div>\r\n\r\n                    <div id=\"messageContainer\" class=\"mt-3\">\r\n                        <label for=\"uzenet\">\u00dczenet:<\/label><br>\r\n                        <textarea name=\"uzenet\" id=\"uzenet\" placeholder=\"Ide \u00edrja \u00fczenet\u00e9t\" style=\"max-width:none;\"><\/textarea>\r\n                    <\/div>\r\n                    <div id=\"gdprContainer\" style=\"width:100%;\" class=\"mt-3\">\r\n                        <span style=\"font-size:16px;\">K\u00e9rj\u00fck, az \u00fczenetben ne adjon meg szem\u00e9lyes adatokat. A Semmelweis Egyetem a megadott nevet \u00e9s e-mail c\u00edmet kiz\u00e1r\u00f3lag arra haszn\u00e1lja, hogy a bek\u00fcld\u00f6tt \u00fczenetre v\u00e1laszoljon. Az adatok kezel\u00e9se \u00e9s v\u00e9delme a jogszab\u00e1lyoknak megfelel\u0151en t\u00f6rt\u00e9nik. Az adatkezel\u00e9sr\u0151l b\u0151vebben ezen a fel\u00fcleten t\u00e1j\u00e9koz\u00f3dhat: <a href=\"http:\/\/semmelweis.hu\/adatvedelem\/\" target=\"_blank\">http:\/\/semmelweis.hu\/adatvedelem\/<\/a><\/span> \r\n                        <div class=\"mt-3\">\r\n                            <p style=\"font-size:16px;\"><label><input type=\"checkbox\" name=\"gdpr\" id=\"gdpr\" style=\"margin-right:10px;\" required><em>Az adatv\u00e9delmi t\u00e1j\u00e9koztat\u00f3t megismertem, az \u00fczenetk\u00fcld\u00e9shez bevitt inform\u00e1ci\u00f3kat \u00f6nk\u00e9nt adtam meg \u00e9s kezel\u00e9s\u00fckh\u00f6z hozz\u00e1j\u00e1rulok.<\/em><\/label><\/p>\r\n                        <\/div>\r\n                    <\/div>\r\n                    <!--\r\n                    <div id=\"captchaContainer\">\r\n                            <label for=\"captcha\"><span id=\"tenyezo\" style=\"color:red;\">5<\/span> x 10 = <\/label>\r\n                            <input type=\"number\" id=\"captcha\" name=\"captcha\">\r\n                            <p id=\"message\"><\/p>\r\n                    <\/div>\r\n                    -->\r\n                <\/div> \r\n                <button id=\"btn-submit\" class=\"g-recaptcha\" data-sitekey=\"6LdtjfoqAAAAAKXI2vUrBiwBECYHUBRXZVjO8DmK\" data-callback='onSubmit' data-action='submit' style=\"margin-top:15px;\">\u00dczenetk\u00fcld\u00e9s<\/button>\r\n                \r\n            <\/form>\r\n\r\n            <!-- Google reCaptcha v3 -->\r\n\r\n            <script src=\"https:\/\/www.google.com\/recaptcha\/api.js\"><\/script>\r\n\r\n            <script>\r\n                function onSubmit(token) {\r\n                    document.getElementById(\"impressum-form\").submit();\r\n                }\r\n            <\/script>\r\n\r\n            <!-- end of Google reCaptcha v3 -->\r\n\r\n            <!--\r\n            <script>\r\n            \/\/ captcha k\u00f3d\r\n            jQuery(document).ready(function(){\r\n                \/\/ ez a h\u00e1rom sor l\u00e9trehoz egy random sz\u00e1mot 1 \u00e9s 10 k\u00f6z\u00f6tt \u00e9s a megfelel\u0151 html elembe bele\u00edrja\r\n                var random = Math.floor(Math.random() * 10) + 1;\r\n                var tenyezo = jQuery(\"#tenyezo\");\r\n                tenyezo[0].innerHTML = random;\r\n                \/\/a captcha mez\u0151 inicializ\u00e1l\u00e1sa, \u00e9s a k\u00fcld\u00e9s gomb letilt\u00e1sa\r\n                var captcha = jQuery(\"#captcha\");\r\n                captcha[0].value=0;\r\n                jQuery('#btn-submit').prop('disabled', true);\r\n\r\n                \/\/m\u00e1r belekattint\u00e1sn\u00e1l is ellen\u0151riz, illetve minden billenty\u0171le\u00fct\u00e9sre\r\n                captcha.bind('keyup mouseup',function(){\r\n                    \/\/ha rosszat \u00edrt be, a submit gomb letilt\u00f3dik, \u00e9s piros hiba\u00fczenet jelenik meg\r\n                    if((captcha[0].value) != (tenyezo[0].innerHTML * 10)){\r\n                        jQuery('#message')[0].innerHTML = \"Add meg a helyes v\u00e1laszt.\";\r\n                        jQuery('#message')[0].style.color = \"red\";\r\n                        jQuery('#btn-submit').prop('disabled', true);\r\n                    }else{\r\n                        \/\/ha pedig j\u00f3t, akkor z\u00f6ld \"rendben\" felirat, \u00e9s el\u00e9rhet\u0151 lesz a submit gomb\r\n                        jQuery('#message')[0].innerHTML = \"Rendben.\";\r\n                        jQuery('#message')[0].style.color = \"green\";\r\n                        jQuery('#btn-submit').prop('disabled', false);\r\n                    }\r\n                });\r\n            });\r\n            <\/script>\r\n            -->\r\n        <\/div>\r\n    <\/div>\r\n\r\n    ","protected":false},"excerpt":{"rendered":"<p><b>Felel\u0151s kiad\u00f3:<\/b> Dr. Sz\u00e9l \u00c1goston, rektor<\/p>\n<p><b>Egys\u00e9g neve:<\/b> <\/p>\n<p><b>Egys\u00e9g vezet\u0151je:<\/b> <\/p>\n<p><b>A honlap szerkeszt\u0151je:<\/b> <\/p>\n<p><b>E-mail a honlap szerkeszt\u0151j\u00e9nek:<\/b><\/p>\n","protected":false},"author":349,"featured_media":0,"parent":0,"menu_order":0,"comment_status":"closed","ping_status":"closed","template":"","meta":{"_acf_changed":false,"footnotes":""},"categories":[],"tags":[],"class_list":["post-93","page","type-page","status-publish","hentry"],"acf":[],"_links":{"self":[{"href":"https:\/\/semmelweis.hu\/anatomia\/wp-json\/wp\/v2\/pages\/93","targetHints":{"allow":["GET"]}}],"collection":[{"href":"https:\/\/semmelweis.hu\/anatomia\/wp-json\/wp\/v2\/pages"}],"about":[{"href":"https:\/\/semmelweis.hu\/anatomia\/wp-json\/wp\/v2\/types\/page"}],"author":[{"embeddable":true,"href":"https:\/\/semmelweis.hu\/anatomia\/wp-json\/wp\/v2\/users\/349"}],"replies":[{"embeddable":true,"href":"https:\/\/semmelweis.hu\/anatomia\/wp-json\/wp\/v2\/comments?post=93"}],"version-history":[{"count":10,"href":"https:\/\/semmelweis.hu\/anatomia\/wp-json\/wp\/v2\/pages\/93\/revisions"}],"predecessor-version":[{"id":32244,"href":"https:\/\/semmelweis.hu\/anatomia\/wp-json\/wp\/v2\/pages\/93\/revisions\/32244"}],"wp:attachment":[{"href":"https:\/\/semmelweis.hu\/anatomia\/wp-json\/wp\/v2\/media?parent=93"}],"wp:term":[{"taxonomy":"category","embeddable":true,"href":"https:\/\/semmelweis.hu\/anatomia\/wp-json\/wp\/v2\/categories?post=93"},{"taxonomy":"post_tag","embeddable":true,"href":"https:\/\/semmelweis.hu\/anatomia\/wp-json\/wp\/v2\/tags?post=93"}],"curies":[{"name":"wp","href":"https:\/\/api.w.org\/{rel}","templated":true}]}}