{"id":910,"date":"2014-05-03T19:00:30","date_gmt":"2014-05-03T17:00:30","guid":{"rendered":"http:\/\/www.ana.usn.hu\/hu\/?page_id=910"},"modified":"2025-08-20T22:45:18","modified_gmt":"2025-08-20T20:45:18","slug":"tetoteri-bonctermunk","status":"publish","type":"page","link":"https:\/\/semmelweis.hu\/anatomia\/oktatas\/tetoteri-bonctermunk\/","title":{"rendered":"Bonctermek"},"content":{"rendered":"<h2 style=\"text-align: center\">F\u00f6ldszinti \u00e9s I. emeleti (&#8222;r\u00e9gi&#8221;) bonctermek<\/h2>\n<figure id=\"attachment_6336\" aria-describedby=\"caption-attachment-6336\" style=\"width: 300px\" class=\"wp-caption alignright\"><a href=\"https:\/\/semmelweis.hu\/anatomia\/files\/2015\/07\/071.jpg\"><img loading=\"lazy\" decoding=\"async\" class=\"wp-image-6336 size-medium\" src=\"https:\/\/semmelweis.hu\/anatomia\/files\/2015\/07\/071-300x200.jpg\" alt=\"071\" width=\"300\" height=\"200\" srcset=\"https:\/\/semmelweis.hu\/anatomia\/files\/2015\/07\/071-300x200.jpg 300w, https:\/\/semmelweis.hu\/anatomia\/files\/2015\/07\/071-450x300.jpg 450w, https:\/\/semmelweis.hu\/anatomia\/files\/2015\/07\/071.jpg 700w\" sizes=\"auto, (max-width: 300px) 100vw, 300px\" \/><\/a><figcaption id=\"caption-attachment-6336\" class=\"wp-caption-text\">F\u00f6ldszinti bonctermek (6 terem, \u00fan. &#8222;r\u00e9gi bonctermek&#8221;)<\/figcaption><\/figure>\n<p style=\"text-align: left\">Anat\u00f3miai Int\u00e9zet\u00fcnk mindk\u00e9t r\u00e9gebbi boncterme <strong><a href=\"https:\/\/semmelweis.hu\/anatomia\/2016\/10\/04\/kutatok-ejszakaja-2016\/\">2016-ban<\/a><\/strong> bekapcsol\u00f3dott a <em><strong>\u201cKutat\u00f3k \u00e9jszak\u00e1ja\u201d<\/strong> <\/em>rendezv\u00e9nyeibe. Kor\u00e1bban is, pl. 2012-ben is v\u00e1rtuk az \u00e9rdekl\u0151d\u0151ket, t\u00f6bbek k\u00f6z\u00f6tt <strong><a href=\"https:\/\/semmelweis.hu\/anatomia\/2012\/10\/09\/kutatok-ejszakaja-az-anatomian\/#boncterem\">a f\u00f6ldszinti bonctermeinkben<\/a><\/strong>. Hasonl\u00f3 esem\u00e9ny: <a href=\"https:\/\/semmelweis.hu\/anatomia\/2009\/09\/28\/kutatok-ejszakaja\/\">Kutat\u00f3k \u00e9jszak\u00e1ja 2009.<\/a><\/p>\n<p><strong>Boncteremfelel\u0151s:<\/strong> Dr. Lendvai D\u00e1vid (tel.: 53632) \u00e9s Dr. Katz S\u00e1ndor (tel.: 53674)<\/p>\n<hr \/>\n<h2 style=\"text-align: center\">Tet\u0151t\u00e9ri bonctermek (\u00faj bonctermek)<\/h2>\n<figure id=\"attachment_911\" aria-describedby=\"caption-attachment-911\" style=\"width: 300px\" class=\"wp-caption alignright\"><a href=\"https:\/\/semmelweis.hu\/anatomia\/files\/2014\/05\/ujboncterem-.jpg\"><img loading=\"lazy\" decoding=\"async\" class=\"wp-image-911 size-medium\" src=\"https:\/\/semmelweis.hu\/anatomia\/files\/2014\/05\/ujboncterem--300x219.jpg\" alt=\"OLYMPUS DIGITAL CAMERA\" width=\"300\" height=\"219\" srcset=\"https:\/\/semmelweis.hu\/anatomia\/files\/2014\/05\/ujboncterem--300x219.jpg 300w, https:\/\/semmelweis.hu\/anatomia\/files\/2014\/05\/ujboncterem--409x300.jpg 409w, https:\/\/semmelweis.hu\/anatomia\/files\/2014\/05\/ujboncterem-.jpg 850w\" sizes=\"auto, (max-width: 300px) 100vw, 300px\" \/><\/a><figcaption id=\"caption-attachment-911\" class=\"wp-caption-text\">Az \u00faj boncterem egyik helyis\u00e9ge<\/figcaption><\/figure>\n<p style=\"text-align: left\">2009. szeptember 21-\u00e9n Int\u00e9zet\u00fcnk munkat\u00e1rsai bej\u00e1r\u00e1son ismerkedtek a <b>tet\u0151t\u00e9ri \u00faj bonctermek<\/b>kel, ahol hamarosan megkezd\u0151d\u00f6tt az oktat\u00e1s is. Egyetem\u00fcnk \u00faj, j\u00f3l felszerelt \u00e9s \u00edzl\u00e9sesen berendezett oktat\u00f3helyis\u00e9gei hozz\u00e1j\u00e1rulnak az anat\u00f3mia magasabb szinten val\u00f3 oktat\u00e1s\u00e1hoz, cs\u00f6kkentve a t\u00e9rbeli \u00e9s id\u0151beli zs\u00fafolts\u00e1got a meglev\u0151 bonctermekben.<\/p>\n<p><a href=\"https:\/\/semmelweis.hu\/anatomia\/files\/2019\/09\/BONCTERMI-RENDTART\u00c1S-2020-2.pdf\">BONCTERMI RENDTART\u00c1S 2020<\/a><\/p>\n<p><strong>Boncteremfelel\u0151s:<\/strong> Dr. Lendvai D\u00e1vid (tel.: 53632 ) \u00e9s Dr. Katz S\u00e1ndor (tel.: 53674)<\/p>\n<hr \/>\n<figure id=\"attachment_11750\" aria-describedby=\"caption-attachment-11750\" style=\"width: 300px\" class=\"wp-caption aligncenter\"><a href=\"https:\/\/semmelweis.hu\/anatomia\/files\/2014\/05\/anat-google-earth.jpg\"><img loading=\"lazy\" decoding=\"async\" class=\"wp-image-11750 size-medium\" src=\"https:\/\/semmelweis.hu\/anatomia\/files\/2014\/05\/anat-google-earth-300x246.jpg\" width=\"300\" height=\"246\" srcset=\"https:\/\/semmelweis.hu\/anatomia\/files\/2014\/05\/anat-google-earth-300x246.jpg 300w, https:\/\/semmelweis.hu\/anatomia\/files\/2014\/05\/anat-google-earth-768x631.jpg 768w, https:\/\/semmelweis.hu\/anatomia\/files\/2014\/05\/anat-google-earth-365x300.jpg 365w, https:\/\/semmelweis.hu\/anatomia\/files\/2014\/05\/anat-google-earth.jpg 872w\" sizes=\"auto, (max-width: 300px) 100vw, 300px\" \/><\/a><figcaption id=\"caption-attachment-11750\" class=\"wp-caption-text\">Int\u00e9zet\u00fcnk m\u0171holdk\u00e9p\u00e9n j\u00f3l l\u00e1that\u00f3 a tet\u0151t\u00e9ri bonctermek elhelyezked\u00e9se<\/figcaption><\/figure>\n<p style=\"text-align: left\"><strong>A boncterem \u00e1tad\u00e1sakor k\u00e9sz\u00fclt k\u00e9pek:<\/strong><\/p>\n\r\n        [slb_exclude]\r\n        <div class=\"row galeria-wrapper mx-0 h-auto\">\r\n            <div class=\"col-9 pl-0 pr-2\">\r\n            <span class=\"gallery-item frame\">\r\n\t\t\t\t<div class=\"galeria-left-img\"><a href=\"https:\/\/semmelweis.hu\/anatomia\/files\/2014\/05\/padlas5p9210007.jpg\"><img src=https:\/\/semmelweis.hu\/anatomia\/files\/2014\/05\/padlas5p9210007.jpg  \r\n                            alt=\"\" \r\n                            class=\"attachment-sote-gallery-big size-sote-gallery-big\" \r\n                            srcset=\"https:\/\/semmelweis.hu\/anatomia\/files\/2014\/05\/padlas5p9210007-287x300.jpg 287w, https:\/\/semmelweis.hu\/anatomia\/files\/2014\/05\/padlas5p9210007.jpg 850w\" ><\/a><\/div>\r\n            <\/span>\r\n\r\n            <\/div>\r\n\r\n\t\t\t<div class=\"col-3 pl-0 pr-0\">\r\n\t\t\t\t<div class=\"galeria-right-img d-flex justify-content-between flex-column h-100 w-100 px-0 mx-0 \">\r\n                <div class=\"galeria-box\">\r\n\t\t\t\t\t<h3 class=\"galeria-title\">Gal\u00e9ria<\/h3>\r\n\t\t\t\t\t<div class=\"galeria-subtitle\">\r\n\r\n\t\t\t\t\t\t<div class=\"galeria-page-counter\"><span>18<\/span>k\u00e9p<\/div>\r\n                    <\/div> <\/div>\r\n                    <span class=\"gallery-item frame d-none d-md-flex\">\r\n\t\t\t\t\t<div class=\"galeria-small-img mt-0\"><a href=\"https:\/\/semmelweis.hu\/anatomia\/files\/2014\/05\/padlas5p9210009.jpg\"><img src=https:\/\/semmelweis.hu\/anatomia\/files\/2014\/05\/padlas5p9210009.jpg \r\n                                alt=\"\"  \r\n                                class=\"attachment-sote-gallery-small size-sote-gallery-small\" \r\n                                srcset=\"https:\/\/semmelweis.hu\/anatomia\/files\/2014\/05\/padlas5p9210009-300x225.jpg 300w, https:\/\/semmelweis.hu\/anatomia\/files\/2014\/05\/padlas5p9210009-400x300.jpg 400w, https:\/\/semmelweis.hu\/anatomia\/files\/2014\/05\/padlas5p9210009.jpg 850w\" ><\/a><\/div>\r\n                    <\/span>\r\n                    <span class=\"gallery-item frame d-none d-md-flex\">\r\n\t\t\t\t\t<div class=\"galeria-small-img mt-0\"><a href=\"https:\/\/semmelweis.hu\/anatomia\/files\/2014\/05\/padlas5p9210034.jpg\"><img src=https:\/\/semmelweis.hu\/anatomia\/files\/2014\/05\/padlas5p9210034.jpg \r\n                                alt=\"\" \r\n                                class=\"attachment-sote-gallery-small size-sote-gallery-small\" \r\n                                srcset=\"https:\/\/semmelweis.hu\/anatomia\/files\/2014\/05\/padlas5p9210034-300x235.jpg 300w, https:\/\/semmelweis.hu\/anatomia\/files\/2014\/05\/padlas5p9210034-383x300.jpg 383w, https:\/\/semmelweis.hu\/anatomia\/files\/2014\/05\/padlas5p9210034.jpg 850w\" ><\/a><\/div>\r\n                    <\/span>\r\n\r\n                <\/div>\r\n\r\n            <\/div>\r\n\r\n            <span class=\"gallery-item\"><div class=\"hidden\"><a href=\"https:\/\/semmelweis.hu\/anatomia\/files\/2014\/05\/padlas5p9180993.jpg\">\r\n        <img src=https:\/\/semmelweis.hu\/anatomia\/files\/2014\/05\/padlas5p9180993.jpg alt=\"\" class=\"attachment-sote-gallery-big size-sote-gallery-big\" srcset=\"https:\/\/semmelweis.hu\/anatomia\/files\/2014\/05\/padlas5p9180993-300x270.jpg 300w, https:\/\/semmelweis.hu\/anatomia\/files\/2014\/05\/padlas5p9180993-333x300.jpg 333w, https:\/\/semmelweis.hu\/anatomia\/files\/2014\/05\/padlas5p9180993.jpg 850w\" >\r\n        <\/a><\/div><\/span><span class=\"gallery-item\"><div class=\"hidden\"><a href=\"https:\/\/semmelweis.hu\/anatomia\/files\/2014\/05\/padlas5p9150952.jpg\">\r\n        <img src=https:\/\/semmelweis.hu\/anatomia\/files\/2014\/05\/padlas5p9150952.jpg alt=\"\" class=\"attachment-sote-gallery-big size-sote-gallery-big\" srcset=\"https:\/\/semmelweis.hu\/anatomia\/files\/2014\/05\/padlas5p9150952-300x233.jpg 300w, https:\/\/semmelweis.hu\/anatomia\/files\/2014\/05\/padlas5p9150952-386x300.jpg 386w, https:\/\/semmelweis.hu\/anatomia\/files\/2014\/05\/padlas5p9150952.jpg 850w\" >\r\n        <\/a><\/div><\/span><span class=\"gallery-item\"><div class=\"hidden\"><a href=\"https:\/\/semmelweis.hu\/anatomia\/files\/2014\/05\/padlas5p9210005.jpg\">\r\n        <img src=https:\/\/semmelweis.hu\/anatomia\/files\/2014\/05\/padlas5p9210005.jpg alt=\"\" class=\"attachment-sote-gallery-big size-sote-gallery-big\" srcset=\"https:\/\/semmelweis.hu\/anatomia\/files\/2014\/05\/padlas5p9210005-300x217.jpg 300w, https:\/\/semmelweis.hu\/anatomia\/files\/2014\/05\/padlas5p9210005-415x300.jpg 415w, https:\/\/semmelweis.hu\/anatomia\/files\/2014\/05\/padlas5p9210005.jpg 850w\" >\r\n        <\/a><\/div><\/span><span class=\"gallery-item\"><div class=\"hidden\"><a href=\"https:\/\/semmelweis.hu\/anatomia\/files\/2014\/05\/padlas5p9180994.jpg\">\r\n        <img src=https:\/\/semmelweis.hu\/anatomia\/files\/2014\/05\/padlas5p9180994.jpg alt=\"\" class=\"attachment-sote-gallery-big size-sote-gallery-big\" srcset=\"https:\/\/semmelweis.hu\/anatomia\/files\/2014\/05\/padlas5p9180994-300x245.jpg 300w, https:\/\/semmelweis.hu\/anatomia\/files\/2014\/05\/padlas5p9180994-367x300.jpg 367w, https:\/\/semmelweis.hu\/anatomia\/files\/2014\/05\/padlas5p9180994.jpg 850w\" >\r\n        <\/a><\/div><\/span><span class=\"gallery-item\"><div class=\"hidden\"><a href=\"https:\/\/semmelweis.hu\/anatomia\/files\/2014\/05\/padlas5dsc00187.jpg\">\r\n        <img src=https:\/\/semmelweis.hu\/anatomia\/files\/2014\/05\/padlas5dsc00187.jpg alt=\"\" class=\"attachment-sote-gallery-big size-sote-gallery-big\" srcset=\"https:\/\/semmelweis.hu\/anatomia\/files\/2014\/05\/padlas5dsc00187-300x231.jpg 300w, https:\/\/semmelweis.hu\/anatomia\/files\/2014\/05\/padlas5dsc00187-389x300.jpg 389w, https:\/\/semmelweis.hu\/anatomia\/files\/2014\/05\/padlas5dsc00187.jpg 850w\" >\r\n        <\/a><\/div><\/span><span class=\"gallery-item\"><div class=\"hidden\"><a href=\"https:\/\/semmelweis.hu\/anatomia\/files\/2014\/05\/padlas5dsc00172.jpg\">\r\n        <img src=https:\/\/semmelweis.hu\/anatomia\/files\/2014\/05\/padlas5dsc00172.jpg alt=\"\" class=\"attachment-sote-gallery-big size-sote-gallery-big\" srcset=\"https:\/\/semmelweis.hu\/anatomia\/files\/2014\/05\/padlas5dsc00172-300x240.jpg 300w, https:\/\/semmelweis.hu\/anatomia\/files\/2014\/05\/padlas5dsc00172-375x300.jpg 375w, https:\/\/semmelweis.hu\/anatomia\/files\/2014\/05\/padlas5dsc00172.jpg 850w\" >\r\n        <\/a><\/div><\/span><span class=\"gallery-item\"><div class=\"hidden\"><a href=\"https:\/\/semmelweis.hu\/anatomia\/files\/2014\/05\/padlas5dsc00176.jpg\">\r\n        <img src=https:\/\/semmelweis.hu\/anatomia\/files\/2014\/05\/padlas5dsc00176.jpg alt=\"\" class=\"attachment-sote-gallery-big size-sote-gallery-big\" srcset=\"https:\/\/semmelweis.hu\/anatomia\/files\/2014\/05\/padlas5dsc00176-300x231.jpg 300w, https:\/\/semmelweis.hu\/anatomia\/files\/2014\/05\/padlas5dsc00176-390x300.jpg 390w, https:\/\/semmelweis.hu\/anatomia\/files\/2014\/05\/padlas5dsc00176.jpg 850w\" >\r\n        <\/a><\/div><\/span><span class=\"gallery-item\"><div class=\"hidden\"><a href=\"https:\/\/semmelweis.hu\/anatomia\/files\/2014\/05\/padlas5dsc00178.jpg\">\r\n        <img src=https:\/\/semmelweis.hu\/anatomia\/files\/2014\/05\/padlas5dsc00178.jpg alt=\"\" class=\"attachment-sote-gallery-big size-sote-gallery-big\" srcset=\"https:\/\/semmelweis.hu\/anatomia\/files\/2014\/05\/padlas5dsc00178-300x225.jpg 300w, https:\/\/semmelweis.hu\/anatomia\/files\/2014\/05\/padlas5dsc00178-400x300.jpg 400w, https:\/\/semmelweis.hu\/anatomia\/files\/2014\/05\/padlas5dsc00178.jpg 850w\" >\r\n        <\/a><\/div><\/span><span class=\"gallery-item\"><div class=\"hidden\"><a href=\"https:\/\/semmelweis.hu\/anatomia\/files\/2014\/05\/padlas5dsc00184.jpg\">\r\n        <img src=https:\/\/semmelweis.hu\/anatomia\/files\/2014\/05\/padlas5dsc00184.jpg alt=\"\" class=\"attachment-sote-gallery-big size-sote-gallery-big\" srcset=\"https:\/\/semmelweis.hu\/anatomia\/files\/2014\/05\/padlas5dsc00184-300x247.jpg 300w, https:\/\/semmelweis.hu\/anatomia\/files\/2014\/05\/padlas5dsc00184-364x300.jpg 364w, https:\/\/semmelweis.hu\/anatomia\/files\/2014\/05\/padlas5dsc00184.jpg 850w\" >\r\n        <\/a><\/div><\/span><span class=\"gallery-item\"><div class=\"hidden\"><a href=\"https:\/\/semmelweis.hu\/anatomia\/files\/2014\/05\/padlas5p9210024.jpg\">\r\n        <img src=https:\/\/semmelweis.hu\/anatomia\/files\/2014\/05\/padlas5p9210024.jpg alt=\"\" class=\"attachment-sote-gallery-big size-sote-gallery-big\" srcset=\"https:\/\/semmelweis.hu\/anatomia\/files\/2014\/05\/padlas5p9210024-234x300.jpg 234w, https:\/\/semmelweis.hu\/anatomia\/files\/2014\/05\/padlas5p9210024-798x1024.jpg 798w, https:\/\/semmelweis.hu\/anatomia\/files\/2014\/05\/padlas5p9210024.jpg 850w\" >\r\n        <\/a><\/div><\/span><span class=\"gallery-item\"><div class=\"hidden\"><a href=\"https:\/\/semmelweis.hu\/anatomia\/files\/2014\/05\/padlas5p9210001.jpg\">\r\n        <img src=https:\/\/semmelweis.hu\/anatomia\/files\/2014\/05\/padlas5p9210001.jpg alt=\"\" class=\"attachment-sote-gallery-big size-sote-gallery-big\" srcset=\"https:\/\/semmelweis.hu\/anatomia\/files\/2014\/05\/padlas5p9210001-300x243.jpg 300w, https:\/\/semmelweis.hu\/anatomia\/files\/2014\/05\/padlas5p9210001-371x300.jpg 371w, https:\/\/semmelweis.hu\/anatomia\/files\/2014\/05\/padlas5p9210001.jpg 850w\" >\r\n        <\/a><\/div><\/span><span class=\"gallery-item\"><div class=\"hidden\"><a href=\"https:\/\/semmelweis.hu\/anatomia\/files\/2014\/05\/padlas5p9210013.jpg\">\r\n        <img src=https:\/\/semmelweis.hu\/anatomia\/files\/2014\/05\/padlas5p9210013.jpg alt=\"\" class=\"attachment-sote-gallery-big size-sote-gallery-big\" srcset=\"https:\/\/semmelweis.hu\/anatomia\/files\/2014\/05\/padlas5p9210013-300x238.jpg 300w, https:\/\/semmelweis.hu\/anatomia\/files\/2014\/05\/padlas5p9210013-379x300.jpg 379w, https:\/\/semmelweis.hu\/anatomia\/files\/2014\/05\/padlas5p9210013.jpg 850w\" >\r\n        <\/a><\/div><\/span><span class=\"gallery-item\"><div class=\"hidden\"><a href=\"https:\/\/semmelweis.hu\/anatomia\/files\/2014\/05\/padlas5p9210032.jpg\">\r\n        <img src=https:\/\/semmelweis.hu\/anatomia\/files\/2014\/05\/padlas5p9210032.jpg alt=\"\" class=\"attachment-sote-gallery-big size-sote-gallery-big\" srcset=\"https:\/\/semmelweis.hu\/anatomia\/files\/2014\/05\/padlas5p9210032-300x244.jpg 300w, https:\/\/semmelweis.hu\/anatomia\/files\/2014\/05\/padlas5p9210032-370x300.jpg 370w, https:\/\/semmelweis.hu\/anatomia\/files\/2014\/05\/padlas5p9210032.jpg 850w\" >\r\n        <\/a><\/div><\/span><span class=\"gallery-item\"><div class=\"hidden\"><a href=\"https:\/\/semmelweis.hu\/anatomia\/files\/2014\/05\/padlas5p9211004.jpg\">\r\n        <img src=https:\/\/semmelweis.hu\/anatomia\/files\/2014\/05\/padlas5p9211004.jpg alt=\"\" class=\"attachment-sote-gallery-big size-sote-gallery-big\" srcset=\"https:\/\/semmelweis.hu\/anatomia\/files\/2014\/05\/padlas5p9211004-300x257.jpg 300w, https:\/\/semmelweis.hu\/anatomia\/files\/2014\/05\/padlas5p9211004-350x300.jpg 350w, https:\/\/semmelweis.hu\/anatomia\/files\/2014\/05\/padlas5p9211004.jpg 850w\" >\r\n        <\/a><\/div><\/span><span class=\"gallery-item\"><div class=\"hidden\"><a href=\"https:\/\/semmelweis.hu\/anatomia\/files\/2014\/05\/padlas5ujboncterem.jpg\">\r\n        <img src=https:\/\/semmelweis.hu\/anatomia\/files\/2014\/05\/padlas5ujboncterem.jpg alt=\"\" class=\"attachment-sote-gallery-big size-sote-gallery-big\" srcset=\"https:\/\/semmelweis.hu\/anatomia\/files\/2014\/05\/padlas5ujboncterem-300x220.jpg 300w, https:\/\/semmelweis.hu\/anatomia\/files\/2014\/05\/padlas5ujboncterem-409x300.jpg 409w, https:\/\/semmelweis.hu\/anatomia\/files\/2014\/05\/padlas5ujboncterem.jpg 850w\" >\r\n        <\/a><\/div><\/span>\r\n            <\/div>\r\n\r\n            [\/slb_exclude]\r\n\t\n<p style=\"text-align: left\"><strong>N\u00e9h\u00e1ny k\u00e9p az \u00e9p\u00edtkez\u00e9sr\u0151l:<\/strong><\/p>\n\r\n        [slb_exclude]\r\n        <div class=\"row galeria-wrapper mx-0 h-auto\">\r\n            <div class=\"col-9 pl-0 pr-2\">\r\n            <span class=\"gallery-item frame\">\r\n\t\t\t\t<div class=\"galeria-left-img\"><a href=\"https:\/\/semmelweis.hu\/anatomia\/files\/2014\/05\/padlas2dsc00001.jpg\"><img src=https:\/\/semmelweis.hu\/anatomia\/files\/2014\/05\/padlas2dsc00001.jpg  \r\n                            alt=\"\" \r\n                            class=\"attachment-sote-gallery-big size-sote-gallery-big\" \r\n                            srcset=\"https:\/\/semmelweis.hu\/anatomia\/files\/2014\/05\/padlas2dsc00001-300x258.jpg 300w, https:\/\/semmelweis.hu\/anatomia\/files\/2014\/05\/padlas2dsc00001-349x300.jpg 349w, https:\/\/semmelweis.hu\/anatomia\/files\/2014\/05\/padlas2dsc00001.jpg 850w\" ><\/a><\/div>\r\n            <\/span>\r\n\r\n            <\/div>\r\n\r\n\t\t\t<div class=\"col-3 pl-0 pr-0\">\r\n\t\t\t\t<div class=\"galeria-right-img d-flex justify-content-between flex-column h-100 w-100 px-0 mx-0 \">\r\n                <div class=\"galeria-box\">\r\n\t\t\t\t\t<h3 class=\"galeria-title\">Gal\u00e9ria<\/h3>\r\n\t\t\t\t\t<div class=\"galeria-subtitle\">\r\n\r\n\t\t\t\t\t\t<div class=\"galeria-page-counter\"><span>5<\/span>k\u00e9p<\/div>\r\n                    <\/div> <\/div>\r\n                    <span class=\"gallery-item frame d-none d-md-flex\">\r\n\t\t\t\t\t<div class=\"galeria-small-img mt-0\"><a href=\"https:\/\/semmelweis.hu\/anatomia\/files\/2014\/05\/padlas2p6080472.jpg\"><img src=https:\/\/semmelweis.hu\/anatomia\/files\/2014\/05\/padlas2p6080472.jpg \r\n                                alt=\"\"  \r\n                                class=\"attachment-sote-gallery-small size-sote-gallery-small\" \r\n                                srcset=\"https:\/\/semmelweis.hu\/anatomia\/files\/2014\/05\/padlas2p6080472-300x240.jpg 300w, https:\/\/semmelweis.hu\/anatomia\/files\/2014\/05\/padlas2p6080472-374x300.jpg 374w, https:\/\/semmelweis.hu\/anatomia\/files\/2014\/05\/padlas2p6080472.jpg 850w\" ><\/a><\/div>\r\n                    <\/span>\r\n                    <span class=\"gallery-item frame d-none d-md-flex\">\r\n\t\t\t\t\t<div class=\"galeria-small-img mt-0\"><a href=\"https:\/\/semmelweis.hu\/anatomia\/files\/2014\/05\/padlas2p6160232.jpg\"><img src=https:\/\/semmelweis.hu\/anatomia\/files\/2014\/05\/padlas2p6160232.jpg \r\n                                alt=\"\" \r\n                                class=\"attachment-sote-gallery-small size-sote-gallery-small\" \r\n                                srcset=\"https:\/\/semmelweis.hu\/anatomia\/files\/2014\/05\/padlas2p6160232-300x225.jpg 300w, https:\/\/semmelweis.hu\/anatomia\/files\/2014\/05\/padlas2p6160232-400x300.jpg 400w, https:\/\/semmelweis.hu\/anatomia\/files\/2014\/05\/padlas2p6160232.jpg 850w\" ><\/a><\/div>\r\n                    <\/span>\r\n\r\n                <\/div>\r\n\r\n            <\/div>\r\n\r\n            <span class=\"gallery-item\"><div class=\"hidden\"><a href=\"https:\/\/semmelweis.hu\/anatomia\/files\/2014\/05\/padlas2p6170254.jpg\">\r\n        <img src=https:\/\/semmelweis.hu\/anatomia\/files\/2014\/05\/padlas2p6170254.jpg alt=\"\" class=\"attachment-sote-gallery-big size-sote-gallery-big\" srcset=\"https:\/\/semmelweis.hu\/anatomia\/files\/2014\/05\/padlas2p6170254-300x234.jpg 300w, https:\/\/semmelweis.hu\/anatomia\/files\/2014\/05\/padlas2p6170254-384x300.jpg 384w, https:\/\/semmelweis.hu\/anatomia\/files\/2014\/05\/padlas2p6170254.jpg 850w\" >\r\n        <\/a><\/div><\/span><span class=\"gallery-item\"><div class=\"hidden\"><a href=\"https:\/\/semmelweis.hu\/anatomia\/files\/2014\/05\/padlas3klima2.jpg\">\r\n        <img src=https:\/\/semmelweis.hu\/anatomia\/files\/2014\/05\/padlas3klima2.jpg alt=\"\" class=\"attachment-sote-gallery-big size-sote-gallery-big\" srcset=\"https:\/\/semmelweis.hu\/anatomia\/files\/2014\/05\/padlas3klima2-300x247.jpg 300w, https:\/\/semmelweis.hu\/anatomia\/files\/2014\/05\/padlas3klima2-364x300.jpg 364w, https:\/\/semmelweis.hu\/anatomia\/files\/2014\/05\/padlas3klima2.jpg 850w\" >\r\n        <\/a><\/div><\/span>\r\n            <\/div>\r\n\r\n            [\/slb_exclude]\r\n\t\n","protected":false},"excerpt":{"rendered":"<p>F\u00f6ldszinti \u00e9s I. emeleti (&#8222;r\u00e9gi&#8221;) bonctermek Anat\u00f3miai Int\u00e9zet\u00fcnk mindk\u00e9t r\u00e9gebbi boncterme <a href=\"https:\/\/semmelweis.hu\/anatomia\/2016\/10\/04\/kutatok-ejszakaja-2016\/\">2016-ban<\/a> bekapcsol\u00f3dott a \u201cKutat\u00f3k \u00e9jszak\u00e1ja\u201d rendezv\u00e9nyeibe. Kor\u00e1bban is, pl. 2012-ben is v\u00e1rtuk az \u00e9rdekl\u0151d\u0151ket, t\u00f6bbek k\u00f6z\u00f6tt <a href=\"https:\/\/semmelweis.hu\/anatomia\/2012\/10\/09\/kutatok-ejszakaja-az-anatomian\/#boncterem\">a f\u00f6ldszinti bonctermeinkben<\/a> . Hasonl\u00f3 esem\u00e9ny: <a href=\"https:\/\/semmelweis.hu\/anatomia\/2009\/09\/28\/kutatok-ejszakaja\/\">Kutat\u00f3k \u00e9jszak\u00e1ja 2009.<\/a> Boncteremfelel\u0151s: Dr. Lendvai D\u00e1vid (tel.: 53632) \u00e9s Dr. Katz S\u00e1ndor (tel.: 53674) Tet\u0151t\u00e9ri bonctermek (\u00faj bonctermek) 2009. szeptember 21-\u00e9n Int\u00e9zet\u00fcnk munkat\u00e1rsai bej\u00e1r\u00e1son ismerkedtek a tet\u0151t\u00e9ri \u00faj &hellip;<\/p>\n","protected":false},"author":12,"featured_media":4486,"parent":53,"menu_order":10,"comment_status":"closed","ping_status":"closed","template":"","meta":{"_acf_changed":false,"footnotes":""},"categories":[],"tags":[],"class_list":["post-910","page","type-page","status-publish","has-post-thumbnail","hentry"],"acf":[],"_links":{"self":[{"href":"https:\/\/semmelweis.hu\/anatomia\/wp-json\/wp\/v2\/pages\/910","targetHints":{"allow":["GET"]}}],"collection":[{"href":"https:\/\/semmelweis.hu\/anatomia\/wp-json\/wp\/v2\/pages"}],"about":[{"href":"https:\/\/semmelweis.hu\/anatomia\/wp-json\/wp\/v2\/types\/page"}],"author":[{"embeddable":true,"href":"https:\/\/semmelweis.hu\/anatomia\/wp-json\/wp\/v2\/users\/12"}],"replies":[{"embeddable":true,"href":"https:\/\/semmelweis.hu\/anatomia\/wp-json\/wp\/v2\/comments?post=910"}],"version-history":[{"count":11,"href":"https:\/\/semmelweis.hu\/anatomia\/wp-json\/wp\/v2\/pages\/910\/revisions"}],"predecessor-version":[{"id":31347,"href":"https:\/\/semmelweis.hu\/anatomia\/wp-json\/wp\/v2\/pages\/910\/revisions\/31347"}],"up":[{"embeddable":true,"href":"https:\/\/semmelweis.hu\/anatomia\/wp-json\/wp\/v2\/pages\/53"}],"wp:featuredmedia":[{"embeddable":true,"href":"https:\/\/semmelweis.hu\/anatomia\/wp-json\/wp\/v2\/media\/4486"}],"wp:attachment":[{"href":"https:\/\/semmelweis.hu\/anatomia\/wp-json\/wp\/v2\/media?parent=910"}],"wp:term":[{"taxonomy":"category","embeddable":true,"href":"https:\/\/semmelweis.hu\/anatomia\/wp-json\/wp\/v2\/categories?post=910"},{"taxonomy":"post_tag","embeddable":true,"href":"https:\/\/semmelweis.hu\/anatomia\/wp-json\/wp\/v2\/tags?post=910"}],"curies":[{"name":"wp","href":"https:\/\/api.w.org\/{rel}","templated":true}]}}